{"id":1220,"date":"2023-06-05T10:50:54","date_gmt":"2023-06-05T08:50:54","guid":{"rendered":"https:\/\/consstoccarda.esteri.it\/?page_id=1220"},"modified":"2023-08-30T18:10:43","modified_gmt":"2023-08-30T16:10:43","slug":"kontakte","status":"publish","type":"page","link":"https:\/\/consstoccarda.esteri.it\/de\/chi-siamo\/contatti\/kontakte\/","title":{"rendered":"Kontakt"},"content":{"rendered":"<header class=\"entry-header\">\n<h1 class=\"entry-title h3\"><strong style=\"font-size: 16px;\">1. <\/strong><strong style=\"font-size: 16px;\">TELEFONISCHE AUSK\u00dcNFTE \u00dcBER KONSULARISCHE DIENSTE<\/strong><\/h1>\n<\/header>\n<div class=\"entry-content\">\n<p>Rufen Sie bitte\u00a0<strong>f\u00fcr allgemeine Ausk\u00fcnfte \u00fcber die Dienste dieses Generalkonsulats\u00a0<\/strong><\/p>\n<ul>\n<li>MONTAGS bis FREITAGS vom 9:00 bis 13:00 Uhr<\/li>\n<li><strong>zus\u00e4tzlich<\/strong>\u00a0DONNERSTAGS vom 14:00 bis 17:00 Uhr<\/li>\n<\/ul>\n<p>folgende Telefonnummer an:<\/p>\n<p><strong><span lang=\"IT\">+49 \u2013 711 2563 265<\/span><\/strong><\/p>\n<p><strong>\u00a0BITTE BEACHTEN! ZEITBEGRENZTE \u00c4NDERUNG DER ERREICHBARGKEIT DIESER NUMMER WIRD\u00a0<a href=\"https:\/\/consstoccarda.esteri.it\/consolato_stoccarda\/de\/\">UNTER DEN \u201eNEWS\u201c UNSERER HOMEPAGE<\/a>\u00a0BEKANNT GEGEBEN!<br \/>\n<\/strong><\/p>\n<p>&nbsp;<\/p>\n<p><strong>2. Ausschlie\u00dflich f\u00fcr Anliegen,\u00a0die sich schon in Bearbeitung\u00a0befinden, sind folgende Abteilungen\u00a0montags, dienstags, mittwochs und freitags von 13:30 bis 14:30 Uhr\u00a0und\u00a0donnerstags von 12:00 bis 13:00 Uhr\u00a0erreichbar:<\/strong><\/p>\n<p><strong><a title=\"Einwohnermeldeamt\" href=\"http:\/\/www.consstoccarda.esteri.it\/consolato_stoccarda\/de\/i_servizi\/per_i_cittadini\/anagrafe\/anagrafe.html\">Einwohnermeldeamt<br \/>\n<\/a><\/strong>(zum Beispiel: Eintragung ins AIRE, Adress\u00e4nderung, R\u00fcckkehr nach Italien)<br \/>\nTel.:\u00a0+49 \u2013 711 2563 108<br \/>\nFax: +49 -711 2563 109<br \/>\ne-Mail:\u00a0<a href=\"mailto:anagrafe.stoccarda@esteri.it\">anagrafe.stoccarda@esteri.it<\/a><\/p>\n<p><strong><a title=\"Standesamt\" href=\"http:\/\/www.consstoccarda.esteri.it\/consolato_stoccarda\/de\/il_consolato\/gli_uffici\/statocivile.html\">Standesamt<\/a><br \/>\n<\/strong>(zum Beispiel: Geburten, Hochzeiten, Scheidungen, Namens\u00e4nderungen)<br \/>\nTel.:\u00a0+49 \u2013 711 2563 108<br \/>\nFax:\u00a0+49 -711 2563 109<br \/>\ne-Mail:\u00a0<a href=\"mailto:statocivile.stoccarda@esteri.it\">statocivile.stoccarda@esteri.it<\/a><\/p>\n<p><strong><a href=\"http:\/\/www.consstoccarda.esteri.it\/consolato_stoccarda\/de\/i_servizi\/per_i_cittadini\/cittadinanza\/cittadinanza.html\">Staatsangeh\u00f6rigkeit<\/a><br \/>\n<\/strong>Tel.:\u00a0+49 \u2013 711 2563 299<br \/>\nFax: +49 \u2013 711 2563 109<br \/>\ne-Mail:\u00a0<a href=\"mailto:cittadinanza.stoccarda@esteri.it\">cittadinanza.stoccarda@esteri.it<\/a><\/p>\n<p><strong><a title=\"Abteilung Reisep\u00e4sse\" href=\"https:\/\/consstoccarda.esteri.it\/consolato_stoccarda\/il_consolato\/gli_uffici\/passaporti.html\">Reisep\u00e4sse<\/a>\u00a0\u2013\u00a0<a title=\"Personalausweise\" href=\"https:\/\/consstoccarda.esteri.it\/consolato_stoccarda\/de\/in_linea_con_utente\/modulistica\/carta-d-identita-elettronica.html\">Personalausweise<\/a><\/strong><br \/>\nTel.: +49 -711 2563 137<br \/>\nFax: +49 -711 2563 140<br \/>\ne-Mail f\u00fcr Passb\u00fcro:\u00a0<a href=\"mailto:passaporti.stoccarda@esteri.it\">passaporti.stoccarda@esteri.it<\/a><br \/>\ne-Mail f\u00fcr Personalausweis:\u00a0<a href=\"mailto:ci_constoc@esteri.it\">ci_constoc@esteri.it<\/a><\/p>\n<p>&nbsp;<\/p>\n<p><strong>3.\u00a0Folgende Abteilungen sind\u00a0<a title=\"\u00d6ffnungszeiten\" href=\"https:\/\/consstoccarda.esteri.it\/consolato_stoccarda\/de\/il_consolato\/la_sede\/il-consolato.html\">w\u00e4hrend der regul\u00e4ren \u00d6ffnungszeiten<\/a>\u00a0unter diesen Telefonnumern erreichbar:<\/strong><\/p>\n<p><strong><a href=\"https:\/\/consstoccarda.esteri.it\/consolato_stoccarda\/de\/il_consolato\/gli_uffici\/las.html\">Sozialabteilung<\/a>\u00a0und\u00a0<a href=\"https:\/\/consstoccarda.esteri.it\/consolato_stoccarda\/il_consolato\/gli_uffici\/notarile.html\">Notarielle Beratung<\/a><\/strong><br \/>\nTel.: +49 \u2013 711 2563 122<br \/>\nTel.: +49 \u2013 711 2563 153<br \/>\nFax: +49 \u2013 711 2563 193<br \/>\ne-Mail:\u00a0<a href=\"mailto:lasconsnot.stoccarda@esteri.it\">lasconsnot.stoccarda@esteri.it<\/a><\/p>\n<p><a href=\"https:\/\/consstoccarda.esteri.it\/consolato_stoccarda\/de\/il_consolato\/gli_uffici\/codice-fiscale.html\"><strong>Beantragung einer Italienischen Steuerzahlernummer (Codice Fiscale)<\/strong><\/a><br \/>\nTel.: +49 \u2013 711 2563 265<br \/>\ne-Mail:\u00a0<a href=\"mailto:stoccarda.codicifiscali@esteri.it\">stoccarda.codicifiscali@esteri.it<\/a><\/p>\n<p><strong>Sekretariat<\/strong><br \/>\nTel.:\u00a0+49 \u2013 711 2563 150<br \/>\nFax: +49 \u2013 711 2563 136<br \/>\ne-Mail:\u00a0<a href=\"mailto:segreteria.stoccarda@esteri.it\">segreteria.stoccarda@esteri.it<\/a><\/p>\n<p><strong>Verwaltungsabteilung und Kasse<br \/>\n<\/strong>Tel.: +49 \u2013 711 2563 102<strong><br \/>\n<\/strong>E-Mail:\u00a0<a class=\"focus--mouse\" href=\"mailto:contabilita.stoccarda@esteri.it\" data-focus-mouse=\"true\">contabilita.stoccarda@esteri.it<\/a><\/p>\n<p><a title=\"Schulb\u00fcro\" href=\"http:\/\/www.consstoccarda.esteri.it\/consolato_stoccarda\/de\/i_servizi\/per_i_cittadini\/scuole\/\"><strong>Schulb\u00fcro<\/strong><\/a><br \/>\nTel.:\u00a0+49 \u2013 711 16281 14<br \/>\ne-Mail:<a href=\"mailto:ufficioscuole.stoccarda@esteri.it\">ufficioscuole.stoccarda@esteri.it<\/a><\/p>\n<\/div>\n","protected":false},"excerpt":{"rendered":"1. TELEFONISCHE AUSK\u00dcNFTE \u00dcBER KONSULARISCHE DIENSTE Rufen Sie bitte\u00a0f\u00fcr allgemeine Ausk\u00fcnfte \u00fcber die Dienste dieses Generalkonsulats\u00a0 MONTAGS bis FREITAGS vom 9:00 bis 13:00 Uhr zus\u00e4tzlich\u00a0DONNERSTAGS vom 14:00 bis 17:00 Uhr folgende Telefonnummer an: +49 \u2013 711 2563 265 \u00a0BITTE BEACHTEN! ZEITBEGRENZTE \u00c4NDERUNG DER ERREICHBARGKEIT DIESER NUMMER WIRD\u00a0UNTER DEN \u201eNEWS\u201c UNSERER HOMEPAGE\u00a0BEKANNT GEGEBEN! &nbsp; 2. Ausschlie\u00dflich [&hellip;]","protected":false},"author":4,"featured_media":0,"parent":136,"menu_order":0,"comment_status":"closed","ping_status":"closed","template":"","meta":{"footnotes":""},"class_list":["post-1220","page","type-page","status-publish","hentry"],"_links":{"self":[{"href":"https:\/\/consstoccarda.esteri.it\/de\/wp-json\/wp\/v2\/pages\/1220","targetHints":{"allow":["GET"]}}],"collection":[{"href":"https:\/\/consstoccarda.esteri.it\/de\/wp-json\/wp\/v2\/pages"}],"about":[{"href":"https:\/\/consstoccarda.esteri.it\/de\/wp-json\/wp\/v2\/types\/page"}],"author":[{"embeddable":true,"href":"https:\/\/consstoccarda.esteri.it\/de\/wp-json\/wp\/v2\/users\/4"}],"replies":[{"embeddable":true,"href":"https:\/\/consstoccarda.esteri.it\/de\/wp-json\/wp\/v2\/comments?post=1220"}],"version-history":[{"count":0,"href":"https:\/\/consstoccarda.esteri.it\/de\/wp-json\/wp\/v2\/pages\/1220\/revisions"}],"up":[{"embeddable":true,"href":"https:\/\/consstoccarda.esteri.it\/de\/wp-json\/wp\/v2\/pages\/136"}],"wp:attachment":[{"href":"https:\/\/consstoccarda.esteri.it\/de\/wp-json\/wp\/v2\/media?parent=1220"}],"curies":[{"name":"wp","href":"https:\/\/api.w.org\/{rel}","templated":true}]}}