{"id":1606,"date":"2023-05-12T13:20:27","date_gmt":"2023-05-12T11:20:27","guid":{"rendered":"https:\/\/consstoccarda.esteri.it\/chi-siamo\/la-sede\/orario-di-apertura-e-festivita-osservate-da-questo-consolato-generale\/"},"modified":"2023-06-08T09:37:16","modified_gmt":"2023-06-08T07:37:16","slug":"orario-di-apertura-e-festivita-osservate-da-questo-consolato-generale","status":"publish","type":"page","link":"https:\/\/consstoccarda.esteri.it\/de\/chi-siamo\/la-sede\/orario-di-apertura-e-festivita-osservate-da-questo-consolato-generale\/","title":{"rendered":"\u00d6ffnungszeiten und Feiertage"},"content":{"rendered":"<p><strong>\u00d6FFNUNGSZEITEN F\u00dcR DEN PUBLIKUMSVERKEHR AB 02.01.2020<\/strong><br \/>\nMontag von 09:00 Uhr bis 12:30 Uhr<br \/>\nDienstag von 09:00 Uhr bis 12:30 Uhr<br \/>\nMittwoch von 09:00 Uhr bis 12:30 Uhr<br \/>\n<strong>Donnerstag\u00a0von 13:00 Uhr bis 17:00 Uhr<\/strong><br \/>\nFreitag von 09:00 Uhr bis 12:30 Uhr<\/p>\n<p>&nbsp;<\/p>\n<p><strong>FEIERTAGE 2023<\/strong><\/p>\n<p><strong>an denen dieses Generalkonsulat geschlossen bleibt<\/strong><\/p>\n<p>01. JANUAR Sonntag (Neujahr)<br \/>\n07. APRIL Freitag (Karfreitag)<br \/>\n10. APRIL Montag (Ostermontag)<br \/>\n25. APRIL Dienstag (Jahrestag der Befreiung)<br \/>\n01. MAI Montag (Tag der Arbeit)<\/p>\n<p>29. MAI Montag (Pfingstmontag)*<\/p>\n<p>02. JUNI Freitag (Ital. Nationalfeiertag)<br \/>\n03. OKTOBER Dienstag (Tag der deutschen Einheit)*<br \/>\n01. NOVEMBER Mittwoch (Allerheiligen)<br \/>\n25. DEZEMBER Montag (1.Weihnachtsfeiertag)<br \/>\n26. DEZEMBER Dienstag (2.Weihnachtsfeiertag)<\/p>\n<p>*deutsche Feiertage<\/p>\n<p>&nbsp;<\/p>\n","protected":false},"excerpt":{"rendered":"\u00d6FFNUNGSZEITEN F\u00dcR DEN PUBLIKUMSVERKEHR AB 02.01.2020 Montag von 09:00 Uhr bis 12:30 Uhr Dienstag von 09:00 Uhr bis 12:30 Uhr Mittwoch von 09:00 Uhr bis 12:30 Uhr Donnerstag\u00a0von 13:00 Uhr bis 17:00 Uhr Freitag von 09:00 Uhr bis 12:30 Uhr &nbsp; FEIERTAGE 2023 an denen dieses Generalkonsulat geschlossen bleibt 01. JANUAR Sonntag (Neujahr) 07. APRIL [&hellip;]","protected":false},"author":4,"featured_media":0,"parent":133,"menu_order":0,"comment_status":"closed","ping_status":"closed","template":"","meta":{"footnotes":""},"class_list":["post-1606","page","type-page","status-publish","hentry"],"_links":{"self":[{"href":"https:\/\/consstoccarda.esteri.it\/de\/wp-json\/wp\/v2\/pages\/1606","targetHints":{"allow":["GET"]}}],"collection":[{"href":"https:\/\/consstoccarda.esteri.it\/de\/wp-json\/wp\/v2\/pages"}],"about":[{"href":"https:\/\/consstoccarda.esteri.it\/de\/wp-json\/wp\/v2\/types\/page"}],"author":[{"embeddable":true,"href":"https:\/\/consstoccarda.esteri.it\/de\/wp-json\/wp\/v2\/users\/4"}],"replies":[{"embeddable":true,"href":"https:\/\/consstoccarda.esteri.it\/de\/wp-json\/wp\/v2\/comments?post=1606"}],"version-history":[{"count":0,"href":"https:\/\/consstoccarda.esteri.it\/de\/wp-json\/wp\/v2\/pages\/1606\/revisions"}],"up":[{"embeddable":true,"href":"https:\/\/consstoccarda.esteri.it\/de\/wp-json\/wp\/v2\/pages\/133"}],"wp:attachment":[{"href":"https:\/\/consstoccarda.esteri.it\/de\/wp-json\/wp\/v2\/media?parent=1606"}],"curies":[{"name":"wp","href":"https:\/\/api.w.org\/{rel}","templated":true}]}}