{"id":1610,"date":"2023-05-12T13:28:23","date_gmt":"2023-05-12T11:28:23","guid":{"rendered":"https:\/\/consstoccarda.esteri.it\/chi-siamo\/gli-uffici\/prenotazioni-appuntamento-con-il-portale-prentami\/"},"modified":"2023-06-08T09:43:29","modified_gmt":"2023-06-08T07:43:29","slug":"prenotazioni-appuntamento-con-il-portale-prentami","status":"publish","type":"page","link":"https:\/\/consstoccarda.esteri.it\/de\/chi-siamo\/gli-uffici\/prenotazioni-appuntamento-con-il-portale-prentami\/","title":{"rendered":"Terminvereinbarung (Pren@tami)"},"content":{"rendered":"<p>&nbsp;<\/p>\n<p><img loading=\"lazy\" decoding=\"async\" class=\"alignnone wp-image-401 img-fluid\" src=\"https:\/\/consstoccarda.esteri.it\/wp-content\/uploads\/2023\/05\/prenotmi-logo-300x103.png\" alt=\"\" width=\"536\" height=\"184\" srcset=\"https:\/\/consstoccarda.esteri.it\/wp-content\/uploads\/2023\/05\/prenotmi-logo-300x103.png 300w, https:\/\/consstoccarda.esteri.it\/wp-content\/uploads\/2023\/05\/prenotmi-logo-1024x351.png 1024w, https:\/\/consstoccarda.esteri.it\/wp-content\/uploads\/2023\/05\/prenotmi-logo-768x263.png 768w, https:\/\/consstoccarda.esteri.it\/wp-content\/uploads\/2023\/05\/prenotmi-logo.png 1138w\" sizes=\"auto, (max-width: 536px) 100vw, 536px\" \/><\/p>\n<p>&nbsp;<\/p>\n<p><strong>1. Per quali servizi \u00e8 necessario un prenotare un appuntamento presso il nostro Consolato Generale?<\/strong><\/p>\n<p>L&#8217;appuntamento \u00e8\u00a0<strong>obbligatorio per<\/strong>\u00a0i servizi:<\/p>\n<ol>\n<li><strong>Carta d&#8217;Identit\u00e0 Elettronica<\/strong> (per informazioni:<a href=\"https:\/\/consstoccarda.esteri.it\/it\/servizi-consolari-e-visti\/\"><strong> cliccare qui<\/strong><\/a>)<\/li>\n<li><b>Passaporti <\/b>\u00a0(per informazioni:<strong>\u00a0<a href=\"https:\/\/consstoccarda.esteri.it\/it\/servizi-consolari-e-visti\/\">cliccare qui<\/a><\/strong>)<\/li>\n<li><strong>Stato Civile\/Matrimoni\u00a0<\/strong> (per informazioni:<strong>\u00a0<a href=\"https:\/\/consstoccarda.esteri.it\/consolato_stoccarda\/il_consolato\/gli_uffici\/statocivile.html\">cliccare qui<\/a><\/strong>)<\/li>\n<li><strong>Cittadinanza italiana\u00a0<\/strong> (per informazioni <strong>\u00a0<a href=\"https:\/\/consstoccarda.esteri.it\/it\/servizi-consolari-e-visti\/\">cliccare qui<\/a><\/strong>)<\/li>\n<li><strong>Cambio Nome\/Cognome + Adozioni\u00a0<\/strong> (per informazioni :<strong>\u00a0<a href=\"https:\/\/consstoccarda.esteri.it\/it\/servizi-consolari-e-visti\/\">cliccare qui<\/a><\/strong>)<\/li>\n<\/ol>\n<p>&nbsp;<\/p>\n<p><strong>2. Come si fissa un appuntamento?<\/strong><\/p>\n<p><b>Dal 6 Giugno 2022, il portale\u00a0per prenotare appuntamenti \u00e8 il nuovo\u00a0<\/b><a style=\"font-weight: bold;\" href=\"https:\/\/prenotami.esteri.it\/\">Prenot@mi (si prega di cliccare qui)<\/a><b>. Esso ha sostituito il precedente sistema denominato Prenota Online, che dunque non \u00e8\u00a0pi\u00f9 operativo.<\/b><\/p>\n<p><strong>L&#8217;indirizzo per esteso del nuovo portale \u00e8:\u00a0<a href=\"https:\/\/prenotami.esteri.it\/\">https:\/\/prenotami.esteri.it\/<\/a><\/strong><\/p>\n<p>Qui si possono trovare le\u00a0<a href=\"http:\/\/consstoccarda.esteri.it\/consolato_stoccarda\/resource\/doc\/2016\/02\/prenotami_manuale_cittadino.pdf\"><strong>istruzioni per l&#8217;uso del nuovo portale<\/strong>:\u00a0<\/a><strong><a href=\"https:\/\/consstoccarda.esteri.it\/wp-content\/uploads\/2023\/05\/prenotami_manuale_cittadino.pdf\">si prega di cliccare qui<\/a>.<a href=\"http:\/\/consstoccarda.esteri.it\/consolato_stoccarda\/resource\/doc\/2016\/02\/prenotami_manuale_cittadino.pdf\"><br \/>\n<\/a><\/strong><\/p>\n<p><strong>3. Come funziona il portale online?<\/strong><\/p>\n<p>Per accedere al nuovo Prenot@mi <strong>occorre registarsi come nuovo utente<\/strong>. La procedura di registrazione risulta semplificata rispetto al precedente portale.<\/p>\n<p>Si consiglia di consultare il manuale operativo per il cittadino,\u00a0<a href=\"https:\/\/consstoccarda.esteri.it\/wp-content\/uploads\/2023\/05\/prenotami_manuale_cittadino.pdf\"><strong>disponibile qui (si prega di cliccare)<\/strong><\/a>.<\/p>\n<p>&nbsp;<\/p>\n<p><strong>4. Posso prendere appuntamento per un familiare o un conoscente con i miei dati di accesso?<\/strong><\/p>\n<p>Con il nuovo portale\u00a0<strong><a href=\"https:\/\/prenotami.esteri.it\/\">Prenot@mi<\/a><\/strong>\u00a0 \u00e8 possibile una delle seguenti combinazioni:<\/p>\n<ol>\n<li>fissare un appuntamento per s\u00e9 stessi<\/li>\n<li>fissare un appuntamento per un conoscente anzich\u00e9 per s\u00e9 stessi<\/li>\n<li>fissare un appuntamento per conoscenti per un servizio e, prima dell&#8217;appuntamento fissato, anche un appuntamento per s\u00e9 stessi per lo stesso servizio.<\/li>\n<\/ol>\n<p><strong>NON<\/strong>\u00a0\u00e8 invece consentito di fissare un appuntamento per s\u00e8 stessi per un servizio e, prima dell&#8217;appuntamento fissato, anche un appuntamento per conoscenti per lo stesso servizio (cio\u00e8 il contrario del punto 3).<\/p>\n<p>&nbsp;<\/p>\n<p><strong>5. Casi particolari\u00a0<\/strong><\/p>\n<p><strong>5.1.<\/strong>\u00a0I connazionali over 75 anni possono, in alternativa al sistema di prenotazione via internet, contattare l\u2019ufficio interessato, per richiedere un appuntamento per il rilascio del passaporto o della CIE. Questi i riferimenti degli uffici consolari:<strong>\u00a0<a href=\"https:\/\/consstoccarda.esteri.it\/it\/chi-siamo\/gli-uffici\/ufficio-e-contatti-del-consolato-di-stoccarda\/\">cliccare qui<\/a><\/strong><\/p>\n<p><strong>5.2.<\/strong>\u00a0In caso di grave e comprovata urgenza, l\u2019utente pu\u00f2 contattare via mail l\u2019ufficio interessato per richiedere un appuntamento extra, allegando prova scritta di tale situazione ( es. prenotazione viaggio, richiesta da parte delle autorit\u00e0 tedesche). Sar\u00e0 cura dell\u2019ufficio interessato valutare nel merito tale documentazione al fine di concedere o meno tale appuntamento\u00a0<strong>compatibilmente<\/strong>\u00a0con le risorse al momento disponibili.<\/p>\n<p><strong>5.3.<\/strong>\u00a0In via del tutto eccezionale ed in caso di seri impedimenti certificati (p.e. malattia grave o detenzione di lungo periodo) \u00e8 possibile rilasciare il passaporto o la Carta di identit\u00e0 elettronica senza la firma n\u00e9 le impronte digitali, con conseguente invio per posta del documento, seguendo le istruzioni del foglio informativo (si prega di cliccare qui per il\u00a0<strong><a href=\"https:\/\/consstoccarda.esteri.it\/it\/servizi-consolari-e-visti\/servizi-per-il-cittadino-italiano\/passaporti\/\">passaporto<\/a><\/strong>\u00a0o per la\u00a0<a href=\"https:\/\/consstoccarda.esteri.it\/it\/servizi-consolari-e-visti\/servizi-per-il-cittadino-italiano\/carta-didentita-elettronica\/\"><strong>cie<\/strong><\/a>).<\/p>\n<p><strong>5.4.<\/strong>\u00a0La richiesta del passaporto o della carta di identit\u00e0 elettronica per minori che non hanno compiuto il 12 anno d&#8217;et\u00e0 pu\u00f2 essere fatta per posta seguendo le istruzioni del foglio informativo (si prega di cliccare qui per il\u00a0<a href=\"https:\/\/consstoccarda.esteri.it\/it\/servizi-consolari-e-visti\/servizi-per-il-cittadino-italiano\/passaporti\/\"><strong>passaporto<\/strong><\/a>\u00a0o per la\u00a0<a href=\"https:\/\/consstoccarda.esteri.it\/it\/servizi-consolari-e-visti\/servizi-per-il-cittadino-italiano\/carta-didentita-elettronica\/\"><strong>cie<\/strong><\/a>).<\/p>\n<p><strong>6.<\/strong>\u00a0Per le informazioni relative\u00a0agli\u00a0<strong>sportelli di assistenza gestiti dal Com.It.Es<\/strong>\u00a0di Stoccarda:\u00a0<a href=\"https:\/\/consstoccarda.esteri.it\/it\/chi-siamo\/gli-uffici\/prenotazioni-appuntamento-con-il-portale-prentami\/assistenza-telefonica-del-com-it-es\/\"><strong>cliccare qui<\/strong><\/a><\/p>\n<p>&nbsp;<\/p>\n<p><strong>ALLEGATI:<\/strong><\/p>\n<ul>\n<li><a href=\"https:\/\/consstoccarda.esteri.it\/wp-content\/uploads\/2023\/05\/prenotami_manuale_cittadino.pdf\"><strong>Manuale di istruzioni per l&#8217;uso del portale Prenot@mi (cliccare qui)<\/strong><\/a><\/li>\n<\/ul>\n","protected":false},"excerpt":{"rendered":"&nbsp; &nbsp; 1. Per quali servizi \u00e8 necessario un prenotare un appuntamento presso il nostro Consolato Generale? L&#8217;appuntamento \u00e8\u00a0obbligatorio per\u00a0i servizi: Carta d&#8217;Identit\u00e0 Elettronica (per informazioni: cliccare qui) Passaporti \u00a0(per informazioni:\u00a0cliccare qui) Stato Civile\/Matrimoni\u00a0 (per informazioni:\u00a0cliccare qui) Cittadinanza italiana\u00a0 (per informazioni \u00a0cliccare qui) Cambio Nome\/Cognome + Adozioni\u00a0 (per informazioni :\u00a0cliccare qui) &nbsp; 2. Come si [&hellip;]","protected":false},"author":4,"featured_media":0,"parent":132,"menu_order":0,"comment_status":"closed","ping_status":"closed","template":"","meta":{"footnotes":""},"class_list":["post-1610","page","type-page","status-publish","hentry"],"_links":{"self":[{"href":"https:\/\/consstoccarda.esteri.it\/de\/wp-json\/wp\/v2\/pages\/1610","targetHints":{"allow":["GET"]}}],"collection":[{"href":"https:\/\/consstoccarda.esteri.it\/de\/wp-json\/wp\/v2\/pages"}],"about":[{"href":"https:\/\/consstoccarda.esteri.it\/de\/wp-json\/wp\/v2\/types\/page"}],"author":[{"embeddable":true,"href":"https:\/\/consstoccarda.esteri.it\/de\/wp-json\/wp\/v2\/users\/4"}],"replies":[{"embeddable":true,"href":"https:\/\/consstoccarda.esteri.it\/de\/wp-json\/wp\/v2\/comments?post=1610"}],"version-history":[{"count":0,"href":"https:\/\/consstoccarda.esteri.it\/de\/wp-json\/wp\/v2\/pages\/1610\/revisions"}],"up":[{"embeddable":true,"href":"https:\/\/consstoccarda.esteri.it\/de\/wp-json\/wp\/v2\/pages\/132"}],"wp:attachment":[{"href":"https:\/\/consstoccarda.esteri.it\/de\/wp-json\/wp\/v2\/media?parent=1610"}],"curies":[{"name":"wp","href":"https:\/\/api.w.org\/{rel}","templated":true}]}}