{"id":1616,"date":"2023-05-11T12:21:58","date_gmt":"2023-05-11T10:21:58","guid":{"rendered":"https:\/\/consstoccarda.esteri.it\/chi-siamo\/il-console\/382-2\/"},"modified":"2023-06-08T09:54:38","modified_gmt":"2023-06-08T07:54:38","slug":"382-2","status":"publish","type":"page","link":"https:\/\/consstoccarda.esteri.it\/de\/chi-siamo\/il-console\/382-2\/","title":{"rendered":"Grusswort"},"content":{"rendered":"<p>u Beginn meiner Mission als Generalkonsul in Stuttgart m\u00f6chte ich einen herzlichen Gru\u00df an Sie richten und hei\u00dfe alle Landsleute, deutschen Freunde sowie alle Besucher dieser Seiten auf der Homepage dieses Generalkonsulats \u2013 auch im Namen des gesamten, hier diensttuenden Personals \u2013 willkommen.<\/p>\n<p>Es ist mir wichtig hervorzuheben, dass dieses Generalkonsulat einen Bezugspunkt darstellen soll, wenn es darum geht, das Ansehen von Italien im Hinblick auf Wirtschaft, Handel und Kultur zu f\u00f6rdern und hierbei im Einklang mit den betreffenden deutschen und italienischen Institutionen t\u00e4tig zu werden.<\/p>\n<p>Besondere Aufmerksamkeit m\u00f6chte ich der jungen Generation und der neuen Auswanderung widmen.<br \/>\nHierzu baue ich insbesondere auf die Zusammenarbeit mit dem Komitee der im Ausland wohnhaften Italiener Com.It.Es und den in diesem Konsularbezirk vorhandenen Vereinen. In einer Zeit, in der sowohl personelle wie finanzielle Ressourcen knapper werden, ist f\u00fcr mich die Synergie zwischen all jenen, die dasselbe Ziel verfolgen, n\u00e4mlich die Einbindung unserer Gemeinde in den lokalen Kontext zu erleichtern, zu begleiten und zu verbessern, von grundlegender Bedeutung.<\/p>\n<p>Ich lade Sie ein, diese Homepage regelm\u00e4\u00dfig zu besuchen und als Bezugspunkt f\u00fcr diesen Konsularbezirk zu betrachten.<\/p>\n<p>F\u00fcr Vorschl\u00e4ge irgendwelcher Art k\u00f6nnen Sie Verbindung mit uns aufnehmen unter der E-Mail-Adresse:<br \/>\n<a href=\"mailto:consolato.stoccarda@esteri.it\">consolato.stoccarda@esteri.it<\/a>.<\/p>\n<p>&nbsp;<\/p>\n<p>Der Generalkonsul der Republik Italien<\/p>\n","protected":false},"excerpt":{"rendered":"u Beginn meiner Mission als Generalkonsul in Stuttgart m\u00f6chte ich einen herzlichen Gru\u00df an Sie richten und hei\u00dfe alle Landsleute, deutschen Freunde sowie alle Besucher dieser Seiten auf der Homepage dieses Generalkonsulats \u2013 auch im Namen des gesamten, hier diensttuenden Personals \u2013 willkommen. Es ist mir wichtig hervorzuheben, dass dieses Generalkonsulat einen Bezugspunkt darstellen soll, [&hellip;]","protected":false},"author":4,"featured_media":0,"parent":105,"menu_order":0,"comment_status":"closed","ping_status":"closed","template":"","meta":{"footnotes":""},"class_list":["post-1616","page","type-page","status-publish","hentry"],"_links":{"self":[{"href":"https:\/\/consstoccarda.esteri.it\/de\/wp-json\/wp\/v2\/pages\/1616","targetHints":{"allow":["GET"]}}],"collection":[{"href":"https:\/\/consstoccarda.esteri.it\/de\/wp-json\/wp\/v2\/pages"}],"about":[{"href":"https:\/\/consstoccarda.esteri.it\/de\/wp-json\/wp\/v2\/types\/page"}],"author":[{"embeddable":true,"href":"https:\/\/consstoccarda.esteri.it\/de\/wp-json\/wp\/v2\/users\/4"}],"replies":[{"embeddable":true,"href":"https:\/\/consstoccarda.esteri.it\/de\/wp-json\/wp\/v2\/comments?post=1616"}],"version-history":[{"count":0,"href":"https:\/\/consstoccarda.esteri.it\/de\/wp-json\/wp\/v2\/pages\/1616\/revisions"}],"up":[{"embeddable":true,"href":"https:\/\/consstoccarda.esteri.it\/de\/wp-json\/wp\/v2\/pages\/105"}],"wp:attachment":[{"href":"https:\/\/consstoccarda.esteri.it\/de\/wp-json\/wp\/v2\/media?parent=1616"}],"curies":[{"name":"wp","href":"https:\/\/api.w.org\/{rel}","templated":true}]}}