{"id":1638,"date":"2023-05-25T13:09:50","date_gmt":"2023-05-25T11:09:50","guid":{"rendered":"https:\/\/consstoccarda.esteri.it\/chi-siamo\/contatti\/ufficio-scuole-contatti-e-orari\/"},"modified":"2025-10-22T12:01:28","modified_gmt":"2025-10-22T10:01:28","slug":"ufficio-scuole-contatti-e-orari","status":"publish","type":"page","link":"https:\/\/consstoccarda.esteri.it\/de\/chi-siamo\/contatti\/ufficio-scuole-contatti-e-orari\/","title":{"rendered":"Ufficio Scuole: contatti e orari \/ Schulabteilung: Kontakt und B\u00fcrozeiten"},"content":{"rendered":"<ul>\n<li><span lang=\"IT\">Orario di apertura e ricevimento pubblico \/ <em>Sprech- und \u00d6ffnungszeiten<\/em><\/span><span lang=\"IT\">:\u00a0 <\/span><strong><span lang=\"IT\"><a href=\"https:\/\/consstoccarda.esteri.it\/it\/chi-siamo\/la-sede\/orario-di-apertura-e-festivita-osservate-da-questo-consolato-generale\/\" target=\"_blank\" rel=\"noopener\">clicca qui\u00a0<\/a> <\/span><\/strong>(<span style=\"text-decoration: underline;\">l&#8217;ufficio riceve solo su appuntamento negli orari di apertura al pubblico<\/span> \/ <em>das B\u00fcro empf\u00e4ngt nur nach Vereinbarung w\u00e4hrend der \u00f6ffentlichen \u00d6ffnungszeiten<\/em>)<\/li>\n<\/ul>\n<p>&nbsp;<\/p>\n<ul>\n<li>Festivit\u00e0 e Giorni di chiusura prestabiliti dell&#8217;Ufficio \/ <em>Feiertage und festgelegte Tage, an denen das B\u00fcro geschlossen ist<\/em>: <a href=\"https:\/\/consstoccarda.esteri.it\/it\/chi-siamo\/la-sede\/orario-di-apertura-e-festivita-osservate-da-questo-consolato-generale\/\" target=\"_blank\" rel=\"noopener\"><strong>clicca qui<\/strong><\/a><\/li>\n<\/ul>\n<p>&nbsp;<\/p>\n<ul>\n<li>ATTENZIONE: il Dirigente Scolastico <span style=\"text-decoration: underline;\">riceve su appuntamento<\/span>. \/ <em>BITTE BEACHTEN: Der Schulleiter <span style=\"text-decoration: underline;\">empf\u00e4ngt nach Terminvereinbarung<\/span>.<\/em><\/li>\n<\/ul>\n<p>&nbsp;<\/p>\n<p><strong>Indirizzo \/ <em>Adresse<\/em>:\u00a0<\/strong><\/p>\n<p style=\"padding-left: 40px;\">Ufficio Scuole<\/p>\n<p style=\"padding-left: 40px;\">Consolato Generale d&#8217;Italia Stoccarda<\/p>\n<p style=\"padding-left: 40px;\">Lenzhalde 69<\/p>\n<p style=\"padding-left: 40px;\">70192 Stuttgart<\/p>\n<p>&nbsp;<\/p>\n<p><strong>CONTATTI \/ <em>KONTAKT<\/em>:<\/strong><\/p>\n<p style=\"padding-left: 40px;\">Tel.: <strong>+49 -711 16281 14 (Segreteria)<\/strong><\/p>\n<p>\u00a0 \u00a0 \u00a0 \u00a0 \u00a0E-Mail: <strong><a href=\"mailto:ufficioscuole.stoccarda@esteri.it\">ufficioscuole.stoccarda@esteri.it<\/a><\/strong><\/p>\n","protected":false},"excerpt":{"rendered":"Orario di apertura e ricevimento pubblico \/ Sprech- und \u00d6ffnungszeiten:\u00a0 clicca qui\u00a0 (l&#8217;ufficio riceve solo su appuntamento negli orari di apertura al pubblico \/ das B\u00fcro empf\u00e4ngt nur nach Vereinbarung w\u00e4hrend der \u00f6ffentlichen \u00d6ffnungszeiten) &nbsp; Festivit\u00e0 e Giorni di chiusura prestabiliti dell&#8217;Ufficio \/ Feiertage und festgelegte Tage, an denen das B\u00fcro geschlossen ist: clicca qui [&hellip;]","protected":false},"author":6,"featured_media":0,"parent":136,"menu_order":0,"comment_status":"closed","ping_status":"closed","template":"","meta":{"footnotes":""},"class_list":["post-1638","page","type-page","status-publish","hentry"],"_links":{"self":[{"href":"https:\/\/consstoccarda.esteri.it\/de\/wp-json\/wp\/v2\/pages\/1638","targetHints":{"allow":["GET"]}}],"collection":[{"href":"https:\/\/consstoccarda.esteri.it\/de\/wp-json\/wp\/v2\/pages"}],"about":[{"href":"https:\/\/consstoccarda.esteri.it\/de\/wp-json\/wp\/v2\/types\/page"}],"author":[{"embeddable":true,"href":"https:\/\/consstoccarda.esteri.it\/de\/wp-json\/wp\/v2\/users\/6"}],"replies":[{"embeddable":true,"href":"https:\/\/consstoccarda.esteri.it\/de\/wp-json\/wp\/v2\/comments?post=1638"}],"version-history":[{"count":4,"href":"https:\/\/consstoccarda.esteri.it\/de\/wp-json\/wp\/v2\/pages\/1638\/revisions"}],"predecessor-version":[{"id":5447,"href":"https:\/\/consstoccarda.esteri.it\/de\/wp-json\/wp\/v2\/pages\/1638\/revisions\/5447"}],"up":[{"embeddable":true,"href":"https:\/\/consstoccarda.esteri.it\/de\/wp-json\/wp\/v2\/pages\/136"}],"wp:attachment":[{"href":"https:\/\/consstoccarda.esteri.it\/de\/wp-json\/wp\/v2\/media?parent=1638"}],"curies":[{"name":"wp","href":"https:\/\/api.w.org\/{rel}","templated":true}]}}