{"id":1680,"date":"2023-05-24T12:56:37","date_gmt":"2023-05-24T10:56:37","guid":{"rendered":"https:\/\/consstoccarda.esteri.it\/servizi-consolari-e-visti\/servizi-per-il-cittadino-italiano\/modulistica\/carte-didentita-elettroniche-modulistica\/"},"modified":"2026-04-23T16:57:58","modified_gmt":"2026-04-23T14:57:58","slug":"carte-didentita-elettroniche-modulistica","status":"publish","type":"page","link":"https:\/\/consstoccarda.esteri.it\/de\/servizi-consolari-e-visti\/servizi-per-il-cittadino-italiano\/modulistica\/carte-didentita-elettroniche-modulistica\/","title":{"rendered":"Elektronische Personalausweise: Formulare"},"content":{"rendered":"<p>&nbsp;<\/p>\n<ol>\n<li style=\"list-style-type: none;\">\n<ol>\n<li><a href=\"https:\/\/consstoccarda.esteri.it\/wp-content\/uploads\/2026\/04\/Formulario-assenso-minori-CIE-04_2026.pdf\">Antragsformular Personalausweis f\u00fcr Minderj\u00e4hrige unter 18 Jahren<\/a><\/li>\n<li><a href=\"https:\/\/consstoccarda.esteri.it\/wp-content\/uploads\/2026\/04\/InfoBlatt_CIE_Minorenni-04_2026-DE.pdf\">Infoblatt Personalausweisantrag per Post f\u00fcr Minderj\u00e4hrige unter 12 Jahren<\/a><\/li>\n<li><a href=\"https:\/\/consstoccarda.esteri.it\/wp-content\/uploads\/2026\/04\/InfoBlatt_CIE_Disabili-04_2026-DE.pdf\">Infoblatt Personalausweisantrag per Post bei <u>DAUERHAFTER<\/u> Verhinderung (z.B. schwere Krankheit)<\/a><\/li>\n<li><a href=\"https:\/\/consstoccarda.esteri.it\/wp-content\/uploads\/2026\/04\/DOMANDA-CIE-impedimento-psicofisico-permanente1-1.pdf\">Antragsformular Personalausweis per Post bei <u>DAUERHAFTER<\/u> Verhinderung (z.B. schwere Krankheit)<\/a><\/li>\n<li><a href=\"https:\/\/consstoccarda.esteri.it\/wp-content\/uploads\/2023\/05\/autentica_foto_minore.pass_.cie_.pdf\">Formular f\u00fcr die Beglaubigung des Passbildes<\/a><\/li>\n<\/ol>\n<\/li>\n<\/ol>\n","protected":false},"excerpt":{"rendered":"&nbsp; Antragsformular Personalausweis f\u00fcr Minderj\u00e4hrige unter 18 Jahren Infoblatt Personalausweisantrag per Post f\u00fcr Minderj\u00e4hrige unter 12 Jahren Infoblatt Personalausweisantrag per Post bei DAUERHAFTER Verhinderung (z.B. schwere Krankheit) Antragsformular Personalausweis per Post bei DAUERHAFTER Verhinderung (z.B. schwere Krankheit) Formular f\u00fcr die Beglaubigung des Passbildes","protected":false},"author":6,"featured_media":0,"parent":1590,"menu_order":0,"comment_status":"closed","ping_status":"closed","template":"","meta":{"footnotes":""},"class_list":["post-1680","page","type-page","status-publish","hentry"],"_links":{"self":[{"href":"https:\/\/consstoccarda.esteri.it\/de\/wp-json\/wp\/v2\/pages\/1680","targetHints":{"allow":["GET"]}}],"collection":[{"href":"https:\/\/consstoccarda.esteri.it\/de\/wp-json\/wp\/v2\/pages"}],"about":[{"href":"https:\/\/consstoccarda.esteri.it\/de\/wp-json\/wp\/v2\/types\/page"}],"author":[{"embeddable":true,"href":"https:\/\/consstoccarda.esteri.it\/de\/wp-json\/wp\/v2\/users\/6"}],"replies":[{"embeddable":true,"href":"https:\/\/consstoccarda.esteri.it\/de\/wp-json\/wp\/v2\/comments?post=1680"}],"version-history":[{"count":8,"href":"https:\/\/consstoccarda.esteri.it\/de\/wp-json\/wp\/v2\/pages\/1680\/revisions"}],"predecessor-version":[{"id":7716,"href":"https:\/\/consstoccarda.esteri.it\/de\/wp-json\/wp\/v2\/pages\/1680\/revisions\/7716"}],"up":[{"embeddable":true,"href":"https:\/\/consstoccarda.esteri.it\/de\/wp-json\/wp\/v2\/pages\/1590"}],"wp:attachment":[{"href":"https:\/\/consstoccarda.esteri.it\/de\/wp-json\/wp\/v2\/media?parent=1680"}],"curies":[{"name":"wp","href":"https:\/\/api.w.org\/{rel}","templated":true}]}}