{"id":1682,"date":"2023-05-24T13:18:46","date_gmt":"2023-05-24T11:18:46","guid":{"rendered":"https:\/\/consstoccarda.esteri.it\/servizi-consolari-e-visti\/servizi-per-il-cittadino-italiano\/modulistica\/passaporti-modulistica\/"},"modified":"2025-11-28T11:08:29","modified_gmt":"2025-11-28T10:08:29","slug":"passaporti-modulistica","status":"publish","type":"page","link":"https:\/\/consstoccarda.esteri.it\/de\/servizi-consolari-e-visti\/servizi-per-il-cittadino-italiano\/modulistica\/passaporti-modulistica\/","title":{"rendered":"Passaporti: Modulistica"},"content":{"rendered":"<ol>\n<li><a href=\"https:\/\/consstoccarda.esteri.it\/wp-content\/uploads\/2024\/08\/passaporto_maggiorenni_mod.24.pdf\">Passantrag f\u00fcr Vollj\u00e4hrige<\/a><\/li>\n<li><a href=\"https:\/\/consstoccarda.esteri.it\/wp-content\/uploads\/2025\/06\/Domanda-per-rilascio-del-passaporto-a-minorenne_giugno_2025.pdf\">Passantrag f\u00fcr Minderj\u00e4hrige<\/a><\/li>\n<li><a href=\"https:\/\/consstoccarda.esteri.it\/wp-content\/uploads\/2025\/11\/Info-Pass-minori-12-anni-DE-002.pdf\">Infoblatt Passantrag per Post f\u00fcr Minderj\u00e4hrige unter 12 Jahren<\/a><\/li>\n<li><a href=\"https:\/\/consstoccarda.esteri.it\/wp-content\/uploads\/2025\/11\/Info-Pass-posta-impedimenti-fisici-DE-002.pdf\">Infoblatt Passantrag per Post bei <u>DAUERHAFTER<\/u> Verhinderung (z.B. schwere Krankheit)<\/a><\/li>\n<li><a href=\"https:\/\/consstoccarda.esteri.it\/wp-content\/uploads\/2023\/05\/autentica_foto_minore.pass_.cie_.pdf\">Formular f\u00fcr die Beglaubigung des Passbildes<\/a><\/li>\n<li><a href=\"https:\/\/consstoccarda.esteri.it\/wp-content\/uploads\/2023\/05\/dichiarazione-accomp.-minori.pdf\">Antragsformular f\u00fcr Reisen italienischer Minderj\u00e4hriger ohne Erziehungsberechtigten<\/a><\/li>\n<\/ol>\n","protected":false},"excerpt":{"rendered":"Passantrag f\u00fcr Vollj\u00e4hrige Passantrag f\u00fcr Minderj\u00e4hrige Infoblatt Passantrag per Post f\u00fcr Minderj\u00e4hrige unter 12 Jahren Infoblatt Passantrag per Post bei DAUERHAFTER Verhinderung (z.B. schwere Krankheit) Formular f\u00fcr die Beglaubigung des Passbildes Antragsformular f\u00fcr Reisen italienischer Minderj\u00e4hriger ohne Erziehungsberechtigten","protected":false},"author":6,"featured_media":0,"parent":1590,"menu_order":0,"comment_status":"closed","ping_status":"closed","template":"","meta":{"footnotes":""},"class_list":["post-1682","page","type-page","status-publish","hentry"],"_links":{"self":[{"href":"https:\/\/consstoccarda.esteri.it\/de\/wp-json\/wp\/v2\/pages\/1682","targetHints":{"allow":["GET"]}}],"collection":[{"href":"https:\/\/consstoccarda.esteri.it\/de\/wp-json\/wp\/v2\/pages"}],"about":[{"href":"https:\/\/consstoccarda.esteri.it\/de\/wp-json\/wp\/v2\/types\/page"}],"author":[{"embeddable":true,"href":"https:\/\/consstoccarda.esteri.it\/de\/wp-json\/wp\/v2\/users\/6"}],"replies":[{"embeddable":true,"href":"https:\/\/consstoccarda.esteri.it\/de\/wp-json\/wp\/v2\/comments?post=1682"}],"version-history":[{"count":6,"href":"https:\/\/consstoccarda.esteri.it\/de\/wp-json\/wp\/v2\/pages\/1682\/revisions"}],"predecessor-version":[{"id":6657,"href":"https:\/\/consstoccarda.esteri.it\/de\/wp-json\/wp\/v2\/pages\/1682\/revisions\/6657"}],"up":[{"embeddable":true,"href":"https:\/\/consstoccarda.esteri.it\/de\/wp-json\/wp\/v2\/pages\/1590"}],"wp:attachment":[{"href":"https:\/\/consstoccarda.esteri.it\/de\/wp-json\/wp\/v2\/media?parent=1682"}],"curies":[{"name":"wp","href":"https:\/\/api.w.org\/{rel}","templated":true}]}}