{"id":1690,"date":"2023-05-24T12:47:05","date_gmt":"2023-05-24T10:47:05","guid":{"rendered":"https:\/\/consstoccarda.esteri.it\/servizi-consolari-e-visti\/servizi-per-il-cittadino-italiano\/carta-didentita-elettronica\/"},"modified":"2026-04-23T17:22:02","modified_gmt":"2026-04-23T15:22:02","slug":"carta-didentita-elettronica","status":"publish","type":"page","link":"https:\/\/consstoccarda.esteri.it\/de\/servizi-consolari-e-visti\/servizi-per-il-cittadino-italiano\/carta-didentita-elettronica\/","title":{"rendered":"Elektronischer Personalausweis"},"content":{"rendered":"<div class=\"container\">\n<div id=\"main\" role=\"main\">\n<div class=\"row\" style=\"text-align: center;\">\n<article role=\"main\" aria-label=\"articolo\">\n<p style=\"text-align: left;\"><strong>Terminbuchung f\u00fcr Reisepass und Personalausweis (CIE) \u00fcber das Portal <\/strong><a href=\"https:\/\/prenotami.esteri.it\/\"><strong>Prenot@mi<\/strong><\/a><\/p>\n<p style=\"text-align: left;\"><strong>Ben\u00f6tigst Du einen Termin zur Ausstellung des Personalausweises?<\/strong><\/p>\n<p style=\"text-align: left;\">Hier klicken f\u00fcr das Portal <a href=\"https:\/\/prenotami.esteri.it\/\"><strong>Prenot@mi<\/strong><\/a><\/p>\n<p style=\"text-align: left;\"><img loading=\"lazy\" decoding=\"async\" class=\"alignnone size-medium wp-image-5548 img-fluid\" src=\"https:\/\/consstoccarda.esteri.it\/wp-content\/uploads\/2025\/11\/Immagine1-300x192.jpg\" alt=\"\" width=\"300\" height=\"192\" srcset=\"https:\/\/consstoccarda.esteri.it\/wp-content\/uploads\/2025\/11\/Immagine1-300x192.jpg 300w, https:\/\/consstoccarda.esteri.it\/wp-content\/uploads\/2025\/11\/Immagine1.jpg 538w\" sizes=\"auto, (max-width: 300px) 100vw, 300px\" \/><\/p>\n<p style=\"text-align: left;\">Aktuell stehen t\u00e4glich neue Termine f\u00fcr REISEPASS und PERSONALAUSWEIS zur Verf\u00fcgung. An jedem Arbeitstag werden um 18:00 Uhr neue Termine f\u00fcr den gleichen Tag der n\u00e4chsten Woche freigeschaltet.<\/p>\n<p style=\"text-align: left;\"><strong>Wer kann einen elektronischen Personalausweis beantragen?<\/strong><\/p>\n<p style=\"text-align: left;\">Das Generalkonsulat Stuttgart kann den elektronischen Personalausweis <strong>ausschlie\u00dflich<\/strong> f\u00fcr italienische Mitb\u00fcrger ausstellen, die regul\u00e4r <strong>in diesem<\/strong> <strong>Konsularbezirk wohnhaft<\/strong> und bereits <strong>mit korrekten pers\u00f6nlichen<\/strong> <strong>Daten im <\/strong><strong>A.I.R.E. <\/strong><strong>Register<\/strong> (Melderegister der im Ausland lebenden italienischen Mitb\u00fcrger) des Innenministeriums eingetragen sind.<\/p>\n<p style=\"text-align: left;\"><strong>Wer nicht im <\/strong><strong>A.I.R.E. <\/strong><strong>eingetragen ist, muss zun\u00e4chst die Registrierung \u00fcber das online Portal<\/strong> <a href=\"https:\/\/serviziconsolarionline.esteri.it\/ScoFE\/index.sco\"><strong>FAST-IT<\/strong><\/a>\u00a0<strong>beantragen<\/strong> und die Best\u00e4tigung der zust\u00e4ndigen italienischen B\u00fcrgergemeinde abwarten, bevor der Personalausweis beantragt werden kann.<\/p>\n<p style=\"text-align: left;\"><strong>Seit dem 01. Oktober 2020 stellt das Italienische Generalkonsulat Stuttgart elektronische Personalausweise \u2013 CIE im Scheckkartenformat aus. <\/strong><\/p>\n<p style=\"text-align: left;\"><strong>ACHTUNG! Personalausweise im Papierformat verlieren ihre G\u00fcltigkeit<\/strong>, unabh\u00e4ngig vom aufgedruckten Ablaufdatum, <strong>zum 03.08.2026<\/strong>, aufgrund des Europ\u00e4ischen Verordnung Nr. 1157\/2019 und k\u00f6nnen nicht mehr zur Ausreise genutzt werden.<\/p>\n<p style=\"text-align: left;\">Mitb\u00fcrger, die noch den Papierausweis besitzen, werden gebeten schnellstens einen Onlinetermin \u00fcber das Portal <a href=\"https:\/\/prenotami.esteri.it\/\"><strong>Prenot@mi<\/strong><\/a> zu buchen zur Ausstellung des elektronischen Personalausweises CIE.<\/p>\n<p style=\"text-align: left;\">&#8212;&#8212;&#8212;&#8212;&#8212;&#8212;&#8212;&#8212;&#8212;&#8212;&#8212;&#8212;&#8212;&#8212;&#8212;&#8212;&#8212;&#8212;&#8212;&#8212;&#8212;&#8212;&#8212;&#8212;&#8212;&#8212;&#8212;&#8212;&#8212;&#8212;&#8212;&#8212;&#8212;&#8212;&#8212;&#8212;&#8212;&#8212;&#8212;&#8212;&#8212;&#8212;&#8212;&#8212;-<\/p>\n<p style=\"text-align: left;\"><strong>H\u00c4UFIGE FRAGEN<\/strong><\/p>\n<ol style=\"text-align: left;\">\n<li><strong>Welche Unterlagen m\u00fcssen zum Termin f\u00fcr den Personalausweis mitgebracht werden?<\/strong><\/li>\n<\/ol>\n<p style=\"text-align: left;\">Vollj\u00e4hrige Antragsteller ben\u00f6tigen KEIN Antragsformular zur Personalausweisausstellung.<\/p>\n<p style=\"text-align: left;\">Zum Termin sind folgende Unterlagen vorzulegen:<\/p>\n<ul style=\"text-align: left;\">\n<li>Eventuell vorhandener <strong>Personalausweis<\/strong>, oder alternativ anderes Ausweisdokument;<\/li>\n<li>1 aktuelles biometrisches Passbild (KEIN QR- Code) mit wei\u00dfem Hintergrund (nicht \u00e4lter als 6 Monate;<\/li>\n<li>Bargeld oder EC-Karte f\u00fcr die Zahlung<\/li>\n<\/ul>\n<p style=\"text-align: left;\">Die Kosten f\u00fcr den elektronischen Personalausweis CIE betragen:<\/p>\n<ul style=\"text-align: left;\">\n<li>\u20ac 21,95 bei Erstausstellung oder Erneuerung;<\/li>\n<li>\u20ac 27,11 nur f\u00fcr Duplikat (Verlust oder Diebstahl)<\/li>\n<\/ul>\n<p style=\"text-align: left;\">Falls dem Generalkonsulat eine eventuelle neue Anschrift NICHT mitgeteilt wurde, muss eine Meldebest\u00e4tigung vorgelegt werden.<\/p>\n<ol style=\"text-align: left;\" start=\"2\">\n<li><strong>Welche Unterlagen sind f\u00fcr den Personalausweisantrag meines minderj\u00e4hrigen Kindes vorzulegen? <\/strong><\/li>\n<\/ol>\n<p style=\"text-align: left;\"><strong>Minderj\u00e4hrige unter 12 Jahren<\/strong><\/p>\n<p style=\"text-align: left;\">Der elektronische Personalausweis CIE kann f\u00fcr <strong>Minderj\u00e4hrige unter 12 Jahren<\/strong> per Post und ohne Terminbuchung beantragt werden kann, unter Beachtung der <strong><a href=\"https:\/\/consstoccarda.esteri.it\/wp-content\/uploads\/2026\/04\/InfoBlatt_CIE_Minorenni-04_2026-DE-1.pdf\">Info <\/a>per Post<\/strong><\/p>\n<p style=\"text-align: left;\"><span style=\"text-decoration: underline;\"><strong>Minderj\u00e4hrige ab 12 Jahren<\/strong><\/span><\/p>\n<p style=\"text-align: left;\">Minderj\u00e4hrige ab 12 Jahren m\u00fcssen <strong>pers\u00f6nlich<\/strong>, begleitet von <strong>wenigstens einem Elternteil \/ Erziehungsberechtigten<\/strong>, mit folgenden Unterlagen zum Termin erscheinen:<\/p>\n<ul style=\"text-align: left;\">\n<li><a href=\"https:\/\/consstoccarda.esteri.it\/wp-content\/uploads\/2026\/04\/Formulario-assenso-minori-CIE-04_2026.pdf\"><strong>Antragsformular f\u00fcr Minderj\u00e4hrige<\/strong><\/a> (formell eine Einwilligungserkl\u00e4rung) unterzeichnet von beiden Eltern \/ Erziehungsberechtigten. <strong>Nicht-EU Mitb\u00fcrger m\u00fcssen die Unterschrift amtlich beglaubigen lassen<\/strong> (Rathaus, Polizei oder Notar) oder m\u00fcssen pers\u00f6nlich zum Termin <strong>mit g\u00fcltigem Reisepass<\/strong> (nicht Aufenthaltstitel) vorsprechen<\/li>\n<li>Eventuell vorhandener <strong>Personalausweis des Minderj\u00e4hrigen<\/strong>, oder alternativ anderes Ausweisdokument, oder von lokalen Beh\u00f6rden beglaubigtes Passbild<\/li>\n<li>1 aktuelles biometrisches Passbild (KEIN QR- Code) mit hellem Hintergrund (nicht \u00e4lter als 6 Monate);<\/li>\n<li><strong>g\u00fcltige Ausweisdokumente <\/strong>der Eltern\/ Erziehungsberechtigten (nur f\u00fcr nicht anwesende EU-B\u00fcrger in Kopie)<\/li>\n<\/ul>\n<p style=\"text-align: left;\"><strong>Minderj\u00e4hrige bis 14 Jahren<\/strong> k\u00f6nnen nur in Begleitung <strong>wenigstens<\/strong> <strong>eines Elternteils \/ Erziehungsberechtigten<\/strong> verreisen, der<strong> im Ausweis des Minderj\u00e4hrigen eingetragen<\/strong> ist. Alternativ kann f\u00fcr die Begleitperson(en) oder Reisegesellschaft eine \u201eBescheinigung f\u00fcr Reisen Minderj\u00e4hriger ohne Erziehungsberechtigten\u201c beantragt werden. Diese Bescheinigung kann direkt am Schalter der Passabteilung beantragt werden, <strong>ausschlie\u00dflich<\/strong> <strong>nach<\/strong> <strong>vorheriger Zusendung der kompletten Unterlagen<\/strong> per E-Mail an: <strong>consgenstoccarda.cie@esteri.it<\/strong><\/p>\n<ol style=\"text-align: left;\" start=\"3\">\n<li><strong>Welche Unterlagen m\u00fcssen bei Verlust oder Diebstahl meines Ausweisdokuments vorgelegt werden.<\/strong><\/li>\n<\/ol>\n<p style=\"text-align: left;\">Falls wegen <strong>Verlust oder Diebstahl<\/strong> kein Ausweisdokument vorhanden ist, muss eine Verlust- bzw. Diebstahlsanzeige der \u00f6rtlichen Beh\u00f6rden (Polizei oder Fundb\u00fcro) vorgelegt werden.<\/p>\n<p style=\"text-align: left;\">Diese kann alternativ online bei der <strong><a href=\"https:\/\/www.polizei-bw.de\/onlinewache\/\">Onlinewache<\/a><\/strong> gestellt werden und wird einige Tage sp\u00e4ter dem Antragsteller per Post zugestellt.<\/p>\n<ol style=\"text-align: left;\" start=\"4\">\n<li><strong>Wie wird der elektronische Personalausweis zugestellt?<\/strong><\/li>\n<\/ol>\n<p style=\"text-align: left;\">Der elektronische Personalausweis wird vom Ministerium f\u00fcr Internes (Ministero dell\u2019Interno) ausgestellt und in der Staatsdruckerei (Istituto Poligrafico e Zecca dello Stato) gedruckt, welches den Ausweis per Einschreiben an die die Wohnanschrift des Antragstellers sendet. Bis auf wenige Ausnahmen sollte der Personalausweis <strong>innerhalb 15 Tagen<\/strong> nach dem Termin per Post eintreffen. (Die Sendung kann mittels der am Termin erhaltenen Sendungsnummer verfolgt werden.<\/p>\n<p style=\"text-align: left;\">Falls die Sendung nicht zugestellt werden kann und w\u00e4hrend der Aufbewahrungsfrist keine Abholung erfolgt, wird die Sendung an das Generalkonsulat zur\u00fcckgeleitet. Das dauert in der Regel etwa 4 Wochen.<\/p>\n<ol style=\"text-align: left;\" start=\"5\">\n<li><strong>Kann ein Termin f\u00fcr andere Personen gebucht werden?<\/strong><\/li>\n<\/ol>\n<p style=\"text-align: left;\">Ja, es besteht die M\u00f6glichkeit mit dem eigenen Account einen Termin f\u00fcr andere Personen zu buchen. Hierzu muss bei \u201eArt der Terminbuchung\u201c die Option gew\u00e4hlt werden: \u201eReservierung f\u00fcr andere Personen\u201c Danach sind die Daten der anderen Person einzutragen.<\/p>\n<ol style=\"text-align: left;\" start=\"6\">\n<li><strong>K\u00f6nnen mehrere Termine am gleichen Tag gebucht werden?<\/strong><\/li>\n<\/ol>\n<p style=\"text-align: left;\">Ja, es k\u00f6nnen zus\u00e4tzliche Antragsteller eingetragen werden. Falls der Accountinhaber <strong>auch<\/strong> einen Termin ben\u00f6tigt, w\u00e4hlen Sie die Option \u201eTerminbuchung mit Begleitperson\u201c und anschlie\u00dfend die Anzahl der <strong>zus\u00e4tzlichen<\/strong> Antragsteller. F\u00fcllen Sie danach mit den pers\u00f6nlichen Daten der Antragsteller aus.<\/p>\n<p style=\"text-align: left;\">Sollte der Accountinhaber <strong>keinen<\/strong> Termin ben\u00f6tigen, w\u00e4hlen Sie \u201eReservierung f\u00fcr andere Personen\u201c und anschlie\u00dfend die Anzahl der <strong>anderen<\/strong> Antragsteller.<\/p>\n<ol style=\"text-align: left;\" start=\"7\">\n<li><strong>Nachgewiesene Verhinderung, das Generalkonsulat pers\u00f6nlich aufzusuchen.<\/strong><\/li>\n<\/ol>\n<p style=\"text-align: left;\">Nur in Ausnahmef\u00e4llen und bei belegbarer dauerhafter Verhinderung (Z.B. schwere Krankheit, lange Inhaftierung) kann der Personalausweis per Post beantragt werden und wird dann auch postalisch zugesendet. Der Personalausweis wird ohne Fingerabdr\u00fccke ausgestellt. In diesem Fall bitte das <a href=\"https:\/\/consstoccarda.esteri.it\/wp-content\/uploads\/2026\/04\/DOMANDA-CIE-impedimento-psicofisico-permanente1-1.pdf\"><u>entsprechende Formular<\/u><\/a> ausf\u00fcllen und genau die diesbez\u00fcglichen <a href=\"https:\/\/consstoccarda.esteri.it\/wp-content\/uploads\/2026\/04\/InfoBlatt_CIE_Disabili-04_2026-DE.pdf\"><u>Infos<\/u><\/a> befolgen.<\/p>\n<p style=\"text-align: left;\">F\u00fcr weitere Informationen bitte an folgende E-Mail-Adresse wenden: <strong>consgenstoccarda.cie@esteri.it<\/strong><\/p>\n<ol style=\"text-align: left;\" start=\"8\">\n<li><strong>Wie verl\u00e4uft der Termin?<\/strong><\/li>\n<\/ol>\n<p style=\"text-align: left;\">Am Termin nimmt der\/die Sachbearbeiter\/in die angeforderten Unterlagen entgegen, f\u00fchrt die Identifikation durch und kontrolliert die Aktualit\u00e4t des Fotos sowie der pers\u00f6nlichen Daten. Anschlie\u00dfend werden Fingerabdr\u00fccke und Unterschrift\/en eingescannt. (Dieser Schritt entf\u00e4llt f\u00fcr Minderj\u00e4hrige unter 12 Jahren).<\/p>\n<ol style=\"text-align: left;\" start=\"9\">\n<li><strong>Wie lange ist der Personalausweis g\u00fcltig?<\/strong><\/li>\n<\/ol>\n<p style=\"text-align: left;\">Die G\u00fcltigkeit h\u00e4ngt vom Alter des Inhabers am Tag der Ausstellung ab:<\/p>\n<ul style=\"text-align: left;\">\n<li><strong>3 Jahre<\/strong> ab Ausstellungsdatum f\u00fcr Minderj\u00e4hrige unter 3 Jahren<\/li>\n<li><strong>5 Jahre<\/strong> ab Ausstellungsdatum f\u00fcr Minderj\u00e4hrige von 3 Jahren bis zur Vollj\u00e4hrigkeit<\/li>\n<li><strong>9 Jahre<\/strong> plus die Tage bis zum n\u00e4chsten Geburtstag f\u00fcr Vollj\u00e4hrige<\/li>\n<\/ul>\n<ol style=\"text-align: left;\" start=\"10\">\n<li><strong>Kann f\u00fcr verheiratete Frauen der Nachname des Ehegatten eingetragen werden?<\/strong><\/li>\n<\/ol>\n<p style=\"text-align: left;\">Nein, das ist leider nicht m\u00f6glich.<\/p>\n<p style=\"text-align: left;\"><strong>Wichtig:<\/strong> f\u00fcr die korrekte Zustellung muss der <strong>Geburtsname<\/strong> am Briefkasten und der Klingel vorhanden sein.<\/p>\n<ol style=\"text-align: left;\" start=\"11\">\n<li><strong>Welche L\u00e4nder erlauben die Einreise mit dem Personalausweis?<\/strong><\/li>\n<\/ol>\n<p style=\"text-align: left;\">Der Personalausweis erm\u00f6glicht die Einreise in alle L\u00e4nder des \u201eSchengen-Raums\u201c<\/p>\n<p style=\"text-align: left;\">Aktuell ist die Einreise in folgende L\u00e4nder m\u00f6glich:<\/p>\n<p style=\"text-align: left;\">Albanien, \u00c4gypten (nur organisierte Reisen), Belgien, Bosnien-Herzegowina, Bulgarien, D\u00e4nemark, Deutschland, Estland, Finnland, Frankreich, Irland, Island, Italien, Lettland, Liechtenstein, Litauen, Luxemburg, Kroatien, Makedonien, Malta, Montenegro, Niederlande, Norwegen, \u00d6sterreich, Polen, Portugal, Rum\u00e4nien, Schweden, Schweiz, Slowakei, Slowenien, Spanien, Tschechen, Tunesien (nur organisierte Reisen), T\u00fcrkei (nur organisierte Reisen), Ungarn, Zypern<\/p>\n<p style=\"text-align: left;\">F\u00fcr aktuelle Informationen sollte in jedem Fall das Portal des Italienischen Au\u00dfenministeriums \u00a0<strong><a href=\"http:\/\/www.viaggiaresicuri.it\/\">Viaggiare Sicuri<\/a><\/strong> und die Webseiten der jeweiligen Konsularischen Vertretungen des Reiseziels eingesehen werden.<\/p>\n<ol style=\"text-align: left;\" start=\"12\">\n<li><strong>Welche digitalen Funktionen erm\u00f6glicht der elektronische Personalausweis?<\/strong><\/li>\n<\/ol>\n<p style=\"text-align: left;\">F\u00fcr Infos zu den die digitalen Funktionen besuchen Sie bitte das Portal des Italienischen Innenministeriums: <strong><a href=\"https:\/\/www.cartaidentita.interno.gov.it\/cittadini\/software-cie\/\">https:\/\/www.cartaidentita.interno.gov.it\/cittadini\/software-cie\/<\/a><\/strong><\/p>\n<ol style=\"text-align: left;\" start=\"13\">\n<li><strong>Bei Verlust der Codes PIN und PUK<\/strong><\/li>\n<\/ol>\n<p style=\"text-align: left;\">F\u00fcr den <span style=\"text-decoration: underline;\">ersten Teil<\/span> der Codes PIN und PUK (ausgeh\u00e4ndigt bei Ausstellung der CIE) senden Sie bitte eine E-Mail an: <strong>consgenstoccarda.cie@esteri.it<\/strong><\/p>\n<p style=\"text-align: left;\">F\u00fcr die erneute\u00a0Anforderung der <span style=\"text-decoration: underline;\">zweiten H\u00e4lfte<\/span> Ihrer PIN- und PUK-Nummer wenden Sie sich bitte an folgende E-Mail-Adresse: informazioni@email.ipzs.it oder rufen Sie unter folgender Hotline an:\u00a0800.86.40.35<\/p>\n<\/article>\n<\/div>\n<\/div>\n<\/div>\n","protected":false},"excerpt":{"rendered":"Terminbuchung f\u00fcr Reisepass und Personalausweis (CIE) \u00fcber das Portal Prenot@mi Ben\u00f6tigst Du einen Termin zur Ausstellung des Personalausweises? Hier klicken f\u00fcr das Portal Prenot@mi Aktuell stehen t\u00e4glich neue Termine f\u00fcr REISEPASS und PERSONALAUSWEIS zur Verf\u00fcgung. An jedem Arbeitstag werden um 18:00 Uhr neue Termine f\u00fcr den gleichen Tag der n\u00e4chsten Woche freigeschaltet. Wer kann einen [&hellip;]","protected":false},"author":6,"featured_media":0,"parent":128,"menu_order":0,"comment_status":"closed","ping_status":"closed","template":"","meta":{"footnotes":""},"class_list":["post-1690","page","type-page","status-publish","hentry"],"_links":{"self":[{"href":"https:\/\/consstoccarda.esteri.it\/de\/wp-json\/wp\/v2\/pages\/1690","targetHints":{"allow":["GET"]}}],"collection":[{"href":"https:\/\/consstoccarda.esteri.it\/de\/wp-json\/wp\/v2\/pages"}],"about":[{"href":"https:\/\/consstoccarda.esteri.it\/de\/wp-json\/wp\/v2\/types\/page"}],"author":[{"embeddable":true,"href":"https:\/\/consstoccarda.esteri.it\/de\/wp-json\/wp\/v2\/users\/6"}],"replies":[{"embeddable":true,"href":"https:\/\/consstoccarda.esteri.it\/de\/wp-json\/wp\/v2\/comments?post=1690"}],"version-history":[{"count":6,"href":"https:\/\/consstoccarda.esteri.it\/de\/wp-json\/wp\/v2\/pages\/1690\/revisions"}],"predecessor-version":[{"id":7769,"href":"https:\/\/consstoccarda.esteri.it\/de\/wp-json\/wp\/v2\/pages\/1690\/revisions\/7769"}],"up":[{"embeddable":true,"href":"https:\/\/consstoccarda.esteri.it\/de\/wp-json\/wp\/v2\/pages\/128"}],"wp:attachment":[{"href":"https:\/\/consstoccarda.esteri.it\/de\/wp-json\/wp\/v2\/media?parent=1690"}],"curies":[{"name":"wp","href":"https:\/\/api.w.org\/{rel}","templated":true}]}}