{"id":1696,"date":"2023-06-01T14:33:10","date_gmt":"2023-06-01T12:33:10","guid":{"rendered":"https:\/\/consstoccarda.esteri.it\/servizi-consolari-e-visti\/servizi-per-il-cittadino-italiano\/informazioni-sintetiche-per-chi-cerca-lavoro-in-germania\/"},"modified":"2023-06-08T12:28:48","modified_gmt":"2023-06-08T10:28:48","slug":"informazioni-sintetiche-per-chi-cerca-lavoro-in-germania","status":"publish","type":"page","link":"https:\/\/consstoccarda.esteri.it\/de\/servizi-consolari-e-visti\/servizi-per-il-cittadino-italiano\/informazioni-sintetiche-per-chi-cerca-lavoro-in-germania\/","title":{"rendered":"Informazioni sintetiche per chi cerca lavoro in Germania"},"content":{"rendered":"<p><strong>Informazioni sintetiche per chi cerca lavoro in Germania<\/strong><\/p>\n<p>Informazioni generali sulla Germania:<br \/>\n<a href=\"http:\/\/www.rom.diplo.de\/Vertretung\/rom\/it\/01\/Willkommen.html\">http:\/\/www.rom.diplo.de\/Vertretung\/rom\/it\/01\/Willkommen.html<\/a><br \/>\n(fonte: Ambasciata Tedesca a Roma)<\/p>\n<p align=\"left\"><a href=\"http:\/\/www.make-it-in-germany.it\">http:\/\/www.make-it-in-germany.it\u00a0<\/a>(versione italiana)<a href=\"http:\/\/www.make-it-in-germany.com\/en\/leben\/ratgeber-leben-in-deutschland\/wohnen\/\"><br \/>\n<\/a>(fonte: Ministero tedesco del Lavoro)<\/p>\n<p align=\"justify\"><strong>Ingresso e soggiorno nel Paese:<\/strong><\/p>\n<p align=\"justify\">I cittadini italiani possono soggiornare liberamente in Germania se muniti di un documento di identit\u00e0 personale in corso di validit\u00e0 (passaporto o carta d\u2019identit\u00e0). Chi voglia soggiornare per periodi superiori ai tre mesi \u00e8 tenuto, entro 2 settimane dall\u2019arrivo, a dichiarare il proprio domicilio presso l\u2019Ufficio Anagrafe del Comune tedesco prescelto (cd.\u00a0Anmeldung).<\/p>\n<p align=\"justify\">Ricerca di lavoro:<\/p>\n<p align=\"justify\">Il mercato del lavoro tedesco varia molto a seconda dell\u2019area geografica e del tipo di settore di impiego. Soprattutto le zone meridionali e occidentali del Paese offrono buone possibilit\u00e0 di impiego. Ciononostante si consiglia di reperire un potenziale datore di lavoro prima di lasciare l\u2019Italia.<\/p>\n<p align=\"justify\">Nella ricerca l\u2019interessato potr\u00e0 avvalersi dei seguenti link:<\/p>\n<p align=\"justify\">Bundesangentur f\u00fcr Arbeit \u2013\u00a0Agenzia Federale per l&#8217;impiego<br \/>\n<a href=\"http:\/\/www.arbeitsagentur.de\/web\/content\/EN\/index.htm\">http:\/\/www.arbeitsagentur.de\/web\/content\/EN\/index.htm<\/a><br \/>\n(versione inglese)<\/p>\n<p align=\"left\">Jobb\u00f6rse \u2013\u00a0Offerte di lavoro in Germania<br \/>\n<a href=\"http:\/\/jobboerse.arbeitsagentur.de\/vamJB\/startseite.html?kgr=as&amp;aa=1&amp;m=1&amp;vorschlagsfunktionaktiv=true\">http:\/\/jobboerse.arbeitsagentur.de\/vamJB\/startseite.html?kgr=as&amp;aa=1&amp;m=1&amp;vorschlagsfunktionaktiv=true<\/a><\/p>\n<p align=\"justify\"><strong>EURES<\/strong><\/p>\n<p>(European Employment Services &#8211; Servizi europei per l\u2019impiego)<br \/>\n<a href=\"http:\/\/ec.europa.eu\/eures\/home.jsp?lang=it\">http:\/\/ec.europa.eu\/eures\/home.jsp?lang=it<\/a><\/p>\n<p>Sostiene la mobilit\u00e0 nel mercato europeo del lavoro fornendo servizi di informazione, consulenza e mediazione a lavoratori e datori di lavoro. EURES \u00e8 una rete di cooperazione di cui fanno parte la Commissione Europea nonch\u00e9 le amministrazioni pubbliche del settore dell\u2019impiego dei Paesi dell\u2019Unione Europea (UE), dell\u2019Area Economica Europea (EEA) e della Svizzera. I consulenti EURES presso le amministrazioni pubbliche nazionali del settore dell\u2019impiego informano sulle opportunit\u00e0 di collocamento e sulle condizioni di vita e di lavoro in Germania.<\/p>\n<p align=\"justify\"><strong>Alma Laurea<\/strong><\/p>\n<p>(Iniziativa dell\u2019Universit\u00e0 di Bologna in collaborazione con il MIUR)\u00a0<a href=\"http:\/\/www.almalaurea.it\/informa\/news\/primo-piano\/aziende-tedesche-caccia-talenti.shtml-0\">http:\/\/www.almalaurea.it\/informa\/news\/primo-piano\/aziende-tedesche-caccia-talenti.shtml-0<\/a><\/p>\n<p>Aziende e studi professionali di tutto il mondo consultano quotidianamente la banca dati AlmaLaurea, anche in inglese, alla ricerca di laureati da assumere. Un curriculum aggiornato \u00e8 il primo passo per entrare pi\u00f9 rapidamente e con successo nel mondo del lavoro, per cui \u00e8 consigliabile crearvi un proprio profilo e aggiornare periodicamente il proprio curriculum vitae con le nuove esperienze di studio e di lavoro.<br \/>\n<a href=\"http:\/\/www.almalaurea.it\/lau\/\">http:\/\/www.almalaurea.it\/lau\/<\/a><\/p>\n<p>Rappresentanze consolari italiane in Germania:\u00a0<a href=\"http:\/\/www.ambberlino.esteri.it\/Ambasciata_Berlino\/Menu\/Ambasciata\/La_rete_consolare\/\">http:\/\/www.ambberlino.esteri.it\/Ambasciata_Berlino\/Menu\/Ambasciata\/La_rete_consolare\/<\/a><\/p>\n<p><span lang=\"IT\"><br \/>\n<strong>Per quanto riguarda il Baden-W\u00fcrttemberg si consiglia di consultare:<\/strong><\/span><\/p>\n<ul type=\"disc\">\n<li><span lang=\"IT\">i Welcome Center \u201ccentri di accoglienza\u201d che forniscono assistenza per rispondere alle domande sulla formazione professionale e sul mondo del lavoro.<br \/>\n<\/span><span lang=\"IT\"><a href=\"https:\/\/welcome.region-stuttgart.de\">https:\/\/welcome.region-stuttgart.de<\/a><\/span><a href=\"http:\/\/welcome-center-sozialwirtschaft-bw.de\/\">http:\/\/welcome-center-sozialwirtschaft-bw.de\/<\/a><\/li>\n<li><span lang=\"IT\">il CET \u2013 Center for European Trainees che ha come obiettivo l\u2019internazionalizzazione dell formazione professionale dei giovani in Europa.<\/span><span lang=\"IT\"><br \/>\n<\/span><span lang=\"IT\"><a href=\"http:\/\/www.biwe.de\/center_for_european_trainees.html\">www.biwe.de\/center_for_european_trainees.html<\/a><br \/>\n<\/span><\/li>\n<li><span lang=\"IT\">il BIZ \u201cBerufsinformazionszentrum\u201d centro di consulenza per la formazione e il mercato del lavoro<\/span><span lang=\"IT\"><br \/>\n<a href=\"http:\/\/www.arbeitsagentur.de\">www.arbeitsagentur.de<\/a><br \/>\n<\/span><span lang=\"IT\"><br \/>\n<\/span><\/li>\n<li><span lang=\"IT\">IL IB \u201cInternationaler Bund\u201d associazione riconosciuta e non a scopo di lucro che offre consulenza e assistenza in materia di formazione professionale, corsi di lingua, lavoro<\/span><span lang=\"IT\"><br \/>\n<\/span><span lang=\"IT\"><a href=\"http:\/\/www.internationaler-bund.de\/\">www.internationaler-bund.de<\/a><\/span><\/li>\n<\/ul>\n","protected":false},"excerpt":{"rendered":"Informazioni sintetiche per chi cerca lavoro in Germania Informazioni generali sulla Germania: http:\/\/www.rom.diplo.de\/Vertretung\/rom\/it\/01\/Willkommen.html (fonte: Ambasciata Tedesca a Roma) http:\/\/www.make-it-in-germany.it\u00a0(versione italiana) (fonte: Ministero tedesco del Lavoro) Ingresso e soggiorno nel Paese: I cittadini italiani possono soggiornare liberamente in Germania se muniti di un documento di identit\u00e0 personale in corso di validit\u00e0 (passaporto o carta d\u2019identit\u00e0). Chi [&hellip;]","protected":false},"author":4,"featured_media":0,"parent":128,"menu_order":0,"comment_status":"closed","ping_status":"closed","template":"","meta":{"footnotes":""},"class_list":["post-1696","page","type-page","status-publish","hentry"],"_links":{"self":[{"href":"https:\/\/consstoccarda.esteri.it\/de\/wp-json\/wp\/v2\/pages\/1696","targetHints":{"allow":["GET"]}}],"collection":[{"href":"https:\/\/consstoccarda.esteri.it\/de\/wp-json\/wp\/v2\/pages"}],"about":[{"href":"https:\/\/consstoccarda.esteri.it\/de\/wp-json\/wp\/v2\/types\/page"}],"author":[{"embeddable":true,"href":"https:\/\/consstoccarda.esteri.it\/de\/wp-json\/wp\/v2\/users\/4"}],"replies":[{"embeddable":true,"href":"https:\/\/consstoccarda.esteri.it\/de\/wp-json\/wp\/v2\/comments?post=1696"}],"version-history":[{"count":0,"href":"https:\/\/consstoccarda.esteri.it\/de\/wp-json\/wp\/v2\/pages\/1696\/revisions"}],"up":[{"embeddable":true,"href":"https:\/\/consstoccarda.esteri.it\/de\/wp-json\/wp\/v2\/pages\/128"}],"wp:attachment":[{"href":"https:\/\/consstoccarda.esteri.it\/de\/wp-json\/wp\/v2\/media?parent=1696"}],"curies":[{"name":"wp","href":"https:\/\/api.w.org\/{rel}","templated":true}]}}