{"id":239,"date":"2023-02-07T19:23:46","date_gmt":"2023-02-07T18:23:46","guid":{"rendered":"https:\/\/consstoccarda.esteri.it\/servizi-consolari-e-visti\/servizi-per-il-cittadino-italiano\/stato-civile\/"},"modified":"2026-04-23T17:58:17","modified_gmt":"2026-04-23T15:58:17","slug":"stato-civile","status":"publish","type":"page","link":"https:\/\/consstoccarda.esteri.it\/de\/servizi-consolari-e-visti\/servizi-per-il-cittadino-italiano\/stato-civile\/","title":{"rendered":"Standesamt"},"content":{"rendered":"<p>Der <strong>Personenstand<\/strong> (bzw. Standesamt) betrifft alle Ereignisse oder Willenserkl\u00e4rungen im Leben eines B\u00fcrgers wie: <strong>Geburt, Eheschlie\u00dfung, Scheidung<\/strong><strong> oder Todesfall<\/strong>. Italienische Staatsb\u00fcrgerInnen m\u00fcssen <strong>alle \u00c4nderungen des Personenstandes<\/strong> (Geburt, Eheschlie\u00dfung, Tod, Scheidung), die sich w\u00e4hrend des Aufenthalts im Ausland ereignen, bei den zust\u00e4ndigen italienischen Beh\u00f6rden melden (DPR 396\/2000).<\/p>\n<p>Weitere Informationen finden Sie unter folgenden Men\u00fcpunkten:<\/p>\n<ol>\n<li style=\"list-style-type: none;\">\n<ol>\n<li><a href=\"https:\/\/consstoccarda.esteri.it\/de\/servizi-consolari-e-visti\/servizi-per-il-cittadino-italiano\/stato-civile\/nascita\/\"><strong>Geburt<\/strong> (Eintragung der Urkunde)<\/a><\/li>\n<li><strong>Eheschlie\u00dfung<\/strong>\n<ol>\n<li><a href=\"https:\/\/consstoccarda.esteri.it\/de\/servizi-consolari-e-visti\/servizi-per-il-cittadino-italiano\/stato-civile\/matrimonio-da-celebrare-in-italia\/\">Eheschlie\u00dfung in Italien<\/a><\/li>\n<li><a href=\"https:\/\/consstoccarda.esteri.it\/de\/servizi-consolari-e-visti\/servizi-per-il-cittadino-italiano\/stato-civile\/eheschliesung-in-deutschland\/\">Eheschlie\u00dfung in Deutschland<\/a><\/li>\n<li><a href=\"https:\/\/consstoccarda.esteri.it\/de\/servizi-consolari-e-visti\/servizi-per-il-cittadino-italiano\/stato-civile\/matrimonio-da-celebrare-in-un-paese-terzo\/\">Eheschlie\u00dfung in einem Drittland<\/a><\/li>\n<li><a href=\"https:\/\/consstoccarda.esteri.it\/de\/servizi-consolari-e-visti\/servizi-per-il-cittadino-italiano\/stato-civile\/trascrizione-in-italia-del-matrimonio-avvenuto-allestero\/\">Registrierung einer Heiratsurkunde<\/a><\/li>\n<\/ol>\n<\/li>\n<li><a href=\"https:\/\/consstoccarda.esteri.it\/de\/servizi-consolari-e-visti\/servizi-per-il-cittadino-italiano\/stato-civile\/unioni-civilli\/\"><strong>Eingetragene Partnerschaft<\/strong><\/a> (gleichgeschlechtliche Ehe)<\/li>\n<li><a href=\"https:\/\/consstoccarda.esteri.it\/de\/servizi-consolari-e-visti\/servizi-per-il-cittadino-italiano\/stato-civile\/divorzio\/\"><strong>Scheidung<\/strong><\/a> (Eintragung der Urkunde)<\/li>\n<li><a href=\"https:\/\/consstoccarda.esteri.it\/de\/servizi-consolari-e-visti\/servizi-per-il-cittadino-italiano\/stato-civile\/convivenza-di-fatto\/\">Nichteheliche <strong>Lebensgemeinschaft<\/strong> (Convivenza di fatto)<\/a><\/li>\n<li><a href=\"https:\/\/consstoccarda.esteri.it\/de\/servizi-consolari-e-visti\/servizi-per-il-cittadino-italiano\/stato-civile\/decesso\/\"><strong>Todesfall<\/strong> (Eintragung der Urkunde)<\/a><\/li>\n<li><a href=\"https:\/\/consstoccarda.esteri.it\/de\/servizi-consolari-e-visti\/servizi-per-il-cittadino-italiano\/stato-civile\/cambiamento-di-nome-e-o-cognome\/\"><strong>\u00c4nderung des Vor- und Nachnamens<\/strong><\/a><\/li>\n<\/ol>\n<\/li>\n<\/ol>\n<div class=\"\" data-turn-id-container=\"request-WEB:d3913721-cc70-4d10-a264-877812576ce6-2\" data-is-intersecting=\"true\">\n<section class=\"text-token-text-primary w-full focus:outline-none [--shadow-height:45px] has-data-writing-block:pointer-events-none has-data-writing-block:-mt-(--shadow-height) has-data-writing-block:pt-(--shadow-height) [&amp;:has([data-writing-block])&gt;*]:pointer-events-auto R6Vx5W_threadScrollVars scroll-mb-[calc(var(--scroll-root-safe-area-inset-bottom,0px)+var(--thread-response-height))] scroll-mt-[calc(var(--header-height)+min(200px,max(70px,20svh)))]\" dir=\"auto\" data-turn-id=\"request-WEB:d3913721-cc70-4d10-a264-877812576ce6-2\" data-testid=\"conversation-turn-6\" data-scroll-anchor=\"false\" data-turn=\"assistant\">\n<div class=\"text-base my-auto mx-auto pb-10 [--thread-content-margin:var(--thread-content-margin-xs,calc(var(--spacing)*4))] @w-sm\/main:[--thread-content-margin:var(--thread-content-margin-sm,calc(var(--spacing)*6))] @w-lg\/main:[--thread-content-margin:var(--thread-content-margin-lg,calc(var(--spacing)*16))] px-(--thread-content-margin)\">\n<div class=\"[--thread-content-max-width:40rem] @w-lg\/main:[--thread-content-max-width:48rem] mx-auto max-w-(--thread-content-max-width) flex-1 group\/turn-messages focus-visible:outline-hidden relative flex w-full min-w-0 flex-col agent-turn\">\n<div class=\"flex max-w-full flex-col gap-4 grow\">\n<div class=\"min-h-8 text-message relative flex w-full flex-col items-end gap-2 text-start break-words whitespace-normal outline-none keyboard-focused:focus-ring [.text-message+&amp;]:mt-1\" dir=\"auto\" tabindex=\"0\" data-message-author-role=\"assistant\" data-message-id=\"3f8d6148-48c6-464d-b483-7d2ceeb56837\" data-message-model-slug=\"gpt-5-3\" data-turn-start-message=\"true\">\n<div class=\"flex w-full flex-col gap-1 empty:hidden\">\n<div class=\"markdown prose dark:prose-invert w-full wrap-break-word light markdown-new-styling\">\n<p data-start=\"0\" data-end=\"223\">Bitte beachten Sie, dass pers\u00f6nliche Termine f\u00fcr Dienstleistungen des Standesamts nur in <span style=\"text-decoration: underline;\">bestimmten<\/span> F\u00e4llen zwingend erforderlich sind, weil die Identifizierung der Antragstellenden unentbehrlich ist.<\/p>\n<p data-start=\"225\" data-end=\"382\">Antr\u00e4ge auf Eintragung (z. B. Geburt, Eheschlie\u00dfung, Scheidung) sind per Post einzureichen. S\u00e4mtliche Informationen entnehmen Sie der jeweilige Seite (siehe oben).<\/p>\n<p data-start=\"384\" data-end=\"550\" data-is-last-node=\"\" data-is-only-node=\"\">Die Erbringung der Dienstleistung kann nicht garantiert werden, wenn der Antragsteller einen Termin f\u00fcr eine andere Dienstleistung gebucht hat, als jene die tats\u00e4chlich in Anspruch genommen werden soll.<\/p>\n<\/div>\n<\/div>\n<\/div>\n<\/div>\n<\/div>\n<\/div>\n<\/section>\n<\/div>\n","protected":false},"excerpt":{"rendered":"Der Personenstand (bzw. Standesamt) betrifft alle Ereignisse oder Willenserkl\u00e4rungen im Leben eines B\u00fcrgers wie: Geburt, Eheschlie\u00dfung, Scheidung oder Todesfall. Italienische Staatsb\u00fcrgerInnen m\u00fcssen alle \u00c4nderungen des Personenstandes (Geburt, Eheschlie\u00dfung, Tod, Scheidung), die sich w\u00e4hrend des Aufenthalts im Ausland ereignen, bei den zust\u00e4ndigen italienischen Beh\u00f6rden melden (DPR 396\/2000). Weitere Informationen finden Sie unter folgenden Men\u00fcpunkten: Geburt (Eintragung [&hellip;]","protected":false},"author":3,"featured_media":0,"parent":128,"menu_order":6,"comment_status":"closed","ping_status":"closed","template":"","meta":{"footnotes":""},"class_list":["post-239","page","type-page","status-publish","hentry"],"_links":{"self":[{"href":"https:\/\/consstoccarda.esteri.it\/de\/wp-json\/wp\/v2\/pages\/239","targetHints":{"allow":["GET"]}}],"collection":[{"href":"https:\/\/consstoccarda.esteri.it\/de\/wp-json\/wp\/v2\/pages"}],"about":[{"href":"https:\/\/consstoccarda.esteri.it\/de\/wp-json\/wp\/v2\/types\/page"}],"author":[{"embeddable":true,"href":"https:\/\/consstoccarda.esteri.it\/de\/wp-json\/wp\/v2\/users\/3"}],"replies":[{"embeddable":true,"href":"https:\/\/consstoccarda.esteri.it\/de\/wp-json\/wp\/v2\/comments?post=239"}],"version-history":[{"count":5,"href":"https:\/\/consstoccarda.esteri.it\/de\/wp-json\/wp\/v2\/pages\/239\/revisions"}],"predecessor-version":[{"id":7805,"href":"https:\/\/consstoccarda.esteri.it\/de\/wp-json\/wp\/v2\/pages\/239\/revisions\/7805"}],"up":[{"embeddable":true,"href":"https:\/\/consstoccarda.esteri.it\/de\/wp-json\/wp\/v2\/pages\/128"}],"wp:attachment":[{"href":"https:\/\/consstoccarda.esteri.it\/de\/wp-json\/wp\/v2\/media?parent=239"}],"curies":[{"name":"wp","href":"https:\/\/api.w.org\/{rel}","templated":true}]}}