{"id":240,"date":"2023-02-07T19:23:56","date_gmt":"2023-02-07T18:23:56","guid":{"rendered":"https:\/\/consstoccarda.esteri.it\/servizi-consolari-e-visti\/servizi-per-il-cittadino-italiano\/assistenza-ai-cittadini-allestero\/"},"modified":"2026-01-29T17:28:45","modified_gmt":"2026-01-29T16:28:45","slug":"assistenza-ai-cittadini-allestero","status":"publish","type":"page","link":"https:\/\/consstoccarda.esteri.it\/de\/servizi-consolari-e-visti\/servizi-per-il-cittadino-italiano\/assistenza-ai-cittadini-allestero\/","title":{"rendered":"Abteilung Arbeit und konsularische Hilfe (LAS)"},"content":{"rendered":"<p>Das italienische Generalkonsulat in Stuttgart bietet in Notf\u00e4llen konsularische Hilfe an.<br \/>\nZu den angebotenen Dienstleistungen geh\u00f6ren insbesondere:<\/p>\n<ol>\n<li><a href=\"https:\/\/consstoccarda.esteri.it\/de\/servizi-consolari-e-visti\/servizi-per-il-cittadino-italiano\/assistenza-ai-cittadini-allestero\/assistenza-economica\/\"><strong>finanzielle Unterst\u00fctzung<\/strong><\/a> (Darlehen mit R\u00fcckzahlungsversprechen oder Zusch\u00fcsse, steuerliche Orientierungshilfe f\u00fcr im Ausland lebende Personen)<\/li>\n<li><strong>Unterst\u00fctzung im <a href=\"https:\/\/consstoccarda.esteri.it\/de\/servizi-consolari-e-visti\/servizi-per-il-cittadino-italiano\/assistenza-ai-cittadini-allestero\/assistenza-legale-e-sociale-a-detenuti\/\">Falle von Inhaftierungen<\/a><\/strong>,<\/li>\n<li><a href=\"https:\/\/consstoccarda.esteri.it\/de\/servizi-consolari-e-visti\/servizi-per-il-cittadino-italiano\/assistenza-ai-cittadini-allestero\/pensioni\/\"><strong>Rentenangelegenheiten und Post-Sparbriefe<\/strong><\/a>,<\/li>\n<li><strong>rechtliche und <a href=\"https:\/\/consstoccarda.esteri.it\/de\/servizi-consolari-e-visti\/servizi-per-il-cittadino-italiano\/servizi-notarili\/\">notarielle Ausk\u00fcnfte<\/a><\/strong>,<\/li>\n<li><a href=\"https:\/\/consstoccarda.esteri.it\/de\/servizi-consolari-e-visti\/servizi-per-il-cittadino-italiano\/assistenza-ai-cittadini-allestero\/legalizzazioni-e-traduzioni\/\"><strong>Beglaubigung von \u00dcbersetzungen<\/strong><\/a>,<\/li>\n<li><strong>Lebensbescheinigung f\u00fcr Rentenzwecke <\/strong>(siehe News auf der Homepage),<\/li>\n<li><a href=\"https:\/\/consstoccarda.esteri.it\/de\/servizi-consolari-e-visti\/servizi-per-il-cittadino-italiano\/assistenza-ai-cittadini-allestero\/vari-interventi-di-assistenza-consolare\/\"><strong>verschiedene konsularische Unterst\u00fctzungsma\u00dfnahmen<\/strong><\/a> (Suche nach Mitb\u00fcrgerInnen, Fragen in Bereich F\u00fchrerscheine und Abmeldung beim PRA),<\/li>\n<li><strong>medizinische R\u00fcckf\u00fchrung<\/strong> oder <strong>\u00dcberf\u00fchrung des Leichnams im Todesfall<\/strong>,<\/li>\n<li><a href=\"https:\/\/consstoccarda.esteri.it\/de\/servizi-consolari-e-visti\/servizi-per-il-cittadino-italiano\/assistenza-ai-cittadini-allestero\/informazioni-sintetiche-per-chi-cerca-lavoro-in-germania\/\"><strong>allgemeine Informationen zur Arbeitssuche in Deutschland<\/strong><\/a><\/li>\n<li><a href=\"https:\/\/consstoccarda.esteri.it\/de\/servizi-consolari-e-visti\/servizi-per-il-cittadino-italiano\/assistenza-ai-cittadini-allestero\/dichiarazione-di-valore-per-chi-intende-studiare-in-italia\/\"><strong>Werterkl\u00e4rungen von Studienabschl\u00fcssen<\/strong><\/a>.<\/li>\n<\/ol>\n<p>Das B\u00fcro bietet au\u00dferdem Dienstleistungen sozialer Natur bei italienischen und\/oder lokalen Beh\u00f6rden an.<br \/>\nZudem werden F\u00e4lle von Minderj\u00e4hrigen in besonders schwierigen Situationen sowie F\u00e4lle der Suche nach Landsleuten betreut.<\/p>\n<p>Das B\u00fcro empf\u00e4ngt <strong>nach Terminvereinbarung<\/strong>, \u00fcber das Portal <a href=\"https:\/\/prenotami.esteri.it\/\"><strong>prenot@mi<\/strong><\/a>.<br \/>\nEin Termin ist f\u00fcr alle Antr\u00e4ge auf finanzielle e Unterst\u00fctzung (Darlehen, Zusch\u00fcsse) sowie f\u00fcr <strong>notarielle Dienstleistungen zwingend erforderlich<\/strong>.<br \/>\nOhne Termin wird der Zugang zu den konsularischen B\u00fcros <strong>nicht gestattet<\/strong>.<\/p>\n<p>Bei Antr\u00e4gen auf Zusch\u00fcsse m\u00fcssen die AntragstellerInnen, <strong>vor dem gebuchten Termin,<\/strong> der Abteilung die gesamte erforderliche Dokumentation <strong>per E-Mail<\/strong> \u00fcbermittelt haben.<\/p>\n<p>F\u00fcr <strong>Lebensbescheinigungen<\/strong>, im Rahmen der entsprechenden <strong>INPS-Kampagne<\/strong>, ist <strong>keine Terminvereinbarung erforderlich<\/strong>.<\/p>\n<p><strong>F\u00fcr die Kontaktdaten der Abteilung <a href=\"https:\/\/consstoccarda.esteri.it\/de\/chi-siamo\/contatti\/lasconsnot-contatti-e-orari\/\" target=\"_blank\" rel=\"noopener\">klicken Sie bitte hier<\/a>.<\/strong><\/p>\n<div>\n<p>&nbsp;<\/p>\n<\/div>\n<h6><\/h6>\n","protected":false},"excerpt":{"rendered":"Das italienische Generalkonsulat in Stuttgart bietet in Notf\u00e4llen konsularische Hilfe an. Zu den angebotenen Dienstleistungen geh\u00f6ren insbesondere: finanzielle Unterst\u00fctzung (Darlehen mit R\u00fcckzahlungsversprechen oder Zusch\u00fcsse, steuerliche Orientierungshilfe f\u00fcr im Ausland lebende Personen) Unterst\u00fctzung im Falle von Inhaftierungen, Rentenangelegenheiten und Post-Sparbriefe, rechtliche und notarielle Ausk\u00fcnfte, Beglaubigung von \u00dcbersetzungen, Lebensbescheinigung f\u00fcr Rentenzwecke (siehe News auf der Homepage), verschiedene [&hellip;]","protected":false},"author":3,"featured_media":0,"parent":128,"menu_order":8,"comment_status":"closed","ping_status":"closed","template":"","meta":{"footnotes":""},"class_list":["post-240","page","type-page","status-publish","hentry"],"_links":{"self":[{"href":"https:\/\/consstoccarda.esteri.it\/de\/wp-json\/wp\/v2\/pages\/240","targetHints":{"allow":["GET"]}}],"collection":[{"href":"https:\/\/consstoccarda.esteri.it\/de\/wp-json\/wp\/v2\/pages"}],"about":[{"href":"https:\/\/consstoccarda.esteri.it\/de\/wp-json\/wp\/v2\/types\/page"}],"author":[{"embeddable":true,"href":"https:\/\/consstoccarda.esteri.it\/de\/wp-json\/wp\/v2\/users\/3"}],"replies":[{"embeddable":true,"href":"https:\/\/consstoccarda.esteri.it\/de\/wp-json\/wp\/v2\/comments?post=240"}],"version-history":[{"count":6,"href":"https:\/\/consstoccarda.esteri.it\/de\/wp-json\/wp\/v2\/pages\/240\/revisions"}],"predecessor-version":[{"id":7195,"href":"https:\/\/consstoccarda.esteri.it\/de\/wp-json\/wp\/v2\/pages\/240\/revisions\/7195"}],"up":[{"embeddable":true,"href":"https:\/\/consstoccarda.esteri.it\/de\/wp-json\/wp\/v2\/pages\/128"}],"wp:attachment":[{"href":"https:\/\/consstoccarda.esteri.it\/de\/wp-json\/wp\/v2\/media?parent=240"}],"curies":[{"name":"wp","href":"https:\/\/api.w.org\/{rel}","templated":true}]}}