{"id":241,"date":"2023-02-07T19:24:07","date_gmt":"2023-02-07T18:24:07","guid":{"rendered":"https:\/\/consstoccarda.esteri.it\/servizi-consolari-e-visti\/servizi-per-il-cittadino-italiano\/servizi-elettorali\/"},"modified":"2026-01-15T12:53:13","modified_gmt":"2026-01-15T11:53:13","slug":"servizi-elettorali","status":"publish","type":"page","link":"https:\/\/consstoccarda.esteri.it\/de\/servizi-consolari-e-visti\/servizi-per-il-cittadino-italiano\/servizi-elettorali\/","title":{"rendered":"Wahlabteilung"},"content":{"rendered":"<p data-start=\"34\" data-end=\"417\"><strong data-start=\"34\" data-end=\"73\">Die Eintragung in das AIRE-Register<\/strong> ist direkt mit der Inanspruchnahme konsularischer Dienstleistungen (z. B. Ausstellung von Dokumenten) sowie mit der Aus\u00fcbung des Wahlrechts im Ausland verbunden, und zwar f\u00fcr die Wahl des italienischen Parlaments, des Europ\u00e4ischen Parlaments, f\u00fcr nationale Referenden sowie f\u00fcr die <strong data-start=\"356\" data-end=\"414\">COMITES \u2013 Aussch\u00fcsse der im Ausland lebenden Italiener<\/strong>.<\/p>\n<p data-start=\"424\" data-end=\"494\">F\u00fcr weitere Informationen zum W\u00e4hlen im Ausland:\u00a0<a class=\"\" href=\"https:\/\/www.esteri.it\/it\/servizi-consolari-e-visti\/italiani-all-estero\/votoestero\/\" data-focus-mouse=\"false\"><strong data-start=\"473\" data-end=\"493\">klicken Sie hier.<\/strong><\/a><\/p>\n<p data-start=\"34\" data-end=\"142\"><strong>S\u00e4mtliche Informationen zum REFERENDUM vom 22.\u201323. M\u00c4RZ 2026 finden Sie im Bereich \u201e<a class=\"nav-link main-menu-link list-item\" href=\"https:\/\/consstoccarda.esteri.it\/de\/news\/\">Presseabteilung<\/a>\u201c .<\/strong><\/p>\n<p data-start=\"147\" data-end=\"203\">Insbesondere wird an die folgenden Fristen erinnert:<\/p>\n<ol>\n<li data-start=\"208\" data-end=\"347\"><a href=\"https:\/\/consstoccarda.esteri.it\/de\/news\/dal_consolato\/2026\/01\/referendum-costituzionale-confermativo-22-e-23-marzo-2026-voto-per-corrispondenza-dei-cittadini-italiani-allestero-aire-e-opzione-per-il-voto-in-italia\/\">Einreichung der Optionen f\u00fcr die Stimmabgabe in Italien<\/a> f\u00fcr im Ausland lebende italienische W\u00e4hlerInnen, die im AIRE-Register eingetragen sind (Frist: 24.01.2026).<\/li>\n<\/ol>\n","protected":false},"excerpt":{"rendered":"Die Eintragung in das AIRE-Register ist direkt mit der Inanspruchnahme konsularischer Dienstleistungen (z. B. Ausstellung von Dokumenten) sowie mit der Aus\u00fcbung des Wahlrechts im Ausland verbunden, und zwar f\u00fcr die Wahl des italienischen Parlaments, des Europ\u00e4ischen Parlaments, f\u00fcr nationale Referenden sowie f\u00fcr die COMITES \u2013 Aussch\u00fcsse der im Ausland lebenden Italiener. F\u00fcr weitere Informationen zum [&hellip;]","protected":false},"author":3,"featured_media":0,"parent":128,"menu_order":10,"comment_status":"closed","ping_status":"closed","template":"","meta":{"footnotes":""},"class_list":["post-241","page","type-page","status-publish","hentry"],"_links":{"self":[{"href":"https:\/\/consstoccarda.esteri.it\/de\/wp-json\/wp\/v2\/pages\/241","targetHints":{"allow":["GET"]}}],"collection":[{"href":"https:\/\/consstoccarda.esteri.it\/de\/wp-json\/wp\/v2\/pages"}],"about":[{"href":"https:\/\/consstoccarda.esteri.it\/de\/wp-json\/wp\/v2\/types\/page"}],"author":[{"embeddable":true,"href":"https:\/\/consstoccarda.esteri.it\/de\/wp-json\/wp\/v2\/users\/3"}],"replies":[{"embeddable":true,"href":"https:\/\/consstoccarda.esteri.it\/de\/wp-json\/wp\/v2\/comments?post=241"}],"version-history":[{"count":5,"href":"https:\/\/consstoccarda.esteri.it\/de\/wp-json\/wp\/v2\/pages\/241\/revisions"}],"predecessor-version":[{"id":6922,"href":"https:\/\/consstoccarda.esteri.it\/de\/wp-json\/wp\/v2\/pages\/241\/revisions\/6922"}],"up":[{"embeddable":true,"href":"https:\/\/consstoccarda.esteri.it\/de\/wp-json\/wp\/v2\/pages\/128"}],"wp:attachment":[{"href":"https:\/\/consstoccarda.esteri.it\/de\/wp-json\/wp\/v2\/media?parent=241"}],"curies":[{"name":"wp","href":"https:\/\/api.w.org\/{rel}","templated":true}]}}