{"id":242,"date":"2023-02-07T19:24:17","date_gmt":"2023-02-07T18:24:17","guid":{"rendered":"https:\/\/consstoccarda.esteri.it\/servizi-consolari-e-visti\/servizi-per-il-cittadino-italiano\/servizi-notarili\/"},"modified":"2026-01-29T16:38:37","modified_gmt":"2026-01-29T15:38:37","slug":"servizi-notarili","status":"publish","type":"page","link":"https:\/\/consstoccarda.esteri.it\/de\/servizi-consolari-e-visti\/servizi-per-il-cittadino-italiano\/servizi-notarili\/","title":{"rendered":"Notarielle Dienstleistungen"},"content":{"rendered":"<p>Das B\u00fcro empf\u00e4ngt <strong>nur nach Terminvereinbarung<\/strong>, \u00fcber das Portal <a href=\"https:\/\/prenotami.esteri.it\/\"><strong>prenot@mi<\/strong><\/a> .<br \/>\nEin Termin ist f\u00fcr notarielle Dienstleistungen <strong>zwingend erforderlich<\/strong>.<br \/>\nOhne Termin wird der Zugang zu den konsularischen Abteilungen <strong>nicht gestattet<\/strong>.<\/p>\n<p><strong>BITTE BEACHTEN SIE<\/strong><\/p>\n<p>Mittels <strong>Dekret des italienischen Au\u00dfenministeriums vom 31.10.2011 <\/strong>wurde verf\u00fcgt, dass <strong>ab dem 1. Januar 2012<\/strong> die italienischen konsularischen Vertretungen in <strong>\u00d6sterreich, Belgien, Frankreich, Deutschland und Lettland keine notariellen Funktionen<\/strong> mehr aus\u00fcben.<\/p>\n<p>Diese Bestimmung erfolgte \u00a0unter Ber\u00fccksichtigung dessen, dass die Notariate in diesen L\u00e4ndern der <strong>Internationalen Union des Notariats (U.I.N.L.)<\/strong> beigetreten sind und die in <strong>Art. 6 des Br\u00fcsseler \u00dcbereinkommens vom 25.05.1987<\/strong> \u00fcber die <strong>Befreiung von der Legalisation von Urkunden in den Mitgliedstaaten der EWG<\/strong> vorgesehene Erkl\u00e4rung abgegeben oder entsprechende <strong>bilaterale Abkommen mit Italien<\/strong> geschlossen haben.<\/p>\n<p>Die konsularischen Vertretungen in den genannten L\u00e4ndern k\u00f6nnen jedoch weiterhin auf Antrag italienischer Staatsb\u00fcrgerInnen <strong>\u00f6ffentliche, geheime oder internationale Testamente<\/strong> entgegennehmen.<\/p>\n<p>Vor dem Hintergrund der neuen Bestimmungen ist es daher <strong>ab dem 1. Januar 2012<\/strong> erforderlich, sich f\u00fcr notarielle Urkunden an <strong>\u00f6rtliche Notare<\/strong> zu wenden.<br \/>\nHierzu wird empfohlen, die Website <a href=\"http:\/\/www.deutsche-notarauskunft.de\/\">http:\/\/www.deutsche-notarauskunft.de\/<\/a> zu konsultieren, um <strong>Unterschriften auf privaten Urkunden<\/strong> zu beglaubigen oder \u2013 nach <strong>\u00dcbersetzung des Textes ins Deutsche<\/strong> \u2013 die entsprechende Beglaubigung vornehmen zu lassen.<\/p>\n<p>Zur Sicherheit wird empfohlen, folgendes <strong>Verfahren<\/strong> einzuhalten:<\/p>\n<ol>\n<li>sich von einem <strong>italienischen Notar<\/strong> eine <strong>Vollmacht in Form einer vollst\u00e4ndig ausgef\u00fcllten Privaturkunde<\/strong> ausstellen zu lassen;<\/li>\n<li>sich an einen <strong>deutschen Notar<\/strong> zu wenden, um die <strong>Beglaubigung der eigenen Unterschrift<\/strong> vornehmen zu lassen;<\/li>\n<li>die <strong>Beglaubigung der Unterschrift<\/strong> (falls erforderlich) durch einen <strong>vereidigten \u00dcbersetzer<\/strong> \u00fcbersetzen zu lassen, dessen Unterschrift bei diesem <strong>Generalkonsulat hinterlegt<\/strong> ist <a href=\"https:\/\/consstoccarda.esteri.it\/de\/servizi-consolari-e-visti\/servizi-per-il-cittadino-italiano\/modulistica\/\">(die Liste der vereidigten \u00dcbersetzer ist <strong>hier<\/strong> verf\u00fcgbar)<\/a>;<\/li>\n<li>die <strong>Unterschrift des \u00dcbersetzers<\/strong> beim <strong>Notariat dieses Generalkonsulats<\/strong> zu <strong>legalisieren<\/strong> (weitere Informationen sind im entsprechenden Abschnitt zu finden).<\/li>\n<\/ol>\n<p>&nbsp;<\/p>\n<p><strong>Die am h\u00e4ufigsten nachgefragten notariellen Dienstleistungen sind:<\/strong><\/p>\n<ol>\n<li>Vollmachten<\/li>\n<li>Testamente<\/li>\n<li>\u00d6ffentliche Urkunden<\/li>\n<li>Beglaubigungst\u00e4tigkeiten<\/li>\n<li>Eidesstattliche Erkl\u00e4rungen und <strong>Ersatzerkl\u00e4rungen anstelle einer eidesstattlichen Erkl\u00e4rung<\/strong><\/li>\n<li><strong>Wertbescheinigung<\/strong> (f\u00fcr Personen, die in Italien studieren m\u00f6chten)<\/li>\n<li><strong>Fahrzeugabmeldungen<\/strong><\/li>\n<li><strong> Vollmacht<\/strong><\/li>\n<\/ol>\n<p>&nbsp;<\/p>\n<p>Eine <strong>Vollmacht<\/strong> ist eine Urkunde, mit der einer anderen Person die Befugnis erteilt wird, <strong>im eigenen Namen und auf eigene Rechnung<\/strong> zu handeln und die notwendigen Handlungen zur Erreichung eines bestimmten Zwecks vorzunehmen (z. B. verkaufen, kaufen, verwalten, schenken, eine Schenkung annehmen, Gesellschaften gr\u00fcnden oder aufl\u00f6sen, Eheverk\u00fcndigungen beantragen usw.).<\/p>\n<p>Vollmachten werden in zwei Kategorien unterteilt:<\/p>\n<ul>\n<li><strong>Allgemeine Vollmachten:<\/strong><strong><br \/>\n<\/strong>Mit diesen Urkunden \u00fcbertr\u00e4gt der Betroffene dem Bevollm\u00e4chtigten die <strong>Verwaltung s\u00e4mtlicher seiner Angelegenheiten<\/strong>, sowohl gegenw\u00e4rtiger als auch zuk\u00fcnftiger.<br \/>\nDie allgemeine Vollmacht wird <strong>auf unbestimmte Zeit<\/strong> erteilt und ist <strong>bis zum Tod einer der Parteien oder bis zum ausdr\u00fccklichen Widerruf<\/strong> g\u00fcltig.<\/li>\n<li><strong>Spezialvollmachten:<\/strong><strong><br \/>\n<\/strong>Mit diesen Urkunden \u00fcbertr\u00e4gt der Betroffene dem Bevollm\u00e4chtigten die <strong>Verwaltung eines bestimmten Teils seiner Angelegenheiten<\/strong>.<br \/>\nDie Spezialvollmacht verliert ihre Wirksamkeit, <strong>sobald der konkrete Auftrag, f\u00fcr den sie erteilt wurde, abgeschlossen ist<\/strong>.<\/li>\n<\/ul>\n<p>&nbsp;<\/p>\n<p><strong>Beglaubigungst\u00e4tigkeiten<\/strong><\/p>\n<p>Die Beglaubigung wird in der Regel von einem <strong>\u00f6ffentlichen Beamten des Konsulats<\/strong> durchgef\u00fchrt und umfasst haupts\u00e4chlich:<\/p>\n<ul>\n<li><strong> Unterschriftsbeglaubigung:<\/strong><strong><br \/>\n<\/strong>Hierbei best\u00e4tigt der \u00f6ffentliche Beamte, dass ein Dokument von der Person unterzeichnet wurde, die das Dokument mit einem <strong>Ausweisdokument<\/strong> vorlegt.<br \/>\nHinweis: <strong>Notarielle Unterschriftsbeglaubigungen<\/strong> werden <strong>nicht vom Konsulat<\/strong> durchgef\u00fchrt. Weitere Informationen finden Sie im Abschnitt <strong>Notarielle Dienstleistungen<\/strong>.<\/li>\n<li><strong> Fotobeglaubigung:<\/strong><strong><br \/>\n<\/strong>Die Person muss <strong>pers\u00f6nlich im Notariat des Konsulats<\/strong> erscheinen und einen <strong>Ausweis<\/strong> sowie ein <strong>Foto<\/strong> vorlegen.<\/li>\n<li><strong> \u00dcbersetzungen:<\/strong><strong><br \/>\n<\/strong>Es werden die <strong>Unterschriften von vereidigten \u00dcbersetzern<\/strong> legalisiert, deren Unterschrift beim Konsulat hinterlegt ist (<a href=\"https:\/\/consstoccarda.esteri.it\/de\/servizi-consolari-e-visti\/servizi-per-il-cittadino-italiano\/modulistica\/\">Liste der vereidigten \u00dcbersetzer <strong>hier<\/strong> verf\u00fcgbar<\/a>).<br \/>\nVorzulegen sind <strong>sowohl das Dokument in deutscher Sprache<\/strong> als auch die <strong>entsprechende \u00dcbersetzung ins Italienische<\/strong>.<\/li>\n<\/ul>\n<p>Wenn die \u00dcbersetzung <strong>per Post eingesendet<\/strong> wird, muss die Zahlung per <strong>\u00dcberweisung (\u00dcberweisung)<\/strong> auf das <strong>Girokonto dieses Generalkonsulats<\/strong> erfolgen.<br \/>\nIBAN- und BIC-Daten: [<a href=\"https:\/\/consstoccarda.esteri.it\/de\/servizi-consolari-e-visti\/servizi-per-il-cittadino-italiano\/modulistica\/\">Bankverbindung Link]<\/a>, unter Angabe von <strong>Nachname, Vorname<\/strong> und <strong>Zahlungszweck<\/strong>.<\/p>\n<p>&nbsp;<\/p>\n<p><strong>Eidesstattliche Erkl\u00e4rungen und Ersatzerkl\u00e4rungen anstelle einer eidesstattlichen Erkl\u00e4rung<\/strong><\/p>\n<p>Die <strong>Ersatzerkl\u00e4rung anstelle einer eidesstattlichen Erkl\u00e4rung<\/strong> kann abgegeben werden, indem <strong>Tatsachen, Zust\u00e4nde oder pers\u00f6nliche Eigenschaften<\/strong>, die dem Antragsteller <strong>direkt bekannt sind<\/strong>, vor dem zust\u00e4ndigen Beamten gem\u00e4\u00df <strong>den italienischen Rechtsbestimmungen (Art. 47 DPR 445\/2000)<\/strong> und den nachfolgenden \u00c4nderungen und Erg\u00e4nzungen erkl\u00e4rt werden.<\/p>\n<p>Wenn es sich um <strong>Tatsachen, Zust\u00e4nde oder pers\u00f6nliche Eigenschaften<\/strong> handelt, die von einer <strong>anderen \u00f6ffentlichen Stelle zertifiziert oder best\u00e4tigt<\/strong> werden k\u00f6nnen, und die Verwaltung die <strong>\u00dcberpr\u00fcfung der Richtigkeit der Angaben<\/strong> f\u00fcr notwendig h\u00e4lt, stehen ihr <strong>15 Tage ab Abgabe der Erkl\u00e4rung<\/strong> zur Verf\u00fcgung, um die erforderlichen Unterlagen anzufordern.<\/p>\n<p>PDF-Formulare zum Herunterladen:<\/p>\n<p>Bitte konsultieren Sie den Abschnitt Formulare dieses B\u00fcros, um die Formulare herunterzuladen (<a href=\"https:\/\/consstoccarda.esteri.it\/de\/servizi-consolari-e-visti\/servizi-per-il-cittadino-italiano\/modulistica\/servizi-notarili-modulistica\/\">hier klicken<\/a>).<\/p>\n","protected":false},"excerpt":{"rendered":"Das B\u00fcro empf\u00e4ngt nur nach Terminvereinbarung, \u00fcber das Portal prenot@mi . Ein Termin ist f\u00fcr notarielle Dienstleistungen zwingend erforderlich. Ohne Termin wird der Zugang zu den konsularischen Abteilungen nicht gestattet. BITTE BEACHTEN SIE Mittels Dekret des italienischen Au\u00dfenministeriums vom 31.10.2011 wurde verf\u00fcgt, dass ab dem 1. Januar 2012 die italienischen konsularischen Vertretungen in \u00d6sterreich, Belgien, [&hellip;]","protected":false},"author":3,"featured_media":0,"parent":128,"menu_order":12,"comment_status":"closed","ping_status":"closed","template":"","meta":{"footnotes":""},"class_list":["post-242","page","type-page","status-publish","hentry"],"_links":{"self":[{"href":"https:\/\/consstoccarda.esteri.it\/de\/wp-json\/wp\/v2\/pages\/242","targetHints":{"allow":["GET"]}}],"collection":[{"href":"https:\/\/consstoccarda.esteri.it\/de\/wp-json\/wp\/v2\/pages"}],"about":[{"href":"https:\/\/consstoccarda.esteri.it\/de\/wp-json\/wp\/v2\/types\/page"}],"author":[{"embeddable":true,"href":"https:\/\/consstoccarda.esteri.it\/de\/wp-json\/wp\/v2\/users\/3"}],"replies":[{"embeddable":true,"href":"https:\/\/consstoccarda.esteri.it\/de\/wp-json\/wp\/v2\/comments?post=242"}],"version-history":[{"count":2,"href":"https:\/\/consstoccarda.esteri.it\/de\/wp-json\/wp\/v2\/pages\/242\/revisions"}],"predecessor-version":[{"id":7146,"href":"https:\/\/consstoccarda.esteri.it\/de\/wp-json\/wp\/v2\/pages\/242\/revisions\/7146"}],"up":[{"embeddable":true,"href":"https:\/\/consstoccarda.esteri.it\/de\/wp-json\/wp\/v2\/pages\/128"}],"wp:attachment":[{"href":"https:\/\/consstoccarda.esteri.it\/de\/wp-json\/wp\/v2\/media?parent=242"}],"curies":[{"name":"wp","href":"https:\/\/api.w.org\/{rel}","templated":true}]}}