{"id":245,"date":"2023-02-07T19:24:55","date_gmt":"2023-02-07T18:24:55","guid":{"rendered":"https:\/\/consstoccarda.esteri.it\/servizi-consolari-e-visti\/servizi-per-il-cittadino-italiano\/codice-fiscale\/"},"modified":"2026-02-18T12:06:30","modified_gmt":"2026-02-18T11:06:30","slug":"codice-fiscale","status":"publish","type":"page","link":"https:\/\/consstoccarda.esteri.it\/de\/servizi-consolari-e-visti\/servizi-per-il-cittadino-italiano\/codice-fiscale\/","title":{"rendered":"Italienische Steuernummer (Codice Fiscale)"},"content":{"rendered":"<p>Die italienische Steuernummer ist ein alphanumerischer Code, der von der italienischen Agenzia delle Entrate (Steuerbeh\u00f6rde) vergeben wird, um italienische bzw. nicht italienische B\u00fcrgerInnen im Umgang mit \u00f6ffentlichen Verwaltungen, Privatpersonen und italienischen Institutionen zu identifizieren. F\u00fcr nat\u00fcrliche Personen wird die Steuernummer anhand der pers\u00f6nlichen Daten bestimmt.<\/p>\n<p>Eine bereits vergebene Steuernummer hat <strong>keine G\u00fcltigkeitsdauer<\/strong> l\u00e4uft nicht ab.<\/p>\n<p>Die Steuernummer f\u00fcr im Ausland geborene und wohnhafte <strong>italienische Minderj\u00e4hrige<\/strong> wird von der f\u00fcr die Eintragung der Geburtsurkunde und die Anmeldung im AIRE (Register der im Ausland lebenden Italiener) zust\u00e4ndigen Gemeinde vergeben.<\/p>\n<p><strong>Wie stellt man einen Antrag?<\/strong><\/p>\n<p style=\"text-align: center;\"><u>1.ITALIENISCHE B\u00dcRGER MIT WOHNSITZ IM AUSLAND UND AIRE-ANMELDUNG<\/u><\/p>\n<p>Vollj\u00e4hrige italienische B\u00fcrgerInnen (die bereits im AIRE angemeldet sind) k\u00f6nnen die Steuernummer f\u00fcr sich selbst und ihre minderj\u00e4hrigen Kinder \u00fcber das Online-Portal <a href=\"https:\/\/serviziconsolari.esteri.it\/ScoFE\/index.sco\"><strong>Fast-It<\/strong><\/a> beantragen. Die Bescheinigung der Steuernummer kann ebenso \u00fcber das Portal Fast-It heruntergeladen werden.<\/p>\n<p>Nur nach best\u00e4tigter AIRE-Anmeldung kann die Bescheinigung \u00fcber <a href=\"https:\/\/serviziconsolari.esteri.it\/ScoFE\/index.sco\"><strong>Fast-It<\/strong><\/a> beantragt werden.<\/p>\n<p><strong><em>Antragstellung<\/em><\/strong><\/p>\n<ol>\n<li>Loggen Sie sich auf das Portal <strong><a href=\"https:\/\/serviziconsolari.esteri.it\/ScoFE\/index.sco\">Fast-It<\/a> <\/strong>ein;<\/li>\n<li>Klicken Sie auf <strong>\u201eAnagrafe Consolare e AIRE\u201c<\/strong> und dann auf <strong>\u201eAttribuzione Codice Fiscale\u201c<\/strong>;<\/li>\n<li>Best\u00e4tigen Sie die Daten und starten Sie den Antrag;<\/li>\n<li>Nach der Bearbeitung durch das Konsulat kann die Bescheinigung selbstst\u00e4ndig heruntergeladen werden.<\/li>\n<\/ol>\n<p><strong>Wenn Sie das Zertifikat nicht herunterladen k\u00f6nnen:<\/strong><\/p>\n<ol>\n<li>Melden Sie sich auf dem Portal <strong>Fast-it <\/strong>an (unter \u201eRegistrati\u201c), oder loggen Sie sich ein, falls Sie bereits ein aktives Konto haben;<\/li>\n<li>Beantragen Sie die <strong>\u201eAssociazione Online\u201c<\/strong>, indem Sie auf <strong>\u201eAnagrafe Consolare e AIRE\u201c<\/strong> und dann auf <strong>\u201eVisualizzare la propria scheda anagrafica\u201c <\/strong>klicken;<\/li>\n<li>Sie erhalten eine Best\u00e4tigungs-E-Mail \u00fcber die erfolgreiche Zuordnung;<\/li>\n<li>Loggen Sie sich erneut ein und laden Sie die Bescheinigung herunter.<\/li>\n<\/ol>\n<p>F\u00fcr im Ausland geborene und wohnhafte <strong>minderj\u00e4hrige italienische Staatsb\u00fcrger<\/strong> wird die Steuernummer von der zust\u00e4ndigen italienischen Gemeinde im Zuge der Eintragung der Geburtsurkunde und der AIRE-Anmeldung vergeben.<\/p>\n<p style=\"text-align: center;\"><u>2. NICHT IN ITALIEN WOHNHAFTE AUSL\u00c4NDISCHE B\u00dcRGER<\/u><\/p>\n<p>Nicht in Italien wohnhafte Ausl\u00e4nderInnen m\u00fcssen eine bevollm\u00e4chtigte Person mit der Einreichung des Antragsformulars bei einem B\u00fcro der <strong>Agenzia delle Entrate<\/strong> in Italien beauftragen (gem\u00e4\u00df Art. 1 des Durchf\u00fchrungsdekrets vom 17. Mai 2001, Nr. 281).<\/p>\n<p>Eine direkte Beantragung beim italienischen Konsulat ist nur dann m\u00f6glich, <strong>wenn die Steuernummer f\u00fcr Online-Verfahren erforderlich und keine Bevollm\u00e4chtigung m\u00f6glich ist (siehe dazu Punkt 3)<\/strong>.<\/p>\n<p><strong>Studierende<\/strong>, die eine Steuernummer f\u00fcr die Voranmeldung an einer italienischen Universit\u00e4t ben\u00f6tigen, erhalten diese wie folgt.<\/p>\n<ul>\n<li>F\u00fcr Nicht-EU-Studierende: beim <strong>Einheitsschalter f\u00fcr Einwanderung<\/strong> oder bei der <strong>Polizeibeh\u00f6rde (Questura)<\/strong> beim Antrag auf Aufenthaltsgenehmigung.<\/li>\n<li>F\u00fcr EU-Studierende: mittels direkter Antragstellung bei der <strong>Agenzia delle Entrate<\/strong> (ggf. kann der Antrag auf von einer bevollm\u00e4chtigten Person gestellt werden) mit dem Formular <strong>AA4\/8<\/strong>.<\/li>\n<\/ul>\n<p><strong>Ausl\u00e4ndische B\u00fcrgerInnen<\/strong>, die die Steuernummer f\u00fcr den Kauf von Immobilien oder gesch\u00e4ftliche\/finanzielle T\u00e4tigkeiten ben\u00f6tigen, k\u00f6nnen eine bevollm\u00e4chtigte Person mit der Antragstellung beauftragen.<\/p>\n<p>F\u00fcr <strong>Nicht-EU-B\u00fcrgerInnen<\/strong>, die in Italien wohnen wollen, wird die Steuernummer wie folgt vergeben:<\/p>\n<ul>\n<li>durch das <strong>Einwanderungszentrum der Pr\u00e4fektur<\/strong>, bei Beantragung eines Arbeits- oder Familiennachzugsvisums;<\/li>\n<li>durch die <strong>Polizeibeh\u00f6rde (Questura)<\/strong>, bei anderen Aufenthaltsgr\u00fcnden.<\/li>\n<\/ul>\n<p><strong>EU-B\u00fcrgerInnen<\/strong>, die sich in Italien aufhalten wollen, k\u00f6nnen das Formular <strong>AA4\/8<\/strong> bei einem B\u00fcro der <strong>Agenzia delle Entrate<\/strong> einreichen. Dem Antrag ist ein g\u00fcltiger Ausweis (Reisepass oder Personalausweis) beizuf\u00fcgen und der Grund anzugeben.<\/p>\n<p>Wer die Steuernummer zur Einleitung eines Gerichtsverfahrens in Italien ben\u00f6tigt, kann seinen Anwalt dazu bevollm\u00e4chtigen, den Antrag bei einem beliebigen B\u00fcro der <strong>Agenzia delle Entrate<\/strong> zu stellen. Adressen der \u00c4mter sind unter www.agenziaentrate.it zu finden.<\/p>\n<p style=\"text-align: center;\"><u>3. SONSTIGE F\u00c4LLE<\/u><\/p>\n<p><strong>EU-B\u00fcrgerInnen sowie italienische Staatsangeh\u00f6rige, die im AIRE nicht angemeldet sind<\/strong>, k\u00f6nnen die Bescheinigung der Steuernummer \u00fcber das Online-Portal <a href=\"https:\/\/prenotami.esteri.it\/\"><strong>prenot@mi<\/strong><\/a> beantragen.<\/p>\n<p><strong>Ablauf:<\/strong><\/p>\n<ol>\n<li><a href=\"https:\/\/consstoccarda.esteri.it\/wp-content\/uploads\/2025\/11\/modulo_cf_bilingue-1.pdf\">Antragsformular<\/a> ausf\u00fcllen und unterschreiben (<a href=\"https:\/\/consstoccarda.esteri.it\/wp-content\/uploads\/2025\/11\/istruzioni_compilazione_CF_it.pdf\">Anleitung zur Ausf\u00fcllung<\/a>);<\/li>\n<li>Termin \u00fcber das Portal <a href=\"https:\/\/prenotami.esteri.it\/\"><strong>prenot@mi<\/strong><\/a> buchen und<\/li>\n<li>das Formular (welches im Prenotami unter Punkt &#8222;altro&#8220; hochgeladen werden muss), sowie<\/li>\n<li>Scan eines g\u00fcltigen Ausweisdokuments (Reisepass oder Personalausweis) hochladen.<\/li>\n<\/ol>\n<p><strong>BITTE BEACHTEN SIE:<\/strong> Bei Antr\u00e4gen \u00fcber <strong>prenot@mi<\/strong> ist <strong><u>kein<\/u> pers\u00f6nliches Erscheinen im Konsulat notwendig<\/strong>. Die digitale Bescheinigung wird innerhalb von ca. 15 Tagen ab dem gebuchten Termin per E-Mail versendet.<\/p>\n<p>Bitte benutzen Sie ausschlie\u00dflich das <a href=\"https:\/\/consstoccarda.esteri.it\/wp-content\/uploads\/2025\/11\/modulo_cf_bilingue-1.pdf\">hier verf\u00fcgbare Antragsformular<\/a>.<\/p>\n<p style=\"text-align: center;\"><u>4. PLASTIFIZIERTE KARTEN (TESSERINI)<\/u><\/p>\n<p>Die vom Konsulat ausgestellten <strong>Steuernummerkarten (gr\u00fcn)<\/strong> sind <strong><u>keine<\/u><\/strong> <strong>Krankenversicherungskarten (blau)<\/strong>.<\/p>\n<p>Die gr\u00fcnen Steuernummerkarten enthalten:<\/p>\n<ul>\n<li>pers\u00f6nliche Daten<\/li>\n<li>die Steuernummer<\/li>\n<li>einen Barcode<\/li>\n<\/ul>\n<p>Diese Informationen sind <strong><u>auch<\/u><\/strong> auf den digitalen Bescheinigungen enthalten.<\/p>\n<p><strong>Ausstellungsdauer:<\/strong> Die gr\u00fcnen Karten werden <strong>zentral durch die Agenzia delle Entrate<\/strong> produziert und anschlie\u00dfend an das zust\u00e4ndige Konsulat gesendet. Die Bearbeitung kann <strong>6 bis 8 Wochen<\/strong> dauern.<\/p>\n<p>Wer die Karte beantragen m\u00f6chte, muss:<\/p>\n<ol>\n<li>einen <strong>Online-Termin \u00fcber prenot@mi<\/strong> buchen (siehe Punkt 3),<\/li>\n<li><strong><u>zus\u00e4tzlich<\/u><\/strong> den Antrag <strong>mit einem<\/strong> <strong>vorfrankierten R\u00fcckumschlag<\/strong> (Standardbrief) <strong><u>auch<\/u><\/strong> per Post an das <strong>Italienische Generalkonsulat in Stuttgart<\/strong> (Lenzhalde 46, 70192) senden.<\/li>\n<\/ol>\n<p>Im Falle des Fehlens des vorfrankierten Umschlags kann die Karte dem Antragsteller nicht zugesendet werden.<\/p>\n","protected":false},"excerpt":{"rendered":"Die italienische Steuernummer ist ein alphanumerischer Code, der von der italienischen Agenzia delle Entrate (Steuerbeh\u00f6rde) vergeben wird, um italienische bzw. nicht italienische B\u00fcrgerInnen im Umgang mit \u00f6ffentlichen Verwaltungen, Privatpersonen und italienischen Institutionen zu identifizieren. F\u00fcr nat\u00fcrliche Personen wird die Steuernummer anhand der pers\u00f6nlichen Daten bestimmt. Eine bereits vergebene Steuernummer hat keine G\u00fcltigkeitsdauer l\u00e4uft nicht ab. [&hellip;]","protected":false},"author":3,"featured_media":0,"parent":128,"menu_order":18,"comment_status":"closed","ping_status":"closed","template":"","meta":{"footnotes":""},"class_list":["post-245","page","type-page","status-publish","hentry"],"_links":{"self":[{"href":"https:\/\/consstoccarda.esteri.it\/de\/wp-json\/wp\/v2\/pages\/245","targetHints":{"allow":["GET"]}}],"collection":[{"href":"https:\/\/consstoccarda.esteri.it\/de\/wp-json\/wp\/v2\/pages"}],"about":[{"href":"https:\/\/consstoccarda.esteri.it\/de\/wp-json\/wp\/v2\/types\/page"}],"author":[{"embeddable":true,"href":"https:\/\/consstoccarda.esteri.it\/de\/wp-json\/wp\/v2\/users\/3"}],"replies":[{"embeddable":true,"href":"https:\/\/consstoccarda.esteri.it\/de\/wp-json\/wp\/v2\/comments?post=245"}],"version-history":[{"count":7,"href":"https:\/\/consstoccarda.esteri.it\/de\/wp-json\/wp\/v2\/pages\/245\/revisions"}],"predecessor-version":[{"id":7291,"href":"https:\/\/consstoccarda.esteri.it\/de\/wp-json\/wp\/v2\/pages\/245\/revisions\/7291"}],"up":[{"embeddable":true,"href":"https:\/\/consstoccarda.esteri.it\/de\/wp-json\/wp\/v2\/pages\/128"}],"wp:attachment":[{"href":"https:\/\/consstoccarda.esteri.it\/de\/wp-json\/wp\/v2\/media?parent=245"}],"curies":[{"name":"wp","href":"https:\/\/api.w.org\/{rel}","templated":true}]}}