{"id":248,"date":"2023-02-07T19:22:56","date_gmt":"2023-02-07T18:22:56","guid":{"rendered":"https:\/\/consstoccarda.esteri.it\/italia-e-germania\/diplomazia-culturale\/lingua-e-cultura-italiana\/"},"modified":"2023-06-08T11:11:18","modified_gmt":"2023-06-08T09:11:18","slug":"lingua-e-cultura-italiana","status":"publish","type":"page","link":"https:\/\/consstoccarda.esteri.it\/de\/italia-e-germania\/diplomazia-culturale\/lingua-e-cultura-italiana\/","title":{"rendered":"Italienische Sprache und Kultur"},"content":{"rendered":"<p><strong>Corsi di Lingua e Cultura Italiana<\/strong><\/p>\n<p>&nbsp;<\/p>\n<p>L\u00b4Ufficio Scuole coordina i corsi di lingua e cultura italiana per i ragazzi in et\u00e0 scolare.<\/p>\n<p><a href=\"https:\/\/consstoccarda.esteri.it\/consolato_stoccarda\/resource\/doc\/2018\/10\/31_05_2017__vvbw-vvbw000026191.pdf\">Verwaltungsvorschrift des KM \u00fcber die Grunds\u00e4tze zum Unterricht f\u00fcr Kinder und Jugendliche 31.5.2017<\/a><\/p>\n<p>Secondo un criterio di competenza territoriale, alcuni corsi sono organizzati direttamente dallo stesso Ufficio, e in questo caso le lezioni sono impartite da insegnanti di ruolo inviati dal Ministero degli Affari esteri. Altri corsi sono invece gestiti, con proprio personale docente, dall\u2019Ente Gestore IAL-CISL Germania (<a href=\"http:\/\/www.ialcisl.de\/\">http:\/\/www.ialcisl.de<\/a>)<\/p>\n<p>&nbsp;<\/p>\n<p>I corsi offerti dal Consolato Generale di Stoccarda attraverso l\u2019Ufficio Scuole sono rivolti esclusivamente ad allievi frequentanti le scuole tedesche, fino all\u2019<em>Abitur<\/em>\u00a0(\u201c<em>Sch\u00fcler<\/em>\u201d). Persone interessate all\u2019Italiano ma non frequentanti una scuola possono rivolgersi all\u00b4Istituto Italiano di Cultura di Stoccarda, che propone corsi di lingua italiana a pagamento (<a href=\"https:\/\/iicstoccarda.esteri.it\/iic_stoccarda\/it\/\">https:\/\/iicstoccarda.esteri.it\/iic_stoccarda\/it\/<\/a>).<\/p>\n<p>&nbsp;<\/p>\n<p><a href=\"https:\/\/consstoccarda.esteri.it\/consolato_stoccarda\/resource\/doc\/2022\/06\/modulo_iscrizione_a.s._2022-23.pdf\">Modulo di iscrizione ai corsi di LCI \u2013 A.S. 2022\/2023<\/a><\/p>\n<p><a href=\"https:\/\/consstoccarda.esteri.it\/consolato_stoccarda\/resource\/doc\/2021\/03\/flyer_corsi__2021_ita.pdf\">Volantino corsi LCI e scuole bilingui<\/a><\/p>\n<p><a href=\"https:\/\/consstoccarda.esteri.it\/consolato_stoccarda\/resource\/doc\/2019\/07\/curricula_a_b_c.pdf\">Curricula dei corsi di Lingua e Cultura Italiana Livelli A1-A2-B1-B2-C1-C2<\/a><\/p>\n<p>&nbsp;<\/p>\n<p><a href=\"http:\/\/www.miur.it\/0002Univer\/0023Studen\/index_cf2.htm\"><strong>Disposizioni che disciplinano l\u2019immatricolazione degli studenti stranieri presso le Universit\u00e0 italiane<\/strong><\/a><\/p>\n","protected":false},"excerpt":{"rendered":"Corsi di Lingua e Cultura Italiana &nbsp; L\u00b4Ufficio Scuole coordina i corsi di lingua e cultura italiana per i ragazzi in et\u00e0 scolare. Verwaltungsvorschrift des KM \u00fcber die Grunds\u00e4tze zum Unterricht f\u00fcr Kinder und Jugendliche 31.5.2017 Secondo un criterio di competenza territoriale, alcuni corsi sono organizzati direttamente dallo stesso Ufficio, e in questo caso le [&hellip;]","protected":false},"author":3,"featured_media":0,"parent":125,"menu_order":2,"comment_status":"closed","ping_status":"closed","template":"","meta":{"footnotes":""},"class_list":["post-248","page","type-page","status-publish","hentry"],"_links":{"self":[{"href":"https:\/\/consstoccarda.esteri.it\/de\/wp-json\/wp\/v2\/pages\/248","targetHints":{"allow":["GET"]}}],"collection":[{"href":"https:\/\/consstoccarda.esteri.it\/de\/wp-json\/wp\/v2\/pages"}],"about":[{"href":"https:\/\/consstoccarda.esteri.it\/de\/wp-json\/wp\/v2\/types\/page"}],"author":[{"embeddable":true,"href":"https:\/\/consstoccarda.esteri.it\/de\/wp-json\/wp\/v2\/users\/3"}],"replies":[{"embeddable":true,"href":"https:\/\/consstoccarda.esteri.it\/de\/wp-json\/wp\/v2\/comments?post=248"}],"version-history":[{"count":0,"href":"https:\/\/consstoccarda.esteri.it\/de\/wp-json\/wp\/v2\/pages\/248\/revisions"}],"up":[{"embeddable":true,"href":"https:\/\/consstoccarda.esteri.it\/de\/wp-json\/wp\/v2\/pages\/125"}],"wp:attachment":[{"href":"https:\/\/consstoccarda.esteri.it\/de\/wp-json\/wp\/v2\/media?parent=248"}],"curies":[{"name":"wp","href":"https:\/\/api.w.org\/{rel}","templated":true}]}}