{"id":249,"date":"2023-02-07T19:26:19","date_gmt":"2023-02-07T18:26:19","guid":{"rendered":"https:\/\/consstoccarda.esteri.it\/servizi-consolari-e-visti\/servizi-per-il-cittadino-straniero\/visti\/"},"modified":"2023-02-07T21:43:17","modified_gmt":"2023-02-07T20:43:17","slug":"visti","status":"publish","type":"page","link":"https:\/\/consstoccarda.esteri.it\/de\/servizi-consolari-e-visti\/servizi-per-il-cittadino-straniero\/visti\/","title":{"rendered":"Visa"},"content":{"rendered":"<p>M\u00f6chten Sie als\u00a0<strong>italienischer Staatsangeh\u00f6riger<\/strong>\u00a0in ein Land reisen, f\u00fcr das ein Visum erforderlich ist, so m\u00fcssen Sie sich direkt an die konsularische Vertretung des Landes wenden, in das Sie einreisen m\u00f6chten. Eventuell ist Ihnen auch das Reiseb\u00fcro dabei behilflich.<\/p>\n<p>Wichtig f\u00fcr Sie ist, dass Sie im Besitz eines italienischen Reisepasses sind, der noch lange genug g\u00fcltig ist (in der Regel mindestens 6 Monate am R\u00fcckreisetag) und dass Ihr Pass f\u00fcr alle L\u00e4nder g\u00fcltig ist, die von der italienische Regierung anerkannt sind.<\/p>\n<p>Falls Sie noch im Besitz eines alten Passes sind, der nur f\u00fcr die europ\u00e4ische Union g\u00fcltig ist, so k\u00f6nnen Sie bei uns kurzfristig, ohne Terminvereinbarung, die Erweiterung f\u00fcr alle L\u00e4nder in Ihren Pass eingetragen bekommen. Diese Erweiterung ist kostenlos, da Italien die Geb\u00fchren, die fr\u00fcher jedes Jahr entrichtet werden mussten, abgeschafft hat.<\/p>\n<p>F\u00fcr weitergehende Informationen zur Ausstellung von Visas, k\u00f6nnen Sie sich auf der Homepage des Italienischen Au\u00dfenministerium informieren:<\/p>\n<p><a href=\"http:\/\/vistoperitalia.esteri.it\/\">http:\/\/vistoperitalia.esteri.it\/<\/a><\/p>\n<p>&nbsp;<\/p>\n<p><strong>Staatsangeh\u00f6rige aus Drittl\u00e4ndern<\/strong>, die im Besitz einer g\u00fcltigen Aufenthaltserlaubnis sind, einer Aufenthaltsberechtigung, oder eines Visas f\u00fcr eines der Mitgliedsstaaten des Schengener Abkommens, k\u00f6nnen ohne spezielles Einreise-Visum nach Italien reisen. Alle anderen Ausl\u00e4nder ben\u00f6tigen ein Visum.<\/p>\n<p>Auf der Internet-Seite\u00a0<a href=\"https:\/\/www.esteri.it\/mae\/it\/servizi\/stranieri\/ingressosoggiornoinitalia\/visto_ingresso\">http:\/\/www.esteri.it\/mae\/it\/servizi\/stranieri\/ingressosoggiornoinitalia\/visto_ingresso<\/a>\u00a0sind alle offiziellen Informationen in italienischer, franz\u00f6sischer und spanischer Sprache verf\u00fcgbar um zu erfahren welche Art von Visum Sie ben\u00f6tigen und wie Sie dieses beantragen k\u00f6nnen.<\/p>\n<p>In Deutschland ist nur das Italienische Generalkonsulat in Frankfurt am Main zust\u00e4ndig um Visa-Antr\u00e4ge f\u00fcr Italien zu bearbeiten, die aus der gesamten BRD stammen.<\/p>\n<p><strong>Italienisches Generalkonsulat<\/strong><br \/>\n<strong>60325 Frankfurt\/Main<\/strong><br \/>\n<strong>Kettenhofweg 1<\/strong><\/p>\n<p><a href=\"https:\/\/www.esteri.it\/mae\/it\/servizi\/stranieri\/ingressosoggiornoinitalia\/visto_ingresso\">http:\/\/www.esteri.it\/mae\/it\/servizi\/stranieri\/ingressosoggiornoinitalia\/visto_ingresso<\/a><br \/>\n<a href=\"mailto:visti.francoforte@esteri.it\">visti.francoforte@esteri.it<\/a><\/p>\n<p><a href=\"http:\/\/www.consfrancoforte.esteri.it\/consolato_francoforte\/de\/i_servizi\/per_chi_si_reca_in_italia\/\"><strong>VISAINFORMATIONEN des Italienischen Generalkonsulates in Frankfurt am Main<\/strong><\/a><\/p>\n","protected":false},"excerpt":{"rendered":"M\u00f6chten Sie als\u00a0italienischer Staatsangeh\u00f6riger\u00a0in ein Land reisen, f\u00fcr das ein Visum erforderlich ist, so m\u00fcssen Sie sich direkt an die konsularische Vertretung des Landes wenden, in das Sie einreisen m\u00f6chten. Eventuell ist Ihnen auch das Reiseb\u00fcro dabei behilflich. Wichtig f\u00fcr Sie ist, dass Sie im Besitz eines italienischen Reisepasses sind, der noch lange genug g\u00fcltig [&hellip;]","protected":false},"author":3,"featured_media":0,"parent":129,"menu_order":0,"comment_status":"closed","ping_status":"closed","template":"","meta":{"footnotes":""},"class_list":["post-249","page","type-page","status-publish","hentry"],"_links":{"self":[{"href":"https:\/\/consstoccarda.esteri.it\/de\/wp-json\/wp\/v2\/pages\/249","targetHints":{"allow":["GET"]}}],"collection":[{"href":"https:\/\/consstoccarda.esteri.it\/de\/wp-json\/wp\/v2\/pages"}],"about":[{"href":"https:\/\/consstoccarda.esteri.it\/de\/wp-json\/wp\/v2\/types\/page"}],"author":[{"embeddable":true,"href":"https:\/\/consstoccarda.esteri.it\/de\/wp-json\/wp\/v2\/users\/3"}],"replies":[{"embeddable":true,"href":"https:\/\/consstoccarda.esteri.it\/de\/wp-json\/wp\/v2\/comments?post=249"}],"version-history":[{"count":0,"href":"https:\/\/consstoccarda.esteri.it\/de\/wp-json\/wp\/v2\/pages\/249\/revisions"}],"up":[{"embeddable":true,"href":"https:\/\/consstoccarda.esteri.it\/de\/wp-json\/wp\/v2\/pages\/129"}],"wp:attachment":[{"href":"https:\/\/consstoccarda.esteri.it\/de\/wp-json\/wp\/v2\/media?parent=249"}],"curies":[{"name":"wp","href":"https:\/\/api.w.org\/{rel}","templated":true}]}}