{"id":256,"date":"2023-02-07T19:24:09","date_gmt":"2023-02-07T18:24:09","guid":{"rendered":"https:\/\/consstoccarda.esteri.it\/servizi-consolari-e-visti\/servizi-per-il-cittadino-italiano\/emergency-travel-documents-etd\/"},"modified":"2026-04-23T17:16:45","modified_gmt":"2026-04-23T15:16:45","slug":"emergency-travel-documents-etd","status":"publish","type":"page","link":"https:\/\/consstoccarda.esteri.it\/de\/servizi-consolari-e-visti\/servizi-per-il-cittadino-italiano\/emergency-travel-documents-etd\/","title":{"rendered":"Emergency Travel Documents (ETD)"},"content":{"rendered":"<p>Das \u201e<strong>Emergency Travel Document (ETD)<\/strong>\u201c ist ein vorl\u00e4ufiges Reisedokument mit einer G\u00fcltigkeit, die strikt auf den, f\u00fcr die R\u00fcckkehr nach Italien oder in das Wohnsitzland, erforderlichen Zeitraum beschr\u00e4nkt ist.<\/p>\n<p>Wenn Sie sich im Ausland in einer Notsituation befinden (z. B. als durchreisender Tourist abreisen m\u00fcssen und der Reisepass verloren oder gestohlen wurde) und nicht die M\u00f6glichkeit besteht, einen neuen Reisepass zu beantragen, k\u00f6nnen die italienischen diplomatischen und konsularischen Vertretungen, sowohl in Europa als auch in au\u00dfereurop\u00e4ischen L\u00e4ndern, ein ETD ausstellen.<\/p>\n<p>Es handelt sich um ein Reisedokument, <u>das nur f\u00fcr die R\u00fcckreise nach Italien<\/u>, in den Staat des st\u00e4ndigen Wohnsitzes, oder nur in Ausnahmef\u00e4llen zu einem anderen Zielort, g\u00fcltig ist.<\/p>\n<p>Das ETD ist <strong><u>kostenlos<\/u><\/strong> und muss <strong><u>im<\/u><\/strong><u> <strong>Voraus<\/strong> beantragt werden, durch \u00dcbermittlung der <strong>vollst\u00e4ndigen<\/strong> <strong>Unterlagen per E-Mail<\/strong> an folgende Adresse: <\/u><strong>consgenstoccarda.passaporti@esteri.it<\/strong><\/p>\n<p>Zur Ausstellung m\u00fcssen Sie pers\u00f6nlich mit folgenden<strong> Unterlagen<\/strong> beim Konsulat vorsprechen:<\/p>\n<ul>\n<li><strong>Anzeige \u00fcber den Diebstahl oder Verlust<\/strong> des Dokuments, erstattet bei der zust\u00e4ndigen \u00f6rtlichen Polizeibeh\u00f6rde;<\/li>\n<li><strong>2 gedruckte biometrische Passfotos<\/strong> (kein QR-Code) mit wei\u00dfem Hintergrund, nicht \u00e4lter als 6 Monate;<\/li>\n<li><strong>Flug-\/Zug-\/Busticket<\/strong> mit best\u00e4tigtem Abreisedatum.<\/li>\n<\/ul>\n<p>Das ETD kann <strong>auch Staatsangeh\u00f6rigen von Mitgliedstaaten der Europ\u00e4ischen Union<\/strong> ausgestellt werden, vorbehaltlich der<strong> formellen Genehmigung <\/strong>einer diplomatisch-konsularische Vertretung, oder das Au\u00dfenministerium des jeweiligen Herkunftslandes.<\/p>\n","protected":false},"excerpt":{"rendered":"Das \u201eEmergency Travel Document (ETD)\u201c ist ein vorl\u00e4ufiges Reisedokument mit einer G\u00fcltigkeit, die strikt auf den, f\u00fcr die R\u00fcckkehr nach Italien oder in das Wohnsitzland, erforderlichen Zeitraum beschr\u00e4nkt ist. Wenn Sie sich im Ausland in einer Notsituation befinden (z. B. als durchreisender Tourist abreisen m\u00fcssen und der Reisepass verloren oder gestohlen wurde) und nicht die [&hellip;]","protected":false},"author":3,"featured_media":0,"parent":128,"menu_order":2,"comment_status":"closed","ping_status":"closed","template":"","meta":{"footnotes":""},"class_list":["post-256","page","type-page","status-publish","hentry"],"_links":{"self":[{"href":"https:\/\/consstoccarda.esteri.it\/de\/wp-json\/wp\/v2\/pages\/256","targetHints":{"allow":["GET"]}}],"collection":[{"href":"https:\/\/consstoccarda.esteri.it\/de\/wp-json\/wp\/v2\/pages"}],"about":[{"href":"https:\/\/consstoccarda.esteri.it\/de\/wp-json\/wp\/v2\/types\/page"}],"author":[{"embeddable":true,"href":"https:\/\/consstoccarda.esteri.it\/de\/wp-json\/wp\/v2\/users\/3"}],"replies":[{"embeddable":true,"href":"https:\/\/consstoccarda.esteri.it\/de\/wp-json\/wp\/v2\/comments?post=256"}],"version-history":[{"count":2,"href":"https:\/\/consstoccarda.esteri.it\/de\/wp-json\/wp\/v2\/pages\/256\/revisions"}],"predecessor-version":[{"id":7753,"href":"https:\/\/consstoccarda.esteri.it\/de\/wp-json\/wp\/v2\/pages\/256\/revisions\/7753"}],"up":[{"embeddable":true,"href":"https:\/\/consstoccarda.esteri.it\/de\/wp-json\/wp\/v2\/pages\/128"}],"wp:attachment":[{"href":"https:\/\/consstoccarda.esteri.it\/de\/wp-json\/wp\/v2\/media?parent=256"}],"curies":[{"name":"wp","href":"https:\/\/api.w.org\/{rel}","templated":true}]}}