{"id":257,"date":"2023-02-07T19:23:40","date_gmt":"2023-02-07T18:23:40","guid":{"rendered":"https:\/\/consstoccarda.esteri.it\/servizi-consolari-e-visti\/servizi-per-il-cittadino-italiano\/passaporti-e-carte-didentita\/"},"modified":"2026-02-10T08:50:09","modified_gmt":"2026-02-10T07:50:09","slug":"passaporti-e-carte-didentita","status":"publish","type":"page","link":"https:\/\/consstoccarda.esteri.it\/de\/servizi-consolari-e-visti\/servizi-per-il-cittadino-italiano\/passaporti-e-carte-didentita\/","title":{"rendered":"Reisep\u00e4sse"},"content":{"rendered":"<p><strong>Ben\u00f6tigst Du einen Termin f\u00fcr den Reisepass?<\/strong><\/p>\n<p>Terminbuchung f\u00fcr Reisepass und Personalausweis (CIE) \u00fcber das Portal\u00a0<strong><a href=\"https:\/\/prenotami.esteri.it\/\">Prenot@mi<\/a><\/strong><\/p>\n<p>Aktuell stehen t\u00e4glich neue Termine f\u00fcr REISEPASS und PERSONALAUSWEIS zur Verf\u00fcgung. An jedem Arbeitstag werden um 18:00 Uhr neue Termine f\u00fcr den gleichen Tag der n\u00e4chsten Woche freigeschaltet.<\/p>\n<p><strong><img loading=\"lazy\" decoding=\"async\" class=\"alignnone size-medium wp-image-6426 img-fluid\" src=\"https:\/\/consstoccarda.esteri.it\/wp-content\/uploads\/2025\/11\/Immagine1-241x300.png\" alt=\"\" width=\"241\" height=\"300\" srcset=\"https:\/\/consstoccarda.esteri.it\/wp-content\/uploads\/2025\/11\/Immagine1-241x300.png 241w, https:\/\/consstoccarda.esteri.it\/wp-content\/uploads\/2025\/11\/Immagine1.png 269w\" sizes=\"auto, (max-width: 241px) 100vw, 241px\" \/><\/strong><\/p>\n<p>Das Generalkonsulat Stuttgart stellt den Reisepass f\u00fcr italienische Mitb\u00fcrger aus, die regul\u00e4r <strong>in diesem<\/strong> <strong>Konsularbezirk wohnhaft<\/strong> und bereits <strong>mit korrekten pers\u00f6nlichen<\/strong> <strong>Daten im <\/strong><strong>A.I.R.E. <\/strong><strong>Register<\/strong> (Melderegister der im Ausland lebenden italienischen Mitb\u00fcrger) des Innenministeriums eingetragen sind.<\/p>\n<p><strong>Vor Reisepassbeantragung <\/strong>ist die pers\u00f6nliche Situation <strong>\u00fcber das Portal <\/strong><a href=\"https:\/\/serviziconsolarionline.esteri.it\/ScoFE\/index.sco\"><strong>FAST IT<\/strong><\/a> zu aktualisieren (Registrierung im AIRE, Adress\u00e4nderung, Familienstand, usw.)<\/p>\n<p>Mitb\u00fcrger ab 70 Jahren, <strong>deren einziges Ausweisdokument abgelaufen ist oder kurzfristig abl\u00e4uft<\/strong>, haben die M\u00f6glichkeit, montags bis freitags von 09:00 bis 11:00 Uhr die folgende Rufnummer zu kontaktieren, um einen Termin zu vereinbaren: <strong>+49 &#8211; 711 89537540<\/strong><\/p>\n<p><strong>H\u00c4UFIGE FRAGEN<\/strong><\/p>\n<ol>\n<li><strong>Welche Unterlagen m\u00fcssen zum Termin f\u00fcr den Reisepass mitgebracht werden?<\/strong><\/li>\n<\/ol>\n<p>Zum Termin sind folgende Unterlagen vorzulegen:<\/p>\n<ul>\n<li>Eventuell vorhandener <strong>Reisepass<\/strong>, oder alternativ anderes Ausweisdokument;<\/li>\n<li>1 <strong>aktuelles<\/strong> biometrisches Passbild (KEIN QR- Code) mit wei\u00dfem Hintergrund (nicht \u00e4lter als 6 Monate;<\/li>\n<li><a href=\"https:\/\/consstoccarda.esteri.it\/wp-content\/uploads\/2024\/08\/passaporto_maggiorenni_mod.24.pdf\"><strong>Antragsformular<\/strong><\/a>, ausgef\u00fcllt und unterzeichnet<\/li>\n<li>Bargeld oder EC-Karte f\u00fcr die Zahlung<\/li>\n<\/ul>\n<p>Die Kosten f\u00fcr den Reisepass betragen:<\/p>\n<p><strong>\u20ac 116,20<\/strong><\/p>\n<p>Falls dem Generalkonsulat eine eventuelle neue Anschrift NICHT mitgeteilt wurde, muss eine Meldebest\u00e4tigung vorgelegt werden.<\/p>\n<ol start=\"2\">\n<li><strong>Welche Unterlagen sind f\u00fcr den Reisepassantrag meines minderj\u00e4hrigen Kindes vorzulegen? <\/strong><\/li>\n<\/ol>\n<p><strong>Minderj\u00e4hrige unter 12 Jahren<\/strong><\/p>\n<p>Der Reisepass kann per Post und ohne Terminbuchung beantragt werden kann, unter Beachtung der <strong><a href=\"https:\/\/consstoccarda.esteri.it\/wp-content\/uploads\/2025\/11\/info_pass_minori_DE.pdf\">Info zur Antragstellung<\/a> per Post<\/strong><\/p>\n<p><strong>Minderj\u00e4hrige ab 12 Ja<\/strong><strong>hren<\/strong><\/p>\n<p>Minderj\u00e4hrige ab 12 Jahren m\u00fcssen <strong>pers\u00f6nlich<\/strong>, begleitet von <strong>wenigstens einem Elternteil \/ Erziehungsberechtigten<\/strong>, mit folgenden Unterlagen zum Termin erscheinen:<\/p>\n<ul>\n<li><a href=\"https:\/\/consstoccarda.esteri.it\/wp-content\/uploads\/2025\/06\/Domanda-per-rilascio-del-passaporto-a-minorenne_giugno_2025.pdf\"><strong>Antragsformular f\u00fcr Minderj\u00e4hrige <\/strong><\/a>(formell eine Einwilligungserkl\u00e4rung) unterzeichnet von allen Erziehungsberechtigten. <strong>Nicht-EU Mitb\u00fcrger m\u00fcssen die Unterschrift amtlich beglaubigen lassen<\/strong> (Rathaus, Polizei oder Notar) oder m\u00fcssen <strong>pers\u00f6nlich<\/strong> zum Termin <strong>mit g\u00fcltigem Reisepass<\/strong> (nicht Aufenthaltstitel) vorsprechen.<\/li>\n<li>Eventuell vorhandener <strong>Reisepass<\/strong>, oder alternativ anderes Ausweisdokument;<\/li>\n<li>1 aktuelles biometrisches Passbild (KEIN QR- Code) mit wei\u00dfem Hintergrund (nicht \u00e4lter als 6 Monate;<\/li>\n<li><strong>G\u00fcltige Ausweise<\/strong> der Eltern\/ Erziehungsberechtigten (nur f\u00fcr nicht anwesende EU-B\u00fcrger in Kopie)<\/li>\n<\/ul>\n<p><strong>Minderj\u00e4hrige bis 14 Jahren<\/strong> k\u00f6nnen nur in Begleitung <strong>wenigstens<\/strong> <strong>eines Elternteils \/ Erziehungsberechtigten<\/strong> verreisen, der<strong> im Reisepass des Minderj\u00e4hrigen eingetragen<\/strong> ist. Alternativ kann f\u00fcr die Begleitperson(en) oder Reisegesellschaft eine \u201eBescheinigung f\u00fcr Reisen Minderj\u00e4hriger ohne Erziehungsberechtigten\u201c beantragt werden. Diese Bescheinigung kann direkt am Schalter der Passabteilung beantragt werden, <strong>ausschlie\u00dflich<\/strong> <strong>nach<\/strong> <strong>vorheriger Zusendung der kompletten Unterlagen<\/strong> per E-Mail an: <a href=\"mailto:passaporti.stoccarda@esteri.it\">passaporti.stoccarda@esteri.it<\/a><\/p>\n<ol start=\"3\">\n<li><strong>Welche Unterlagen m\u00fcssen bei Verlust oder Diebstahl meines Ausweisdokuments vorgelegt werden.<\/strong><\/li>\n<\/ol>\n<p>Falls wegen <strong>Verlust oder Diebstahl<\/strong> kein Ausweisdokument vorhanden ist, muss eine Verlust- bzw. Diebstahlsanzeige der \u00f6rtlichen Beh\u00f6rden (Polizei oder Fundb\u00fcro) vorgelegt werden.<\/p>\n<p>Diese kann alternativ online bei der <a href=\"https:\/\/www.polizei-bw.de\/onlinewache\/\">Onlinewache<\/a> gestellt werden und wird einige Tage sp\u00e4ter dem Antragsteller per Post zugestellt.<\/p>\n<ol start=\"4\">\n<li><strong>Wie lange ist der Reisepass g\u00fcltig?<\/strong><\/li>\n<\/ol>\n<p>Die G\u00fcltigkeit h\u00e4ngt vom Alter des Inhabers am Tag der Ausstellung ab:<\/p>\n<ul>\n<li><strong>3 Jahre<\/strong> ab Ausstellungsdatum f\u00fcr Minderj\u00e4hrige unter 3 Jahren<\/li>\n<li><strong>5 Jahre<\/strong> ab Ausstellungsdatum f\u00fcr Minderj\u00e4hrige von 3 Jahren bis zur Vollj\u00e4hrigkeit<\/li>\n<li><strong>10 Jahre<\/strong> f\u00fcr Vollj\u00e4hrige<\/li>\n<\/ul>\n<ol start=\"5\">\n<li><strong>Wie bekomme ich den Reisepass?<\/strong><\/li>\n<\/ol>\n<p>Der Reisepass wird, bis auf wenige Ausnahmen, direkt am Tag des Termins gedruckt und nach Zahlung der Geb\u00fchr ausgeh\u00e4ndigt.<\/p>\n<ol start=\"6\">\n<li><strong>Kann ein Termin f\u00fcr andere Personen gebucht werden?<\/strong><\/li>\n<\/ol>\n<p>Ja, es besteht die M\u00f6glichkeit mit dem eigenen Account einen Termin f\u00fcr andere Personen zu buchen. Hierzu muss bei \u201eArt der Terminbuchung\u201c die Option gew\u00e4hlt werden: \u201eReservierung f\u00fcr andere Personen\u201c Danach sind die Daten der anderen Person einzutragen.<\/p>\n<ol start=\"7\">\n<li><strong>K\u00f6nnen mehrere Termine am gleichen Tag gebucht werden?<\/strong><\/li>\n<\/ol>\n<p>Ja, es k\u00f6nnen zus\u00e4tzliche Antragsteller eingetragen werden. Falls der Accountinhaber <strong>auch<\/strong> einen Termin ben\u00f6tigt, w\u00e4hlen Sie die Option \u201eTerminbuchung mit Begleitperson\u201c und anschlie\u00dfend die Anzahl der <strong>zus\u00e4tzlichen<\/strong> Antragsteller. F\u00fcllen Sie danach mit den pers\u00f6nlichen Daten der Antragsteller aus.<\/p>\n<p>Sollte der Accountinhaber <strong>keinen<\/strong> Termin ben\u00f6tigen, w\u00e4hlen Sie \u201eReservierung f\u00fcr andere Personen\u201c und anschlie\u00dfend die Anzahl der <strong>anderen<\/strong> Antragsteller.<\/p>\n<ol start=\"8\">\n<li><strong>Nachgewiesene Verhinderung, das Generalkonsulat pers\u00f6nlich aufzusuchen.<\/strong><\/li>\n<\/ol>\n<p>Nur in Ausnahmef\u00e4llen und bei <strong>belegbarer<\/strong> dauerhafter Verhinderung (Z.B. schwere Krankheit) kann der Reisepass per Post beantragt werden und wird dann auch postalisch zugesendet. In diesem Fall bitte das <strong><a href=\"https:\/\/consstoccarda.esteri.it\/wp-content\/uploads\/2024\/08\/passaporto_maggiorenni_mod.24.pdf\"><u>entsprechende Formular<\/u><\/a><\/strong> ausf\u00fcllen und genau die diesbez\u00fcglichen <strong><a href=\"https:\/\/consstoccarda.esteri.it\/wp-content\/uploads\/2025\/11\/Info-Pass-posta-impedimenti-fisici-DE-1.pdf\"><u>Infos<\/u><\/a> <\/strong>befolgen.<\/p>\n<p>F\u00fcr weitere Informationen bitte an folgende E-Mail-Adresse wenden: <a href=\"mailto:passaporti.stoccarda@esteri.it\">passaporti.stoccarda@esteri.it<\/a><\/p>\n<ol start=\"9\">\n<li><strong>Wie verl\u00e4uft der Termin?<\/strong><\/li>\n<\/ol>\n<p>Am Termin nimmt der\/die Sachbearbeiter\/in die angeforderten Unterlagen entgegen, f\u00fchrt die Identifikation durch und kontrolliert die Aktualit\u00e4t des Fotos sowie der pers\u00f6nlichen Daten. Anschlie\u00dfend werden Fingerabdr\u00fccke und Unterschrift\/en eingescannt. (Dieser Schritt entf\u00e4llt f\u00fcr Minderj\u00e4hrige unter 12 Jahren).<\/p>\n<ol start=\"10\">\n<li><strong>Kann f\u00fcr verheiratete Frauen der Nachname des Ehegatten eingetragen werden?<\/strong><\/li>\n<\/ol>\n<p>Ja, der Nachname des Ehegatten kann, nach Registrierung der Heirat in Italien, auf der 4. Seite des Reisepasses eingetragen werden.<\/p>\n<ol start=\"11\">\n<li><strong>In welche L\u00e4nder kann ich mit dem Reisepass einreisen?<\/strong><\/li>\n<\/ol>\n<p>Der Reisepass berechtigt zur Einreise in alle L\u00e4nder, die von Italien anerkannt sind.<\/p>\n<p>Es wird jedoch darauf hingewiesen, dass f\u00fcr einige Staaten <strong>Einreisevisa<\/strong> ben\u00f6tigt werden. F\u00fcr aktuelle Informationen sollte daher in jedem Fall das Portal des Italienischen Au\u00dfenministeriums<strong>\u00a0 <a href=\"http:\/\/www.viaggiaresicuri.it\/\">Viaggiare Sicuri<\/a><\/strong> und die Webseiten der jeweiligen Konsularischen Vertretungen des Reiseziels eingesehen werden.<\/p>\n<p><strong>DRINGLICHKEIT<\/strong><\/p>\n<p>In absoluten, nachgewiesenen Notf\u00e4llen <strong>(Reisen aus nachweislich dringenden pers\u00f6nlichen, famili\u00e4ren oder gesundheitlichen Gr\u00fcnden oder unaufschiebbaren dienstlichen Gr\u00fcnden) <\/strong>werden die im Konsularbezirk ans\u00e4ssigen Mitb\u00fcrger gebeten, wie folgt vorzugehen:<\/p>\n<ul>\n<li>Einen Termin \u00fcber das Portal <a href=\"https:\/\/prenotami.esteri.it\/\">Prenot@mi<\/a> buchen;<\/li>\n<li>Der Reisepassabteilung per E-Mail (<a href=\"mailto:passaporti.stoccarda@esteri.it\">passaporti.stoccarda@esteri.it<\/a>) den Termin und die dringenden Gr\u00fcnde mitteilen, die relativen Unterlagen sind als Anhang beizuf\u00fcgen.<\/li>\n<\/ul>\n<p>Der Verantwortliche der Abteilung pr\u00fcft die Dringlichkeit und teilt dem Antragsteller die Entscheidung per E-Mail mit. Sollte dem Dringlichkeitsgesuchen stattgegeben werden, ist f\u00fcr die Reisepassausstellung <strong>zus\u00e4tzlich<\/strong> zur regul\u00e4ren Geb\u00fchr von \u20ac 116,20 <strong>auch die Dringlichkeitsgeb\u00fchr von \u20ac 50,00 zu entrichten<\/strong>. (Art. 74 der Geb\u00fchrenordnung f\u00fcr konsularische Dienstleistungen, Anhang zum Gesetzesdekret vom 3 Februar 2011, n. 71, zuletzt aktualisiert laut Gesetzesdekret vom 29 Oktober 2016, n. 221) <strong>Der Reisepass kann NICHT pers\u00f6nlich, ohne Termin beantragt werden.<\/strong><\/p>\n<p>Es wird geraten <u>keine<\/u> Flugtickets zu kaufen, bevor der Reisepass ausgestellt wurde. <strong>Der Besitz von Flugtickets kann nicht als Dringlichkeitsgrund zur Passausstellung betrachtet werden. <\/strong><\/p>\n<p>&nbsp;<\/p>\n<p><strong>EMERGENCY TRAVEL DOCUMENT (ETD)<\/strong><\/p>\n<p><strong>F\u00fcr weitere Info zur Ausstellung des Notreisedokuments <a href=\"https:\/\/consstoccarda.esteri.it\/de\/servizi-consolari-e-visti\/servizi-per-il-cittadino-italiano\/emergency-travel-documents-etd\/\"><u>hier klicken<\/u><\/a><\/strong><\/p>\n<p>&nbsp;<\/p>\n<p><strong>M\u00f6glichkeit der Antragstellung f\u00fcr Reisepass in Mannheim f\u00fcr Ans\u00e4ssige im Bezirk des Italienischen Honorarkonsulats Mannheim<\/strong><\/p>\n<p>Italienische Mitb\u00fcrger, mit Wohnsitz im Bezirk des <a href=\"https:\/\/consolato-onorario-mannheim.de\/?lang=it\"><strong>Italienischen Generalkonsulats Mannheim<\/strong><\/a>, k\u00f6nnen den Reisepass \u00fcber das Honorarkonsulat beantragen und dort die biometrischen Daten hinterlegen. Das\u00a0<a href=\"https:\/\/consolato-onorario-mannheim.de\/?lang=it\"><strong>Italienische Generalkonsulat Mannheim<\/strong><\/a>\u00a0nimmt die Unterlagen entgegen und erfasst die biometrischen Daten (Foto, Fingerabdr\u00fccke, Unterschrift) und leitet den Antrag an dieses Generalkonsulat zur Bearbeitung. Nach erfolgreicher Bearbeitung wird der Reisepass per Einschreiben an die im Passantrag angegebene Adresse gesendet. Voraussetzung hierf\u00fcr ist der <a href=\"https:\/\/serviziconsolarionline.esteri.it\/ScoFE\/index.sco\"><strong>Eintrag im AIRE<\/strong><\/a> mit Wohnsitz im Bezirk des <a href=\"https:\/\/consolato-onorario-mannheim.de\/?lang=it\"><strong>Italienischen Generalkonsulats Mannheim<\/strong><\/a> Landkreise Mannheim, Heidelberg, Rhein-Neckar). Das Honorarkonsulat ist NICHT zust\u00e4ndig f\u00fcr die Registrierung im AIRE.<\/p>\n<p>&nbsp;<\/p>\n","protected":false},"excerpt":{"rendered":"Ben\u00f6tigst Du einen Termin f\u00fcr den Reisepass? Terminbuchung f\u00fcr Reisepass und Personalausweis (CIE) \u00fcber das Portal\u00a0Prenot@mi Aktuell stehen t\u00e4glich neue Termine f\u00fcr REISEPASS und PERSONALAUSWEIS zur Verf\u00fcgung. An jedem Arbeitstag werden um 18:00 Uhr neue Termine f\u00fcr den gleichen Tag der n\u00e4chsten Woche freigeschaltet. Das Generalkonsulat Stuttgart stellt den Reisepass f\u00fcr italienische Mitb\u00fcrger aus, die [&hellip;]","protected":false},"author":3,"featured_media":0,"parent":128,"menu_order":0,"comment_status":"closed","ping_status":"closed","template":"","meta":{"footnotes":""},"class_list":["post-257","page","type-page","status-publish","hentry"],"_links":{"self":[{"href":"https:\/\/consstoccarda.esteri.it\/de\/wp-json\/wp\/v2\/pages\/257","targetHints":{"allow":["GET"]}}],"collection":[{"href":"https:\/\/consstoccarda.esteri.it\/de\/wp-json\/wp\/v2\/pages"}],"about":[{"href":"https:\/\/consstoccarda.esteri.it\/de\/wp-json\/wp\/v2\/types\/page"}],"author":[{"embeddable":true,"href":"https:\/\/consstoccarda.esteri.it\/de\/wp-json\/wp\/v2\/users\/3"}],"replies":[{"embeddable":true,"href":"https:\/\/consstoccarda.esteri.it\/de\/wp-json\/wp\/v2\/comments?post=257"}],"version-history":[{"count":6,"href":"https:\/\/consstoccarda.esteri.it\/de\/wp-json\/wp\/v2\/pages\/257\/revisions"}],"predecessor-version":[{"id":7280,"href":"https:\/\/consstoccarda.esteri.it\/de\/wp-json\/wp\/v2\/pages\/257\/revisions\/7280"}],"up":[{"embeddable":true,"href":"https:\/\/consstoccarda.esteri.it\/de\/wp-json\/wp\/v2\/pages\/128"}],"wp:attachment":[{"href":"https:\/\/consstoccarda.esteri.it\/de\/wp-json\/wp\/v2\/media?parent=257"}],"curies":[{"name":"wp","href":"https:\/\/api.w.org\/{rel}","templated":true}]}}