{"id":32,"date":"2023-02-07T14:02:23","date_gmt":"2023-02-07T13:02:23","guid":{"rendered":"https:\/\/consstoccarda.esteri.it\/servizi-consolari-e-visti\/"},"modified":"2026-04-29T11:06:39","modified_gmt":"2026-04-29T09:06:39","slug":"servizi-consolari-e-visti","status":"publish","type":"page","link":"https:\/\/consstoccarda.esteri.it\/de\/servizi-consolari-e-visti\/","title":{"rendered":"Konsularische Dienstleistungen und Visa"},"content":{"rendered":"<header class=\"entry-header\">\n<section class=\"text-token-text-primary w-full focus:outline-none [--shadow-height:45px] has-data-writing-block:pointer-events-none has-data-writing-block:-mt-(--shadow-height) has-data-writing-block:pt-(--shadow-height) [&amp;:has([data-writing-block])&gt;*]:pointer-events-auto [content-visibility:auto] supports-[content-visibility:auto]:[contain-intrinsic-size:auto_100lvh] R6Vx5W_threadScrollVars scroll-mb-[calc(var(--scroll-root-safe-area-inset-bottom,0px)+var(--thread-response-height))] scroll-mt-[calc(var(--header-height)+min(200px,max(70px,20svh)))]\" dir=\"auto\" data-turn-id=\"request-WEB:dde82ff3-d5f7-4633-8848-bd60c7dce80e-1\" data-testid=\"conversation-turn-4\" data-scroll-anchor=\"false\" data-turn=\"assistant\">\n<div class=\"text-base my-auto mx-auto pb-10 [--thread-content-margin:var(--thread-content-margin-xs,calc(var(--spacing)*4))] @w-sm\/main:[--thread-content-margin:var(--thread-content-margin-sm,calc(var(--spacing)*6))] @w-lg\/main:[--thread-content-margin:var(--thread-content-margin-lg,calc(var(--spacing)*16))] px-(--thread-content-margin)\">\n<div class=\"[--thread-content-max-width:40rem] @w-lg\/main:[--thread-content-max-width:48rem] mx-auto max-w-(--thread-content-max-width) flex-1 group\/turn-messages focus-visible:outline-hidden relative flex w-full min-w-0 flex-col agent-turn\">\n<div class=\"flex max-w-full flex-col gap-4 grow\">\n<div class=\"min-h-8 text-message relative flex w-full flex-col items-end gap-2 text-start break-words whitespace-normal outline-none keyboard-focused:focus-ring [.text-message+&amp;]:mt-1\" dir=\"auto\" tabindex=\"0\" data-message-author-role=\"assistant\" data-message-id=\"235da012-9551-4e1a-bdbd-2e051156827e\" data-message-model-slug=\"gpt-5-3\" data-turn-start-message=\"true\">\n<div class=\"flex w-full flex-col gap-1 empty:hidden\">\n<div class=\"markdown prose dark:prose-invert w-full wrap-break-word light markdown-new-styling\">\n<p data-start=\"0\" data-end=\"393\" data-is-last-node=\"\" data-is-only-node=\"\">F\u00fcr <strong>echte Notf\u00e4lle<\/strong>, die Gesundheitsrisiken oder Gefahren f\u00fcr die pers\u00f6nliche Sicherheit betreffen (wie Todesf\u00e4lle, Festnahmen oder Unf\u00e4lle) von italienischen Staatsb\u00fcrgern in unserem Zust\u00e4ndigkeitsbereich (jedoch <strong>nicht<\/strong> <span style=\"text-decoration: underline;\">f\u00fcr Ausk\u00fcnfte \u00fcber den Stand laufender Verfahren<\/span>) ist au\u00dferhalb der B\u00fcrozeiten, am Wochenende und an Feiertagen von 8 bis 22 Uhr die Notfallnummer 0049 176 34203904 erreichbar.<\/p>\n<\/div>\n<\/div>\n<\/div>\n<\/div>\n<div class=\"z-0 flex min-h-[46px] justify-start\"><\/div>\n<\/div>\n<\/div>\n<\/section>\n<div class=\"pointer-events-none -mt-px h-px translate-y-[calc(var(--scroll-root-safe-area-inset-bottom)-14*var(--spacing))]\" aria-hidden=\"true\"><\/div>\n<h4 class=\"entry-title h3\"><span style=\"font-size: 16px;\">Das italienische Generalkonsulat in Stuttgart bietet folgende Dienstleistungen an:<\/span><\/h4>\n<\/header>\n<div class=\"entry-content\">\n<table class=\"table\" border=\"0\" width=\"1127\" cellpadding=\"0\">\n<tbody>\n<tr>\n<td><strong>Abteilung<\/strong><\/td>\n<td><b>Zust\u00e4ndigkeit<\/b><\/td>\n<td><b>Kontaktdaten und \u00d6ffnungszeiten<\/b><\/td>\n<td><strong>Formulare<\/strong><\/td>\n<\/tr>\n<tr>\n<td><strong>\u00d6ffentlicher Aushang<\/strong><\/td>\n<td>&gt; Eheaufgebote<\/p>\n<p>&gt; Namens\u00e4nderungen<\/td>\n<td><strong><a href=\"https:\/\/consstoccarda.esteri.it\/de\/servizi-consolari-e-visti\/servizi-per-il-cittadino-italiano\/altri-servizi\/albo-consolare\/\" target=\"_blank\" rel=\"noopener\">Link zum \u00f6ffentlichen Aushang<\/a><\/strong><\/td>\n<td>\u2013<\/td>\n<\/tr>\n<tr>\n<td><strong>Vermittlung<\/strong><\/td>\n<td>&gt; F\u00fcr Informationen genereller Natur \u00fcber die konsularischen Dienstleistungen<\/td>\n<td><strong><a href=\"https:\/\/consstoccarda.esteri.it\/de\/chi-siamo\/contatti\/centralino-contatti-e-orari\/\" target=\"_blank\" rel=\"noopener\">Kontakt und \u00d6ffnungszeiten<\/a><\/strong><\/td>\n<td>\u2013<\/td>\n<\/tr>\n<tr>\n<td><strong>AIRE (Meldeamt)<\/strong><\/td>\n<td>&gt; <a href=\"https:\/\/consstoccarda.esteri.it\/de\/servizi-consolari-e-visti\/servizi-per-il-cittadino-italiano\/anagrafe-degli-italiani-residenti-allestero-aire\/\" target=\"_blank\" rel=\"noopener\"><strong>S\u00e4mtliche Informationen<\/strong><\/a><\/p>\n<p>&gt; Antr\u00e4ge in Bezug auf das Melderegister der AuslandsitalienerInnen wie:<\/p>\n<p>&gt; Erstanmeldung<\/p>\n<p>&gt; Adress\u00e4nderung<\/td>\n<td><strong><a href=\"https:\/\/consstoccarda.esteri.it\/it\/chi-siamo\/contatti\/ufficio-demografico-aire-contatti\/\">Kontakt und \u00d6ffnungszeiten<\/a><\/strong><\/td>\n<td><\/td>\n<\/tr>\n<tr>\n<td><strong>Standesamt<\/strong><\/td>\n<td>&gt; <a href=\"https:\/\/consstoccarda.esteri.it\/de\/servizi-consolari-e-visti\/servizi-per-il-cittadino-italiano\/stato-civile\/\" target=\"_blank\" rel=\"noopener\"><strong>S\u00e4mtliche Informationen<\/strong><\/a><\/p>\n<p>&gt; Zust\u00e4ndig f\u00fcr Anmeldung von:<\/p>\n<p>&gt; Geburten<\/p>\n<p>&gt; Eheschliessungen und Scheidungen<\/p>\n<p>&gt; Sterbef\u00e4lle<\/td>\n<td><strong><a href=\"https:\/\/consstoccarda.esteri.it\/it\/chi-siamo\/contatti\/ufficio-demografico-stato-civile-contatti-e-orari\/\" target=\"_blank\" rel=\"noopener\">Kontakt und \u00d6ffnungszeiten<\/a><\/strong><\/td>\n<td><a href=\"https:\/\/consstoccarda.esteri.it\/de\/servizi-consolari-e-visti\/servizi-per-il-cittadino-italiano\/modulistica\/ufficio-demografico-stato-civile-modulistica\/\" target=\"_blank\" rel=\"noopener\"><strong>Formulare<\/strong><\/a><\/td>\n<\/tr>\n<tr>\n<td><strong>Staatsb\u00fcrgerschaft<\/strong><\/td>\n<td><strong>&gt; <\/strong><a href=\"https:\/\/consstoccarda.esteri.it\/de\/servizi-consolari-e-visti\/servizi-per-il-cittadino-italiano\/cittadinanza\/\" target=\"_blank\" rel=\"noopener\"><strong>S\u00e4mtliche Informationen<\/strong><\/a><\/p>\n<p>&gt; Zust\u00e4ndig f\u00fcr Antr\u00e4ge in Bezug auf die italienische Staatsb\u00fcrgerschaft, wie:<\/p>\n<p>&gt; Erwerb<\/p>\n<p>&gt; Anerkennung<\/p>\n<p>&gt; Verzicht<\/td>\n<td><strong><a href=\"https:\/\/consstoccarda.esteri.it\/it\/chi-siamo\/contatti\/ufficio-demografico-cittadinanza-contatti-e-orari\/\" target=\"_blank\" rel=\"noopener\">Kontakt und \u00d6ffnungszeiten<\/a><\/strong><\/td>\n<td><a href=\"https:\/\/consstoccarda.esteri.it\/de\/servizi-consolari-e-visti\/servizi-per-il-cittadino-italiano\/modulistica\/\" target=\"_blank\" rel=\"noopener\"><strong>Formulare<\/strong><\/a><\/td>\n<\/tr>\n<tr>\n<td><strong>Carte d\u2019Identit\u00e0<\/strong><\/td>\n<td>&gt;\u00a0<a href=\"https:\/\/consstoccarda.esteri.it\/it\/?page_id=578&amp;preview=true\" target=\"_blank\" rel=\"noopener\"><strong>Per informazioni:\u00a0clicca qui<\/strong><\/a><\/p>\n<p>&gt; Si occupa di pratiche di Carta d\u2019Identit\u00e0 Elettronica:<\/p>\n<p>&gt; Rilascio \/ Rinnovo<\/p>\n<p>&gt; Duplicato (per smarrimento o furto)<\/p>\n<p>&nbsp;<\/td>\n<td><a href=\"https:\/\/consstoccarda.esteri.it\/de\/chi-siamo\/contatti\/carte-didentita-elettroniche-orari-e-contatti\/\" target=\"_blank\" rel=\"noopener\"><strong>Contatto e orario: clicca qui<\/strong><\/a><\/td>\n<td><a href=\"https:\/\/consstoccarda.esteri.it\/de\/servizi-consolari-e-visti\/servizi-per-il-cittadino-italiano\/modulistica\/carte-didentita-elettroniche-modulistica\/\" target=\"_blank\" rel=\"noopener\"><strong>Formulari: clicca qui<\/strong><\/a><\/td>\n<\/tr>\n<tr>\n<td><strong>Passaporti<\/strong><\/td>\n<td>&gt;\u00a0<a href=\"https:\/\/consstoccarda.esteri.it\/it\/servizi-consolari-e-visti\/servizi-per-il-cittadino-italiano\/passaporti-e-carte-didentita\/\" target=\"_blank\" rel=\"noopener\"><strong>Per informazioni:\u00a0clicca qui<\/strong><\/a><\/p>\n<p>&gt; Si occupa di pratiche relative al Passaporto:<\/p>\n<p>&gt; Rilascio \/ Rinnovo<\/p>\n<p>&gt; Duplicato (per smarrimento o furto)<\/p>\n<p>&nbsp;<\/td>\n<td><a href=\"https:\/\/consstoccarda.esteri.it\/de\/chi-siamo\/contatti\/passaporti-contatti-e-orari\/\" target=\"_blank\" rel=\"noopener\"><strong>Contatto e orario: clicca qui<\/strong><\/a><\/td>\n<td><a href=\"https:\/\/consstoccarda.esteri.it\/de\/servizi-consolari-e-visti\/servizi-per-il-cittadino-italiano\/modulistica\/passaporti-modulistica\/\" target=\"_blank\" rel=\"noopener\"><strong>Formulari: clicca qui<\/strong><\/a><\/td>\n<\/tr>\n<tr>\n<td><strong>Italienische Steuernummer<\/strong><\/td>\n<td>&gt; <a href=\"https:\/\/consstoccarda.esteri.it\/de\/servizi-consolari-e-visti\/servizi-per-il-cittadino-italiano\/codice-fiscale\/\" target=\"_blank\" rel=\"noopener\"><strong>S\u00e4mtliche Informationen<\/strong><\/a><\/p>\n<p>&gt; Zust\u00e4ndig f\u00fcr Antr\u00e4ge in Bezug auf die italienische Steueridentifikationsnummer, wie:<\/p>\n<p>&gt; erste Zuweisung<\/p>\n<p>&gt; Duplikat<\/td>\n<td><a href=\"https:\/\/consstoccarda.esteri.it\/it\/servizi-consolari-e-visti\/servizi-per-il-cittadino-italiano\/altri-servizi\/albo-consolare\/servizio-codice-fiscale-contatti-e-orari\/\" target=\"_blank\" rel=\"noopener\"><strong>Kontakt und \u00d6ffnungszeiten<\/strong><\/a><\/td>\n<td><\/td>\n<\/tr>\n<tr>\n<td><strong>Konsularische Hilfe<\/strong><\/td>\n<td>&gt; <a href=\"https:\/\/consstoccarda.esteri.it\/de\/servizi-consolari-e-visti\/servizi-per-il-cittadino-italiano\/assistenza-ai-cittadini-allestero\/\" target=\"_blank\" rel=\"noopener\"><strong>S\u00e4mtliche Informationen<\/strong><\/a><\/p>\n<p>&gt; Zust\u00e4ndig u.a. f\u00fcr Antr\u00e4ge in Bezug auf:<\/p>\n<p>&gt; finanzielle Unterst\u00fctzungsma\u00dfnahmen (Zusch\u00fcsse, Darlehen)<\/p>\n<p>&gt; rechtliche und notarielle Ausk\u00fcnfte<\/p>\n<p>&gt; Beglaubigungen von \u00dcbersetzungen<\/p>\n<p>&gt; Todesf\u00e4lle und \u00dcberf\u00fchrung des Leichnahms<\/p>\n<p>&nbsp;<\/td>\n<td><a href=\"https:\/\/consstoccarda.esteri.it\/de\/chi-siamo\/contatti\/lasconsnot-contatti-e-orari\/\" target=\"_blank\" rel=\"noopener\"><strong>Kontakt und \u00d6ffnungszeiten<\/strong><\/a><\/td>\n<td><a href=\"https:\/\/consstoccarda.esteri.it\/de\/servizi-consolari-e-visti\/servizi-per-il-cittadino-italiano\/modulistica\/\" target=\"_blank\" rel=\"noopener\"><strong>n\u00fctzliche Listen:<\/strong><\/a><\/p>\n<p>&gt; Beeidete \u00dcbersetzerInnen<\/p>\n<p>&gt; \u00c4rzte und Psychologen<\/p>\n<p>&gt; Anw\u00e4lte<\/p>\n<p>&gt; &#8222;Patronati&#8220;<\/td>\n<\/tr>\n<tr>\n<td><\/td>\n<td><\/td>\n<td><\/td>\n<td><\/td>\n<\/tr>\n<tr>\n<td><strong>Scuole \/ Schulabteilung<\/strong><\/td>\n<td>&gt;\u00a0<a href=\"https:\/\/consstoccarda.esteri.it\/de\/servizi-consolari-e-visti\/servizi-per-il-cittadino-italiano\/ufficio-scuole\/\" target=\"_blank\" rel=\"noopener\"><strong>Per informazioni: clicca qui \/ Informationen: Klicken Sie hier<\/strong><\/a><\/p>\n<ul>\n<li>Promozione del bilinguismo italo-tedesco \/ <em>F\u00f6rderung des Deutsch-Italienischen Bilinguismus<\/em><\/li>\n<li>Corsi di lingua e cultura italiana \/ <em>Italienischer muttersprachlicher Unterricht<\/em><\/li>\n<li>Dichiarazioni di valore di titoli scolastici \/<em> Rechtswerterkl\u00e4rungen von schulischen Bildungsabschl\u00fcssen<\/em><\/li>\n<li>Difficolt\u00e0 nell&#8217;inserimento nelle scuole tedesche \/ <em>Schwierigkeiten bei der Integration in deutschen Schulen<\/em><\/li>\n<\/ul>\n<\/td>\n<td><a href=\"https:\/\/consstoccarda.esteri.it\/de\/chi-siamo\/contatti\/ufficio-scuole-contatti-e-orari\/\" target=\"_blank\" rel=\"noopener\"><strong>Contatto e orario: clicca qui\u00a0<\/strong><\/a><\/p>\n<p>&nbsp;<\/p>\n<p><a href=\"https:\/\/consstoccarda.esteri.it\/de\/chi-siamo\/contatti\/ufficio-scuole-contatti-e-orari\/\" target=\"_blank\" rel=\"noopener\"><strong><em>Kontakt und B\u00fcrozeiten: Klicken Sie hier<\/em><\/strong><\/a><\/td>\n<td><a href=\"https:\/\/consstoccarda.esteri.it\/de\/servizi-consolari-e-visti\/servizi-per-il-cittadino-italiano\/ufficio-scuole\/\" target=\"_blank\" rel=\"noopener\"><strong>Formulari: clicca qui \/<\/strong><\/a><\/p>\n<p>&nbsp;<\/p>\n<p><a href=\"https:\/\/consstoccarda.esteri.it\/de\/servizi-consolari-e-visti\/servizi-per-il-cittadino-italiano\/ufficio-scuole\/\" target=\"_blank\" rel=\"noopener\"><strong> Formulare: Klicken Sie hier<\/strong><\/a><\/td>\n<\/tr>\n<\/tbody>\n<\/table>\n<p>&nbsp;<\/p>\n<h6>Inoltre, sono operativi i seguenti Uffici,\u00a0<strong>solo parzialmente\u00a0<\/strong>aperti al pubblico<\/h6>\n<table class=\"table\" border=\"0\" width=\"1077\" cellpadding=\"0\">\n<tbody>\n<tr>\n<td><strong>UFFICIO<\/strong><\/td>\n<td><strong>COMPETENZE<\/strong><\/td>\n<td><strong>CONTATTI E ORARIO<\/strong><\/td>\n<td><strong>MODULISTICA<\/strong><\/td>\n<\/tr>\n<tr>\n<td><strong>Contabilit\u00e0<\/strong><\/p>\n<p><strong>e amministrazione<\/strong><\/td>\n<td>&gt; Cassa (sportello aperto al pubblico)<\/p>\n<p>&gt; Contabilit\u00e0<\/p>\n<p>&gt; Amministrazione<\/td>\n<td><a href=\"https:\/\/consstoccarda.esteri.it\/de\/chi-siamo\/contatti\/ufficio-amministrativo-e-contabilita-contatti-e-orari\/\" target=\"_blank\" rel=\"noopener\"><strong>Contatto e orario: clicca qui<\/strong><\/a><\/td>\n<td><a href=\"https:\/\/consstoccarda.esteri.it\/de\/servizi-consolari-e-visti\/servizi-per-il-cittadino-italiano\/modulistica\/\" target=\"_blank\" rel=\"noopener\"><strong>Formulari: clicca qui<\/strong><\/a><\/td>\n<\/tr>\n<tr>\n<td><strong>Segreteria del Console Generale<\/strong><\/td>\n<td><span lang=\"IT\">Segreteria\u00a0<\/span><span lang=\"IT\">del Console Generale<\/span><\/p>\n<p><em>(NOTA: per informazioni<\/em><\/p>\n<p><em>contattare\u00a0<strong>esclusivamente il\u00a0<a href=\"https:\/\/consstoccarda.esteri.it\/de\/chi-siamo\/contatti\/centralino-contatti-e-orari\/\" target=\"_blank\" rel=\"noopener\">Centralino<\/a><\/strong>!)<\/em><\/td>\n<td><a href=\"https:\/\/consstoccarda.esteri.it\/de\/chi-siamo\/contatti\/segreteria-del-console-generale\/\" target=\"_blank\" rel=\"noopener\"><strong>Contatto e orario: clicca qui<\/strong><\/a><\/td>\n<td>\u2013<\/td>\n<\/tr>\n<\/tbody>\n<\/table>\n<\/div>\n","protected":false},"excerpt":{"rendered":"F\u00fcr echte Notf\u00e4lle, die Gesundheitsrisiken oder Gefahren f\u00fcr die pers\u00f6nliche Sicherheit betreffen (wie Todesf\u00e4lle, Festnahmen oder Unf\u00e4lle) von italienischen Staatsb\u00fcrgern in unserem Zust\u00e4ndigkeitsbereich (jedoch nicht f\u00fcr Ausk\u00fcnfte \u00fcber den Stand laufender Verfahren) ist au\u00dferhalb der B\u00fcrozeiten, am Wochenende und an Feiertagen von 8 bis 22 Uhr die Notfallnummer 0049 176 34203904 erreichbar. Das italienische Generalkonsulat [&hellip;]","protected":false},"author":1,"featured_media":0,"parent":0,"menu_order":0,"comment_status":"closed","ping_status":"closed","template":"","meta":{"footnotes":""},"class_list":["post-32","page","type-page","status-publish","hentry"],"_links":{"self":[{"href":"https:\/\/consstoccarda.esteri.it\/de\/wp-json\/wp\/v2\/pages\/32","targetHints":{"allow":["GET"]}}],"collection":[{"href":"https:\/\/consstoccarda.esteri.it\/de\/wp-json\/wp\/v2\/pages"}],"about":[{"href":"https:\/\/consstoccarda.esteri.it\/de\/wp-json\/wp\/v2\/types\/page"}],"author":[{"embeddable":true,"href":"https:\/\/consstoccarda.esteri.it\/de\/wp-json\/wp\/v2\/users\/1"}],"replies":[{"embeddable":true,"href":"https:\/\/consstoccarda.esteri.it\/de\/wp-json\/wp\/v2\/comments?post=32"}],"version-history":[{"count":5,"href":"https:\/\/consstoccarda.esteri.it\/de\/wp-json\/wp\/v2\/pages\/32\/revisions"}],"predecessor-version":[{"id":7903,"href":"https:\/\/consstoccarda.esteri.it\/de\/wp-json\/wp\/v2\/pages\/32\/revisions\/7903"}],"wp:attachment":[{"href":"https:\/\/consstoccarda.esteri.it\/de\/wp-json\/wp\/v2\/media?parent=32"}],"curies":[{"name":"wp","href":"https:\/\/api.w.org\/{rel}","templated":true}]}}