{"id":5888,"date":"2025-11-12T10:57:44","date_gmt":"2025-11-12T09:57:44","guid":{"rendered":"https:\/\/consstoccarda.esteri.it\/servizi-consolari-e-visti\/servizi-per-il-cittadino-italiano\/stato-civile\/matrimonio-da-celebrare-in-un-paese-terzo\/"},"modified":"2025-11-12T10:58:23","modified_gmt":"2025-11-12T09:58:23","slug":"matrimonio-da-celebrare-in-un-paese-terzo","status":"publish","type":"page","link":"https:\/\/consstoccarda.esteri.it\/de\/servizi-consolari-e-visti\/servizi-per-il-cittadino-italiano\/stato-civile\/matrimonio-da-celebrare-in-un-paese-terzo\/","title":{"rendered":"Eheschlie\u00dfung in einem Drittstaat"},"content":{"rendered":"<p>Italienische Staatsb\u00fcrgerInnen mit Wohnsitz im Zust\u00e4ndigkeitsbereich unseres Konsulats, die beabsichtigen, in einem <strong>Drittstaat<\/strong> (also weder in Deutschland noch in Italien) zu heiraten, m\u00fcssen sich sowohl an die <strong>\u00f6rtlichen Zivilstandsbeh\u00f6rden<\/strong> des Landes wenden, in dem die Eheschlie\u00dfung stattfinden soll, als auch an das <strong>zust\u00e4ndige italienische Konsulat<\/strong> vor Ort.<\/p>\n<p>Alle Verfahren im Zusammenhang mit Ausstellung Unterlagen zwecks Eheschlie\u00dfung m\u00fcssen deutlich im Voraus eingeleitet werden.<\/p>\n","protected":false},"excerpt":{"rendered":"Italienische Staatsb\u00fcrgerInnen mit Wohnsitz im Zust\u00e4ndigkeitsbereich unseres Konsulats, die beabsichtigen, in einem Drittstaat (also weder in Deutschland noch in Italien) zu heiraten, m\u00fcssen sich sowohl an die \u00f6rtlichen Zivilstandsbeh\u00f6rden des Landes wenden, in dem die Eheschlie\u00dfung stattfinden soll, als auch an das zust\u00e4ndige italienische Konsulat vor Ort. Alle Verfahren im Zusammenhang mit Ausstellung Unterlagen zwecks [&hellip;]","protected":false},"author":32,"featured_media":0,"parent":239,"menu_order":4,"comment_status":"closed","ping_status":"closed","template":"","meta":{"footnotes":""},"class_list":["post-5888","page","type-page","status-publish","hentry"],"_links":{"self":[{"href":"https:\/\/consstoccarda.esteri.it\/de\/wp-json\/wp\/v2\/pages\/5888","targetHints":{"allow":["GET"]}}],"collection":[{"href":"https:\/\/consstoccarda.esteri.it\/de\/wp-json\/wp\/v2\/pages"}],"about":[{"href":"https:\/\/consstoccarda.esteri.it\/de\/wp-json\/wp\/v2\/types\/page"}],"author":[{"embeddable":true,"href":"https:\/\/consstoccarda.esteri.it\/de\/wp-json\/wp\/v2\/users\/32"}],"replies":[{"embeddable":true,"href":"https:\/\/consstoccarda.esteri.it\/de\/wp-json\/wp\/v2\/comments?post=5888"}],"version-history":[{"count":1,"href":"https:\/\/consstoccarda.esteri.it\/de\/wp-json\/wp\/v2\/pages\/5888\/revisions"}],"predecessor-version":[{"id":5891,"href":"https:\/\/consstoccarda.esteri.it\/de\/wp-json\/wp\/v2\/pages\/5888\/revisions\/5891"}],"up":[{"embeddable":true,"href":"https:\/\/consstoccarda.esteri.it\/de\/wp-json\/wp\/v2\/pages\/239"}],"wp:attachment":[{"href":"https:\/\/consstoccarda.esteri.it\/de\/wp-json\/wp\/v2\/media?parent=5888"}],"curies":[{"name":"wp","href":"https:\/\/api.w.org\/{rel}","templated":true}]}}