{"id":5981,"date":"2025-11-12T11:37:33","date_gmt":"2025-11-12T10:37:33","guid":{"rendered":"https:\/\/consstoccarda.esteri.it\/servizi-consolari-e-visti\/servizi-per-il-cittadino-italiano\/stato-civile\/unioni-civilli\/"},"modified":"2025-11-27T18:07:53","modified_gmt":"2025-11-27T17:07:53","slug":"unioni-civilli","status":"publish","type":"page","link":"https:\/\/consstoccarda.esteri.it\/de\/servizi-consolari-e-visti\/servizi-per-il-cittadino-italiano\/stato-civile\/unioni-civilli\/","title":{"rendered":"Eingetragene Partnerschaften"},"content":{"rendered":"<p>Am 5. Juni 2016 ist im italienischen Recht die Gesetzesnummer 76 vom 20. Mai 2016 \u201eRegelung der eingetragenen Partnerschaften zwischen Personen gleichen Geschlechts und Vorschriften \u00fcber das Zusammenleben\u201c in Kraft getreten. Unter anderem regelt dieses Gesetz das Verh\u00e4ltnis zwischen zwei Personen gleichen Geschlechts, das als \u201eeingetragene Partnerschaft\u201c bezeichnet wird und eine \u00c4nderung des Personenstandes der Beteiligten mit sich bringt.<\/p>\n<p>Italienische Staatsb\u00fcrgerInnen, die im Zust\u00e4ndigkeitsbereich des Generalkonsulats von Italien in Stuttgart wohnhaft sind und im Ausland eine eingetragene Partnerschaft begr\u00fcnden m\u00f6chten, m\u00fcssen sich zun\u00e4chst an das deutsche Standesamt wenden, bei dem sie die Partnerschaft schlie\u00dfen m\u00f6chten. Dieses Amt wird eine individuelle Dokumentenliste bereitstellen.<\/p>\n<p>Erst anschlie\u00dfend kann man sich an das f\u00fcr den eigenen Wohnsitz zust\u00e4ndige italienische Konsularamt wenden. Es wird darauf hingewiesen, dass die Verfahren, die der Begr\u00fcndung der eingetragenen Partnerschaft vorausgehen, fr\u00fchzeitig eingeleitet werden m\u00fcssen. F\u00fcr Staatsangeh\u00f6rige, die in unserem Zust\u00e4ndigkeitsbereich wohnen und bereits im AIRE eingetragen sind, kann das Konsulat ausschlie\u00dflich eine Sammelbescheinigung \u00fcber Staatsangeh\u00f6rigkeit, Familienstand und Eintragung in das Konsularregister ausstellen. Ein Ehef\u00e4higkeitszeugnis gem\u00e4\u00df dem \u00dcbereinkommen von M\u00fcnchen 1980 kann nicht ausgestellt werden, da dieses \u00dcbereinkommen nicht auf eingetragene Partnerschaften anwendbar ist.<\/p>\n<p>Italienische Staatsangeh\u00f6rige, die nicht im AIRE eingetragen sind, m\u00fcssen sich an ihre Gemeinde des Wohnsitzes wenden (oder an das zust\u00e4ndige Konsulat, wenn sie im Ausland au\u00dferhalb unseres Zust\u00e4ndigkeitsbereichs wohnhaft sind).<\/p>\n<p>F\u00fcr die Beantragung der Sammelbescheinigung m\u00fcssen folgende Unterlagen per Post an unser Generalkonsulat\u00a0 geschickt werden (Lenzhalde 46, 70192 Stuttgart):<\/p>\n<ul>\n<li><a href=\"https:\/\/consstoccarda.esteri.it\/wp-content\/uploads\/2025\/11\/modello-capacita-matrimoniale-cert-cont-unione-civile.pdf\">Antragsformular<\/a><\/li>\n<li>Kopie eines g\u00fcltigen Ausweisdokuments<\/li>\n<li>Kopie der deutschen erweiterten Meldebescheinigung mit Angabe des Familienstandes und der Staatsangeh\u00f6rigkeit<\/li>\n<li>Zahlungsbest\u00e4tigung \u00fcber die Entrichtung von 15 \u20ac auf das Konto des Generalkonsulats<\/li>\n<li>vorfrankierter und an sich selbst adressierter R\u00fcckumschlag f\u00fcr den Versand der Bescheinigung.<\/li>\n<\/ul>\n<p>Alternativ kann der Antrag pers\u00f6nlich gestellt werden; der Termin ist \u00fcber prenot@mi zu buchen. In diesem Fall muss kein vorfrankierter Umschlag vorgelegt werden.<\/p>\n<p>Sollte die eingetragene Partnerschaft zwei italienische Staatsb\u00fcrgerInnen betreffen, muss f\u00fcr jede Person eine eigene Sammelbescheinigung ausgestellt werden. Es sind daher zwei getrennte Antr\u00e4ge einzureichen. Es wird darauf hingewiesen, dass sich die Ausstellung der Bescheinigungen aufgrund der gesetzlich vorgeschriebenen \u00dcberpr\u00fcfungen verz\u00f6gern kann.<\/p>\n<p>Die im italienischen Recht vorgesehene eingetragene Partnerschaft betrifft ausschlie\u00dflich gleichgeschlechtliche Paare und unterscheidet sich von der Convivenza di Fatto (\u201eLebensgemeinschaft\u201c), die keine \u00c4nderung des Personenstandes mit sich bringt.<\/p>\n<p>Nach der Begr\u00fcndung der eingetragenen Partnerschaft m\u00fcssen folgende Unterlagen per Post eingereicht werden (Ital. Generalkonsulat, Lenzhalde 46, 70192 Stuttgart), damit die Partnerschaft in Italien registriert werden kann:<\/p>\n<ol>\n<li>Original der deutschen Heiratsurkunde (ausgestellt gem\u00e4\u00df dem Wiener \u00dcbereinkommen von 1976),<\/li>\n<li>Kopie der Meldebescheinigung beider Partner der eingetragenen Lebenspartnerschaft,<\/li>\n<li>Kopie eines g\u00fcltigen Ausweisdokuments beider Partner der eingetragenen Lebenspartnerschaft,<\/li>\n<li>Antrag auf Registrierung.<\/li>\n<\/ol>\n<p>Beachten Sie bitte, dass die Registrierung in Italien einer ausl\u00e4ndischen eingetragenen Partnerschaft bzw. einer gleichgeschlechtlichen Ehe eine gesetzliche Pflicht darstellt (DPR 396\/2000).<\/p>\n<p>Die in Deutschland zwischen Personen gleichen Geschlechts geschlossene Ehe muss gem\u00e4\u00df der aktuell geltenden italienischen Gesetzgebung in Italien registriert werden; die Registrierung erfolgt in Form einer eingetragenen Partnerschaft.<\/p>\n","protected":false},"excerpt":{"rendered":"Am 5. Juni 2016 ist im italienischen Recht die Gesetzesnummer 76 vom 20. Mai 2016 \u201eRegelung der eingetragenen Partnerschaften zwischen Personen gleichen Geschlechts und Vorschriften \u00fcber das Zusammenleben\u201c in Kraft getreten. Unter anderem regelt dieses Gesetz das Verh\u00e4ltnis zwischen zwei Personen gleichen Geschlechts, das als \u201eeingetragene Partnerschaft\u201c bezeichnet wird und eine \u00c4nderung des Personenstandes der [&hellip;]","protected":false},"author":32,"featured_media":0,"parent":239,"menu_order":4,"comment_status":"closed","ping_status":"closed","template":"","meta":{"footnotes":""},"class_list":["post-5981","page","type-page","status-publish","hentry"],"_links":{"self":[{"href":"https:\/\/consstoccarda.esteri.it\/de\/wp-json\/wp\/v2\/pages\/5981","targetHints":{"allow":["GET"]}}],"collection":[{"href":"https:\/\/consstoccarda.esteri.it\/de\/wp-json\/wp\/v2\/pages"}],"about":[{"href":"https:\/\/consstoccarda.esteri.it\/de\/wp-json\/wp\/v2\/types\/page"}],"author":[{"embeddable":true,"href":"https:\/\/consstoccarda.esteri.it\/de\/wp-json\/wp\/v2\/users\/32"}],"replies":[{"embeddable":true,"href":"https:\/\/consstoccarda.esteri.it\/de\/wp-json\/wp\/v2\/comments?post=5981"}],"version-history":[{"count":4,"href":"https:\/\/consstoccarda.esteri.it\/de\/wp-json\/wp\/v2\/pages\/5981\/revisions"}],"predecessor-version":[{"id":6570,"href":"https:\/\/consstoccarda.esteri.it\/de\/wp-json\/wp\/v2\/pages\/5981\/revisions\/6570"}],"up":[{"embeddable":true,"href":"https:\/\/consstoccarda.esteri.it\/de\/wp-json\/wp\/v2\/pages\/239"}],"wp:attachment":[{"href":"https:\/\/consstoccarda.esteri.it\/de\/wp-json\/wp\/v2\/media?parent=5981"}],"curies":[{"name":"wp","href":"https:\/\/api.w.org\/{rel}","templated":true}]}}