{"id":5993,"date":"2025-11-12T11:41:38","date_gmt":"2025-11-12T10:41:38","guid":{"rendered":"https:\/\/consstoccarda.esteri.it\/servizi-consolari-e-visti\/servizi-per-il-cittadino-italiano\/stato-civile\/convivenza-di-fatto\/"},"modified":"2025-11-12T11:44:08","modified_gmt":"2025-11-12T10:44:08","slug":"convivenza-di-fatto","status":"publish","type":"page","link":"https:\/\/consstoccarda.esteri.it\/de\/servizi-consolari-e-visti\/servizi-per-il-cittadino-italiano\/stato-civile\/convivenza-di-fatto\/","title":{"rendered":"Nichteheliche Lebensgemeinschaft (Convivenza di fatto)"},"content":{"rendered":"<p>Das am <strong>5. Juni 2016<\/strong> in Kraft getretene<strong> Gesetz Nr. 76\/2016<\/strong> sieht vor, dass bestimmte Rechte und Pflichten, die normalerweise aus der Ehe entstehen, auch aus einer <strong>stabilen, amtlich eingetragene Lebensgemeinschaft<\/strong> abgeleitet werden k\u00f6nnen.<br \/>\nDie Lebensgemeinschaft wird nicht nur durch eine <strong>amtliche Meldung beim Einwohnermeldeamt<\/strong> festgestellt, sondern unterscheidet sich von einer blo\u00dfen Wohngemeinschaft durch das <strong>Bestehen einer partnerschaftlichen, affektiven Bindung<\/strong>.<\/p>\n<p>Die <strong>nichteheliche Lebensgemeinschaft<\/strong> muss beim f\u00fcr den <strong>Wohnsitzbereich zust\u00e4ndigen Konsulat<\/strong> angezeigt werden, unter Verwendung des daf\u00fcr vorgesehenen <a href=\"https:\/\/consstoccarda.esteri.it\/wp-content\/uploads\/2025\/11\/Dichiarazione-convivenza.pdf\"><strong>Formulars<\/strong><\/a>.<br \/>\nEbenso m\u00fcssen <strong>alle \u00c4nderungen<\/strong>, die nach der Begr\u00fcndung der Lebensgemeinschaft eintreten, dem Konsulat gemeldet werden.<\/p>\n<p>Ein <strong>Adresswechsel nur eines der Partner<\/strong> f\u00fchrt automatisch zur <strong>Beendigung der Lebensgemeinschaft<\/strong>.<\/p>\n<p>Im Falle von <strong>im Ausland ans\u00e4ssigen B\u00fcrgern<\/strong> ist es jedoch <strong>nicht m\u00f6glich<\/strong>, eine Lebensgemeinschaft zwischen einem <strong>italienischen Staatsb\u00fcrger und einem ausl\u00e4ndischen B\u00fcrger<\/strong> registrieren zu lassen.<\/p>\n<p>&nbsp;<\/p>\n","protected":false},"excerpt":{"rendered":"Das am 5. Juni 2016 in Kraft getretene Gesetz Nr. 76\/2016 sieht vor, dass bestimmte Rechte und Pflichten, die normalerweise aus der Ehe entstehen, auch aus einer stabilen, amtlich eingetragene Lebensgemeinschaft abgeleitet werden k\u00f6nnen. Die Lebensgemeinschaft wird nicht nur durch eine amtliche Meldung beim Einwohnermeldeamt festgestellt, sondern unterscheidet sich von einer blo\u00dfen Wohngemeinschaft durch das [&hellip;]","protected":false},"author":32,"featured_media":0,"parent":239,"menu_order":4,"comment_status":"closed","ping_status":"closed","template":"","meta":{"footnotes":""},"class_list":["post-5993","page","type-page","status-publish","hentry"],"_links":{"self":[{"href":"https:\/\/consstoccarda.esteri.it\/de\/wp-json\/wp\/v2\/pages\/5993","targetHints":{"allow":["GET"]}}],"collection":[{"href":"https:\/\/consstoccarda.esteri.it\/de\/wp-json\/wp\/v2\/pages"}],"about":[{"href":"https:\/\/consstoccarda.esteri.it\/de\/wp-json\/wp\/v2\/types\/page"}],"author":[{"embeddable":true,"href":"https:\/\/consstoccarda.esteri.it\/de\/wp-json\/wp\/v2\/users\/32"}],"replies":[{"embeddable":true,"href":"https:\/\/consstoccarda.esteri.it\/de\/wp-json\/wp\/v2\/comments?post=5993"}],"version-history":[{"count":2,"href":"https:\/\/consstoccarda.esteri.it\/de\/wp-json\/wp\/v2\/pages\/5993\/revisions"}],"predecessor-version":[{"id":5999,"href":"https:\/\/consstoccarda.esteri.it\/de\/wp-json\/wp\/v2\/pages\/5993\/revisions\/5999"}],"up":[{"embeddable":true,"href":"https:\/\/consstoccarda.esteri.it\/de\/wp-json\/wp\/v2\/pages\/239"}],"wp:attachment":[{"href":"https:\/\/consstoccarda.esteri.it\/de\/wp-json\/wp\/v2\/media?parent=5993"}],"curies":[{"name":"wp","href":"https:\/\/api.w.org\/{rel}","templated":true}]}}