{"id":6017,"date":"2025-11-12T11:52:07","date_gmt":"2025-11-12T10:52:07","guid":{"rendered":"https:\/\/consstoccarda.esteri.it\/servizi-consolari-e-visti\/servizi-per-il-cittadino-italiano\/stato-civile\/decesso\/"},"modified":"2025-11-12T11:52:45","modified_gmt":"2025-11-12T10:52:45","slug":"decesso","status":"publish","type":"page","link":"https:\/\/consstoccarda.esteri.it\/de\/servizi-consolari-e-visti\/servizi-per-il-cittadino-italiano\/stato-civile\/decesso\/","title":{"rendered":"Todesf\u00e4lle"},"content":{"rendered":"<p>Die <strong>Sterbeurkunden italienischer Staatsb\u00fcrgerInnen<\/strong>, die in <strong>Deutschland<\/strong> verstorben sind, werden dem Konsulat vom <strong>deutschen Standesamt (Ufficio di Stato Civile)<\/strong> \u00fcbermittelt.<br \/>\nDas Konsulat sorgt anschlie\u00dfend f\u00fcr die <strong>Weiterleitung der Urkunden nach Italien<\/strong> zur <strong>Eintragung in die entsprechenden Register<\/strong>.<\/p>\n<p>Es wird empfohlen, beim Konsulat <strong>nachzufragen<\/strong>, ob der betreffende <strong>Sterbeeintrag bereits eingegangen<\/strong> ist.<\/p>\n","protected":false},"excerpt":{"rendered":"Die Sterbeurkunden italienischer Staatsb\u00fcrgerInnen, die in Deutschland verstorben sind, werden dem Konsulat vom deutschen Standesamt (Ufficio di Stato Civile) \u00fcbermittelt. Das Konsulat sorgt anschlie\u00dfend f\u00fcr die Weiterleitung der Urkunden nach Italien zur Eintragung in die entsprechenden Register. Es wird empfohlen, beim Konsulat nachzufragen, ob der betreffende Sterbeeintrag bereits eingegangen ist.","protected":false},"author":32,"featured_media":0,"parent":239,"menu_order":4,"comment_status":"closed","ping_status":"closed","template":"","meta":{"footnotes":""},"class_list":["post-6017","page","type-page","status-publish","hentry"],"_links":{"self":[{"href":"https:\/\/consstoccarda.esteri.it\/de\/wp-json\/wp\/v2\/pages\/6017","targetHints":{"allow":["GET"]}}],"collection":[{"href":"https:\/\/consstoccarda.esteri.it\/de\/wp-json\/wp\/v2\/pages"}],"about":[{"href":"https:\/\/consstoccarda.esteri.it\/de\/wp-json\/wp\/v2\/types\/page"}],"author":[{"embeddable":true,"href":"https:\/\/consstoccarda.esteri.it\/de\/wp-json\/wp\/v2\/users\/32"}],"replies":[{"embeddable":true,"href":"https:\/\/consstoccarda.esteri.it\/de\/wp-json\/wp\/v2\/comments?post=6017"}],"version-history":[{"count":2,"href":"https:\/\/consstoccarda.esteri.it\/de\/wp-json\/wp\/v2\/pages\/6017\/revisions"}],"predecessor-version":[{"id":6023,"href":"https:\/\/consstoccarda.esteri.it\/de\/wp-json\/wp\/v2\/pages\/6017\/revisions\/6023"}],"up":[{"embeddable":true,"href":"https:\/\/consstoccarda.esteri.it\/de\/wp-json\/wp\/v2\/pages\/239"}],"wp:attachment":[{"href":"https:\/\/consstoccarda.esteri.it\/de\/wp-json\/wp\/v2\/media?parent=6017"}],"curies":[{"name":"wp","href":"https:\/\/api.w.org\/{rel}","templated":true}]}}