{"id":6093,"date":"2025-11-18T11:48:44","date_gmt":"2025-11-18T10:48:44","guid":{"rendered":"https:\/\/consstoccarda.esteri.it\/servizi-consolari-e-visti\/servizi-per-il-cittadino-italiano\/cittadinanza\/cittadinanza-per-discendenza\/"},"modified":"2025-11-19T08:59:34","modified_gmt":"2025-11-19T07:59:34","slug":"cittadinanza-per-discendenza","status":"publish","type":"page","link":"https:\/\/consstoccarda.esteri.it\/de\/servizi-consolari-e-visti\/servizi-per-il-cittadino-italiano\/cittadinanza\/cittadinanza-per-discendenza\/","title":{"rendered":"Staatsb\u00fcrgerschaft durch Abstammung"},"content":{"rendered":"<p data-start=\"92\" data-end=\"189\">Die Abteilung empf\u00e4ngt nach vorheriger Terminvereinbarung \u00fcber das Portal <strong data-start=\"92\" data-end=\"189\"><a href=\"https:\/\/prenotami.esteri.it\/\"><em data-start=\"175\" data-end=\"186\">Prenot@mi<\/em><\/a>.<\/strong><\/p>\n<p data-start=\"191\" data-end=\"376\"><strong>Bitte lesen Sie sorgf\u00e4ltig die Informationen \u00fcber die erforderliche Dokumentation<\/strong>. Am Tag des vereinbarten Termins wird der Antrag formalisiert, einschlie\u00dflich der vorgesehenen Geb\u00fchren und Abgaben.<\/p>\n<p data-start=\"378\" data-end=\"611\">Seit dem Fr\u00fchjahr 2025 gelten wichtige Gesetzes\u00e4nderungen im Bezug auf die italienische Staatsangeh\u00f6rigkeit. Das Gesetz vom 5. Februar 1992, Nr. 91 wurde dadurch reformiert. Der neue vollst\u00e4ndige Gesetzestext ist unter folgendem <a href=\"https:\/\/www.normattiva.it\/uri-res\/N2Ls?urn:nir:stato:legge:1992-02-05;91!vig=\">Link<\/a> verf\u00fcgbar.<\/p>\n<p data-start=\"613\" data-end=\"680\">Besondere Aufmerksamkeit wird auf den neuen <strong data-start=\"657\" data-end=\"671\">Art. 3-bis<\/strong> gelenkt:<\/p>\n<p data-start=\"682\" data-end=\"915\">(\u2026), als <strong>nie im Besitz der italienischen Staatsangeh\u00f6rigkeit<\/strong> gilt, wer im Ausland geboren wurde \u2013 auch vor dem Inkrafttreten dieses Artikels \u2013 und eine andere Staatsangeh\u00f6rigkeit besitzt, <strong>au\u00dfer<\/strong> es liegt einer der folgenden F\u00e4lle vor:<\/p>\n<p data-start=\"917\" data-end=\"1251\">a) Der Status als Staatsb\u00fcrgerIn der betroffenen Person wird \u2013 unter Einhaltung der zum 27. M\u00e4rz 2025 geltenden Vorschriften \u2013 anerkannt aufgrund eines Antrags, versehen mit der erforderlichen Dokumentation, der bis sp\u00e4testens 23:59 Uhr (italienische Zeit) desselben Datums beim zust\u00e4ndigen Konsulat oder B\u00fcrgermeister eingereicht wurde;<\/p>\n<p data-start=\"1253\" data-end=\"1632\">a-bis) Der Status als Staatsb\u00fcrgerIn der betroffenen Person wird \u2013 unter Einhaltung der zum 27. M\u00e4rz 2025 geltenden Vorschriften \u2013 anerkannt aufgrund eines Antrags, versehen mit der erforderlichen Dokumentation, der am Tag des Termins eingereicht wurde, welcher der betroffenen Person vom zust\u00e4ndigen Amt bis sp\u00e4testens 23:59 Uhr (italienische Zeit) des 27. M\u00e4rz 2025 mitgeteilt wurde;<\/p>\n<p data-start=\"1634\" data-end=\"1902\">b) Der Status als Staatsb\u00fcrgerIn der betroffenen Person wird \u2013 unter Einhaltung der zum 27. M\u00e4rz 2025 geltenden Vorschriften \u2013 gerichtlich festgestellt aufgrund eines gerichtlichen Antrags, der bis sp\u00e4testens 23:59 Uhr (italienische Zeit) desselben Datums eingereicht wurde;<\/p>\n<p data-start=\"1904\" data-end=\"2044\">c) Ein Vorfahr ersten oder zweiten Grades besitzt oder besa\u00df zum Zeitpunkt seines Todes ausschlie\u00dflich die italienische Staatsangeh\u00f6rigkeit;<\/p>\n<p data-start=\"2046\" data-end=\"2247\">d) Ein Elternteil oder Adoptivelternteil war nach Erwerb der italienischen Staatsangeh\u00f6rigkeit und vor der Geburt oder Adoption des Kindes mindestens zwei aufeinanderfolgende Jahre in Italien wohnhaft.<\/p>\n<p data-start=\"2249\" data-end=\"2375\">Daher wird gem\u00e4\u00df dem neuen Gesetz Nr. 91 von 1992 als italienischer Staatsb\u00fcrger\/italienische Staatsb\u00fcrgerin <em data-start=\"2330\" data-end=\"2346\">iure sanguinis<\/em> (seit der Geburt) anerkannt:<\/p>\n<ul data-start=\"2377\" data-end=\"2718\">\n<li data-start=\"2377\" data-end=\"2449\">\n<p data-start=\"2379\" data-end=\"2449\">der bzw. die AntragstellerIn, der bzw. die in Italien geboren wurde, unabh\u00e4ngig vom Datum;<\/p>\n<\/li>\n<li data-start=\"2450\" data-end=\"2595\">\n<p data-start=\"2452\" data-end=\"2595\">der bzw. die AntragstellerIn, der bzw. die ausschlie\u00dflich die italienische Staatsangeh\u00f6rigkeit besitzt, d. h. keine andere Staatsangeh\u00f6rigkeit hat oder haben kann;<\/p>\n<\/li>\n<li data-start=\"2596\" data-end=\"2718\">\n<p data-start=\"2598\" data-end=\"2718\">der bzw. die AntragstellerIn, der bzw. die unter einen der in den Buchstaben a), a-bis), b), c) und d) des Art. 3-bis genannten F\u00e4lle f\u00e4llt.<\/p>\n<\/li>\n<\/ul>\n<p data-start=\"2720\" data-end=\"2807\"><strong>Daraus ergibt sich, dass nur folgende Antr\u00e4ge der vorher geltenden Regelung unterliegen:<\/strong><\/p>\n<ul data-start=\"2809\" data-end=\"3252\">\n<li data-start=\"2809\" data-end=\"2977\">\n<p data-start=\"2811\" data-end=\"2977\">Antr\u00e4ge, die vor dem 27. M\u00e4rz 2025 um 23:59 Uhr (italienischer Zeit), versehen mit der erforderlichen Dokumentation, eingereicht wurden, folgen der fr\u00fcheren Regelung;<\/p>\n<\/li>\n<li data-start=\"2978\" data-end=\"3252\">\n<p data-start=\"2980\" data-end=\"3252\">Antr\u00e4ge, versehen mit der erforderlichen Dokumentation, die am Tag eines vom zust\u00e4ndigen Amt festgelegten und dem Betroffenen bis sp\u00e4testens 23:59 Uhr (R\u00f6mische Zeit) des 27. M\u00e4rz 2025 mitgeteilten Termins beim Konsularamt eingereicht wurden, folgen der fr\u00fcheren Regelung.<\/p>\n<\/li>\n<\/ul>\n<p data-start=\"3254\" data-end=\"3366\">In allen anderen F\u00e4llen wird auf die Antr\u00e4ge die neue Gesetzeslage angewendet, insbesondere in folgenden F\u00e4llen:<\/p>\n<ul data-start=\"3368\" data-end=\"3588\">\n<li data-start=\"3368\" data-end=\"3437\">\n<p data-start=\"3370\" data-end=\"3437\"><a href=\"https:\/\/consstoccarda.esteri.it\/de\/servizi-consolari-e-visti\/servizi-per-il-cittadino-italiano\/cittadinanza\/cittadinanza-per-discendenza\/cittadinanza-iure-sanguinis-per-minorenni-con-beneficio-di-legge\/\">Erwerb der Staatsangeh\u00f6rigkeit <em data-start=\"3401\" data-end=\"3417\">iure sanguinis<\/em> f\u00fcr Minderj\u00e4hrige, die nach dem 24.05.2025 geboren wurden<\/a><\/p>\n<\/li>\n<li data-start=\"3438\" data-end=\"3535\">\n<p data-start=\"3440\" data-end=\"3535\"><a href=\"https:\/\/consstoccarda.esteri.it\/de\/servizi-consolari-e-visti\/servizi-per-il-cittadino-italiano\/cittadinanza\/cittadinanza-per-discendenza\/acquisto-della-cittadinanza-italiana-iure-sanguinis-per-minorenni-al-24-05-2025-beneficio-di-legge\/\">Erwerb der italienischen Staatsangeh\u00f6rigkeit <em data-start=\"3485\" data-end=\"3501\">iure sanguinis<\/em> f\u00fcr Minderj\u00e4hrige am 24.05.2025<\/a><\/p>\n<\/li>\n<li data-start=\"3536\" data-end=\"3588\">\n<p data-start=\"3538\" data-end=\"3588\"><a href=\"https:\/\/consstoccarda.esteri.it\/de\/servizi-consolari-e-visti\/servizi-per-il-cittadino-italiano\/cittadinanza\/cittadinanza-per-discendenza\/acquisto-della-cittadinanza-per-iure-sanguinis-per-maggiorenni-al-24-05-2025\/\">Antrag auf Erwerb <em data-start=\"3556\" data-end=\"3572\">iure sanguinis<\/em> f\u00fcr Vollj\u00e4hrige am 24.05.2025<\/a><\/p>\n<\/li>\n<\/ul>\n<p>&nbsp;<\/p>\n","protected":false},"excerpt":{"rendered":"Die Abteilung empf\u00e4ngt nach vorheriger Terminvereinbarung \u00fcber das Portal Prenot@mi. Bitte lesen Sie sorgf\u00e4ltig die Informationen \u00fcber die erforderliche Dokumentation. Am Tag des vereinbarten Termins wird der Antrag formalisiert, einschlie\u00dflich der vorgesehenen Geb\u00fchren und Abgaben. Seit dem Fr\u00fchjahr 2025 gelten wichtige Gesetzes\u00e4nderungen im Bezug auf die italienische Staatsangeh\u00f6rigkeit. Das Gesetz vom 5. Februar 1992, Nr. [&hellip;]","protected":false},"author":32,"featured_media":0,"parent":1688,"menu_order":6,"comment_status":"closed","ping_status":"closed","template":"","meta":{"footnotes":""},"class_list":["post-6093","page","type-page","status-publish","hentry"],"_links":{"self":[{"href":"https:\/\/consstoccarda.esteri.it\/de\/wp-json\/wp\/v2\/pages\/6093","targetHints":{"allow":["GET"]}}],"collection":[{"href":"https:\/\/consstoccarda.esteri.it\/de\/wp-json\/wp\/v2\/pages"}],"about":[{"href":"https:\/\/consstoccarda.esteri.it\/de\/wp-json\/wp\/v2\/types\/page"}],"author":[{"embeddable":true,"href":"https:\/\/consstoccarda.esteri.it\/de\/wp-json\/wp\/v2\/users\/32"}],"replies":[{"embeddable":true,"href":"https:\/\/consstoccarda.esteri.it\/de\/wp-json\/wp\/v2\/comments?post=6093"}],"version-history":[{"count":6,"href":"https:\/\/consstoccarda.esteri.it\/de\/wp-json\/wp\/v2\/pages\/6093\/revisions"}],"predecessor-version":[{"id":6340,"href":"https:\/\/consstoccarda.esteri.it\/de\/wp-json\/wp\/v2\/pages\/6093\/revisions\/6340"}],"up":[{"embeddable":true,"href":"https:\/\/consstoccarda.esteri.it\/de\/wp-json\/wp\/v2\/pages\/1688"}],"wp:attachment":[{"href":"https:\/\/consstoccarda.esteri.it\/de\/wp-json\/wp\/v2\/media?parent=6093"}],"curies":[{"name":"wp","href":"https:\/\/api.w.org\/{rel}","templated":true}]}}