{"id":6115,"date":"2025-11-18T11:56:14","date_gmt":"2025-11-18T10:56:14","guid":{"rendered":"https:\/\/consstoccarda.esteri.it\/servizi-consolari-e-visti\/servizi-per-il-cittadino-italiano\/cittadinanza\/cittadinanza-per-discendenza\/cittadinanza-iure-sanguinis-per-minorenni-con-beneficio-di-legge\/"},"modified":"2026-01-08T11:48:21","modified_gmt":"2026-01-08T10:48:21","slug":"cittadinanza-iure-sanguinis-per-minorenni-con-beneficio-di-legge","status":"publish","type":"page","link":"https:\/\/consstoccarda.esteri.it\/de\/servizi-consolari-e-visti\/servizi-per-il-cittadino-italiano\/cittadinanza\/cittadinanza-per-discendenza\/cittadinanza-iure-sanguinis-per-minorenni-con-beneficio-di-legge\/","title":{"rendered":"Staatsangeh\u00f6rigkeit iure sanguinis f\u00fcr Minderj\u00e4hrige (geboren nach dem 24.05.2025 &#8211; kraft Gesetzes)"},"content":{"rendered":"<p>Falls der italienische Elternteil die italienische Staatsb\u00fcrgerschaft\u00a0<strong>nicht automatisch \u00fcbertr\u00e4gt<\/strong>\u00a0(z.\u202fB. bei Abstammung von einem italienischen Urgro\u00dfvater), besteht die M\u00f6glichkeit, dass das Kind die Staatsb\u00fcrgerschaft\u00a0durch\u00a0<a href=\"https:\/\/consstoccarda.esteri.it\/wp-content\/uploads\/2026\/01\/PDF-docu-dichiarazione-di-volonta-di-acquisto-2026-deu.pdf\"><strong>gesetzlichen Anspruch (\u201eper beneficio di legge\u201c)<\/strong><\/a>\u00a0erwerben kann.<\/p>\n<p><strong>Der Antrag muss von beiden Elternteilen gestellt werden, und zwar<\/strong>\u00a0durch eine pers\u00f6nliche Erkl\u00e4rung der Eltern. Diese Erkl\u00e4rung muss innerhalb\u00a0<strong>von drei Jahren nach der Geburt <\/strong>(bzw. nach der Anerkennung des Kindes vonseiten des italienischen Elternteils)\u00a0f\u00fcr jene Kinder, die\u00a0<strong>nach dem 24.\u00a0<\/strong><strong>Mai 2025 geboren wurden, vorgenommen werden<\/strong>.<\/p>\n<p>Die italienische Staatsb\u00fcrgerschaft wird in diesem Fall\u00a0<strong>nicht r\u00fcckwirkend ab Geburt<\/strong>, sondern\u00a0<strong>ab dem Tag nach Abgabe der Erkl\u00e4rung<\/strong>\u00a0erworben.<\/p>\n<p><strong>F\u00fcr Antr\u00e4ge auf Erwerb der italienischen Staatsb\u00fcrgerschaft durch gesetzlichen Anspruch ist ein Vorsprachetermin zwingend erforderlich. Hierf\u00fcr muss ein Email (statocivile.stoccarda@esteri.it) mit Betreff \u201cANTRAG AUF ERWERB DURCH GESETZLICHEN ANSPRUCH\u201d) gestellt werden.<\/strong><\/p>\n<p><span style=\"text-decoration: underline;\">Wenn die Eltern\u00a0<strong>keine Erkl\u00e4rung<\/strong>\u00a0abgeben, wird davon ausgegangen, dass das Kind\u00a0<strong>eine andere Staatsangeh\u00f6rigkeit besitzt<\/strong>\u00a0und daher\u00a0<strong>nicht berechtigt ist<\/strong>, die italienische Staatsb\u00fcrgerschaft auf diesem Wege zu erwerben.<\/span><\/p>\n","protected":false},"excerpt":{"rendered":"Falls der italienische Elternteil die italienische Staatsb\u00fcrgerschaft\u00a0nicht automatisch \u00fcbertr\u00e4gt\u00a0(z.\u202fB. bei Abstammung von einem italienischen Urgro\u00dfvater), besteht die M\u00f6glichkeit, dass das Kind die Staatsb\u00fcrgerschaft\u00a0durch\u00a0gesetzlichen Anspruch (\u201eper beneficio di legge\u201c)\u00a0erwerben kann. Der Antrag muss von beiden Elternteilen gestellt werden, und zwar\u00a0durch eine pers\u00f6nliche Erkl\u00e4rung der Eltern. Diese Erkl\u00e4rung muss innerhalb\u00a0von drei Jahren nach der Geburt (bzw. nach [&hellip;]","protected":false},"author":32,"featured_media":0,"parent":6093,"menu_order":8,"comment_status":"closed","ping_status":"closed","template":"","meta":{"footnotes":""},"class_list":["post-6115","page","type-page","status-publish","hentry"],"_links":{"self":[{"href":"https:\/\/consstoccarda.esteri.it\/de\/wp-json\/wp\/v2\/pages\/6115","targetHints":{"allow":["GET"]}}],"collection":[{"href":"https:\/\/consstoccarda.esteri.it\/de\/wp-json\/wp\/v2\/pages"}],"about":[{"href":"https:\/\/consstoccarda.esteri.it\/de\/wp-json\/wp\/v2\/types\/page"}],"author":[{"embeddable":true,"href":"https:\/\/consstoccarda.esteri.it\/de\/wp-json\/wp\/v2\/users\/32"}],"replies":[{"embeddable":true,"href":"https:\/\/consstoccarda.esteri.it\/de\/wp-json\/wp\/v2\/comments?post=6115"}],"version-history":[{"count":7,"href":"https:\/\/consstoccarda.esteri.it\/de\/wp-json\/wp\/v2\/pages\/6115\/revisions"}],"predecessor-version":[{"id":6881,"href":"https:\/\/consstoccarda.esteri.it\/de\/wp-json\/wp\/v2\/pages\/6115\/revisions\/6881"}],"up":[{"embeddable":true,"href":"https:\/\/consstoccarda.esteri.it\/de\/wp-json\/wp\/v2\/pages\/6093"}],"wp:attachment":[{"href":"https:\/\/consstoccarda.esteri.it\/de\/wp-json\/wp\/v2\/media?parent=6115"}],"curies":[{"name":"wp","href":"https:\/\/api.w.org\/{rel}","templated":true}]}}