{"id":6171,"date":"2025-11-18T12:35:36","date_gmt":"2025-11-18T11:35:36","guid":{"rendered":"https:\/\/consstoccarda.esteri.it\/servizi-consolari-e-visti\/servizi-per-il-cittadino-italiano\/cittadinanza\/cittadinanza-per-discendenza\/acquisto-della-cittadinanza-italiana-iure-sanguinis-per-minorenni-al-24-05-2025-beneficio-di-legge\/"},"modified":"2026-01-08T11:20:39","modified_gmt":"2026-01-08T10:20:39","slug":"acquisto-della-cittadinanza-italiana-iure-sanguinis-per-minorenni-al-24-05-2025-beneficio-di-legge","status":"publish","type":"page","link":"https:\/\/consstoccarda.esteri.it\/de\/servizi-consolari-e-visti\/servizi-per-il-cittadino-italiano\/cittadinanza\/cittadinanza-per-discendenza\/acquisto-della-cittadinanza-italiana-iure-sanguinis-per-minorenni-al-24-05-2025-beneficio-di-legge\/","title":{"rendered":"Erwerb der italienischen Staatsangeh\u00f6rigkeit iure sanguinis f\u00fcr Minderj\u00e4hrige am 24.05.2025 (kraft Gesetzes)"},"content":{"rendered":"<p>Gem\u00e4\u00df den neuen gesetzlichen Bestimmungen (Art. 1, Absatz 1-ter Gesetzesdekret Nr. 36\/2025) k\u00f6nnen die Kinder italienischer Staatsb\u00fcrger (durch Geburt), die nicht automatisch die italienische Staatsb\u00fcrgerschaft erhalten, die italienische Staatsangeh\u00f6rigkeit kraft Gesetzes erwerben, wenn alle folgenden Voraussetzungen erf\u00fcllt sind:<\/p>\n<ul>\n<li>Der bzw. AntragstellerIn war\u00a0<strong>am Tag des Inkrafttretens des Umwandlungsgesetzes minderj\u00e4hrig<\/strong>, das hei\u00dft,\u00a0<strong>am 24. Mai 2025 unter 18 Jahre alt<\/strong>;<\/li>\n<li>Der bzw. AntragstellerIn ist\u00a0<strong>Kind von Eltern, die von Geburt an italienische Staatsb\u00fcrger sind<\/strong>, die sich in einer der in den\u00a0<strong>Buchstaben a), a-bis) und b) des Artikels 3-bis des Gesetzes Nr. 91\/1992<\/strong>\u00a0genannten Situationen befinden: Die Eltern m\u00fcssen aufgrund eines\u00a0<strong>Verwaltungs- oder Gerichtsverfahrens<\/strong>\u00a0als italienische Staatsb\u00fcrger anerkannt worden sein,\u00a0<strong>wenn der Antrag bis sp\u00e4testens 23:59 Uhr am 27. M\u00e4rz 2025<\/strong>\u00a0eingereicht wurde, oder auf der Grundlage eines\u00a0<strong>Termins<\/strong>, der vom Konsulat oder der Gemeinde\u00a0<strong>bis zu diesem Datum<\/strong>\u00a0mitgeteilt wurde;<\/li>\n<li>Die\u00a0<strong>Erkl\u00e4rung der Eltern oder des Vormunds<\/strong>\u00a0muss\u00a0<strong>bis sp\u00e4testens 31. Mai 2026<\/strong>\u00a0beim\u00a0<strong>Konsulat<\/strong>\u00a0eingereicht werden.<br \/>\nWenn die betroffene Person, die am 24. Mai 2025 minderj\u00e4hrig war, inzwischen\u00a0<strong>vollj\u00e4hrig<\/strong>\u00a0wird, muss\u00a0<strong>sie selbst die Erkl\u00e4rung<\/strong>\u00a0innerhalb desselben Termins abgeben.<\/li>\n<\/ul>\n<p>Die\u00a0<strong>Erkl\u00e4rungen m\u00fcssen pers\u00f6nlich beim Konsulat<\/strong>\u00a0vor\u00a0<strong>beauftragten Standesbeamten<\/strong>\u00a0abgegeben werden.<\/p>\n<p><strong>Bitte kontaktieren Sie umgehend das Amt per E-Mail unter\u00a0<a class=\"decorated-link cursor-pointer\" rel=\"noopener\" data-start=\"93\" data-end=\"124\">statocivile.stoccarda@esteri.it<\/a>\u00a0und geben Sie als Betreff \u201eBENEFICIO LEGGE ENTRO 31\/05\/2026\u201c an. Die am Tag des Termins vorzulegenden Unterlagen sind\u00a0<a href=\"https:\/\/consstoccarda.esteri.it\/wp-content\/uploads\/2026\/01\/PDF-docu-dichiarazione-di-volonta-di-acquisto-2026-deu.pdf\">unter folgendem Link<\/a> aufgef\u00fchrt.\u00a0<\/strong><\/p>\n<p>Die Abteilung beh\u00e4lt sich das Recht vor, falls erforderlich, weitere Unterlagen anzufordern.<\/p>\n<p>&nbsp;<\/p>\n<p>Die auf die oben genannte Weise erworbene italienische Staatsb\u00fcrgerschaft kann von der betroffenen Person nach Erreichen der Vollj\u00e4hrigkeit wieder abgelegt werden, unter der einzigen Voraussetzung, dass dadurch keine Staatenlosigkeit entsteht.<\/p>\n","protected":false},"excerpt":{"rendered":"Gem\u00e4\u00df den neuen gesetzlichen Bestimmungen (Art. 1, Absatz 1-ter Gesetzesdekret Nr. 36\/2025) k\u00f6nnen die Kinder italienischer Staatsb\u00fcrger (durch Geburt), die nicht automatisch die italienische Staatsb\u00fcrgerschaft erhalten, die italienische Staatsangeh\u00f6rigkeit kraft Gesetzes erwerben, wenn alle folgenden Voraussetzungen erf\u00fcllt sind: Der bzw. AntragstellerIn war\u00a0am Tag des Inkrafttretens des Umwandlungsgesetzes minderj\u00e4hrig, das hei\u00dft,\u00a0am 24. Mai 2025 unter 18 [&hellip;]","protected":false},"author":32,"featured_media":0,"parent":6093,"menu_order":8,"comment_status":"closed","ping_status":"closed","template":"","meta":{"footnotes":""},"class_list":["post-6171","page","type-page","status-publish","hentry"],"_links":{"self":[{"href":"https:\/\/consstoccarda.esteri.it\/de\/wp-json\/wp\/v2\/pages\/6171","targetHints":{"allow":["GET"]}}],"collection":[{"href":"https:\/\/consstoccarda.esteri.it\/de\/wp-json\/wp\/v2\/pages"}],"about":[{"href":"https:\/\/consstoccarda.esteri.it\/de\/wp-json\/wp\/v2\/types\/page"}],"author":[{"embeddable":true,"href":"https:\/\/consstoccarda.esteri.it\/de\/wp-json\/wp\/v2\/users\/32"}],"replies":[{"embeddable":true,"href":"https:\/\/consstoccarda.esteri.it\/de\/wp-json\/wp\/v2\/comments?post=6171"}],"version-history":[{"count":6,"href":"https:\/\/consstoccarda.esteri.it\/de\/wp-json\/wp\/v2\/pages\/6171\/revisions"}],"predecessor-version":[{"id":6887,"href":"https:\/\/consstoccarda.esteri.it\/de\/wp-json\/wp\/v2\/pages\/6171\/revisions\/6887"}],"up":[{"embeddable":true,"href":"https:\/\/consstoccarda.esteri.it\/de\/wp-json\/wp\/v2\/pages\/6093"}],"wp:attachment":[{"href":"https:\/\/consstoccarda.esteri.it\/de\/wp-json\/wp\/v2\/media?parent=6171"}],"curies":[{"name":"wp","href":"https:\/\/api.w.org\/{rel}","templated":true}]}}