{"id":6204,"date":"2025-11-18T12:50:46","date_gmt":"2025-11-18T11:50:46","guid":{"rendered":"https:\/\/consstoccarda.esteri.it\/servizi-consolari-e-visti\/servizi-per-il-cittadino-straniero\/cittadinanza\/acquisto-della-cittadinanza-per-matrimonio-naturalizzazione\/"},"modified":"2025-11-18T12:55:56","modified_gmt":"2025-11-18T11:55:56","slug":"acquisto-della-cittadinanza-per-matrimonio-naturalizzazione","status":"publish","type":"page","link":"https:\/\/consstoccarda.esteri.it\/de\/servizi-consolari-e-visti\/servizi-per-il-cittadino-italiano\/cittadinanza\/acquisto-della-cittadinanza-per-matrimonio-naturalizzazione\/","title":{"rendered":"Erwerb der Staatsangeh\u00f6rigkeit durch Eheschlie\u00dfung (Einb\u00fcrgerung)"},"content":{"rendered":"<p data-start=\"57\" data-end=\"400\">Bitte lesen Sie die Informationen in italienischer Sprache zur erforderlichen Dokumentation <strong>sorgf\u00e4ltig durch<\/strong>. Antr\u00e4ge m\u00fcssen zwingend \u00fcber das ALI-Portal direkt von der betroffenen Person eingereicht werden. Erst nach Einreichung des Antrags wird die betroffene Person f\u00fcr einen Termin kontaktiert. Alle Mitteilungen und Hinweise werden \u00fcber das ALI-Portal bereitgestellt.<\/p>\n<p data-start=\"402\" data-end=\"488\">Die einzureichenden Unterlagen und das Vorgehen sind <a href=\"https:\/\/consstoccarda.esteri.it\/wp-content\/uploads\/2025\/11\/Cittadinanza-per-matrimonio-o-unione-civile-1.pdf\">unter folgendem Link<\/a> erl\u00e4utert.<\/p>\n<p data-start=\"490\" data-end=\"578\">Bei technischen Problemen muss der bzw. die AntragstellerIn den ALI-Helpdesk kontaktieren.<\/p>\n<p data-start=\"580\" data-end=\"829\">\u00dcber das ALI-Portal kann der bzw. die AntragstellerIn jederzeit den Bearbeitungsstand seines\/ihres Antrags einsehen. Die konsularische Beh\u00f6rde kann keine Auskunft \u00fcber den Bearbeitungsstand geben, w\u00e4hrend die Zust\u00e4ndigkeit beim italienischen Innenministerium liegt.<\/p>\n","protected":false},"excerpt":{"rendered":"Bitte lesen Sie die Informationen in italienischer Sprache zur erforderlichen Dokumentation sorgf\u00e4ltig durch. Antr\u00e4ge m\u00fcssen zwingend \u00fcber das ALI-Portal direkt von der betroffenen Person eingereicht werden. Erst nach Einreichung des Antrags wird die betroffene Person f\u00fcr einen Termin kontaktiert. Alle Mitteilungen und Hinweise werden \u00fcber das ALI-Portal bereitgestellt. Die einzureichenden Unterlagen und das Vorgehen sind [&hellip;]","protected":false},"author":32,"featured_media":0,"parent":1688,"menu_order":6,"comment_status":"closed","ping_status":"closed","template":"","meta":{"footnotes":""},"class_list":["post-6204","page","type-page","status-publish","hentry"],"_links":{"self":[{"href":"https:\/\/consstoccarda.esteri.it\/de\/wp-json\/wp\/v2\/pages\/6204","targetHints":{"allow":["GET"]}}],"collection":[{"href":"https:\/\/consstoccarda.esteri.it\/de\/wp-json\/wp\/v2\/pages"}],"about":[{"href":"https:\/\/consstoccarda.esteri.it\/de\/wp-json\/wp\/v2\/types\/page"}],"author":[{"embeddable":true,"href":"https:\/\/consstoccarda.esteri.it\/de\/wp-json\/wp\/v2\/users\/32"}],"replies":[{"embeddable":true,"href":"https:\/\/consstoccarda.esteri.it\/de\/wp-json\/wp\/v2\/comments?post=6204"}],"version-history":[{"count":2,"href":"https:\/\/consstoccarda.esteri.it\/de\/wp-json\/wp\/v2\/pages\/6204\/revisions"}],"predecessor-version":[{"id":6209,"href":"https:\/\/consstoccarda.esteri.it\/de\/wp-json\/wp\/v2\/pages\/6204\/revisions\/6209"}],"up":[{"embeddable":true,"href":"https:\/\/consstoccarda.esteri.it\/de\/wp-json\/wp\/v2\/pages\/1688"}],"wp:attachment":[{"href":"https:\/\/consstoccarda.esteri.it\/de\/wp-json\/wp\/v2\/media?parent=6204"}],"curies":[{"name":"wp","href":"https:\/\/api.w.org\/{rel}","templated":true}]}}