{"id":6221,"date":"2025-11-18T13:00:03","date_gmt":"2025-11-18T12:00:03","guid":{"rendered":"https:\/\/consstoccarda.esteri.it\/servizi-consolari-e-visti\/servizi-per-il-cittadino-italiano\/cittadinanza\/acquisto-della-cittadinanza-per-iure-sanguinis-per-maggiorenni-al-24-05-2025\/"},"modified":"2025-11-19T09:02:18","modified_gmt":"2025-11-19T08:02:18","slug":"acquisto-della-cittadinanza-per-iure-sanguinis-per-maggiorenni-al-24-05-2025","status":"publish","type":"page","link":"https:\/\/consstoccarda.esteri.it\/de\/servizi-consolari-e-visti\/servizi-per-il-cittadino-italiano\/cittadinanza\/cittadinanza-per-discendenza\/acquisto-della-cittadinanza-per-iure-sanguinis-per-maggiorenni-al-24-05-2025\/","title":{"rendered":"Antrag auf Erwerb iure sanguinis f\u00fcr Vollj\u00e4hrige am 24.05.2025"},"content":{"rendered":"<p>Die Anerkennung der italienischen Staatsangeh\u00f6rigkeit durch Abstammung (<em>iure sanguinis<\/em>) erfolgt <strong>ausschlie\u00dflich f\u00fcr vollj\u00e4hrige Personen<\/strong>.<br \/>\nF\u00fcr Antr\u00e4ge, die <strong>Minderj\u00e4hrige<\/strong> betreffen, siehe: <em><a href=\"https:\/\/consstoccarda.esteri.it\/de\/servizi-consolari-e-visti\/servizi-per-il-cittadino-italiano\/stato-civile\/nascita\/\">Antrag auf Staatsangeh\u00f6rigkeit f\u00fcr Minderj\u00e4hrige<\/a>.<\/em><\/p>\n<p>Man gilt, selbst im Ausland, <strong>von Geburt an als italienischer Staatsb\u00fcrger (<em>iure sanguinis<\/em>)<\/strong>, <strong>sofern keine Unterbrechung in der Weitergabe der Staatsangeh\u00f6rigkeit von einer Generation zur n\u00e4chsten<\/strong> erfolgt ist, und <strong>nur dann<\/strong>, wenn ein Vorfahre <strong>ersten oder zweiten Grades<\/strong> (also ein Elternteil oder Gro\u00dfelternteil) <strong>ausschlie\u00dflich die italienische Staatsangeh\u00f6rigkeit besitzt oder zum Todeszeitpunkt besa\u00df<\/strong>.<\/p>\n<p>Der Antrag auf Anerkennung ist <strong>nur nach <a href=\"https:\/\/prenotami.esteri.it\/\">Terminvereinbarung<\/a><\/strong> und <strong>unter Vorlage s\u00e4mtlicher erforderlicher Unterlagen<\/strong> m\u00f6glich. Der Antrag muss folgende Angaben enthalten: Vor- und Nachname, Geburts-, Heirats- und Sterbeort sowie die entsprechenden Daten der italienischen Vorfahren ersten und zweiten Grades.<\/p>\n<p>Der Antrag unterliegt, unabh\u00e4ngig vom Ausgang des Verfahrens (<em>Art. 5-bis, Abs. 1 des Gesetzesdekrets vom 24. April 2014, Nr. 66, umgewandelt in Gesetz vom 23. Juni 2014, Nr. 89<\/em>), einer <strong>Konsulargeb\u00fchr in H\u00f6he von 600,00 \u20ac<\/strong>.<\/p>\n<p>Der Termin ist \u00fcber das Portal <strong>Prenot@Mi<\/strong> zu vereinbaren.<\/p>\n<p><strong>Vorzulegende Unterlagen<\/strong><\/p>\n<ol>\n<li><strong>Auszug aus der Geburtsurkunde<\/strong> des italienischen Vaters\/der italienischen Mutter oder des Gro\u00dfvaters\/der Gro\u00dfmutter, der\/die als Erster ins Ausland ausgewandert ist, ausgestellt von der italienischen Gemeinde des Geburtsortes;<\/li>\n<li><strong>Geburtsurkunden<\/strong> der direkten Nachkommen, einschlie\u00dflich derjenigen des Antragstellers, <strong>mit \u00dcbersetzung ins Italienische<\/strong>;<\/li>\n<li><strong>Heiratsurkunden<\/strong> des ausgewanderten Vorfahren (Eltern oder Gro\u00dfeltern) mit \u00dcbersetzung ins Italienische (nur, wenn die Ehe im Ausland geschlossen wurde);<\/li>\n<li><strong>Sterbeurkunden<\/strong> des verstorbenen italienischen Vorfahren (Eltern oder Gro\u00dfeltern) mit \u00dcbersetzung ins Italienische (falls vorhanden);<\/li>\n<li><strong>Bescheinigung<\/strong> der zust\u00e4ndigen Beh\u00f6rden des Auswanderungsstaates, mit <strong>Best\u00e4tigung der \u00dcbereinstimmung der \u00dcbersetzung ins Italienische<\/strong>, die belegt, dass der italienische Vorfahre (Elternteil oder Gro\u00dfelternteil) <strong>die Staatsangeh\u00f6rigkeit des Auswanderungsstaates nicht vor der Geburt seines direkten Nachkommen erworben hat<\/strong>;<\/li>\n<li><strong>Wohnsitzbescheinigung<\/strong> des Antragstellers mit Angabe der Staatsangeh\u00f6rigkeit, des Wohnsitzes und des Familienstandes (<em>Erweiterte Meldebescheinigung<\/em>), ausgestellt von der zust\u00e4ndigen deutschen Meldebeh\u00f6rde;<\/li>\n<li><strong>Aufenthaltstitel des Antragstellers<\/strong> (f\u00fcr B\u00fcrger von Nicht-EU-Staaten).<br \/>\n<em>Hinweis:<\/em> Zum Zeitpunkt der Antragstellung muss der Aufenthaltstitel seit <strong>mindestens zwei Jahre g\u00fcltig<\/strong> sein;<\/li>\n<li><a href=\"https:\/\/consstoccarda.esteri.it\/wp-content\/uploads\/2025\/06\/modulo_a_dich.residenza_ascendenti_in_vita_v.pdf\"><strong>Erkl\u00e4rung der noch lebenden Vorfahren<\/strong><\/a>, in der sie die Orte angeben, an denen sie seit ihrer Geburt gewohnt haben;<\/li>\n<li><strong>E<a href=\"https:\/\/consstoccarda.esteri.it\/wp-content\/uploads\/2025\/06\/modulo_b_dich.residenza_ascendenti_deceduti-v.pdf\">rkl\u00e4rung des Antragstellers<\/a><\/strong> \u00fcber die verstorbenen Vorfahren, in der er die Orte angibt, an denen diese seit ihrer Geburt gewohnt haben;<\/li>\n<li><a href=\"https:\/\/ambberlino.esteri.it\/wp-content\/uploads\/2024\/01\/Modulo_C_Albero_genealogico.pdf\"><strong>Stammbaum (Ahnenbaum)<\/strong><\/a>.<\/li>\n<\/ol>\n<p>Alle Urkunden m\u00fcssen <strong>im Original<\/strong> vorgelegt werden und <strong>verbleiben in den Akten des Konsulats<\/strong>; sie werden <strong>nicht zur\u00fcckgegeben<\/strong>.<\/p>\n<p>Von <strong>ausl\u00e4ndischen Beh\u00f6rden ausgestellte Urkunden<\/strong> m\u00fcssen <strong>mit Apostille oder Legalisierung<\/strong> versehen sein, sofern dies nicht ausdr\u00fccklich durch bilaterale oder multilaterale Abkommen mit Italien aufgehoben ist.<br \/>\nAusl\u00e4ndische Dokumente m\u00fcssen <strong>direkt aus der Originalsprache ins Italienische \u00fcbersetzt<\/strong> und <strong>legalisiert<\/strong> sein. <strong>Zwischen\u00fcbersetzungen werden nicht akzeptiert.<\/strong><\/p>\n<p>Es wird empfohlen, die <strong>Webseiten der zust\u00e4ndigen italienischen Vertretungen<\/strong> f\u00fcr die Ausstellungsorte der Urkunden zu konsultieren, um sich \u00fcber die jeweiligen Vorschriften f\u00fcr Ausstellung und \u00dcbersetzung zu informieren.<\/p>\n<p><em>(*) <strong>Urkunden aus L\u00e4ndern, die dem Haager \u00dcbereinkommen beigetreten sind:<\/strong><\/em><em><br \/>\n<\/em><em>\u00a0Die <strong>Legalisierung erfolgt durch Anbringung einer \u201eApostille\u201c<\/strong> durch die zust\u00e4ndige Beh\u00f6rde des Ausstellungsstaates.<\/em><em><br \/>\n<\/em><em>F\u00fcr Dokumente aus L\u00e4ndern ohne entsprechende Abkommen muss die <strong>Legalisierung durch das zust\u00e4ndige italienische Konsulat<\/strong> im Land der Ausstellung erfolgen.<\/em><\/p>\n<p><strong>In Deutschland ausgestellte Dokumente:<\/strong><strong><br \/>\n<\/strong>\u00a0Von deutschen Beh\u00f6rden ausgestellte Urkunden, die den <strong>amtlichen Rundstempel<\/strong> der ausstellenden Beh\u00f6rde tragen, <strong>sind von der Legalisierung befreit<\/strong>.<\/p>\n<p><strong>Hinweise:<\/strong><strong><br \/>\n<\/strong>\u00a0\u2013 Die Abteilung Staatsb\u00fcrgerschaft beh\u00e4lt sich das Recht vor, <strong>zus\u00e4tzliche Unterlagen anzufordern<\/strong>, wenn dies f\u00fcr die Bearbeitung des Antrags erforderlich ist;<br \/>\n\u2013 <strong>Die Bearbeitungszeiten<\/strong> der Antr\u00e4ge auf Anerkennung der italienischen Staatsangeh\u00f6rigkeit <strong>k\u00f6nnen zum Zeitpunkt der Antragstellung nicht abgesch\u00e4tzt werden<\/strong>, da sie von Pr\u00fcfungen und Nachweisen in anderen L\u00e4ndern abh\u00e4ngen;<br \/>\n\u2013 Bis zum <strong>formellen Abschluss des Verfahrens<\/strong> ist das Konsulat <strong>nicht verpflichtet, Bescheinigungen oder Erkl\u00e4rungen<\/strong> auszustellen;<br \/>\n\u2013 Die Bearbeitung kann <strong>auch negativ abgeschlossen werden<\/strong>, wenn die <strong>Weitergabe der italienischen Staatsangeh\u00f6rigkeit<\/strong> von einer Generation zur n\u00e4chsten <strong>unterbrochen wurde oder nicht nachgewiesen werden kann<\/strong>.<br \/>\nIm Falle einer Ablehnung wird die <strong>Konsulargeb\u00fchr nicht zur\u00fcckerstattet.<\/strong><\/p>\n","protected":false},"excerpt":{"rendered":"Die Anerkennung der italienischen Staatsangeh\u00f6rigkeit durch Abstammung (iure sanguinis) erfolgt ausschlie\u00dflich f\u00fcr vollj\u00e4hrige Personen. F\u00fcr Antr\u00e4ge, die Minderj\u00e4hrige betreffen, siehe: Antrag auf Staatsangeh\u00f6rigkeit f\u00fcr Minderj\u00e4hrige. Man gilt, selbst im Ausland, von Geburt an als italienischer Staatsb\u00fcrger (iure sanguinis), sofern keine Unterbrechung in der Weitergabe der Staatsangeh\u00f6rigkeit von einer Generation zur n\u00e4chsten erfolgt ist, und nur [&hellip;]","protected":false},"author":32,"featured_media":0,"parent":6093,"menu_order":8,"comment_status":"closed","ping_status":"closed","template":"","meta":{"footnotes":""},"class_list":["post-6221","page","type-page","status-publish","hentry"],"_links":{"self":[{"href":"https:\/\/consstoccarda.esteri.it\/de\/wp-json\/wp\/v2\/pages\/6221","targetHints":{"allow":["GET"]}}],"collection":[{"href":"https:\/\/consstoccarda.esteri.it\/de\/wp-json\/wp\/v2\/pages"}],"about":[{"href":"https:\/\/consstoccarda.esteri.it\/de\/wp-json\/wp\/v2\/types\/page"}],"author":[{"embeddable":true,"href":"https:\/\/consstoccarda.esteri.it\/de\/wp-json\/wp\/v2\/users\/32"}],"replies":[{"embeddable":true,"href":"https:\/\/consstoccarda.esteri.it\/de\/wp-json\/wp\/v2\/comments?post=6221"}],"version-history":[{"count":6,"href":"https:\/\/consstoccarda.esteri.it\/de\/wp-json\/wp\/v2\/pages\/6221\/revisions"}],"predecessor-version":[{"id":6349,"href":"https:\/\/consstoccarda.esteri.it\/de\/wp-json\/wp\/v2\/pages\/6221\/revisions\/6349"}],"up":[{"embeddable":true,"href":"https:\/\/consstoccarda.esteri.it\/de\/wp-json\/wp\/v2\/pages\/6093"}],"wp:attachment":[{"href":"https:\/\/consstoccarda.esteri.it\/de\/wp-json\/wp\/v2\/media?parent=6221"}],"curies":[{"name":"wp","href":"https:\/\/api.w.org\/{rel}","templated":true}]}}