{"id":6262,"date":"2025-11-18T13:19:54","date_gmt":"2025-11-18T12:19:54","guid":{"rendered":"https:\/\/consstoccarda.esteri.it\/servizi-consolari-e-visti\/servizi-per-il-cittadino-italiano\/cittadinanza\/riacquisto-della-cittadinanza-a-seguito-della-sua-perdita\/"},"modified":"2025-11-19T13:29:48","modified_gmt":"2025-11-19T12:29:48","slug":"riacquisto-della-cittadinanza-a-seguito-della-sua-perdita","status":"publish","type":"page","link":"https:\/\/consstoccarda.esteri.it\/de\/servizi-consolari-e-visti\/servizi-per-il-cittadino-italiano\/cittadinanza\/riacquisto-della-cittadinanza-a-seguito-della-sua-perdita\/","title":{"rendered":"Wiedererwerb der italienischen Staatsangeh\u00f6rigkeit nach Verlust"},"content":{"rendered":"<p>Das <strong>Gesetz Nr. 74 vom 23. Mai 2025<\/strong> hat die Fristen f\u00fcr den <strong>Wiedererwerb der italienischen Staatsangeh\u00f6rigkeit<\/strong> zugunsten ehemaliger italienischer Staatsb\u00fcrger <strong>wieder ge\u00f6ffnet<\/strong>,<\/p>\n<ul>\n<li>die <strong>in Italien geboren wurden<\/strong> oder <strong>mindestens zwei aufeinanderfolgende Jahre in Italien ans\u00e4ssig waren,<\/strong><\/li>\n<li>und die, gem\u00e4\u00df <strong>Artikel 8, Nr. 1 und Nr. 2<\/strong>, oder <strong>Artikel 12 des Gesetzes Nr. 555 von 1912<\/strong> (durch <strong>Einb\u00fcrgerung in einem ausl\u00e4ndischen Staat<\/strong>, <strong>Verzicht infolge eines unfreiwilligen Erwerbs einer ausl\u00e4ndischen Staatsangeh\u00f6rigkeit<\/strong>, oder als <strong>minderj\u00e4hrige, mit dem Elternteil zusammenlebende Kinder<\/strong>, der die Staatsangeh\u00f6rigkeit verloren hat) ihre Staatsangeh\u00f6rigkeit <strong>nicht nach dem 15. <\/strong><strong>August 1992<\/strong> verloren haben.<\/li>\n<\/ul>\n<p>Die M\u00f6glichkeit des Wiedererwerbs <strong>gilt nicht<\/strong> f\u00fcr Personen, die nach<strong> dem 15. August 1992<\/strong> auf die italienische Staatsangeh\u00f6rigkeit <strong>verzichtet<\/strong> oder sie <strong>aus anderen Gr\u00fcnden verloren<\/strong> haben.<\/p>\n<p><strong>Die Erkl\u00e4rungen zum Wiedererwerb<\/strong> k\u00f6nnen im Zeitraum <strong>vom 1. Juli 2025 bis zum 31. Dezember 2027<\/strong> abgegeben werden. Bitte kontaktieren Sie umgehend die Abteilung per Email (cittadinanza.stoccarda@esteri.it) unter Angabe von folgendem <strong>Betreff &#8222;RIACQUISTO DELLA CITTADINANZA ITALIANA&#8220;.<\/strong><\/p>\n<h4>Vom Antragsteller einzureichende Unterlagen:<\/h4>\n<ol>\n<li>G\u00fcltiger <strong>Personalausweis<\/strong> oder <strong>Reisepass<\/strong>, ausgestellt von der Beh\u00f6rde des Staates der aktuellen Staatsangeh\u00f6rigkeit;<\/li>\n<li><strong>Geburtsurkunde:<\/strong> falls im Ausland geboren, in der f\u00fcr die <strong>Eintragung in Italien<\/strong> vorgesehenen Form, <strong>legalisiert und \u00fcbersetzt<\/strong>;<\/li>\n<li>F\u00fcr im Ausland Geborene: <strong>Historische Meldebescheinigung<\/strong> (Nachweis des fr\u00fcheren Wohnsitzes) der zust\u00e4ndigen italienischen Gemeinde;<\/li>\n<li><strong>Historischer Staatsangeh\u00f6rigkeitsnachweis<\/strong> (<em>certificato storico di cittadinanza<\/em>);<\/li>\n<li><strong>Nachweis \u00fcber den Verlust der italienischen Staatsangeh\u00f6rigkeit<\/strong>, einschlie\u00dflich <strong>Ursache und Datum<\/strong> des Verlusts (z. B. <strong>Einb\u00fcrgerungsurkunde<\/strong> im Ausland oder, falls nach lokaler Praxis vorgesehen, <strong>Geburtsurkunde mit Staatsangeh\u00f6rigkeitsnachweis<\/strong> und <strong>Angabe der Rechtsgrundlage des Erwerbs<\/strong>). Alle Unterlagen,\u00a0 die von ausl\u00e4ndischen Beh\u00f6rden ausgestellt wurden, m\u00fcssen <strong>mitsamt Legalisierung\/Apostille <\/strong>und \u00dcbersetzung direkt <strong>ins Italienische eingereicht werden<\/strong>.<\/li>\n<\/ol>\n<h4>Geb\u00fchren und Verfahren:<\/h4>\n<p>F\u00fcr die Abgabe der Erkl\u00e4rung zum Wiedererwerb der italienischen Staatsangeh\u00f6rigkeit ist ein <strong>Beitrag von 250 \u20ac<\/strong> an das <strong>zust\u00e4ndige Konsulat<\/strong> zu entrichten.<\/p>\n<p>Die <strong>Erkl\u00e4rung muss pers\u00f6nlich<\/strong> vom Antragsteller abgegeben werden.<\/p>\n<p>Gem\u00e4\u00df <strong>Artikel 15 des Gesetzes Nr. 91\/1992<\/strong> erfolgt der <strong>Wiedererwerb der Staatsangeh\u00f6rigkeit nicht r\u00fcckwirkend ab Geburt<\/strong>,\u00a0 sondern <strong>ab dem Tag nach der Abgabe der Erkl\u00e4rung<\/strong>.<\/p>\n<p>&nbsp;<\/p>\n<p><strong>Wiedererwerb gem. Art. 13 Gesetz 91\/1992<\/strong><\/p>\n<p>Der Wiedererwerb der Staatsangeh\u00f6rigkeit ist in Artikel 13 des Gesetzes Nr. 91\/92 geregelt. Besonders hervorzuheben ist, dass der bzw. die im Ausland wohnhafte Staatsb\u00fcrgerIn, der bzw. die die italienische Staatsangeh\u00f6rigkeit verloren hat, diese gem\u00e4\u00df Absatz 1, Buchstabe c) wiedererwerben kann, sofern beim zust\u00e4ndigen Konsulat eine entsprechende Erkl\u00e4rung abgegeben wird. Dar\u00fcber hinaus muss der bzw. die AntragstellerIn innerhalb eines Jahres nach der Erkl\u00e4rung den Hauptwohnsitz nach Italien verlegen.<\/p>\n<p>Frauen, die vor dem 1. Januar 1948 ausl\u00e4ndische Staatsb\u00fcrger geheiratet haben und aufgrund der Ehe die Staatsangeh\u00f6rigkeit ihres Ehemannes automatisch erworben haben, haben die italienische Staatsangeh\u00f6rigkeit verloren. Die italienische Staatsb\u00fcrgerschaft kann in diesem Fall mittels einer Erkl\u00e4rung wiedererworben werden, auch wenn die Antragstellerin im Ausland wohnhaft ist. Die Erkl\u00e4rung \u00fcber den Wiedererwerb der Staatsangeh\u00f6rigkeit ist \u2013 bei Wohnsitz im Ausland \u2013 beim zust\u00e4ndigen Konsulat abzugeben.<\/p>\n<p>Der Erkl\u00e4rung ist folgende Dokumentation beizuf\u00fcgen:<\/p>\n<ul>\n<li>Geburtsurkunde, ausgestellt von der italienischen Gemeinde, bei der die Urkunde eingetragen ist \u2013 wenn der bzw. die AntragstellerIn im Ausland geboren wurde, so muss die Geburtsurkunde von der italienischen Gemeinde vorgelegt werden, in welcher die ausl\u00e4ndische Urkunde eingetragen wurde;<\/li>\n<li>Unterlagen, aus denen der fr\u00fchere Besitz der italienischen Staatsangeh\u00f6rigkeit hervorgeht;<\/li>\n<li>Unterlagen \u00fcber den Besitz der ausl\u00e4ndischen Staatsangeh\u00f6rigkeit bzw. \u00fcber die Staatenlosigkeit;<\/li>\n<li>Familienstandsbescheinigung oder gleichwertige Dokumentation.<\/li>\n<\/ul>\n","protected":false},"excerpt":{"rendered":"Das Gesetz Nr. 74 vom 23. Mai 2025 hat die Fristen f\u00fcr den Wiedererwerb der italienischen Staatsangeh\u00f6rigkeit zugunsten ehemaliger italienischer Staatsb\u00fcrger wieder ge\u00f6ffnet, die in Italien geboren wurden oder mindestens zwei aufeinanderfolgende Jahre in Italien ans\u00e4ssig waren, und die, gem\u00e4\u00df Artikel 8, Nr. 1 und Nr. 2, oder Artikel 12 des Gesetzes Nr. 555 von [&hellip;]","protected":false},"author":32,"featured_media":0,"parent":1688,"menu_order":6,"comment_status":"closed","ping_status":"closed","template":"","meta":{"footnotes":""},"class_list":["post-6262","page","type-page","status-publish","hentry"],"_links":{"self":[{"href":"https:\/\/consstoccarda.esteri.it\/de\/wp-json\/wp\/v2\/pages\/6262","targetHints":{"allow":["GET"]}}],"collection":[{"href":"https:\/\/consstoccarda.esteri.it\/de\/wp-json\/wp\/v2\/pages"}],"about":[{"href":"https:\/\/consstoccarda.esteri.it\/de\/wp-json\/wp\/v2\/types\/page"}],"author":[{"embeddable":true,"href":"https:\/\/consstoccarda.esteri.it\/de\/wp-json\/wp\/v2\/users\/32"}],"replies":[{"embeddable":true,"href":"https:\/\/consstoccarda.esteri.it\/de\/wp-json\/wp\/v2\/comments?post=6262"}],"version-history":[{"count":4,"href":"https:\/\/consstoccarda.esteri.it\/de\/wp-json\/wp\/v2\/pages\/6262\/revisions"}],"predecessor-version":[{"id":6370,"href":"https:\/\/consstoccarda.esteri.it\/de\/wp-json\/wp\/v2\/pages\/6262\/revisions\/6370"}],"up":[{"embeddable":true,"href":"https:\/\/consstoccarda.esteri.it\/de\/wp-json\/wp\/v2\/pages\/1688"}],"wp:attachment":[{"href":"https:\/\/consstoccarda.esteri.it\/de\/wp-json\/wp\/v2\/media?parent=6262"}],"curies":[{"name":"wp","href":"https:\/\/api.w.org\/{rel}","templated":true}]}}