{"id":6311,"date":"2025-11-18T14:48:42","date_gmt":"2025-11-18T13:48:42","guid":{"rendered":"https:\/\/consstoccarda.esteri.it\/servizi-consolari-e-visti\/servizi-per-il-cittadino-italiano\/stato-civile\/cambiamento-di-nome-e-o-cognome\/"},"modified":"2026-02-02T16:30:21","modified_gmt":"2026-02-02T15:30:21","slug":"cambiamento-di-nome-e-o-cognome","status":"publish","type":"page","link":"https:\/\/consstoccarda.esteri.it\/de\/servizi-consolari-e-visti\/servizi-per-il-cittadino-italiano\/stato-civile\/cambiamento-di-nome-e-o-cognome\/","title":{"rendered":"\u00c4nderung des Vor- und Nachnamens"},"content":{"rendered":"<p>Gem\u00e4\u00df der geltenden Rechtsvorschriften (DPR Nr. 396\/2000) k\u00f6nnen italienische Staatsb\u00fcrgerInnen, die ihren Nachnamen oder Vornamen \u00e4ndern m\u00f6chten, weil dieser l\u00e4cherlich, anst\u00f6\u00dfig, auf die nat\u00fcrliche Herkunft hinweisend ist oder aus anderen als triftig erachteten Gr\u00fcnden, einen Antrag auf Namens- oder Nachnamens\u00e4nderung stellen.<\/p>\n<h4>Voraussetzungen:<\/h4>\n<ul>\n<li>Der Antrag muss von italienischen Staatsb\u00fcrgern gestellt werden.<\/li>\n<li>Die Antr\u00e4ge m\u00fcssen au\u00dfergew\u00f6hnlichen Charakter haben und sind nur zul\u00e4ssig, wenn objektiv bedeutende Umst\u00e4nde vorliegen, die durch angemessene und dokumentierte Begr\u00fcndungen gest\u00fctzt werden.<\/li>\n<\/ul>\n<p>Die Zust\u00e4ndigkeit f\u00fcr die Pr\u00fcfung (und somit f\u00fcr die Annahme oder Ablehnung) des Antrags liegt bei den <strong>italienischen Pr\u00e4fekturen<\/strong>, die sich in jedem Provinzhauptort befinden.<\/p>\n<p>F\u00fcr im <strong>AIRE<\/strong> (Register der im Ausland lebenden Italiener) eingetragene Personen ist die <strong>Pr\u00e4fektur der Gemeinde zust\u00e4ndig<\/strong>, in der die AIRE-Eintragung erfolgt ist (zum Beispiel: AIRE-Eintragung in Licata (AG) \u2014 zust\u00e4ndige Pr\u00e4fektur: Agrigento; AIRE-Eintragung in Fiumicino (RM) \u2014 zust\u00e4ndige Pr\u00e4fektur: Rom).<br \/>\nUm die eigene AIRE-Gemeinde zu \u00fcberpr\u00fcfen, wird gebeten, sich im <strong>Fast-It-Portal<\/strong> einzuloggen und gegebenenfalls eine Anfrage auf Einsicht in die eigenen konsularischen Registerdaten zu stellen.<\/p>\n<p>Es wird ausdr\u00fccklich darauf hingewiesen, dass <strong>in keinem Fall<\/strong> der Verlauf des Antragsverfahrens vorhergesehen oder beeinflusst werden kann. Die inhaltliche Bewertung liegt <strong>ausschlie\u00dflich bei der Pr\u00e4fektur<\/strong>.<\/p>\n<p>Angesichts der Komplexit\u00e4t des unten beschriebenen Verfahrens, das mehrere Beh\u00f6rden der \u00f6ffentlichen Verwaltung (Konsulat, Pr\u00e4fektur, Gemeinde) einbezieht, kann die Bearbeitung von Namens\u00e4nderungsantr\u00e4gen <strong>mehrere Monate<\/strong> dauern. Eine genaue Bearbeitungszeit kann <strong>nicht im Voraus angegeben<\/strong> werden, da sie von Fall zu Fall variiert.<\/p>\n<p><strong>Es wird darauf hingewiesen, dass nach italienischem Recht keine \u00c4nderung des Familiennamens aufgrund der Eheschlie\u00dfung vorgesehen ist. Es wird gebeten, den Familiennamen so beizubehalten, wie er in den eigenen Ausweisdokumenten angegeben ist. Bitte folgen Sie den Informationen auf dieser Seite.<\/strong><\/p>\n<p>Der Antrag kann <strong>alternativ<\/strong> wie folgt eingereicht werden:<br \/>\n\u2013 direkt bei der zust\u00e4ndigen Pr\u00e4fektur, oder<br \/>\n\u2013 beim <strong>Generalkonsulat in Stuttgart<\/strong> (f\u00fcr italienische Staatsb\u00fcrgerInnen, die in dessen Konsularbezirk wohnen und im AIRE eingetragen sind), das den Antrag an die zust\u00e4ndige Pr\u00e4fektur weiterleitet.<\/p>\n<h4>Erforderliche Unterlagen:<\/h4>\n<ol>\n<li><strong>Alle<\/strong> von der jeweiligen Pr\u00e4fektur geforderten Formulare, die direkt auf deren Website heruntergeladen werden m\u00fcssen (siehe <a href=\"https:\/\/consstoccarda.esteri.it\/wp-content\/uploads\/2025\/11\/cambi-cognome-lista-prefetture-pdf.pdf\">die folgende Liste mit allen Links<\/a> \u2013 bitte alle Informationen sorgf\u00e4ltig lesen), ausgef\u00fcllt und unterschrieben;<\/li>\n<li>Eine Kopie eines g\u00fcltigen Ausweises des Antragstellers sowie gegebenenfalls der Personen, die ihre Zustimmung erteilen m\u00fcssen. Bei Antr\u00e4gen f\u00fcr Minderj\u00e4hrige: Kopie der Ausweise der Eltern und des Minderj\u00e4hrigen;<\/li>\n<li>Alle Unterlagen, die die Begr\u00fcndung des Antrags unterst\u00fctzen (z. B. im Falle einer doppelten Staatsb\u00fcrgerschaft Dokumente des anderen Staates, die eine bereits erfolgte Namens\u00e4nderung belegen);<\/li>\n<li>Nachweis \u00fcber die Zahlung der Stempelsteuer in H\u00f6he von <strong>16 \u20ac<\/strong>, zu \u00fcberweisen auf das hierf\u00fcr vorgesehene Konto der <strong>Agenzia delle Entrate<\/strong> (italienische Steuerbeh\u00f6rde)<strong>Bankverbindung<\/strong>Inhaber: <strong>Ministero dell\u2019Economia e delle Finanze<\/strong>IBAN: IT79Z0100003245BE00000000QKBIC: BITAITRRENTVerwendungszweck: \u2018<em>Steuernummer des Antragstellers<\/em>\u2019 \u2013 Bollo su istanza Prefettura \u2013 Jahr\u00a0 (AAAA) oder Monat\/Jahr(MM\/AAAA)\n<p>Betrag: 16 euro<\/li>\n<\/ol>\n<p>Die Unterlagen k\u00f6nnen nach vorheriger Terminvereinbarung \u00fcber das Portal <a href=\"https:\/\/prenotami.esteri.it\/\"><strong>prenot@mi<\/strong><\/a>\u00a0eingereicht werden.<\/p>\n<p>Nach Eingang der Unterlagen leitet das Konsulat den Antrag an die zust\u00e4ndige Pr\u00e4fektur weiter.<br \/>\n<strong>Achtung:<\/strong> Die Pr\u00e4fekturen behalten sich das Recht vor, zus\u00e4tzliche Unterlagen anzufordern.<\/p>\n<p>Anschlie\u00dfend erl\u00e4sst die Pr\u00e4fektur entweder ein <strong>Dekret zur Genehmigung der \u00f6ffentlichen Bekanntmachung (&#8222;Affissione&#8220;)<\/strong> oder ein <strong>Ablehnungsdekret<\/strong>.<\/p>\n<p>Im Falle einer Genehmigung muss eine <strong>\u00f6ffentliche Bekanntmachung der Namens\u00e4nderung<\/strong> f\u00fcr drei\u00dfig Tage im Aushang des Konsulats erfolgen. Zu diesem Zweck wird der bzw. die AntragstellerIn per E-Mail kontaktiert, um die Zahlung einer weiteren Stempelsteuer zu leisten.<\/p>\n<p>F\u00fcr B\u00fcrgerInnen, die in Italien geboren wurden, muss der bzw. Die Antragstellerin die Bekanntmachung auch bei der <strong>Geburtsgemeinde<\/strong> direkt beantragen.<\/p>\n<p>Nach Ablauf der drei\u00dfigt\u00e4gigen Aushangfrist ohne Einspr\u00fcche wird das Konsulat (und gegebenenfalls auch die Geburtsgemeinde) die Pr\u00e4fektur dar\u00fcber informieren.<\/p>\n<p>Der Pr\u00e4fekt erl\u00e4sst daraufhin ein <strong>Dekret zur Genehmigung oder Ablehnung der Namens\u00e4nderung<\/strong>.<\/p>\n<p>Im Falle einer Genehmigung wird der bzw. die AntragstellerIn vom Konsulat kontaktiert, um die Zahlung einer weiteren Stempelsteuer zu leisten und um Informationen zum letzten Verfahrensschritt zu erhalten, n\u00e4mlich der <strong>Eintragung und Anmerkung des Dekrets in den italienischen Personenstandsregistern<\/strong> der zust\u00e4ndigen Gemeinde.<\/p>\n<p><strong>Bitte beachten Sie:<br \/>\n<\/strong>\u00a0Die \u00c4nderung des Vor- oder Nachnamens tritt <strong>erst dann in Kraft<\/strong>, wenn die Eintragung\/Anmerkung durch die Gemeinde best\u00e4tigt wurde, die das Konsulat dar\u00fcber informieren muss.<br \/>\nOhne diesen abschlie\u00dfenden Schritt k\u00f6nnen <strong>keine neuen Ausweisdokumente<\/strong> ausgestellt werden.<\/p>\n","protected":false},"excerpt":{"rendered":"Gem\u00e4\u00df der geltenden Rechtsvorschriften (DPR Nr. 396\/2000) k\u00f6nnen italienische Staatsb\u00fcrgerInnen, die ihren Nachnamen oder Vornamen \u00e4ndern m\u00f6chten, weil dieser l\u00e4cherlich, anst\u00f6\u00dfig, auf die nat\u00fcrliche Herkunft hinweisend ist oder aus anderen als triftig erachteten Gr\u00fcnden, einen Antrag auf Namens- oder Nachnamens\u00e4nderung stellen. Voraussetzungen: Der Antrag muss von italienischen Staatsb\u00fcrgern gestellt werden. Die Antr\u00e4ge m\u00fcssen au\u00dfergew\u00f6hnlichen Charakter [&hellip;]","protected":false},"author":32,"featured_media":0,"parent":239,"menu_order":6,"comment_status":"closed","ping_status":"closed","template":"","meta":{"footnotes":""},"class_list":["post-6311","page","type-page","status-publish","hentry"],"_links":{"self":[{"href":"https:\/\/consstoccarda.esteri.it\/de\/wp-json\/wp\/v2\/pages\/6311","targetHints":{"allow":["GET"]}}],"collection":[{"href":"https:\/\/consstoccarda.esteri.it\/de\/wp-json\/wp\/v2\/pages"}],"about":[{"href":"https:\/\/consstoccarda.esteri.it\/de\/wp-json\/wp\/v2\/types\/page"}],"author":[{"embeddable":true,"href":"https:\/\/consstoccarda.esteri.it\/de\/wp-json\/wp\/v2\/users\/32"}],"replies":[{"embeddable":true,"href":"https:\/\/consstoccarda.esteri.it\/de\/wp-json\/wp\/v2\/comments?post=6311"}],"version-history":[{"count":6,"href":"https:\/\/consstoccarda.esteri.it\/de\/wp-json\/wp\/v2\/pages\/6311\/revisions"}],"predecessor-version":[{"id":7231,"href":"https:\/\/consstoccarda.esteri.it\/de\/wp-json\/wp\/v2\/pages\/6311\/revisions\/7231"}],"up":[{"embeddable":true,"href":"https:\/\/consstoccarda.esteri.it\/de\/wp-json\/wp\/v2\/pages\/239"}],"wp:attachment":[{"href":"https:\/\/consstoccarda.esteri.it\/de\/wp-json\/wp\/v2\/media?parent=6311"}],"curies":[{"name":"wp","href":"https:\/\/api.w.org\/{rel}","templated":true}]}}