{"id":6675,"date":"2025-12-05T08:42:30","date_gmt":"2025-12-05T07:42:30","guid":{"rendered":"https:\/\/consstoccarda.esteri.it\/servizi-consolari-e-visti\/servizi-per-il-cittadino-italiano\/anagrafe-degli-italiani-residenti-allestero-aire\/rientro-in-italia-rimpatrio-e-cancellazione-aire\/"},"modified":"2025-12-05T08:45:11","modified_gmt":"2025-12-05T07:45:11","slug":"rientro-in-italia-rimpatrio-e-cancellazione-aire","status":"publish","type":"page","link":"https:\/\/consstoccarda.esteri.it\/de\/servizi-consolari-e-visti\/servizi-per-il-cittadino-italiano\/anagrafe-degli-italiani-residenti-allestero-aire\/rientro-in-italia-rimpatrio-e-cancellazione-aire\/","title":{"rendered":"R\u00fcckkehr nach Italien: Abmeldung vom AIRE"},"content":{"rendered":"<p>Vor der endg\u00fcltigen R\u00fcckkehr nach Italien ist Folgendes erforderlich:<\/p>\n<ul>\n<li>Abmeldung bei der deutschen Gemeinde (Abmeldung).<\/li>\n<li>Nach der Ankunft in Italien muss sich der bzw. die Staatsb\u00fcrgerIn beim Einwohnermeldeamt der Gemeinde anmelden und die neue Wohnadresse angeben. Am selben Tag veranlasst die italienische Gemeinde die Streichung aus dem A.I.R.E.-Meldeamt und die offizielle Mitteilung an das Konsulat.<\/li>\n<\/ul>\n<p>Bei einem <strong>sp\u00e4teren, erneuten Umzug von Italien ins Ausland<\/strong> ist ein<strong> neuer Antrag auf A.I.R.E.-Eintragung<\/strong> erforderlich (<span style=\"text-decoration: underline;\">kein<\/span> blo\u00dfer Adresswechsel), \u00fcber das <a href=\"https:\/\/serviziconsolari.esteri.it\/ScoFE\/index.sco\">Portal Fast-It<\/a>.<\/p>\n","protected":false},"excerpt":{"rendered":"Vor der endg\u00fcltigen R\u00fcckkehr nach Italien ist Folgendes erforderlich: Abmeldung bei der deutschen Gemeinde (Abmeldung). Nach der Ankunft in Italien muss sich der bzw. die Staatsb\u00fcrgerIn beim Einwohnermeldeamt der Gemeinde anmelden und die neue Wohnadresse angeben. Am selben Tag veranlasst die italienische Gemeinde die Streichung aus dem A.I.R.E.-Meldeamt und die offizielle Mitteilung an das Konsulat. [&hellip;]","protected":false},"author":32,"featured_media":0,"parent":238,"menu_order":6,"comment_status":"closed","ping_status":"closed","template":"","meta":{"footnotes":""},"class_list":["post-6675","page","type-page","status-publish","hentry"],"_links":{"self":[{"href":"https:\/\/consstoccarda.esteri.it\/de\/wp-json\/wp\/v2\/pages\/6675","targetHints":{"allow":["GET"]}}],"collection":[{"href":"https:\/\/consstoccarda.esteri.it\/de\/wp-json\/wp\/v2\/pages"}],"about":[{"href":"https:\/\/consstoccarda.esteri.it\/de\/wp-json\/wp\/v2\/types\/page"}],"author":[{"embeddable":true,"href":"https:\/\/consstoccarda.esteri.it\/de\/wp-json\/wp\/v2\/users\/32"}],"replies":[{"embeddable":true,"href":"https:\/\/consstoccarda.esteri.it\/de\/wp-json\/wp\/v2\/comments?post=6675"}],"version-history":[{"count":3,"href":"https:\/\/consstoccarda.esteri.it\/de\/wp-json\/wp\/v2\/pages\/6675\/revisions"}],"predecessor-version":[{"id":6678,"href":"https:\/\/consstoccarda.esteri.it\/de\/wp-json\/wp\/v2\/pages\/6675\/revisions\/6678"}],"up":[{"embeddable":true,"href":"https:\/\/consstoccarda.esteri.it\/de\/wp-json\/wp\/v2\/pages\/238"}],"wp:attachment":[{"href":"https:\/\/consstoccarda.esteri.it\/de\/wp-json\/wp\/v2\/media?parent=6675"}],"curies":[{"name":"wp","href":"https:\/\/api.w.org\/{rel}","templated":true}]}}