{"id":6691,"date":"2025-12-05T08:48:56","date_gmt":"2025-12-05T07:48:56","guid":{"rendered":"https:\/\/consstoccarda.esteri.it\/servizi-consolari-e-visti\/servizi-per-il-cittadino-italiano\/anagrafe-degli-italiani-residenti-allestero-aire\/richiesta-cambio-di-comune-aire\/"},"modified":"2026-04-29T15:31:29","modified_gmt":"2026-04-29T13:31:29","slug":"richiesta-cambio-di-comune-aire","status":"publish","type":"page","link":"https:\/\/consstoccarda.esteri.it\/de\/servizi-consolari-e-visti\/servizi-per-il-cittadino-italiano\/anagrafe-degli-italiani-residenti-allestero-aire\/richiesta-cambio-di-comune-aire\/","title":{"rendered":"Antrag auf Wechsel der A.I.R.E.-Gemeinde"},"content":{"rendered":"<p>Es handelt sich um ein Verfahren, das <span style=\"text-decoration: underline;\"><strong>ausschlie\u00dflich<\/strong> <\/span>in den folgenden F\u00e4llen m\u00f6glich ist:<\/p>\n<ol>\n<li>\u00dcbertragung in die A.I.R.E. einer Gemeinde, in deren APR (Anagrafe della Popolazione Residente in Italia) Mitglieder des Familienhaushalts eingetragen sind;<\/li>\n<li>\u00dcbertragung in die A.I.R.E. einer Gemeinde, in deren A.I.R.E. bereits Mitglieder des eigenen Familienhaushalts eingetragen sind;<\/li>\n<li>\u00dcbertragung in die Geburtsgemeinde (f\u00fcr in Italien geborene Personen) oder in die Gemeinde, in der die Geburt im Ausland registriert wurde (f\u00fcr im Ausland geborene Personen).<\/li>\n<\/ol>\n<p>(*) Der Familienhaushalt (nucleo familiare, D.L. Nr. 69\/1988) umfasst: Ehepartner, ausgenommen der getrennt lebende Ehepartner, sowie Kinder und gleichgestellte Personen unter 18 Jahren (oder ohne Altersbegrenzung, falls sie aufgrund von Krankheit oder k\u00f6rperlicher bzw. geistiger Behinderung dauerhaft und absolut nicht in der Lage sind, einer Erwerbst\u00e4tigkeit nachzugehen, sofern sie Vollwaisen sind und keinen Anspruch auf Hinterbliebenenrente haben).<\/p>\n<ul>\n<li>Um minderj\u00e4hrige Kinder zu \u00fcbertragen, muss dem Antrag die Einverst\u00e4ndniserkl\u00e4rung beider Elternteile beigef\u00fcgt werden; vollj\u00e4hrige Kinder m\u00fcssen einen separaten \u00dcbertragungsantrag stellen.<\/li>\n<li>Im Falle der Annahme des Antrags durch die zust\u00e4ndigen italienischen Gemeinden wird auch die Eintragung in die W\u00e4hlerlisten der neuen A.I.R.E.-Gemeinde \u00fcbertragen.<\/li>\n<li>Personen, die nicht in der A.I.R.E. eingetragen sind, k\u00f6nnen den Antrag auf \u00dcbertragung in eine andere Gemeinde nicht direkt stellen: Zuerst m\u00fcssen sie in der Gemeinde ihres letzten Wohnsitzes in Italien eingetragen werden. Erst nach Erhalt der formellen Eintragungsbest\u00e4tigung kann der Antrag auf \u00dcbertragung in eine A.I.R.E. einer anderen Gemeinde gestellt werden.<\/li>\n<li>Der Antrag, der ausschlie\u00dflich f\u00fcr B\u00fcrger g\u00fcltig ist, die im Konsularregister des Generalkonsulats von Italien in Stuttgart eingetragen sind, muss per Post eingereicht werden. Kontaktieren Sie uns vorab via E-Mail (<a href=\"mailto:consgenstoccarda.anagrafe@esteri.it\">consgenstoccarda.anagrafe@esteri.it<\/a>), um die notwendigen Formulare zu bekommen.<\/li>\n<\/ul>\n<p>Achtung: Die Bewertung der Antr\u00e4ge liegt ausschlie\u00dflich in der Zust\u00e4ndigkeit der Gemeinden, an die das Konsulat den Antrag weiterleiten wird. In keinem Fall kann im Voraus garantiert werden, dass der Antrag angenommen wird.<\/p>\n<p>&nbsp;<\/p>\n","protected":false},"excerpt":{"rendered":"Es handelt sich um ein Verfahren, das ausschlie\u00dflich in den folgenden F\u00e4llen m\u00f6glich ist: \u00dcbertragung in die A.I.R.E. einer Gemeinde, in deren APR (Anagrafe della Popolazione Residente in Italia) Mitglieder des Familienhaushalts eingetragen sind; \u00dcbertragung in die A.I.R.E. einer Gemeinde, in deren A.I.R.E. bereits Mitglieder des eigenen Familienhaushalts eingetragen sind; \u00dcbertragung in die Geburtsgemeinde (f\u00fcr [&hellip;]","protected":false},"author":32,"featured_media":0,"parent":238,"menu_order":6,"comment_status":"closed","ping_status":"closed","template":"","meta":{"footnotes":""},"class_list":["post-6691","page","type-page","status-publish","hentry"],"_links":{"self":[{"href":"https:\/\/consstoccarda.esteri.it\/de\/wp-json\/wp\/v2\/pages\/6691","targetHints":{"allow":["GET"]}}],"collection":[{"href":"https:\/\/consstoccarda.esteri.it\/de\/wp-json\/wp\/v2\/pages"}],"about":[{"href":"https:\/\/consstoccarda.esteri.it\/de\/wp-json\/wp\/v2\/types\/page"}],"author":[{"embeddable":true,"href":"https:\/\/consstoccarda.esteri.it\/de\/wp-json\/wp\/v2\/users\/32"}],"replies":[{"embeddable":true,"href":"https:\/\/consstoccarda.esteri.it\/de\/wp-json\/wp\/v2\/comments?post=6691"}],"version-history":[{"count":4,"href":"https:\/\/consstoccarda.esteri.it\/de\/wp-json\/wp\/v2\/pages\/6691\/revisions"}],"predecessor-version":[{"id":7927,"href":"https:\/\/consstoccarda.esteri.it\/de\/wp-json\/wp\/v2\/pages\/6691\/revisions\/7927"}],"up":[{"embeddable":true,"href":"https:\/\/consstoccarda.esteri.it\/de\/wp-json\/wp\/v2\/pages\/238"}],"wp:attachment":[{"href":"https:\/\/consstoccarda.esteri.it\/de\/wp-json\/wp\/v2\/media?parent=6691"}],"curies":[{"name":"wp","href":"https:\/\/api.w.org\/{rel}","templated":true}]}}