{"id":6702,"date":"2025-12-05T09:03:20","date_gmt":"2025-12-05T08:03:20","guid":{"rendered":"https:\/\/consstoccarda.esteri.it\/servizi-consolari-e-visti\/servizi-per-il-cittadino-italiano\/anagrafe-degli-italiani-residenti-allestero-aire\/variazione-di-residenza-aggiornare-il-proprio-indirizzo\/"},"modified":"2025-12-05T09:20:33","modified_gmt":"2025-12-05T08:20:33","slug":"variazione-di-residenza-aggiornare-il-proprio-indirizzo","status":"publish","type":"page","link":"https:\/\/consstoccarda.esteri.it\/de\/servizi-consolari-e-visti\/servizi-per-il-cittadino-italiano\/anagrafe-degli-italiani-residenti-allestero-aire\/variazione-di-residenza-aggiornare-il-proprio-indirizzo\/","title":{"rendered":"\u00c4nderung des Hauptwohnsitzes: die eigene Adresse aktualisieren"},"content":{"rendered":"<p>Italienische Staatsb\u00fcrgerInnen, die bereits im AIRE eingetragenen sind, m\u00fcssen eventuelle Adress\u00e4nderungen unverz\u00fcglich \u00fcber das Portal <a href=\"https:\/\/serviziconsolarionline.esteri.it\/ScoFE\/index.sco\">Fast-It<\/a> melden und einen Nachweis des neuen Hauptwohnsitzes hochladen. Die fehlende Mitteilung der neuen Wohnadresse kann zur Streichung aus dem AIRE-Melderegister wegen Unauffindbarkeit f\u00fchren.<\/p>\n<p data-start=\"453\" data-end=\"768\">Es wird darauf hingewiesen, dass deutsche Gemeinden dem Generalkonsulat die neue Adresse von ItalienerInnen, die ihren Hauptwohnsitz ge\u00e4ndert haben, <strong>nicht<\/strong> mitteilen. Es ist die Pflicht jedes Einzelnen, die eigene Melderegistereintragung bei den konsularischen Stellen ordnungsgem\u00e4\u00df zu aktualisieren.<\/p>\n<p data-start=\"770\" data-end=\"1340\">Um zu \u00fcberpr\u00fcfen, ob dieses B\u00fcro Ihre aktuelle Adresse gespeichert hat, gen\u00fcgt es, sich beim Portal\u00a0<a href=\"https:\/\/serviziconsolarionline.esteri.it\/ScoFE\/index.sco\">Fast-It<\/a> anzumelden und die Verkn\u00fcpfung des eigenen Benutzerkontos mit dem Konsularregister zu beantragen. Falls sich die Adresse ge\u00e4ndert hat, kann sie \u00fcber Fast-It aktualisiert werden, indem den Anweisungen auf dem Portal gefolgt und die erforderlichen Unterlagen hochgeladen werden (vom System automatisch erstelltes und unterschriebenes Formular, beidseitige Kopie des Ausweisdokuments sowie ein aktueller Wohnsitznachweis \u2013 <em data-start=\"1294\" data-end=\"1314\">Meldebescheinigung<\/em> oder <em data-start=\"1320\" data-end=\"1338\">Meldebest\u00e4tigung<\/em>).<\/p>\n<p data-start=\"1342\" data-end=\"1480\"><span style=\"text-decoration: underline;\">Bitte beantragen Sie diese Aktualisierung rechtzeitig, bevor Sie zu Ihrem Termin bei der Passstelle und\/oder CIE-Stelle dieses Konsulats erscheinen.<\/span><\/p>\n<p data-start=\"1482\" data-end=\"1678\">Bitte denken Sie daran, in Ihrer Mitteilung \u00fcber die Adress\u00e4nderung alle im Haushalt lebenden Familienangeh\u00f6rigen anzugeben, auch Minderj\u00e4hrige oder Personen ohne italienische Staatsangeh\u00f6rigkeit.<\/p>\n<p data-start=\"1680\" data-end=\"1939\">Im Falle einer Adress\u00e4nderung eines Minderj\u00e4hrigen, bei der nicht beide Elternteile aufgef\u00fchrt sind, gelten dieselben oben genannten Vorgaben f\u00fcr die A.I.R.E.-Eintragung eines Minderj\u00e4hrigen mit einem nicht im selben Haushalt lebenden Elternteil (siehe oben).<\/p>\n<p data-start=\"1680\" data-end=\"1939\">\n<p data-start=\"1946\" data-end=\"1991\"><strong data-start=\"1946\" data-end=\"1991\">Umzug aus\/in einen anderen Konsularbezirk<\/strong><\/p>\n<p data-start=\"1993\" data-end=\"2250\">Um den Umzug aus einem anderen Konsularbezirk in den Zust\u00e4ndigkeitsbereich Stuttgart oder umgekehrt mitzuteilen, ist das Portal\u00a0<a href=\"https:\/\/serviziconsolarionline.esteri.it\/ScoFE\/index.sco\">Fast-It<\/a> zu verwenden. Es muss ein neuer Antrag auf A.I.R.E.-Eintragung nach den oben beschriebenen Modalit\u00e4ten gestellt werden.<\/p>\n","protected":false},"excerpt":{"rendered":"Italienische Staatsb\u00fcrgerInnen, die bereits im AIRE eingetragenen sind, m\u00fcssen eventuelle Adress\u00e4nderungen unverz\u00fcglich \u00fcber das Portal Fast-It melden und einen Nachweis des neuen Hauptwohnsitzes hochladen. Die fehlende Mitteilung der neuen Wohnadresse kann zur Streichung aus dem AIRE-Melderegister wegen Unauffindbarkeit f\u00fchren. Es wird darauf hingewiesen, dass deutsche Gemeinden dem Generalkonsulat die neue Adresse von ItalienerInnen, die ihren [&hellip;]","protected":false},"author":32,"featured_media":0,"parent":238,"menu_order":6,"comment_status":"closed","ping_status":"closed","template":"","meta":{"footnotes":""},"class_list":["post-6702","page","type-page","status-publish","hentry"],"_links":{"self":[{"href":"https:\/\/consstoccarda.esteri.it\/de\/wp-json\/wp\/v2\/pages\/6702","targetHints":{"allow":["GET"]}}],"collection":[{"href":"https:\/\/consstoccarda.esteri.it\/de\/wp-json\/wp\/v2\/pages"}],"about":[{"href":"https:\/\/consstoccarda.esteri.it\/de\/wp-json\/wp\/v2\/types\/page"}],"author":[{"embeddable":true,"href":"https:\/\/consstoccarda.esteri.it\/de\/wp-json\/wp\/v2\/users\/32"}],"replies":[{"embeddable":true,"href":"https:\/\/consstoccarda.esteri.it\/de\/wp-json\/wp\/v2\/comments?post=6702"}],"version-history":[{"count":4,"href":"https:\/\/consstoccarda.esteri.it\/de\/wp-json\/wp\/v2\/pages\/6702\/revisions"}],"predecessor-version":[{"id":6714,"href":"https:\/\/consstoccarda.esteri.it\/de\/wp-json\/wp\/v2\/pages\/6702\/revisions\/6714"}],"up":[{"embeddable":true,"href":"https:\/\/consstoccarda.esteri.it\/de\/wp-json\/wp\/v2\/pages\/238"}],"wp:attachment":[{"href":"https:\/\/consstoccarda.esteri.it\/de\/wp-json\/wp\/v2\/media?parent=6702"}],"curies":[{"name":"wp","href":"https:\/\/api.w.org\/{rel}","templated":true}]}}