{"id":6725,"date":"2025-12-05T09:22:52","date_gmt":"2025-12-05T08:22:52","guid":{"rendered":"https:\/\/consstoccarda.esteri.it\/servizi-consolari-e-visti\/servizi-per-il-cittadino-italiano\/anagrafe-degli-italiani-residenti-allestero-aire\/cittadini-minorenni\/"},"modified":"2026-04-29T15:32:16","modified_gmt":"2026-04-29T13:32:16","slug":"cittadini-minorenni","status":"publish","type":"page","link":"https:\/\/consstoccarda.esteri.it\/de\/servizi-consolari-e-visti\/servizi-per-il-cittadino-italiano\/anagrafe-degli-italiani-residenti-allestero-aire\/cittadini-minorenni\/","title":{"rendered":"Minderj\u00e4hrige Staatsb\u00fcrgerinnen"},"content":{"rendered":"<p>Die Eintragung ins A.I.R.E.-Register ist f\u00fcr alle minderj\u00e4hrigen italienischen Staatsb\u00fcrgerInnen (auch mit doppelter Staatsangeh\u00f6rigkeit) verpflichtend.<\/p>\n<p>Die A.I.R.E.-Eintragung minderj\u00e4hriger Kinder, die <strong>in unserem Konsularbezirk geboren<\/strong> wurden und hier wohnen, erfolgt <strong>zusammen mit der <a href=\"https:\/\/consstoccarda.esteri.it\/de\/servizi-consolari-e-visti\/servizi-per-il-cittadino-italiano\/stato-civile\/nascita\/\">Eintragung der ausl\u00e4ndischen Geburtsurkunde<\/a><\/strong> bei der zust\u00e4ndigen italienischen Gemeinde.<\/p>\n<p>Wenn der Minderj\u00e4hrige <strong>in Italien geboren wurde<\/strong> oder <strong>im Ausland geboren ist, seine Geburt jedoch bereits in Italien registriert wurde<\/strong>, muss er in den A.I.R.E.-Antrag der Familie aufgenommen werden.<\/p>\n<p>Es wird daran erinnert, dass in diesem Antrag auch <strong>ausl\u00e4ndische Ehepartner<\/strong>, sofern sie im selben Haushalt leben, anzugeben sind. F\u00fcr diese m\u00fcssen die zuvor genannten Unterlagen (Unterschrift auf dem Formular, Ausweisdokument und aktueller Wohnsitznachweis) beigef\u00fcgt werden.<\/p>\n<p>Wird der Antrag auf Eintragung des Minderj\u00e4hrigen <strong>nur von einem Elternteil<\/strong> gestellt, muss diesem ein <strong>Zustimmungsformular<\/strong> beigef\u00fcgt werden, das <a href=\"https:\/\/consstoccarda.esteri.it\/wp-content\/uploads\/2023\/10\/assenso-aire-minori.pdf\">unter folgendem Link<\/a> heruntergeladen werden kann. Dieses Formular ist vollst\u00e4ndig auszuf\u00fcllen und vom <strong>nicht im Haushalt lebenden Elternteil<\/strong> zu unterschreiben. Zudem ist eine Kopie des Ausweisdokuments dieses Elternteils beizulegen.<\/p>\n<p>Wenn der nicht im Haushalt lebende Elternteil aus einem <strong>au\u00dfereurop\u00e4ischen Staat<\/strong> stammt, muss seine Unterschrift auf dem Zustimmungsformular <strong>amtlich beglaubigt<\/strong> werden. Hierf\u00fcr kann die betroffene Person eine unserer Vertretungen aufsuchen oder die n\u00e4chstgelegene \u00f6rtliche Polizeidienststelle.<\/p>\n<p>Lebt der minderj\u00e4hrige italienische Staatsb\u00fcrger in Deutschland <strong>ausschlie\u00dflich mit dem nicht-italienischen Elternteil<\/strong>, kann der Antrag <strong>nicht \u00fcber Fast-It<\/strong> eingereicht werden. In diesem Fall ist eine E-Mail an <a href=\"mailto:consgenstoccarda.anagrafe@esteri.it\">consgenstoccarda.anagrafe@esteri.it<\/a> mit dem Betreff <strong>\u201eISCRIZIONE DI MINORE RESIDENTE CON GENITORE STRANIERO\u201c <\/strong>zu senden; anschlie\u00dfend sind die erhaltenen Anweisungen zu befolgen.<\/p>\n","protected":false},"excerpt":{"rendered":"Die Eintragung ins A.I.R.E.-Register ist f\u00fcr alle minderj\u00e4hrigen italienischen Staatsb\u00fcrgerInnen (auch mit doppelter Staatsangeh\u00f6rigkeit) verpflichtend. Die A.I.R.E.-Eintragung minderj\u00e4hriger Kinder, die in unserem Konsularbezirk geboren wurden und hier wohnen, erfolgt zusammen mit der Eintragung der ausl\u00e4ndischen Geburtsurkunde bei der zust\u00e4ndigen italienischen Gemeinde. Wenn der Minderj\u00e4hrige in Italien geboren wurde oder im Ausland geboren ist, seine Geburt [&hellip;]","protected":false},"author":32,"featured_media":0,"parent":238,"menu_order":6,"comment_status":"closed","ping_status":"closed","template":"","meta":{"footnotes":""},"class_list":["post-6725","page","type-page","status-publish","hentry"],"_links":{"self":[{"href":"https:\/\/consstoccarda.esteri.it\/de\/wp-json\/wp\/v2\/pages\/6725","targetHints":{"allow":["GET"]}}],"collection":[{"href":"https:\/\/consstoccarda.esteri.it\/de\/wp-json\/wp\/v2\/pages"}],"about":[{"href":"https:\/\/consstoccarda.esteri.it\/de\/wp-json\/wp\/v2\/types\/page"}],"author":[{"embeddable":true,"href":"https:\/\/consstoccarda.esteri.it\/de\/wp-json\/wp\/v2\/users\/32"}],"replies":[{"embeddable":true,"href":"https:\/\/consstoccarda.esteri.it\/de\/wp-json\/wp\/v2\/comments?post=6725"}],"version-history":[{"count":4,"href":"https:\/\/consstoccarda.esteri.it\/de\/wp-json\/wp\/v2\/pages\/6725\/revisions"}],"predecessor-version":[{"id":7931,"href":"https:\/\/consstoccarda.esteri.it\/de\/wp-json\/wp\/v2\/pages\/6725\/revisions\/7931"}],"up":[{"embeddable":true,"href":"https:\/\/consstoccarda.esteri.it\/de\/wp-json\/wp\/v2\/pages\/238"}],"wp:attachment":[{"href":"https:\/\/consstoccarda.esteri.it\/de\/wp-json\/wp\/v2\/media?parent=6725"}],"curies":[{"name":"wp","href":"https:\/\/api.w.org\/{rel}","templated":true}]}}