{"id":7040,"date":"2026-01-29T15:32:00","date_gmt":"2026-01-29T14:32:00","guid":{"rendered":"https:\/\/consstoccarda.esteri.it\/servizi-consolari-e-visti\/servizi-per-il-cittadino-italiano\/assistenza-ai-cittadini-allestero\/assistenza-economica\/"},"modified":"2026-01-29T15:40:52","modified_gmt":"2026-01-29T14:40:52","slug":"assistenza-economica","status":"publish","type":"page","link":"https:\/\/consstoccarda.esteri.it\/de\/servizi-consolari-e-visti\/servizi-per-il-cittadino-italiano\/assistenza-ai-cittadini-allestero\/assistenza-economica\/","title":{"rendered":"Finanzielle Unterst\u00fctzung"},"content":{"rendered":"<p><strong>Zusch\u00fcsse<\/strong><\/p>\n<p><strong>Vorzuweisende Unterlagen f\u00fcr die Beantragung eines konsularischen \u201eeinmaligen\u201c Zuschusses im Falle vor\u00fcbergehender Mittellosigkeit:<\/strong><strong><br \/>\n<\/strong>\u00a0\u00b7 g\u00fcltiger Reisepass oder g\u00fcltiger Personalausweis;<br \/>\n\u00b7 Nachweise \u00fcber s\u00e4mtliche Eink\u00fcnfte (letzte Verdienstbescheinigung, Bescheid des Arbeits- oder Sozialamtes, Familienleistungen, Invalidit\u00e4tsrente, Rentenrate usw.);<br \/>\n\u00b7 ablehnende Bescheide der deutschen Sozialbeh\u00f6rden (Jobcenter, Sozialamt) zu Antr\u00e4gen auf Zusch\u00fcsse oder nicht bewilligte Leistungen;<br \/>\n\u00b7 vollst\u00e4ndige Kontoausz\u00fcge der letzten drei Monate;<br \/>\n\u00b7 gegebenenfalls unbezahlte Rechnungen (Miete, Nachzahlungen usw.).<\/p>\n<p><strong>Darlehen<\/strong><\/p>\n<p>Darlehen mit R\u00fcckzahlungsversprechen k\u00f6nnen ausschlie\u00dflich ItalienerInnen ohne Hauptwohnsitz im Ausland gew\u00e4hrt werden, die sich aufgrund eines erlittenen Diebstahls oder des Verlusts ihrer finanziellen Mittel in einer vor\u00fcbergehenden Notlage befinden.<br \/>\nSolche Darlehen k\u00f6nnen <strong>nicht<\/strong> ItalienerInnen gew\u00e4hrt werden, die bereits zuvor \u2013 auch bei anderen konsularischen Vertretungen \u2013 eine solche Leistung erhalten haben und nicht nachweisen k\u00f6nnen, dass sie diese Schuld ordnungsgem\u00e4\u00df beglichen haben.<\/p>\n<p><strong>R\u00dcCKZAHLUNGSMODALIT\u00c4TEN<\/strong><\/p>\n<p>Gem\u00e4\u00df der geltenden Vorschriften der \u201c<strong>Piattaforma Incassi\u201d<\/strong> haben sich ab dem <strong>30. <\/strong><strong>Juni 2024<\/strong> die Modalit\u00e4ten f\u00fcr die R\u00fcckzahlung von Darlehen mit R\u00fcckzahlungsversprechen (die gem\u00e4\u00df Art. 24 Absatz 2 des Gesetzesdekrets Nr. 71 vom 3. Februar 2011 gew\u00e4hrt wurden) ge\u00e4ndert.<\/p>\n<p>Die R\u00fcckzahlung der gew\u00e4hrten Darlehen ist <strong>ausschlie\u00dflich<\/strong> \u00fcber folgende Modalit\u00e4ten m\u00f6glich:<\/p>\n<ol>\n<li>a) bei den Post\u00e4mtern, durch Vorsprache beim Schalterpersonal;<\/li>\n<li>b) \u00fcber die Website <a href=\"http:\/\/www.poste.it\/\"><em>poste.it<\/em><\/a>;<\/li>\n<li>c) beim Konsularb\u00fcro, das das Darlehen gew\u00e4hrt hat, oder gegebenenfalls bei jedem anderen Konsularb\u00fcro.<\/li>\n<\/ol>\n<p><a href=\"https:\/\/consstoccarda.esteri.it\/wp-content\/uploads\/2024\/07\/Cambiamento-modalita-rimborso-prestiti-con-promessa-di-restituzione.pdf\"><strong>Klicken Sie hier<\/strong><\/a>, um detaillierte Anweisungen zur Durchf\u00fchrung der R\u00fcckzahlung \u00fcber die italienische Post zu erhalten.<\/p>\n<p>Es wird darauf hingewiesen, dass auf der Website <a href=\"http:\/\/www.agenziaentrate.gov.it\/\">http:\/\/www.agenziaentrate.gov.it\/<\/a> der <strong>Steuerleitfaden f\u00fcr im Ausland lebende italienische Staatsb\u00fcrger<\/strong> verf\u00fcgbar ist.<\/p>\n","protected":false},"excerpt":{"rendered":"Zusch\u00fcsse Vorzuweisende Unterlagen f\u00fcr die Beantragung eines konsularischen \u201eeinmaligen\u201c Zuschusses im Falle vor\u00fcbergehender Mittellosigkeit: \u00a0\u00b7 g\u00fcltiger Reisepass oder g\u00fcltiger Personalausweis; \u00b7 Nachweise \u00fcber s\u00e4mtliche Eink\u00fcnfte (letzte Verdienstbescheinigung, Bescheid des Arbeits- oder Sozialamtes, Familienleistungen, Invalidit\u00e4tsrente, Rentenrate usw.); \u00b7 ablehnende Bescheide der deutschen Sozialbeh\u00f6rden (Jobcenter, Sozialamt) zu Antr\u00e4gen auf Zusch\u00fcsse oder nicht bewilligte Leistungen; \u00b7 vollst\u00e4ndige Kontoausz\u00fcge [&hellip;]","protected":false},"author":32,"featured_media":0,"parent":240,"menu_order":10,"comment_status":"closed","ping_status":"closed","template":"","meta":{"footnotes":""},"class_list":["post-7040","page","type-page","status-publish","hentry"],"_links":{"self":[{"href":"https:\/\/consstoccarda.esteri.it\/de\/wp-json\/wp\/v2\/pages\/7040","targetHints":{"allow":["GET"]}}],"collection":[{"href":"https:\/\/consstoccarda.esteri.it\/de\/wp-json\/wp\/v2\/pages"}],"about":[{"href":"https:\/\/consstoccarda.esteri.it\/de\/wp-json\/wp\/v2\/types\/page"}],"author":[{"embeddable":true,"href":"https:\/\/consstoccarda.esteri.it\/de\/wp-json\/wp\/v2\/users\/32"}],"replies":[{"embeddable":true,"href":"https:\/\/consstoccarda.esteri.it\/de\/wp-json\/wp\/v2\/comments?post=7040"}],"version-history":[{"count":4,"href":"https:\/\/consstoccarda.esteri.it\/de\/wp-json\/wp\/v2\/pages\/7040\/revisions"}],"predecessor-version":[{"id":7057,"href":"https:\/\/consstoccarda.esteri.it\/de\/wp-json\/wp\/v2\/pages\/7040\/revisions\/7057"}],"up":[{"embeddable":true,"href":"https:\/\/consstoccarda.esteri.it\/de\/wp-json\/wp\/v2\/pages\/240"}],"wp:attachment":[{"href":"https:\/\/consstoccarda.esteri.it\/de\/wp-json\/wp\/v2\/media?parent=7040"}],"curies":[{"name":"wp","href":"https:\/\/api.w.org\/{rel}","templated":true}]}}