{"id":7067,"date":"2026-01-29T15:43:14","date_gmt":"2026-01-29T14:43:14","guid":{"rendered":"https:\/\/consstoccarda.esteri.it\/servizi-consolari-e-visti\/servizi-per-il-cittadino-italiano\/assistenza-ai-cittadini-allestero\/assistenza-legale-e-sociale-a-detenuti\/"},"modified":"2026-01-29T15:45:54","modified_gmt":"2026-01-29T14:45:54","slug":"assistenza-legale-e-sociale-a-detenuti","status":"publish","type":"page","link":"https:\/\/consstoccarda.esteri.it\/de\/servizi-consolari-e-visti\/servizi-per-il-cittadino-italiano\/assistenza-ai-cittadini-allestero\/assistenza-legale-e-sociale-a-detenuti\/","title":{"rendered":"Rechtliche und soziale Unterst\u00fctzung von Inhaftierten"},"content":{"rendered":"<p>Das B\u00fcro bietet allgemein:<br \/>\n\u00b7 generelle rechtliche Informationen f\u00fcr inhaftierte ItalienerInnen und deren Angeh\u00f6rige (auch mit Wohnsitz in Italien) zu Themen wie Ausweisungen, \u00dcberstellungen usw.;<br \/>\n\u00b7 informiert \u00fcber das Bestehen spezialisierter Anwaltskanzleien, die der Auslandsvertretung bekannt sind und ihre Dienstleistungen auch in italienischer Sprache anbieten;<br \/>\n\u00b7 f\u00fchrt T\u00e4tigkeiten und Ma\u00dfnahmen zur Verbesserung und Erleichterung der Haftbedingungen durch, auch in Zusammenarbeit mit anderen italienischen Einrichtungen und Institutionen, z. B. durch Besuche, weihnachtliche Initiativen usw.<\/p>\n<p>Es wird gebeten, das B\u00fcro per E-Mail zu kontaktieren und dabei alle Falldetails, eine Telefonnummer sowie eine Kopie des Ausweisdokuments zu \u00fcbermitteln.<\/p>\n<p>Listen von Fachleuten und &#8222;Patronati&#8220;, die in unserem Konsularbezirk Stuttgart t\u00e4tig sind, finden Sie <strong><a href=\"https:\/\/consstoccarda.esteri.it\/de\/servizi-consolari-e-visti\/servizi-per-il-cittadino-italiano\/modulistica\/\">hier<\/a><\/strong><\/p>\n<p><strong>F\u00fcr die Kontaktdaten der Abteilung, <\/strong><a href=\"https:\/\/consstoccarda.esteri.it\/de\/chi-siamo\/contatti\/lasconsnot-contatti-e-orari\/\"><strong>klicken Sie bitte hier.<\/strong><\/a><\/p>\n","protected":false},"excerpt":{"rendered":"Das B\u00fcro bietet allgemein: \u00b7 generelle rechtliche Informationen f\u00fcr inhaftierte ItalienerInnen und deren Angeh\u00f6rige (auch mit Wohnsitz in Italien) zu Themen wie Ausweisungen, \u00dcberstellungen usw.; \u00b7 informiert \u00fcber das Bestehen spezialisierter Anwaltskanzleien, die der Auslandsvertretung bekannt sind und ihre Dienstleistungen auch in italienischer Sprache anbieten; \u00b7 f\u00fchrt T\u00e4tigkeiten und Ma\u00dfnahmen zur Verbesserung und Erleichterung der [&hellip;]","protected":false},"author":32,"featured_media":0,"parent":240,"menu_order":10,"comment_status":"closed","ping_status":"closed","template":"","meta":{"footnotes":""},"class_list":["post-7067","page","type-page","status-publish","hentry"],"_links":{"self":[{"href":"https:\/\/consstoccarda.esteri.it\/de\/wp-json\/wp\/v2\/pages\/7067","targetHints":{"allow":["GET"]}}],"collection":[{"href":"https:\/\/consstoccarda.esteri.it\/de\/wp-json\/wp\/v2\/pages"}],"about":[{"href":"https:\/\/consstoccarda.esteri.it\/de\/wp-json\/wp\/v2\/types\/page"}],"author":[{"embeddable":true,"href":"https:\/\/consstoccarda.esteri.it\/de\/wp-json\/wp\/v2\/users\/32"}],"replies":[{"embeddable":true,"href":"https:\/\/consstoccarda.esteri.it\/de\/wp-json\/wp\/v2\/comments?post=7067"}],"version-history":[{"count":3,"href":"https:\/\/consstoccarda.esteri.it\/de\/wp-json\/wp\/v2\/pages\/7067\/revisions"}],"predecessor-version":[{"id":7074,"href":"https:\/\/consstoccarda.esteri.it\/de\/wp-json\/wp\/v2\/pages\/7067\/revisions\/7074"}],"up":[{"embeddable":true,"href":"https:\/\/consstoccarda.esteri.it\/de\/wp-json\/wp\/v2\/pages\/240"}],"wp:attachment":[{"href":"https:\/\/consstoccarda.esteri.it\/de\/wp-json\/wp\/v2\/media?parent=7067"}],"curies":[{"name":"wp","href":"https:\/\/api.w.org\/{rel}","templated":true}]}}