{"id":7079,"date":"2026-01-29T15:48:03","date_gmt":"2026-01-29T14:48:03","guid":{"rendered":"https:\/\/consstoccarda.esteri.it\/servizi-consolari-e-visti\/servizi-per-il-cittadino-italiano\/assistenza-ai-cittadini-allestero\/vari-interventi-di-assistenza-consolare\/"},"modified":"2026-01-29T16:12:52","modified_gmt":"2026-01-29T15:12:52","slug":"vari-interventi-di-assistenza-consolare","status":"publish","type":"page","link":"https:\/\/consstoccarda.esteri.it\/de\/servizi-consolari-e-visti\/servizi-per-il-cittadino-italiano\/assistenza-ai-cittadini-allestero\/vari-interventi-di-assistenza-consolare\/","title":{"rendered":"Verschiedene konsularische Unterst\u00fctzungsma\u00dfnahmen"},"content":{"rendered":"<h5><strong>Abmeldung von Kraftfahrzeugen und F\u00fchrerscheine<\/strong><\/h5>\n<p>Ab dem 1. Januar 2020 nehmen die konsularischen Vertretungen keine Antr\u00e4ge mehr auf Abmeldung von Fahrzeugen aus dem PRA (\u00d6ffentliches Kraftfahrzeugregister) an, wenn diese nach diesem Datum ins Ausland exportiert wurden.<br \/>\nAb dem 1. Januar 2020 ist n\u00e4mlich eine neue Regelung in Kraft getreten, die die Abmeldung von Fahrzeugen aus dem PRA zur endg\u00fcltigen Ausfuhr ins Ausland regelt.<\/p>\n<p>Der neue Art. 103 der Stra\u00dfenverkehrsordnung sieht vor, dass die Abmeldung aus dem PRA zur endg\u00fcltigen Ausfuhr von Kraftfahrzeugen, Motorr\u00e4dern oder Anh\u00e4ngern nur unter der Voraussetzung erfolgt, dass diese einer Hauptuntersuchung mit positivem Ergebnis unterzogen wurden, die nicht fr\u00fcher als sechs Monate vor dem Datum des Antrags auf Abmeldung durchgef\u00fchrt worden ist.<\/p>\n<p>Daher muss ab dem 1. Januar 2020 die Abmeldung vor dem Export des Fahrzeugs beantragt werden, um die Kontrolle der fristgerecht erfolgten Hauptuntersuchung gem\u00e4\u00df den gesetzlichen Vorgaben zu erm\u00f6glichen.<\/p>\n<p>Nach erfolgter Abmeldung darf das abgemeldete Fahrzeug auf \u00f6ffentlichen Stra\u00dfen ausschlie\u00dflich zum Erreichen der Grenz\u00fcberg\u00e4nge f\u00fcr den Export verkehren, sofern es mit einem \u00dcberf\u00fchrungsdokument (Foglio di via) und dem in Art. 99 der Stra\u00dfenverkehrsordnung vorgesehenen vorl\u00e4ufigen Kennzeichen ausgestattet ist.<\/p>\n<p>In der ersten Phase der Anwendung der neuen Regelung ist das abgemeldete Fahrzeug au\u00dferdem mit der originalen Zulassungsbescheinigung, die f\u00fcr den Export annulliert und f\u00fcr den Stra\u00dfenverkehr nicht g\u00fcltig ist, versehen.<\/p>\n<p>F\u00fcr allgemeine Informationen zum Thema F\u00fchrerscheine wird auf die <a href=\"https:\/\/www.esteri.it\/it\/servizi-consolari-e-visti\/italiani-all-estero\/autoveicoli_e_patenti\/patenteguida\/\">Website des Ministeriums f\u00fcr ausw\u00e4rtige Angelegenheiten<\/a> und internationale Zusammenarbeit verwiesen.<\/p>\n<p>Gem\u00e4\u00df der geltenden Rechtsvorschriften m\u00fcssen in Deutschland st\u00e4ndig ans\u00e4ssige B\u00fcrger im Falle der Verl\u00e4ngerung eines italienischen F\u00fchrerscheins zwingend die Umschreibung in einen lokalen F\u00fchrerschein bei der zust\u00e4ndigen Beh\u00f6rde (F\u00fchrerscheinstelle) beantragen.<\/p>\n<h5>Familie<\/h5>\n<p>Das Konsularb\u00fcro f\u00fchrt soziale Ma\u00dfnahmen bei italienischen und\/oder lokalen Beh\u00f6rden durch.<br \/>\nZudem betreut es F\u00e4lle von Minderj\u00e4hrigen in besonders schwierigen Lebenssituationen.<\/p>\n<p>Listen von Fachleuten und Patronat en, die im Konsularbezirk Stuttgart t\u00e4tig sind, klicken Sie bitte <a href=\"https:\/\/consstoccarda.esteri.it\/de\/servizi-consolari-e-visti\/servizi-per-il-cittadino-italiano\/modulistica\/\"><strong>hier<\/strong><\/a><\/p>\n<h5>Suche nach Landsleuten<\/h5>\n<p>F\u00fcr die Suche nach vermissten Personen, die zuvor im Baden-W\u00fcrttemberg wohnhaft waren, k\u00f6nnen Ma\u00dfnahmen bei den zust\u00e4ndigen lokalen Beh\u00f6rden eingeleitet werden.<\/p>\n<p>Die Angeh\u00f6rigen m\u00fcssen beim LAS-B\u00fcro einen begr\u00fcndeten Antrag einreichen, der ihre personenbezogenen Daten (unter Beif\u00fcgung einer Kopie des Ausweisdokuments) sowie jene der vermissten Person enth\u00e4lt, unter Angabe des zuletzt bekannten Wohnsitzes und aller weiteren f\u00fcr das Auffinden n\u00fctzlichen Informationen.<\/p>\n<p>Es wird gebeten, das B\u00fcro per E-Mail zu kontaktieren und dabei alle Falldetails, eine Telefonnummer sowie eine Kopie des Ausweisdokuments zu \u00fcbermitteln.<\/p>\n<p><strong>F\u00fcr die Kontaktdaten der Abteilung <a href=\"https:\/\/consstoccarda.esteri.it\/de\/chi-siamo\/contatti\/lasconsnot-contatti-e-orari\/\" target=\"_blank\" rel=\"noopener\">klicken Sie bitte hier<\/a><\/strong><\/p>\n<p>&nbsp;<\/p>\n","protected":false},"excerpt":{"rendered":"Abmeldung von Kraftfahrzeugen und F\u00fchrerscheine Ab dem 1. Januar 2020 nehmen die konsularischen Vertretungen keine Antr\u00e4ge mehr auf Abmeldung von Fahrzeugen aus dem PRA (\u00d6ffentliches Kraftfahrzeugregister) an, wenn diese nach diesem Datum ins Ausland exportiert wurden. Ab dem 1. Januar 2020 ist n\u00e4mlich eine neue Regelung in Kraft getreten, die die Abmeldung von Fahrzeugen aus [&hellip;]","protected":false},"author":32,"featured_media":0,"parent":240,"menu_order":10,"comment_status":"closed","ping_status":"closed","template":"","meta":{"footnotes":""},"class_list":["post-7079","page","type-page","status-publish","hentry"],"_links":{"self":[{"href":"https:\/\/consstoccarda.esteri.it\/de\/wp-json\/wp\/v2\/pages\/7079","targetHints":{"allow":["GET"]}}],"collection":[{"href":"https:\/\/consstoccarda.esteri.it\/de\/wp-json\/wp\/v2\/pages"}],"about":[{"href":"https:\/\/consstoccarda.esteri.it\/de\/wp-json\/wp\/v2\/types\/page"}],"author":[{"embeddable":true,"href":"https:\/\/consstoccarda.esteri.it\/de\/wp-json\/wp\/v2\/users\/32"}],"replies":[{"embeddable":true,"href":"https:\/\/consstoccarda.esteri.it\/de\/wp-json\/wp\/v2\/comments?post=7079"}],"version-history":[{"count":3,"href":"https:\/\/consstoccarda.esteri.it\/de\/wp-json\/wp\/v2\/pages\/7079\/revisions"}],"predecessor-version":[{"id":7118,"href":"https:\/\/consstoccarda.esteri.it\/de\/wp-json\/wp\/v2\/pages\/7079\/revisions\/7118"}],"up":[{"embeddable":true,"href":"https:\/\/consstoccarda.esteri.it\/de\/wp-json\/wp\/v2\/pages\/240"}],"wp:attachment":[{"href":"https:\/\/consstoccarda.esteri.it\/de\/wp-json\/wp\/v2\/media?parent=7079"}],"curies":[{"name":"wp","href":"https:\/\/api.w.org\/{rel}","templated":true}]}}