{"id":7127,"date":"2026-01-29T16:16:04","date_gmt":"2026-01-29T15:16:04","guid":{"rendered":"https:\/\/consstoccarda.esteri.it\/servizi-consolari-e-visti\/servizi-per-il-cittadino-italiano\/assistenza-ai-cittadini-allestero\/informazioni-sintetiche-per-chi-cerca-lavoro-in-germania\/"},"modified":"2026-01-29T16:20:54","modified_gmt":"2026-01-29T15:20:54","slug":"informazioni-sintetiche-per-chi-cerca-lavoro-in-germania","status":"publish","type":"page","link":"https:\/\/consstoccarda.esteri.it\/de\/servizi-consolari-e-visti\/servizi-per-il-cittadino-italiano\/assistenza-ai-cittadini-allestero\/informazioni-sintetiche-per-chi-cerca-lavoro-in-germania\/","title":{"rendered":"Kurzinformationen f\u00fcr Arbeitssuchende in Deutschland"},"content":{"rendered":"<p><strong>Allgemeine <a href=\"http:\/\/www.rom.diplo.de\/Vertretung\/rom\/it\/01\/Willkommen.html\">Informationen \u00fcber Deutschland<\/a>:<\/strong><strong><br \/>\n<\/strong>\u00a0(Quelle: Deutsche Botschaft in Rom)<\/p>\n<p><a href=\"http:\/\/www.make-it-in-germany.it\/\">http:\/\/www.make-it-in-germany.it<\/a> (italienische Version)<br \/>\n(Quelle: Deutsches Bundesministerium f\u00fcr Arbeit)<\/p>\n<p><strong>Einreise und Aufenthalt im Land:<\/strong><\/p>\n<p>Italienische Staatsb\u00fcrgerInnen k\u00f6nnen sich mit einem <strong>g\u00fcltigen Ausweisdokument<\/strong> (Reisepass oder Personalausweis) <strong>frei in Deutschland aufhalten<\/strong>.<br \/>\nWer sich <strong>l\u00e4nger als drei Monate<\/strong> in Deutschland aufhalten m\u00f6chte, ist verpflichtet, <strong>innerhalb von zwei Wochen nach der Ankunft<\/strong> seinen Wohnsitz beim <strong>Einwohnermeldeamt<\/strong> der gew\u00e4hlten deutschen Gemeinde anzumelden (sog. <strong>Anmeldung<\/strong>).<\/p>\n<p>Es wird au\u00dferdem an die <strong>meldepflichtige Eintragung im AIRE<\/strong> (Register der im Ausland lebenden Italiener) erinnert.<\/p>\n<p><strong>Arbeitssuche:<\/strong><\/p>\n<p>Der deutsche Arbeitsmarkt variiert stark je nach <strong>geografischem Gebiet<\/strong> und <strong>Besch\u00e4ftigungssektor<\/strong>.<br \/>\nInsbesondere die <strong>s\u00fcdlichen und westlichen Regionen<\/strong> des Landes bieten gute Besch\u00e4ftigungsm\u00f6glichkeiten.<br \/>\nDennoch wird empfohlen, <strong>bereits vor der Abreise aus Italien<\/strong> einen potenziellen Arbeitgeber zu finden.<\/p>\n<p>Bei der Arbeitssuche k\u00f6nnen die folgenden Links genutzt werden:<\/p>\n<p><strong>Bundesagentur f\u00fcr Arbeit \u2013 Bundesagentur f\u00fcr Arbeit<\/strong><strong><br \/>\n<\/strong>http:\/\/www.arbeitsagentur.de\/web\/content\/EN\/index.htm<br \/>\n(englische Version)<\/p>\n<p><strong>Jobb\u00f6rse \u2013 Stellenangebote in Deutschland<\/strong><\/p>\n<p><a href=\"http:\/\/jobboerse.arbeitsagentur.de\/vamJB\/startseite.html?kgr=as&amp;aa=1&amp;m=1&amp;vorschlagsfunktionaktiv=true\">http:\/\/jobboerse.arbeitsagentur.de\/vamJB\/startseite.html?kgr=as&amp;aa=1&amp;m=1&amp;vorschlagsfunktionaktiv=true<\/a><\/p>\n<p><strong>EURES<\/strong><\/p>\n<p>(European Employment Services)<br \/>\n<a href=\"http:\/\/ec.europa.eu\/eures\/home.jsp?lang=it\">http:\/\/ec.europa.eu\/eures\/home.jsp?lang=it<\/a><\/p>\n<p>EURES unterst\u00fctzt die <strong>Mobilit\u00e4t auf dem europ\u00e4ischen Arbeitsmarkt<\/strong>, indem es <strong>Informations-, Beratungs- und Vermittlungsdienste<\/strong> f\u00fcr Arbeitnehmer und Arbeitgeber anbietet.<br \/>\nEURES ist ein <strong>Kooperationsnetzwerk<\/strong>, dem die <strong>Europ\u00e4ische Kommission<\/strong> sowie die <strong>\u00f6ffentlichen Arbeitsverwaltungen<\/strong> der L\u00e4nder der <strong>Europ\u00e4ischen Union (EU)<\/strong>, des <strong>Europ\u00e4ischen Wirtschaftsraums (EWR)<\/strong> und der <strong>Schweiz<\/strong> angeh\u00f6ren.<\/p>\n<p>Die <strong>EURES-Berater<\/strong> bei den nationalen \u00f6ffentlichen Arbeitsverwaltungen informieren \u00fcber <strong>Besch\u00e4ftigungsm\u00f6glichkeiten<\/strong> sowie \u00fcber die <strong>Lebens- und Arbeitsbedingungen in Deutschland<\/strong>.<\/p>\n<p>F\u00fcr <strong>Baden-W\u00fcrttemberg<\/strong> wird empfohlen, folgende Stellen zu konsultieren:<\/p>\n<ul>\n<li>die <strong>Welcome Center<\/strong> (\u201eWillkommenszentren\u201c), die Unterst\u00fctzung bei Fragen zur <strong>beruflichen Ausbildung<\/strong> und zur <strong>Arbeitswelt<\/strong> anbieten.\n<ul>\n<li><a href=\"https:\/\/welcome.region-stuttgart.de\/\">https:\/\/welcome.region-stuttgart.de<\/a><\/li>\n<li><a href=\"http:\/\/welcome-center-sozialwirtschaft-bw.de\/\">http:\/\/welcome-center-sozialwirtschaft-bw.de\/<\/a><\/li>\n<\/ul>\n<\/li>\n<li>das <strong>BIZ \u201eBerufsinformationszentrum\u201c<\/strong>, ein <strong>Beratungszentrum f\u00fcr Ausbildung und Arbeitsmarkt<\/strong>\n<ul>\n<li><a href=\"http:\/\/www.arbeitsagentur.de\/\">arbeitsagentur.de<\/a><\/li>\n<\/ul>\n<\/li>\n<li>der <strong>IB \u201eInternationaler Bund\u201c<\/strong>, eine <strong>anerkannte gemeinn\u00fctzige Organisation<\/strong>, die <strong>Beratung und Unterst\u00fctzung<\/strong> im Bereich <strong>berufliche Ausbildung, Sprachkurse und Arbeit<\/strong> anbietet\n<ul>\n<li><a href=\"http:\/\/www.internationaler-bund.de\/\">internationaler-bund.de<\/a><\/li>\n<\/ul>\n<\/li>\n<\/ul>\n","protected":false},"excerpt":{"rendered":"Allgemeine Informationen \u00fcber Deutschland: \u00a0(Quelle: Deutsche Botschaft in Rom) http:\/\/www.make-it-in-germany.it (italienische Version) (Quelle: Deutsches Bundesministerium f\u00fcr Arbeit) Einreise und Aufenthalt im Land: Italienische Staatsb\u00fcrgerInnen k\u00f6nnen sich mit einem g\u00fcltigen Ausweisdokument (Reisepass oder Personalausweis) frei in Deutschland aufhalten. Wer sich l\u00e4nger als drei Monate in Deutschland aufhalten m\u00f6chte, ist verpflichtet, innerhalb von zwei Wochen nach der [&hellip;]","protected":false},"author":32,"featured_media":0,"parent":240,"menu_order":10,"comment_status":"closed","ping_status":"closed","template":"","meta":{"footnotes":""},"class_list":["post-7127","page","type-page","status-publish","hentry"],"_links":{"self":[{"href":"https:\/\/consstoccarda.esteri.it\/de\/wp-json\/wp\/v2\/pages\/7127","targetHints":{"allow":["GET"]}}],"collection":[{"href":"https:\/\/consstoccarda.esteri.it\/de\/wp-json\/wp\/v2\/pages"}],"about":[{"href":"https:\/\/consstoccarda.esteri.it\/de\/wp-json\/wp\/v2\/types\/page"}],"author":[{"embeddable":true,"href":"https:\/\/consstoccarda.esteri.it\/de\/wp-json\/wp\/v2\/users\/32"}],"replies":[{"embeddable":true,"href":"https:\/\/consstoccarda.esteri.it\/de\/wp-json\/wp\/v2\/comments?post=7127"}],"version-history":[{"count":2,"href":"https:\/\/consstoccarda.esteri.it\/de\/wp-json\/wp\/v2\/pages\/7127\/revisions"}],"predecessor-version":[{"id":7132,"href":"https:\/\/consstoccarda.esteri.it\/de\/wp-json\/wp\/v2\/pages\/7127\/revisions\/7132"}],"up":[{"embeddable":true,"href":"https:\/\/consstoccarda.esteri.it\/de\/wp-json\/wp\/v2\/pages\/240"}],"wp:attachment":[{"href":"https:\/\/consstoccarda.esteri.it\/de\/wp-json\/wp\/v2\/media?parent=7127"}],"curies":[{"name":"wp","href":"https:\/\/api.w.org\/{rel}","templated":true}]}}