{"id":7157,"date":"2026-01-29T16:46:11","date_gmt":"2026-01-29T15:46:11","guid":{"rendered":"https:\/\/consstoccarda.esteri.it\/servizi-consolari-e-visti\/servizi-per-il-cittadino-italiano\/assistenza-ai-cittadini-allestero\/dichiarazione-di-valore-per-chi-intende-studiare-in-italia\/"},"modified":"2026-01-29T16:48:30","modified_gmt":"2026-01-29T15:48:30","slug":"dichiarazione-di-valore-per-chi-intende-studiare-in-italia","status":"publish","type":"page","link":"https:\/\/consstoccarda.esteri.it\/de\/servizi-consolari-e-visti\/servizi-per-il-cittadino-italiano\/assistenza-ai-cittadini-allestero\/dichiarazione-di-valore-per-chi-intende-studiare-in-italia\/","title":{"rendered":"Werterkl\u00e4rungen (f\u00fcr Personen, die in Italien studieren m\u00f6chten)"},"content":{"rendered":"<ul>\n<li><a href=\"https:\/\/consstoccarda.esteri.it\/de\/servizi-consolari-e-visti\/servizi-per-il-cittadino-italiano\/modulistica\/servizi-notarili-modulistica\/\">F\u00fcr Informationen lesen Sie bitte das Informationsblatt \u201eINFO\u201c im Abschnitt Formulare dieses B\u00fcros (hier klicken)<\/a><\/li>\n<li><a href=\"https:\/\/consstoccarda.esteri.it\/de\/servizi-consolari-e-visti\/servizi-per-il-cittadino-italiano\/modulistica\/servizi-notarili-modulistica\/\">Das Antragsformular f\u00fcr die Wertbescheinigung finden Sie ebenfalls im Abschnitt Formulare dieses B\u00fcros (hier klicken)<\/a><\/li>\n<\/ul>\n<p>Die Wertbescheinigung f\u00fcr einen im Ausland erworbenen Studien- oder Berufsqualifikationstitel ist ein Dokument, das von den italienischen diplomatisch-konsularischen Vertretungen ausgestellt wird und den Wert des Titels im Herkunftsland beschreibt.<\/p>\n<p>Die Wertbescheinigung ist kein Anerkennungsnachweis des Titels, sondern ein informatives Dokument, das von Bildungseinrichtungen und zust\u00e4ndigen Verwaltungsbeh\u00f6rden in Italien zur Bewertung der Titel genutzt werden kann, z.\u202fB. f\u00fcr Studienfortsetzung, Berufsaus\u00fcbung usw.<\/p>\n<p>Die in der Wertbescheinigung enthaltenen Informationen beziehen sich auf:<\/p>\n<ul>\n<li>Art und Niveau der Institution, die den ausl\u00e4ndischen Titel ausgestellt hat<\/li>\n<li>Gesetzliche Studiendauer<\/li>\n<li>Zugangsvoraussetzungen zum Studiengang<\/li>\n<li>Eventuell erreichte Noten, unter Bezug auf das im Herkunftsland geltende Bewertungssystem<\/li>\n<li>Wert des Titels im Herkunftsland f\u00fcr die Fortsetzung des Studiums und gegebenenfalls f\u00fcr die Berufsaus\u00fcbung<\/li>\n<li>Weitere Informationen, die f\u00fcr die Bewertung in Italien n\u00fctzlich sein k\u00f6nnten<\/li>\n<\/ul>\n<p>Das Konsulat stellt Wertbescheinigungen ausschlie\u00dflich f\u00fcr akademische Titel aus.<br \/>\nF\u00fcr berufliche oder schulische Titel muss das Schulb\u00fcro dieser Vertretung kontaktiert werden.<\/p>\n<p>Der Antrag muss vollst\u00e4ndig mit Antragsformular und den erforderlichen Unterlagen eingereicht werden.<br \/>\nDie Unterlagen sind per Post zu senden an:<br \/>\nItalienisches Generalkonsulat Stuttgart, Lenzhalde 46, 70192 Stuttgart<\/p>\n<p><strong>Bearbeitungszeit: ca. 30 Tage<\/strong><\/p>\n<p>&nbsp;<\/p>\n<p>PDF-Formulare zum Herunterladen:<\/p>\n<p>Bitte konsultieren Sie den Abschnitt Formulare dieses B\u00fcros, um die Formulare herunterzuladen (<a href=\"https:\/\/consstoccarda.esteri.it\/de\/servizi-consolari-e-visti\/servizi-per-il-cittadino-italiano\/modulistica\/servizi-notarili-modulistica\/\">hier klicken<\/a>)<\/p>\n<p>&nbsp;<\/p>\n<p><strong>Moduli da scaricare in formato PDF<\/strong><\/p>\n<p>Per scaricare i moduli si prega di consultare la <a href=\"https:\/\/consstoccarda.esteri.it\/de\/servizi-consolari-e-visti\/servizi-per-il-cittadino-italiano\/modulistica\/servizi-notarili-modulistica\/\"><strong>sezione modulistica di questo ufficio (clicca qui)<\/strong><\/a><\/p>\n<p><strong>F\u00fcr die Kontaktdaten der Abteilung\u00a0<a href=\"https:\/\/consstoccarda.esteri.it\/de\/chi-siamo\/contatti\/lasconsnot-contatti-e-orari\/\" target=\"_blank\" rel=\"noopener\">klicken Sie bitte hier<\/a>.<\/strong><\/p>\n<p>&nbsp;<\/p>\n","protected":false},"excerpt":{"rendered":"F\u00fcr Informationen lesen Sie bitte das Informationsblatt \u201eINFO\u201c im Abschnitt Formulare dieses B\u00fcros (hier klicken) Das Antragsformular f\u00fcr die Wertbescheinigung finden Sie ebenfalls im Abschnitt Formulare dieses B\u00fcros (hier klicken) Die Wertbescheinigung f\u00fcr einen im Ausland erworbenen Studien- oder Berufsqualifikationstitel ist ein Dokument, das von den italienischen diplomatisch-konsularischen Vertretungen ausgestellt wird und den Wert des [&hellip;]","protected":false},"author":32,"featured_media":0,"parent":240,"menu_order":10,"comment_status":"closed","ping_status":"closed","template":"","meta":{"footnotes":""},"class_list":["post-7157","page","type-page","status-publish","hentry"],"_links":{"self":[{"href":"https:\/\/consstoccarda.esteri.it\/de\/wp-json\/wp\/v2\/pages\/7157","targetHints":{"allow":["GET"]}}],"collection":[{"href":"https:\/\/consstoccarda.esteri.it\/de\/wp-json\/wp\/v2\/pages"}],"about":[{"href":"https:\/\/consstoccarda.esteri.it\/de\/wp-json\/wp\/v2\/types\/page"}],"author":[{"embeddable":true,"href":"https:\/\/consstoccarda.esteri.it\/de\/wp-json\/wp\/v2\/users\/32"}],"replies":[{"embeddable":true,"href":"https:\/\/consstoccarda.esteri.it\/de\/wp-json\/wp\/v2\/comments?post=7157"}],"version-history":[{"count":2,"href":"https:\/\/consstoccarda.esteri.it\/de\/wp-json\/wp\/v2\/pages\/7157\/revisions"}],"predecessor-version":[{"id":7162,"href":"https:\/\/consstoccarda.esteri.it\/de\/wp-json\/wp\/v2\/pages\/7157\/revisions\/7162"}],"up":[{"embeddable":true,"href":"https:\/\/consstoccarda.esteri.it\/de\/wp-json\/wp\/v2\/pages\/240"}],"wp:attachment":[{"href":"https:\/\/consstoccarda.esteri.it\/de\/wp-json\/wp\/v2\/media?parent=7157"}],"curies":[{"name":"wp","href":"https:\/\/api.w.org\/{rel}","templated":true}]}}