{"id":7187,"date":"2026-01-29T17:22:17","date_gmt":"2026-01-29T16:22:17","guid":{"rendered":"https:\/\/consstoccarda.esteri.it\/servizi-consolari-e-visti\/servizi-per-il-cittadino-italiano\/assistenza-ai-cittadini-allestero\/legalizzazioni-e-traduzioni\/"},"modified":"2026-01-29T17:27:34","modified_gmt":"2026-01-29T16:27:34","slug":"legalizzazioni-e-traduzioni","status":"publish","type":"page","link":"https:\/\/consstoccarda.esteri.it\/de\/servizi-consolari-e-visti\/servizi-per-il-cittadino-italiano\/legalizzazioni-e-traduzioni\/","title":{"rendered":"Beglaubigungen und \u00dcbersetzungen"},"content":{"rendered":"<div class=\"flex flex-col text-sm pb-25\">\n<article class=\"text-token-text-primary w-full focus:outline-none [--shadow-height:45px] has-data-writing-block:pointer-events-none has-data-writing-block:-mt-(--shadow-height) has-data-writing-block:pt-(--shadow-height) [&amp;:has([data-writing-block])&gt;*]:pointer-events-auto scroll-mt-[calc(var(--header-height)+min(200px,max(70px,20svh)))]\" dir=\"auto\" tabindex=\"-1\" data-turn-id=\"request-WEB:d645de91-5e16-451d-9c3b-53b0caa43997-3\" data-testid=\"conversation-turn-8\" data-scroll-anchor=\"true\" data-turn=\"assistant\">\n<div class=\"text-base my-auto mx-auto pb-10 [--thread-content-margin:--spacing(4)] @w-sm\/main:[--thread-content-margin:--spacing(6)] @w-lg\/main:[--thread-content-margin:--spacing(16)] px-(--thread-content-margin)\">\n<div class=\"[--thread-content-max-width:40rem] @w-lg\/main:[--thread-content-max-width:48rem] mx-auto max-w-(--thread-content-max-width) flex-1 group\/turn-messages focus-visible:outline-hidden relative flex w-full min-w-0 flex-col agent-turn\" tabindex=\"-1\">\n<div class=\"flex max-w-full flex-col grow\">\n<div class=\"min-h-8 text-message relative flex w-full flex-col items-end gap-2 text-start break-words whitespace-normal [.text-message+&amp;]:mt-1\" dir=\"auto\" data-message-author-role=\"assistant\" data-message-id=\"2fd5f873-b943-464b-9d1b-304d47c4a096\" data-message-model-slug=\"gpt-5-2\">\n<div class=\"flex w-full flex-col gap-1 empty:hidden first:pt-[1px]\">\n<div class=\"markdown prose dark:prose-invert w-full wrap-break-word light markdown-new-styling\">\n<p data-start=\"32\" data-end=\"83\"><strong data-start=\"32\" data-end=\"83\">Beglaubigung der Unterschrift\u00a0<\/strong><\/p>\n<p data-start=\"85\" data-end=\"454\">Die Beglaubigung ist ein Verfahren, mit dem die Eigenschaft des Amtstr\u00e4gers, der eine Urkunde unterzeichnet hat, best\u00e4tigt und der Unterschrift amtliche G\u00fcltigkeit verliehen wird. <strong>Auf Grundlage der zwischen Deutschland und Italien bestehenden bilateralen Abkommen sind die Unterschriften von \u00f6ffentlichen Beamten (z. B. Standesbeamten oder Notaren) von jeder Form der Beglaubigung befreit.<\/strong><\/p>\n<p data-start=\"456\" data-end=\"796\">F\u00fcr Urkunden und Dokumente, die von ausl\u00e4ndischen Beh\u00f6rden aus Drittstaaten ausgestellt wurden, kann hingegen eine konsularische Beglaubigung oder eine Apostille (gem\u00e4\u00df dem Haager \u00dcbereinkommen von 1961) erforderlich sein. Es wird gebeten, dies auf der Website des f\u00fcr das Ausstellungsland zust\u00e4ndigen italienischen Konsulats zu \u00fcberpr\u00fcfen.<\/p>\n<p data-start=\"798\" data-end=\"1154\">F\u00fcr italienische Urkunden und Dokumente wird die Apostille gem\u00e4\u00df dem Haager \u00dcbereinkommen von 1961 von den Justizbeh\u00f6rden f\u00fcr notarielle Urkunden bzw. von den Pr\u00e4fekturen (im Aostatal vom Pr\u00e4sidenten der Region, in den Autonomen Provinzen Trient und Bozen von den jeweiligen Regierungskommissariaten) f\u00fcr Personenstands- und Verwaltungsurkunden angebracht.<\/p>\n<p data-start=\"1156\" data-end=\"1495\">Seit dem 12.02.2019 ist die EU-Verordnung 2016\/1191 in Kraft, die f\u00fcr bestimmte \u00f6ffentliche, administrative und notarielle Urkunden sowie f\u00fcr gerichtliche Entscheidungen, die von einem Mitgliedstaat ausgestellt werden und die ein Unionsb\u00fcrger in einem anderen Mitgliedstaat geltend machen muss, die Befreiung von der Beglaubigung vorsieht.<\/p>\n<p data-start=\"1156\" data-end=\"1495\">\n<p data-start=\"1497\" data-end=\"1514\"><strong data-start=\"1497\" data-end=\"1514\">\u00dcbersetzungen<\/strong><\/p>\n<p data-start=\"1516\" data-end=\"1902\">Im Ausland ausgestellte Urkunden und Dokumente, die in Italien verwendet werden sollen, m\u00fcssen von einer beglaubigten \u00dcbersetzung direkt in die italienische Sprache begleitet sein (DPR 445\/2000). In der Vergangenheit musste die Unterschrift vereidigter deutscher \u00dcbersetzer stets bei der italienischen Konsularbeh\u00f6rde beglaubigt werden, damit die \u00dcbersetzung in Italien anerkannt wurde.<\/p>\n<p data-start=\"1904\" data-end=\"2279\">Die EU-Verordnung 2016\/1191 sieht f\u00fcr die oben genannten Dokumente die Befreiung von der Beglaubigung der \u00dcbersetzerunterschrift vor. Es wird gebeten, vorab bei der italienischen Stelle, bei der die \u00dcbersetzung eingereicht werden soll (z. B. Notar, Kraftfahrzeugregister \u2013 PRA, italienische Gemeinde), zu pr\u00fcfen, ob eine konsularisch beglaubigte \u00dcbersetzung erforderlich ist.<\/p>\n<p data-start=\"2281\" data-end=\"2634\">In diesem Fall kann die Beglaubigung der Unterschrift vereidigter \u00dcbersetzer, die in der \u00fcber den entsprechenden Link verf\u00fcgbaren Liste aufgef\u00fchrt sind, beantragt werden, indem \u00fcber das Portal <a href=\"https:\/\/prenotami.esteri.it\/\"><strong data-start=\"2474\" data-end=\"2487\">prenot@mi<\/strong><\/a> ein Termin vereinbart wird. Es wird darauf hingewiesen, dass der Dienst geb\u00fchrenpflichtig ist, die im Rahmen des Termins zu entrichten sind.<\/p>\n<p data-start=\"2636\" data-end=\"2909\"><strong data-start=\"2636\" data-end=\"2648\">Achtung:<\/strong> Das Generalkonsulat von Italien in Stuttgart kann ausschlie\u00dflich die Unterschriften jener vereidigten \u00dcbersetzer beglaubigen, die ihre Unterschrift bei unserem Amt hinterlegt haben. Die fortlaufend aktualisierte Liste ist \u00fcber den entsprechenden<a href=\"https:\/\/consstoccarda.esteri.it\/de\/servizi-consolari-e-visti\/servizi-per-il-cittadino-italiano\/modulistica\/\"> Link abrufbar<\/a>.<\/p>\n<\/div>\n<\/div>\n<\/div>\n<\/div>\n<\/div>\n<\/div>\n<\/article>\n<\/div>\n<p>&nbsp;<\/p>\n","protected":false},"excerpt":{"rendered":"Beglaubigung der Unterschrift\u00a0 Die Beglaubigung ist ein Verfahren, mit dem die Eigenschaft des Amtstr\u00e4gers, der eine Urkunde unterzeichnet hat, best\u00e4tigt und der Unterschrift amtliche G\u00fcltigkeit verliehen wird. Auf Grundlage der zwischen Deutschland und Italien bestehenden bilateralen Abkommen sind die Unterschriften von \u00f6ffentlichen Beamten (z. B. Standesbeamten oder Notaren) von jeder Form der Beglaubigung befreit. F\u00fcr [&hellip;]","protected":false},"author":32,"featured_media":0,"parent":128,"menu_order":8,"comment_status":"closed","ping_status":"closed","template":"","meta":{"footnotes":""},"class_list":["post-7187","page","type-page","status-publish","hentry"],"_links":{"self":[{"href":"https:\/\/consstoccarda.esteri.it\/de\/wp-json\/wp\/v2\/pages\/7187","targetHints":{"allow":["GET"]}}],"collection":[{"href":"https:\/\/consstoccarda.esteri.it\/de\/wp-json\/wp\/v2\/pages"}],"about":[{"href":"https:\/\/consstoccarda.esteri.it\/de\/wp-json\/wp\/v2\/types\/page"}],"author":[{"embeddable":true,"href":"https:\/\/consstoccarda.esteri.it\/de\/wp-json\/wp\/v2\/users\/32"}],"replies":[{"embeddable":true,"href":"https:\/\/consstoccarda.esteri.it\/de\/wp-json\/wp\/v2\/comments?post=7187"}],"version-history":[{"count":2,"href":"https:\/\/consstoccarda.esteri.it\/de\/wp-json\/wp\/v2\/pages\/7187\/revisions"}],"predecessor-version":[{"id":7192,"href":"https:\/\/consstoccarda.esteri.it\/de\/wp-json\/wp\/v2\/pages\/7187\/revisions\/7192"}],"up":[{"embeddable":true,"href":"https:\/\/consstoccarda.esteri.it\/de\/wp-json\/wp\/v2\/pages\/128"}],"wp:attachment":[{"href":"https:\/\/consstoccarda.esteri.it\/de\/wp-json\/wp\/v2\/media?parent=7187"}],"curies":[{"name":"wp","href":"https:\/\/api.w.org\/{rel}","templated":true}]}}