{"id":8013,"date":"2026-05-05T09:29:14","date_gmt":"2026-05-05T07:29:14","guid":{"rendered":"https:\/\/consstoccarda.esteri.it\/?page_id=8013"},"modified":"2026-05-07T10:30:23","modified_gmt":"2026-05-07T08:30:23","slug":"valutazione-casistica-nascita","status":"publish","type":"page","link":"https:\/\/consstoccarda.esteri.it\/de\/servizi-consolari-e-visti\/servizi-per-il-cittadino-italiano\/stato-civile\/nascita\/valutazione-casistica-nascita\/","title":{"rendered":"Eintragung der Geburt &#8211; Orientierungstool"},"content":{"rendered":"<p><b>Bitte beachten Sie: <\/b>Wenn Sie die w\u00e4hrend des Ausf\u00fcllens gegebene Antwort \u00e4ndern m\u00f6chten, ist es erforderlich, den Fragebogen von Anfang an neu zu beginnen, um technische Fehler zu vermeiden.<\/p>\n<p><iframe id=\"JotFormIFrame-261245846436058\" title=\"Welche Fallkonstellation ist anwendbar?\" onload=\"window.parent.scrollTo(0,0)\" allowtransparency=\"true\" allow=\"geolocation; microphone; camera; fullscreen; payment\" src=\"https:\/\/form.jotform.com\/261245846436058\" frameborder=\"0\" style=\"min-width:100%;max-width:100%;height:539px;border:none;\" scrolling=\"no\" > <\/iframe> <script src='https:\/\/cdn.jotfor.ms\/s\/umd\/latest\/for-form-embed-handler.js'><\/script> <script>window.jotformEmbedHandler(\"iframe[id='JotFormIFrame-261245846436058']\", \"https:\/\/form.jotform.com\/\")<\/script><\/p>\n","protected":false},"excerpt":{"rendered":"Bitte beachten Sie: Wenn Sie die w\u00e4hrend des Ausf\u00fcllens gegebene Antwort \u00e4ndern m\u00f6chten, ist es erforderlich, den Fragebogen von Anfang an neu zu beginnen, um technische Fehler zu vermeiden.","protected":false},"author":32,"featured_media":0,"parent":5663,"menu_order":10,"comment_status":"closed","ping_status":"closed","template":"","meta":{"footnotes":""},"class_list":["post-8013","page","type-page","status-publish","hentry"],"_links":{"self":[{"href":"https:\/\/consstoccarda.esteri.it\/de\/wp-json\/wp\/v2\/pages\/8013","targetHints":{"allow":["GET"]}}],"collection":[{"href":"https:\/\/consstoccarda.esteri.it\/de\/wp-json\/wp\/v2\/pages"}],"about":[{"href":"https:\/\/consstoccarda.esteri.it\/de\/wp-json\/wp\/v2\/types\/page"}],"author":[{"embeddable":true,"href":"https:\/\/consstoccarda.esteri.it\/de\/wp-json\/wp\/v2\/users\/32"}],"replies":[{"embeddable":true,"href":"https:\/\/consstoccarda.esteri.it\/de\/wp-json\/wp\/v2\/comments?post=8013"}],"version-history":[{"count":6,"href":"https:\/\/consstoccarda.esteri.it\/de\/wp-json\/wp\/v2\/pages\/8013\/revisions"}],"predecessor-version":[{"id":8034,"href":"https:\/\/consstoccarda.esteri.it\/de\/wp-json\/wp\/v2\/pages\/8013\/revisions\/8034"}],"up":[{"embeddable":true,"href":"https:\/\/consstoccarda.esteri.it\/de\/wp-json\/wp\/v2\/pages\/5663"}],"wp:attachment":[{"href":"https:\/\/consstoccarda.esteri.it\/de\/wp-json\/wp\/v2\/media?parent=8013"}],"curies":[{"name":"wp","href":"https:\/\/api.w.org\/{rel}","templated":true}]}}