{"id":175,"date":"2023-02-07T19:23:40","date_gmt":"2023-02-07T18:23:40","guid":{"rendered":"https:\/\/consstoccarda.esteri.it\/?page_id=175"},"modified":"2026-02-10T08:49:52","modified_gmt":"2026-02-10T07:49:52","slug":"passaporti","status":"publish","type":"page","link":"https:\/\/consstoccarda.esteri.it\/it\/servizi-consolari-e-visti\/servizi-per-il-cittadino-italiano\/passaporti\/","title":{"rendered":"Passaporti"},"content":{"rendered":"<p><strong>Hai bisogno di un appuntamento per rinnovare Il passaporto? <\/strong><\/p>\n<p>Clicca qui per accedere al portale <a href=\"https:\/\/prenotami.esteri.it\/\"><strong>Prenot@mi<\/strong><\/a><\/p>\n<p>Se hai difficolt\u00e0 nella prenotazione segui la <strong><a href=\"https:\/\/consstoccarda.esteri.it\/wp-content\/uploads\/2025\/11\/Guida-Prenotami.pdf\">Guida illustrativa<\/a>.<\/strong><\/p>\n<p><img loading=\"lazy\" decoding=\"async\" class=\"size-medium wp-image-6426 img-fluid alignnone\" src=\"https:\/\/consstoccarda.esteri.it\/wp-content\/uploads\/2025\/11\/Immagine1-241x300.png\" alt=\"\" width=\"241\" height=\"300\" srcset=\"https:\/\/consstoccarda.esteri.it\/wp-content\/uploads\/2025\/11\/Immagine1-241x300.png 241w, https:\/\/consstoccarda.esteri.it\/wp-content\/uploads\/2025\/11\/Immagine1.png 269w\" sizes=\"auto, (max-width: 241px) 100vw, 241px\" \/><\/p>\n<p>Si comunica che attualmente gli appuntamenti sul Portale\u00a0<strong>\u201c<\/strong><a href=\"https:\/\/prenotami.esteri.it\/\"><strong>Prenot@mi<\/strong><\/a><strong>\u201d\u00a0<\/strong>per il servizio PASSAPORTI e CARTE D\u2019IDENTITA\u2019 sono resi automaticamente disponibili a cadenza giornaliera. Il calendario \u00e8 settimanale e tutti i giorni lavorativi alle ore 18:00 vengono pubblicati nuovi appuntamenti.<\/p>\n<p><strong>Chi pu\u00f2 rich<\/strong><strong>iedere un passaporto?<\/strong><\/p>\n<p>Il Consolato Generale d\u2019Italia a Stoccarda rilascia i passaporti\u00a0ai cittadini italiani regolarmente <strong>residenti nella propria circoscrizione consolare ed iscritti al registro A.I.R.E.<\/strong>\u00a0(Anagrafe degli Italiani Residenti all\u2019Estero).<\/p>\n<p>Si fa presente che il passaporto potr\u00e0 essere rilasciato solo se i dati presenti nella scheda anagrafica del dichiarante sono uniformi a quelli dichiarati dall\u2019interessato durante l\u2019appuntamento in presenza. Si raccomanda pertanto, prima di richiedere il documento, di regolarizzare la propria situazione anagrafica (iscrizione AIRE, variazioni di stato civile, variazioni di indirizzo, etc.) tramite <strong>il portale\u00a0<\/strong><a href=\"https:\/\/serviziconsolarionline.esteri.it\/ScoFE\/index.sco\"><strong>FAST IT<\/strong><\/a>.<\/p>\n<p><strong>MODALITA\u2019 DI RICHIESTA PASSAPORTO PER GLI <u>OVER 70<\/u><\/strong><\/p>\n<p>I connazionali che abbiano compiuto il 70\u00b0 anno di et\u00e0, <strong>il cui unico documento \u00e8 scaduto o in scadenza a breve<\/strong>, possono rivolgersi dal luned\u00ec al venerd\u00ec dalle 9:00 alle 11:00 anche al seguente numero telefonico al fine di concordare un appuntamento per il rilascio del passaporto:\u00a0<strong>+49 \u2013 711 89537540<\/strong><\/p>\n<p>\u2014\u2014\u2014\u2013 \u2014\u2014\u2014\u2014\u2013 \u2014\u2014\u2014\u2014 \u2014\u2014\u2014\u2014<\/p>\n<p><strong>DOMANDE FREQUENTI<\/strong><\/p>\n<p><strong>1) Qual \u00e8 la documentazione necessaria da portare con s\u00e9 al momento dell\u2019appuntamento per richiedere Il passaporto per persona maggiorenne?<\/strong><\/p>\n<p>Il richiedente deve presentare all\u2019ufficio consolare:<\/p>\n<ul>\n<li>L\u2019apposito\u00a0<a href=\"https:\/\/consstoccarda.esteri.it\/wp-content\/uploads\/2024\/08\/passaporto_maggiorenni_mod.24.pdf\"><strong>modulo<\/strong><\/a>;<\/li>\n<li>L\u2019eventuale passaporto in scadenza o scaduto o, in alternativa, un altro\u00a0<strong>documento di riconoscimento<\/strong>;<\/li>\n<\/ul>\n<ul>\n<li><strong>1 foto biometrica cartacea<\/strong> (non codice QR), con sfondo bianco e non pi\u00f9 vecchia di 6 mesi;<\/li>\n<\/ul>\n<ul>\n<li><strong>Contanti o bancomat<\/strong> (EC-Karte) per effettuare il pagamento del Passaporto. Il costo di un passaporto \u00e8 di\u00a0<strong>116,20 euro<\/strong>, comprensivo del costo del libretto (42,70 euro) e del contributo amministrativo unico (73,50 euro). Non ci sono ulteriori tasse annuali da pagare dopo il rilascio del passaporto.<strong>\u00a0<\/strong><\/li>\n<\/ul>\n<p>La <u>Meldebest\u00e4tigung<\/u> \u00e8 necessaria soltanto nel caso in cui sia stato cambiato l\u2019indirizzo di residenza e deve essere aggiornato negli schedari del Consolato.<\/p>\n<p>&nbsp;<\/p>\n<p><strong>2)<\/strong> <strong>Qual \u00e8 la documentazione necessaria da portare con s\u00e9 al momento dell\u2019appuntamento per richiedere il passaporto a mio figlio\/i minore?<\/strong><\/p>\n<p><strong>Minori di anni 12<\/strong><\/p>\n<p>La richiesta del passaporto<strong>\u00a0per minori che non hanno compiuto il 12 anno d\u2019et\u00e0\u00a0<\/strong>pu\u00f2 essere fatta<strong>\u00a0per posta\u00a0<\/strong>seguendo le istruzioni del\u00a0<a href=\"https:\/\/consstoccarda.esteri.it\/wp-content\/uploads\/2025\/11\/Info_Pass_Minori_posta-IT-003.pdf\"><strong>foglio informativo<\/strong><\/a><strong><u>.<\/u><\/strong><\/p>\n<p><strong>Minori con pi\u00f9 di 12 anni<\/strong><\/p>\n<p>Minori <strong>con pi\u00f9 di 12 anni d\u2019et\u00e0<\/strong> devono venire<strong> personalmente in Consolato Generale, accompagnati da almeno uno dei genitori \/ esercenti la potest\u00e0<\/strong> con la seguente documentazione:<\/p>\n<ul>\n<li>L\u2019apposito\u00a0<a href=\"https:\/\/consstoccarda.esteri.it\/wp-content\/uploads\/2025\/06\/Domanda-per-rilascio-del-passaporto-a-minorenne_giugno_2025.pdf\"><strong>modulo per rilascio di passaporto per minorenne<\/strong><\/a>;<strong> firmato da entrambi i genitori\u00a0\/ <\/strong>esercenti la potest\u00e0 genitoriale. Il<strong> genitore cittadino Extra EU deve fare autenticare la firma<\/strong> dalle autorit\u00e0 locali (Comune tedesco o Polizia o da un Notaio) oppure deve essere <strong>presente <\/strong>all\u2019appuntamento <strong>con il proprio passaporto<\/strong> <strong>valido <\/strong>(non permesso di soggiorno).<\/li>\n<li><strong>1 foto biometrica cartacea<\/strong> (non codice QR), con sfondo bianco e non pi\u00f9 vecchia di 6 mesi L\u2019eventuale passaporto del minore in scadenza o scaduto o, in alternativa, un altro documento di riconoscimento o\u00a0<a href=\"https:\/\/consstoccarda.esteri.it\/wp-content\/uploads\/2023\/05\/autentica_foto_minore.pass_.cie_.pdf\"><strong>foto\u00a0autenticata dal Comune tedesco o la Polizia locale<\/strong>;<\/a><\/li>\n<li>Documenti d\u2019identit\u00e0 <strong>validi<\/strong> dei genitori \/ esercenti la patria potest\u00e0 (solo per cittadini EU non presenti in copia).<\/li>\n<\/ul>\n<p><strong>Per i min<\/strong><strong>ori di quattordici anni,<\/strong>\u00a0l\u2019uso del passaporto \u00e8 subordinato alla condizione che viaggino\u00a0<strong>in compagnia di uno dei genitori<\/strong>\u00a0o di chi ne fa le veci le\u00a0<strong>cui generalit\u00e0 sono riportate sul passaporto del minore<\/strong>, oppure che venga menzionato su una dichiarazione rilasciata da chi pu\u00f2 dare l\u2019assenso o l\u2019autorizzazione, il nome della persona, dell\u2019ente o della compagnia di trasporto a cui i minori medesimi sono affidati. Tale \u201c<a href=\"https:\/\/consstoccarda.esteri.it\/wp-content\/uploads\/2023\/05\/dichiarazione-accomp.-minori.pdf\"><strong>dichiarazione di accompagnamento\u201d<\/strong><\/a> pu\u00f2 essere richiesto direttamente allo sportello dell\u2019Ufficio Passaporti <strong>anticipando<\/strong> <strong>necessariamente la documentazione completa<\/strong> tramite E-Mail a: <a href=\"mailto:passaporti.stoccarda@esteri.it\">passaporti.stoccarda@esteri.it<\/a><\/p>\n<p>&nbsp;<\/p>\n<p><strong>3)<\/strong> <strong>Qual \u00e8 la documentazione necessaria da portare con s\u00e9 al momento dell\u2019appuntamento nel caso di smarrimento\/furto del mio passaporto?<\/strong><\/p>\n<ul>\n<li>Nel caso in cui il richiedente non sia pi\u00f9 in possesso del precedente documento in seguito a\u00a0<strong>furto o smarrimento<\/strong>, oltre alla documentazione elencata sopra, \u00e8 necessario\u00a0presentare al momento dell\u2019appuntamento la <strong>denuncia<\/strong> effettuata presso le autorit\u00e0 tedesche (Polizia o Ufficio oggetti smarriti del Comune), che pu\u00f2 essere fatta anche online cliccando qui <a href=\"https:\/\/www.polizei-bw.de\/onlinewache\/\">Denuncia online<\/a>. La ricevuta arriva qualche giorno dopo per posta.<\/li>\n<\/ul>\n<p><strong>4) Quanto tempo vale il passaporto?<\/strong><\/p>\n<p>Il passaporto \u00e8 valido:<\/p>\n<ul>\n<li><strong>10 anni<\/strong> per i cittadini maggiorenni;<\/li>\n<li><strong>5 anni<\/strong> per i minori da 3 a 18 anni;<\/li>\n<li><strong>3 anni<\/strong> per i minori fino a 3 anni.<\/li>\n<\/ul>\n<p><strong>5) Come si riceve il passaporto?<\/strong><\/p>\n<p>Il passaporto generalmente, tranne in alcuni casi eccezionali, \u00e8 stampato presso il Consolato e viene consegnato al momento dell\u2019appuntamento, successivamente al pagamento dello stesso.<\/p>\n<p><strong>6) \u00c8 possibile chiedere l\u2019appuntamento per un\u2019altra persona?<\/strong><\/p>\n<p>S\u00ec, \u00e8 possibile prenotare per altri. Per prenotare un appuntamento per un\u2019altra persona, si potr\u00e0 accedere col proprio account, selezionando nel campo\u00a0<em>\u201cTipo prenotazione\u201d la voce \u201cprenotazione per altre persone\u201d<\/em>\u00a0e quindi procedere con l\u2019inserimento di tutti i dati dell&#8217;altra persona.<\/p>\n<p><strong>7) Posso prendere pi\u00f9 appuntamenti lo stesso giorno?<\/strong><\/p>\n<p>S\u00ec, il sistema permette anche di prenotare un appuntamento multiplo, selezionando nel campo \u201cTipo prenotazione\u201d la voce \u201cprenotazione multipla\u201d scegliendo successivamente il numero di persone aggiuntive. Anche in questo caso si potr\u00e0 scegliere l\u2019opzione \u201cPrenotazione per altre persone\u201d e selezionare il numero di persone aggiuntive. Successivamente dovranno essere inseriti i dati di tutti i richiedenti, scorrendo in basso il formulario.<\/p>\n<p><strong>8) Impossibilit\u00e0 certificate nel venire in Consolato a richiedere il documento <\/strong><\/p>\n<p>In via del tutto eccezionale ed in caso di seri impedimenti certificati (p.e. malattia grave o detenzione di lungo periodo) \u00e8 possibile ottenere il passaporto senza venire in Consolato, con conseguente invio per posta del documento. Il passaporto rilasciato non avr\u00e0 le impronte digitali. In questi casi \u00e8 necessario compilare il <a href=\"https:\/\/consstoccarda.esteri.it\/wp-content\/uploads\/2024\/08\/passaporto_maggiorenni_mod.24.pdf\">formulario<\/a>\u00a0 e seguire le<strong> <a href=\"https:\/\/consstoccarda.esteri.it\/wp-content\/uploads\/2025\/11\/Info_Pass_Dis-IT.pdf\">istruzioni<\/a>.<\/strong><\/p>\n<p>Per ulteriori informazioni in merito scrivere a <a href=\"mailto:passaporti.stoccarda@esteri.it\">passaporti.stoccarda@esteri.it<\/a><\/p>\n<p><strong>9) Quali sono le o<\/strong><strong>perazioni che saranno effettuate il giorno dell\u2019appuntamento?<\/strong><\/p>\n<p>Il giorno dell\u2019appuntamento, l\u2019operatore consolare acquisisce la documentazione indicata nei punti precedenti, effettua il riconoscimento e la verifica dell\u2019attualit\u00e0 della foto ed acquisisce le impronte digitali e la firma (salvo per i minori di anni 12).<\/p>\n<p><strong>10) \u00c8 possibile per le donne sposate inserire il cognome del marito?<\/strong><\/p>\n<p>S\u00ec, dopo la registrazione del matrimonio in Italia, \u00e8 possibile inserire il cognome del marito nella quarta pagina del passaporto.<\/p>\n<p><strong>11)\u00a0Dove posso viaggiare con il passaporto?<\/strong><\/p>\n<p>Con il passaporto si pu\u00f2 viaggiare in tutti i <strong>paesi<\/strong> <strong>riconosciuti dallo Stato italiano<\/strong>. \u00c8 bene ricordare, per\u00f2, che per alcune destinazioni pu\u00f2 essere necessario richiedere<strong> un visto d\u2019ingresso. <\/strong>Per questo motivo \u00e8 sempre consigliabile consultare in anticipo il sito <strong><a href=\"http:\/\/www.viaggiaresicuri.it\/\">Viaggiare Sicuri<\/a><\/strong> o contattare le Rappresentanze Consolari del Paese che si intende visitare, cos\u00ec da verificare eventuali aggiornamenti o modifiche ai requisiti di viaggio.<\/p>\n<p>\u2014\u2014\u2014\u2013 \u2014\u2014\u2014\u2014\u2013 \u2014\u2014\u2014\u2014 \u2014\u2014\u2014\u2014<\/p>\n<p><strong>CASI DI URGENZA<\/strong><\/p>\n<p>In caso di assoluta e documentata urgenza (<strong>necessit\u00e0 di viaggiare per gravi, comprovati, motivi familiari o di salute o per improrogabili ragioni di lavoro<\/strong>), si invitano i residenti nella circoscrizione consolare a:<\/p>\n<p><strong>&#8211; <\/strong>prenotare l\u2019appuntamento sul portale <a href=\"https:\/\/prenotami.esteri.it\/\"><strong>Prenot@mi<\/strong><\/a>;<\/p>\n<p><strong>&#8211;<\/strong> comunicare via mail all\u2019Ufficio Passaporti (<strong>passaporti.stoccarda@esteri.it<\/strong>) la data dell\u2019appuntamento prenotato e chiedere di anticiparlo indicando i motivi dell\u2019urgenza che vanno documentati allegando alla stessa mail la relativa documentazione.<\/p>\n<p>La caratteristica di \u201curgenza\u201d sar\u00e0 valutata dal responsabile dell\u2019Ufficio e la decisione sar\u00e0 comunicata al richiedente via mail. Il rilascio del passaporto \u00e8 in questo caso subordinato, oltre al normale costo del passaporto di \u20ac 116,20, anche alla corresponsione dei diritti di urgenza di \u20ac 50,00 (art. 74 del tariffario consolare allegato al d.lgs. 3 febbraio 2011, n. 71, aggiornato da ultimo ai sensi del d.lgs. 29 ottobre 2016, n. 221). <strong>NON \u00e8 possibile richiedere il passaporto presentandosi allo sportello, senza appuntamento.<\/strong><\/p>\n<p>Si consiglia di\u00a0<u>non<\/u>\u00a0acquistare biglietti aerei senza prima aver ottenuto il rilascio del passaporto.\u00a0<strong>Il solo possesso di un biglietto aereo non verr\u00e0 considerato motivo d\u2019urgenza per il rilascio del passaporto.<\/strong><\/p>\n<p><strong>EMERGENCY TRAVEL DOCUMENT (ETD)<\/strong><\/p>\n<p>Per maggiori informazioni sulla possibilit\u00e0 di ottenere un documento di viaggio provvisorio<strong> <a href=\"https:\/\/consstoccarda.esteri.it\/de\/servizi-consolari-e-visti\/servizi-per-il-cittadino-italiano\/emergency-travel-documents-etd\/\">cliccare qui.<\/a><\/strong><\/p>\n<p>\u2014\u2014\u2014\u2013 \u2014\u2014\u2014\u2014\u2013 \u2014\u2014\u2014\u2014 \u2014\u2014\u2014\u2014<\/p>\n<p><strong>Possibilit\u00e0 per i residenti italiani a Mannheim di richiedere il rilascio\u00a0del\u00a0passaporto presso il Consolato Onorario a Mannheim.<\/strong><\/p>\n<p>I connazionali residenti nella circoscrizione del\u00a0<a href=\"https:\/\/consolato-onorario-mannheim.de\/?lang=it\"><strong>Consolato Onorario d\u2019Italia a Mannheim<\/strong><\/a>\u00a0potranno richiedere il rilascio del passaporto e far rilevare i propri dati biometrici presso il Consolato Onorario, dietro appuntamento. Il\u00a0<a href=\"https:\/\/consolato-onorario-mannheim.de\/?lang=it\"><strong>Consolato Onorario d\u2019Italia a Mannheim<\/strong><\/a>\u00a0 provveder\u00e0 ad accogliere la richiesta e la necessaria documentazione e a rilevare le impronte digitali, per il successivo invio a questo Consolato Generale di Stoccarda. Al termine positivo della procedura esso spedir\u00e0 il passaporto presso la residenza del\/la richiedente. Si sottolinea che \u00e8 necessario\u00a0<a href=\"https:\/\/consstoccarda.esteri.it\/it\/servizi-consolari-e-visti\/servizi-per-il-cittadino-italiano\/anagrafe-degli-italiani-residenti-allestero-aire\/\"><strong>essere iscritti all\u2019AIRE<\/strong><\/a>\u00a0quali residenti nella circoscrizione del\u00a0<a href=\"https:\/\/consolato-onorario-mannheim.de\/?lang=it\"><strong>Consolato Onorario d\u2019Italia a Mannheim<\/strong><\/a> (distretti di Mannheim, Heidelberg e Rhein-Neckar) e che il Consolato Onorario non \u00e8 competente per detta iscrizione.<\/p>\n","protected":false},"excerpt":{"rendered":"Hai bisogno di un appuntamento per rinnovare Il passaporto? Clicca qui per accedere al portale Prenot@mi Se hai difficolt\u00e0 nella prenotazione segui la Guida illustrativa. Si comunica che attualmente gli appuntamenti sul Portale\u00a0\u201cPrenot@mi\u201d\u00a0per il servizio PASSAPORTI e CARTE D\u2019IDENTITA\u2019 sono resi automaticamente disponibili a cadenza giornaliera. Il calendario \u00e8 settimanale e tutti i giorni lavorativi [&hellip;]","protected":false},"author":3,"featured_media":0,"parent":86,"menu_order":0,"comment_status":"closed","ping_status":"closed","template":"","meta":{"footnotes":""},"class_list":["post-175","page","type-page","status-publish","hentry"],"_links":{"self":[{"href":"https:\/\/consstoccarda.esteri.it\/it\/wp-json\/wp\/v2\/pages\/175","targetHints":{"allow":["GET"]}}],"collection":[{"href":"https:\/\/consstoccarda.esteri.it\/it\/wp-json\/wp\/v2\/pages"}],"about":[{"href":"https:\/\/consstoccarda.esteri.it\/it\/wp-json\/wp\/v2\/types\/page"}],"author":[{"embeddable":true,"href":"https:\/\/consstoccarda.esteri.it\/it\/wp-json\/wp\/v2\/users\/3"}],"replies":[{"embeddable":true,"href":"https:\/\/consstoccarda.esteri.it\/it\/wp-json\/wp\/v2\/comments?post=175"}],"version-history":[{"count":11,"href":"https:\/\/consstoccarda.esteri.it\/it\/wp-json\/wp\/v2\/pages\/175\/revisions"}],"predecessor-version":[{"id":7279,"href":"https:\/\/consstoccarda.esteri.it\/it\/wp-json\/wp\/v2\/pages\/175\/revisions\/7279"}],"up":[{"embeddable":true,"href":"https:\/\/consstoccarda.esteri.it\/it\/wp-json\/wp\/v2\/pages\/86"}],"wp:attachment":[{"href":"https:\/\/consstoccarda.esteri.it\/it\/wp-json\/wp\/v2\/media?parent=175"}],"curies":[{"name":"wp","href":"https:\/\/api.w.org\/{rel}","templated":true}]}}