{"id":450,"date":"2023-05-12T13:28:23","date_gmt":"2023-05-12T11:28:23","guid":{"rendered":"https:\/\/consstoccarda.esteri.it\/?page_id=450"},"modified":"2026-02-25T14:24:03","modified_gmt":"2026-02-25T13:24:03","slug":"prenotazioni-appuntamento-con-il-portale-prentami","status":"publish","type":"page","link":"https:\/\/consstoccarda.esteri.it\/it\/chi-siamo\/gli-uffici\/prenotazioni-appuntamento-con-il-portale-prentami\/","title":{"rendered":"Prenotazione appuntamenti con il Portale Pren@tami"},"content":{"rendered":"<p><img loading=\"lazy\" decoding=\"async\" class=\"alignnone wp-image-401 img-fluid\" src=\"https:\/\/consstoccarda.esteri.it\/wp-content\/uploads\/2023\/05\/prenotmi-logo-300x103.png\" alt=\"\" width=\"388\" height=\"133\" srcset=\"https:\/\/consstoccarda.esteri.it\/wp-content\/uploads\/2023\/05\/prenotmi-logo-300x103.png 300w, https:\/\/consstoccarda.esteri.it\/wp-content\/uploads\/2023\/05\/prenotmi-logo-1024x351.png 1024w, https:\/\/consstoccarda.esteri.it\/wp-content\/uploads\/2023\/05\/prenotmi-logo-768x263.png 768w, https:\/\/consstoccarda.esteri.it\/wp-content\/uploads\/2023\/05\/prenotmi-logo.png 1138w\" sizes=\"auto, (max-width: 388px) 100vw, 388px\" \/><\/p>\n<p><strong><em>Il Consolato Generale riceve esclusivamente per appuntamento.<\/em><\/strong><\/p>\n<p><strong><em>Si raccomandano i connazionali di venire nel giorno dell\u2019appuntamento <u>all\u2019orario indicato<\/u> e di evitare di venire accompagnati. <u>Gli accompagnatori non saranno fatti entrare per ragioni di spazio<\/u>.<\/em><\/strong><\/p>\n<p><strong>Il portale\u00a0per prenotare appuntamenti \u00e8\u00a0Prenot@mi ed \u00e8 raggiungibile al seguente indirizzo:<\/strong> <a href=\"https:\/\/prenotami.esteri.it\/\">https:\/\/prenotami.esteri.it\/<\/a><\/p>\n<p>Ogni giorno lavorativo alle ore 18:00 vengono pubblicati nuovi slot di appuntamenti per Passaporti e Carte d&#8217;Identit\u00e0 Elettroniche.<\/p>\n<ul>\n<li><strong> \u00a0REGISTRAZIONE<\/strong><\/li>\n<\/ul>\n<p>Per poter utilizzare il portale e prenotare un appuntamento, <strong><u>\u00e8 necessario registrarsi.<\/u><\/strong><\/p>\n<p>Una volta entrati sul portale, fare click su \u201cRegistrati\u201d e seguire le indicazioni, inserendo tutti i dati contrassegnati dall\u2019asterisco (*) e avendo cura di selezionare alla voce <strong>Consolato<\/strong> il proprio Consolato di riferimento.<\/p>\n<ul>\n<li><strong>PRENOTAZIONE<\/strong><\/li>\n<\/ul>\n<p>Una volta conclusa la procedura di registrazione e dopo aver eseguito l\u2019accesso con le proprie credenziali sar\u00e0 possibile prenotare un appuntamento.<\/p>\n<p><u>Per potersi registrare e prendere un appuntamento correttamente \u00e8 possibile fare riferimento alla seguente guida<\/u>: <a href=\"https:\/\/consstoccarda.esteri.it\/wp-content\/uploads\/2025\/11\/Guida-Prenotami.pdf\">Giuda Prenotami<\/a><\/p>\n<p><strong>Procedura per il Reset della password<\/strong><\/p>\n<p>Nella homepage, cliccando su <strong>&#8220;Password dimenticata&#8221;<\/strong> \u00e8 possibile recuperare le credenziali del proprio account. Inserendo l&#8217;email di registrazione e cliccando su <strong>&#8220;CONTINUA&#8221;<\/strong>, il sistema verificher\u00e0 l&#8217;account e invier\u00e0 una mail con un link per il reset della password.<\/p>\n<p>Cliccando sul link, si aprir\u00e0 una pagina dove inserire nuovamente l&#8217;email e la nuova password (due volte). Cliccando su <strong>&#8220;RESET&#8221;, <\/strong>la password verr\u00e0 aggiornata e si potr\u00e0 accedere al portale con le nuove credenziali. Se non si ricorda l&#8217;email di registrazione, \u00e8 necessario effettuare una nuova registrazione.<\/p>\n<p><strong>Note<\/strong><\/p>\n<p>La prenotazione di un servizio pu\u00f2 essere effettuata una sola volta dallo stesso account.<\/p>\n<p>\u00c8 inoltre disponibile il seguente <a href=\"https:\/\/consstoccarda.esteri.it\/wp-content\/uploads\/2023\/08\/ManualeCittadino_2.0.pdf\">manuale utente<\/a> per l\u2019uso del portale Prenot@mi<\/p>\n<p><strong>Servizio Over 70<\/strong><\/p>\n<p>I connazionali con pi\u00f9 di 70 anni possono prenotare un appuntamento per il rilascio di un passaporto o di una carta d\u2019identit\u00e0 elettronica, in alternativa al portale Prenot@mi, telefonando al numero: <strong>0049 711 89537540.<\/strong><\/p>\n<p>Il numero \u00e8\u00a0attivo dal luned\u00ec al venerd\u00ec dalle 09:00 alle 11:00.<\/p>\n","protected":false},"excerpt":{"rendered":"Il Consolato Generale riceve esclusivamente per appuntamento. Si raccomandano i connazionali di venire nel giorno dell\u2019appuntamento all\u2019orario indicato e di evitare di venire accompagnati. Gli accompagnatori non saranno fatti entrare per ragioni di spazio. Il portale\u00a0per prenotare appuntamenti \u00e8\u00a0Prenot@mi ed \u00e8 raggiungibile al seguente indirizzo: https:\/\/prenotami.esteri.it\/ Ogni giorno lavorativo alle ore 18:00 vengono pubblicati nuovi [&hellip;]","protected":false},"author":4,"featured_media":0,"parent":78,"menu_order":0,"comment_status":"closed","ping_status":"closed","template":"","meta":{"footnotes":""},"class_list":["post-450","page","type-page","status-publish","hentry"],"_links":{"self":[{"href":"https:\/\/consstoccarda.esteri.it\/it\/wp-json\/wp\/v2\/pages\/450","targetHints":{"allow":["GET"]}}],"collection":[{"href":"https:\/\/consstoccarda.esteri.it\/it\/wp-json\/wp\/v2\/pages"}],"about":[{"href":"https:\/\/consstoccarda.esteri.it\/it\/wp-json\/wp\/v2\/types\/page"}],"author":[{"embeddable":true,"href":"https:\/\/consstoccarda.esteri.it\/it\/wp-json\/wp\/v2\/users\/4"}],"replies":[{"embeddable":true,"href":"https:\/\/consstoccarda.esteri.it\/it\/wp-json\/wp\/v2\/comments?post=450"}],"version-history":[{"count":10,"href":"https:\/\/consstoccarda.esteri.it\/it\/wp-json\/wp\/v2\/pages\/450\/revisions"}],"predecessor-version":[{"id":7319,"href":"https:\/\/consstoccarda.esteri.it\/it\/wp-json\/wp\/v2\/pages\/450\/revisions\/7319"}],"up":[{"embeddable":true,"href":"https:\/\/consstoccarda.esteri.it\/it\/wp-json\/wp\/v2\/pages\/78"}],"wp:attachment":[{"href":"https:\/\/consstoccarda.esteri.it\/it\/wp-json\/wp\/v2\/media?parent=450"}],"curies":[{"name":"wp","href":"https:\/\/api.w.org\/{rel}","templated":true}]}}