{"id":544,"date":"2023-05-24T08:45:49","date_gmt":"2023-05-24T06:45:49","guid":{"rendered":"https:\/\/consstoccarda.esteri.it\/?page_id=544"},"modified":"2025-12-05T10:44:45","modified_gmt":"2025-12-05T09:44:45","slug":"cittadinanza","status":"publish","type":"page","link":"https:\/\/consstoccarda.esteri.it\/it\/servizi-consolari-e-visti\/servizi-per-il-cittadino-italiano\/cittadinanza\/","title":{"rendered":"Ufficio Cittadinanza"},"content":{"rendered":"<p>L\u2019Ufficio riceve il pubblico previo appuntamento attraverso il portale\u00a0<strong><a href=\"https:\/\/consstoccarda.esteri.it\/it\/chi-siamo\/gli-uffici\/prenotazioni-appuntamento-con-il-portale-prentami\/\">Prenot@mi<\/a>.<\/strong><\/p>\n<p>Si prega di leggere con attenzione le informazioni sulla documentazione necessaria. Il giorno dell\u2019appuntamento verr\u00e0 formalizzata la richiesta, completa delle relative tasse e percezioni previste.<\/p>\n<p>Si ricorda che \u00e8 a carico del richiedente verificare quale sia l&#8217;autorit\u00e0 consolare competente per la propria istanza. A tale fine si potr\u00e0 utilizzare il <a href=\"https:\/\/serviziconsolarionline.esteri.it\/ScoFE\/services\/service-info.sco?serviceId=50\">tool dedicato.<\/a><\/p>\n<p>Si ricorda che la documentazione necessaria ad ogni istanza di cittadinanza deve essere presentata in originale, ove previsto con apostille o legalizzazione e se in lingua straniera munita di una traduzione direttamente dalla lingua straniera alla lingua italiana. Non sono accettabili traduzioni intermedie. La traduzione dovr\u00e0, in base al luogo in cui \u00e8 stata effettuata, essere presentata con legalizzazione\/apostilla o verbale di asseverazione.<\/p>\n<p>Gli uffici consolari sono competenti per le seguenti tipologie di istanza<\/p>\n<ul>\n<li><a href=\"https:\/\/consstoccarda.esteri.it\/it\/servizi-consolari-e-visti\/servizi-per-il-cittadino-italiano\/cittadinanza\/cittadinanza-per-discendenza\/\">Cittadinanza per discendenza<\/a><\/li>\n<li><a href=\"https:\/\/consstoccarda.esteri.it\/it\/servizi-consolari-e-visti\/servizi-per-il-cittadino-italiano\/cittadinanza\/acquisto-della-cittadinanza-per-matrimonio-naturalizzazione\/\">Cittadinanza per matrimonio<\/a><\/li>\n<li><a href=\"https:\/\/consstoccarda.esteri.it\/it\/servizi-consolari-e-visti\/servizi-per-il-cittadino-italiano\/cittadinanza\/rinuncia-alla-cittadinanza-italiana\/\">Rinuncia alla cittadinanza italiana<\/a><\/li>\n<li><a href=\"https:\/\/consstoccarda.esteri.it\/it\/servizi-consolari-e-visti\/servizi-per-il-cittadino-italiano\/cittadinanza\/riacquisto-della-cittadinanza-a-seguito-della-sua-perdita\/\">Riacquisto della cittadinanza<\/a><\/li>\n<\/ul>\n<p>&nbsp;<\/p>\n<p>&nbsp;<\/p>\n<p><strong>Modulistica<\/strong>:\u00a0<a href=\"https:\/\/consstoccarda.esteri.it\/it\/servizi-consolari-e-visti\/servizi-per-il-cittadino-italiano\/modulistica\/\"><strong>cliccare qui<\/strong><\/a>\u00a0e consultare la sezione \u201cCittadinanza\u201d<\/p>\n<p><strong>Per i contatti dell\u2019ufficio: si prega di\u00a0<\/strong><a href=\"https:\/\/consstoccarda.esteri.it\/it\/chi-siamo\/contatti\/ufficio-demografico-cittadinanza-contatti-e-orari\/\"><strong>cliccare qui<\/strong><\/a><\/p>\n","protected":false},"excerpt":{"rendered":"L\u2019Ufficio riceve il pubblico previo appuntamento attraverso il portale\u00a0Prenot@mi. Si prega di leggere con attenzione le informazioni sulla documentazione necessaria. Il giorno dell\u2019appuntamento verr\u00e0 formalizzata la richiesta, completa delle relative tasse e percezioni previste. Si ricorda che \u00e8 a carico del richiedente verificare quale sia l&#8217;autorit\u00e0 consolare competente per la propria istanza. A tale fine [&hellip;]","protected":false},"author":4,"featured_media":0,"parent":86,"menu_order":0,"comment_status":"closed","ping_status":"closed","template":"","meta":{"footnotes":""},"class_list":["post-544","page","type-page","status-publish","hentry"],"_links":{"self":[{"href":"https:\/\/consstoccarda.esteri.it\/it\/wp-json\/wp\/v2\/pages\/544","targetHints":{"allow":["GET"]}}],"collection":[{"href":"https:\/\/consstoccarda.esteri.it\/it\/wp-json\/wp\/v2\/pages"}],"about":[{"href":"https:\/\/consstoccarda.esteri.it\/it\/wp-json\/wp\/v2\/types\/page"}],"author":[{"embeddable":true,"href":"https:\/\/consstoccarda.esteri.it\/it\/wp-json\/wp\/v2\/users\/4"}],"replies":[{"embeddable":true,"href":"https:\/\/consstoccarda.esteri.it\/it\/wp-json\/wp\/v2\/comments?post=544"}],"version-history":[{"count":6,"href":"https:\/\/consstoccarda.esteri.it\/it\/wp-json\/wp\/v2\/pages\/544\/revisions"}],"predecessor-version":[{"id":6793,"href":"https:\/\/consstoccarda.esteri.it\/it\/wp-json\/wp\/v2\/pages\/544\/revisions\/6793"}],"up":[{"embeddable":true,"href":"https:\/\/consstoccarda.esteri.it\/it\/wp-json\/wp\/v2\/pages\/86"}],"wp:attachment":[{"href":"https:\/\/consstoccarda.esteri.it\/it\/wp-json\/wp\/v2\/media?parent=544"}],"curies":[{"name":"wp","href":"https:\/\/api.w.org\/{rel}","templated":true}]}}