{"id":578,"date":"2023-05-24T12:47:05","date_gmt":"2023-05-24T10:47:05","guid":{"rendered":"https:\/\/consstoccarda.esteri.it\/?page_id=578"},"modified":"2026-03-09T15:41:47","modified_gmt":"2026-03-09T14:41:47","slug":"carta-didentita-elettronica","status":"publish","type":"page","link":"https:\/\/consstoccarda.esteri.it\/it\/servizi-consolari-e-visti\/servizi-per-il-cittadino-italiano\/carta-didentita-elettronica\/","title":{"rendered":"Carta d&#8217;Identit\u00e0 Elettronica"},"content":{"rendered":"<div class=\"container\">\n<div id=\"main\" role=\"main\">\n<div class=\"row\" style=\"text-align: center;\">\n<article role=\"main\" aria-label=\"articolo\">\n<p style=\"text-align: left;\"><strong>Prenotazione per Passaporti e Carte di identit\u00e0 elettroniche (CIE) con Prenot@Mi<\/strong><\/p>\n<p style=\"text-align: left;\"><strong>Hai bisogno di un appuntamento per rinnovare la carta d\u2019identit\u00e0? <\/strong><\/p>\n<p style=\"text-align: left;\"><img loading=\"lazy\" decoding=\"async\" class=\"wp-image-5548 img-fluid aligncenter\" src=\"https:\/\/consstoccarda.esteri.it\/wp-content\/uploads\/2025\/11\/Immagine1-300x192.jpg\" alt=\"\" width=\"289\" height=\"185\" srcset=\"https:\/\/consstoccarda.esteri.it\/wp-content\/uploads\/2025\/11\/Immagine1-300x192.jpg 300w, https:\/\/consstoccarda.esteri.it\/wp-content\/uploads\/2025\/11\/Immagine1.jpg 538w\" sizes=\"auto, (max-width: 289px) 100vw, 289px\" \/><\/p>\n<p style=\"text-align: left;\">Clicca qui per accedere al portale <a href=\"https:\/\/prenotami.esteri.it\/\"><strong>Prenot@mi<\/strong><\/a><\/p>\n<p style=\"text-align: left;\">Se non hai mai utilizzato il portale Prenot@mi, segui la<strong> <u><a href=\"https:\/\/consstoccarda.esteri.it\/wp-content\/uploads\/2025\/11\/Guida-Prenotami.pdf\">Guida illustrativa<\/a>.<\/u><\/strong><\/p>\n<p style=\"text-align: left;\">Si comunica che attualmente gli appuntamenti sul Portale\u00a0<strong>\u201c<\/strong><a href=\"https:\/\/prenotami.esteri.it\/\"><strong>Prenot@mi<\/strong><\/a><strong>\u201d\u00a0<\/strong>per il servizio PASSAPORTI e CARTE D\u2019IDENTITA\u2019 sono resi automaticamente disponibili a cadenza giornaliera. Il calendario \u00e8 settimanale e tutti i giorni lavorativi alle ore 18:00 vengono pubblicati nuovi appuntamenti.<\/p>\n<p style=\"text-align: left;\"><strong>A chi pu\u00f2 essere rilasciata la carta d\u2019identit\u00e0 elettronica?<\/strong><\/p>\n<p style=\"text-align: left;\">Il Consolato Generale d\u2019Italia a Stoccarda pu\u00f2 rilasciare la carta d\u2019identit\u00e0\u00a0<strong>esclusivamente ai cittadini italiani regolarmente residenti nella propria circoscrizione consolare<\/strong>, registrati nello schedario consolare e i cui\u00a0<strong>dati anagrafici siano gi\u00e0 presenti nel registro A.I.R.E<\/strong>. (Anagrafe degli Italiani Residenti all\u2019Estero) del Ministero dell\u2019Interno.<\/p>\n<p style=\"text-align: left;\"><strong>Chi non \u00e8 registrato all\u2019A.I.R.E. dovr\u00e0 prima regolarizzare la propria iscrizione anagrafica tramite il portale\u00a0<\/strong><a href=\"https:\/\/serviziconsolarionline.esteri.it\/ScoFE\/index.sco\"><strong>FAST IT<\/strong><\/a>\u00a0ed attendere, prima di poter far domanda, di essere inserito in tale registro da parte del Comune italiano competente.<\/p>\n<p style=\"text-align: left;\"><strong>A partire dal 1\u00b0 ottobre 2020, il Consolato Generale d\u2019Italia in Stoccarda rilascia la Carta di d\u2019identit\u00e0 elettronica o CIE (formato tessera plastificata).<\/strong><\/p>\n<p style=\"text-align: left;\"><span style=\"text-decoration: underline;\"><em><strong>AVVISO IMPORTANTE:\u00a0Validit\u00e0 della Carta d\u2019Identit\u00e0 Cartacea<\/strong><\/em><\/span><\/p>\n<p style=\"text-align: left;\"><strong>Attenzione!<\/strong>\u00a0<strong>Le carte d\u2019identit\u00e0 cartacee<\/strong>, indipendentemente dalla scadenza riportata sul documento,\u00a0<strong>cesseranno di essere valide dal 3 agosto 2026<\/strong>, per effetto del Regolamento Europeo n. 1157\/2019, e non potranno pi\u00f9 essere utilizzate per l\u2019espatrio.<\/p>\n<p style=\"text-align: left;\">Si consiglia dunque ai cittadini che ne siano ancora in possesso di richiedere al pi\u00f9 presto la carta d\u2019identit\u00e0 elettronica (CIE) prenotando un appuntamento online.<\/p>\n<p style=\"text-align: left;\"><strong>DOMANDE FREQUENTI<\/strong><\/p>\n<p style=\"text-align: left;\"><strong>1) Qual \u00e8 la documentazione necessaria da portare con s\u00e9 al momento dell\u2019appuntamento per richiedere la CIE?<\/strong><\/p>\n<p style=\"text-align: left;\">Per richiedenti maggiorenni non \u00e8 necessario compilare alcun formulario per il rilascio della carta d\u2019identit\u00e0 elettronica.<\/p>\n<p style=\"text-align: left;\">\u00a0Il giorno dell\u2019appuntamento bisogna munirsi di:<\/p>\n<ul>\n<li style=\"text-align: left;\">L\u2019eventuale\u00a0<strong>carta di identit\u00e0\u00a0 <\/strong>in scadenza o scaduta o, in alternativa, un altro documento di riconoscimento;<\/li>\n<li style=\"text-align: left;\"><strong>1 foto biometrica cartacea <\/strong>(non codice QR), con sfondo bianco e non pi\u00f9 vecchia di 6 mesi;<\/li>\n<li style=\"text-align: left;\"><strong>Contanti o bancomat <\/strong>(EC-Karte) per effettuare il pagamento della CIE.<\/li>\n<\/ul>\n<p style=\"text-align: left;\">Il costo della CIE \u00e8 di:<\/p>\n<ul>\n<li style=\"text-align: left;\">Euro 21,95 in caso di primo rilascio o rinnovo;<\/li>\n<li style=\"text-align: left;\">Euro 27,11 in caso di duplicato (nuova carta emessa prima di 180 giorni dalla scadenza della precedente)<\/li>\n<\/ul>\n<p style=\"text-align: left;\">La Meldebest\u00e4tigung \u00e8 necessaria solamente nel caso in cui \u00e8 stato cambiato l\u2019indirizzo di residenza e deve essere aggiornato negli schedari del Consolato.<\/p>\n<p style=\"text-align: left;\"><strong>2)<\/strong>\u00a0<strong>Qual \u00e8 la documentazione necessaria da portare con s\u00e9 al momento dell\u2019appuntamento per richiedere la CIE a mio figlio\/i minore\/i?<\/strong><\/p>\n<p style=\"text-align: left;\"><span style=\"text-decoration: underline;\"><strong>Minori di anni 12<\/strong><\/span><\/p>\n<p style=\"text-align: left;\">La richiesta della carta d\u2019identit\u00e0 elettronica CIE <strong>per minori che non hanno compiuto il 12 anno d\u2019et\u00e0\u00a0<\/strong>pu\u00f2 essere fatta<strong>\u00a0per posta\u00a0<\/strong>seguendo le istruzioni del\u00a0<a href=\"https:\/\/consstoccarda.esteri.it\/wp-content\/uploads\/2026\/02\/InfoBlatt_Pass_Minorenni-02_2026.docx\"><strong>foglio informativo.<\/strong><\/a><\/p>\n<p style=\"text-align: left;\"><span style=\"text-decoration: underline;\"><strong>Minori con pi\u00f9 di anni 12<\/strong><\/span><\/p>\n<p style=\"text-align: left;\">Minori con pi\u00f9 di 12 anni di et\u00e0 devono venire<strong> personalmente in Consolato Generale, accompagnati da almeno uno dei genitori \/ esercenti la responsabilit\u00e0 genitoriale<\/strong> con la seguente documentazione:<\/p>\n<ul style=\"text-align: left;\">\n<li><a href=\"https:\/\/consstoccarda.esteri.it\/wp-content\/uploads\/2025\/07\/Assenso-per-emissione-CIE-07_2025.pdf\">L\u2019apposito\u00a0<strong>modulo per rilascio di carta d\u2019identit\u00e0 per minorenne<\/strong><\/a>;<strong> firmato da entrambi i genitori\u00a0\/ <\/strong>esercenti la responsabilit\u00e0 genitoriale. Il<strong> genitore cittadino Extra EU deve fare autenticare la firma<\/strong> dalle autorit\u00e0 locali (Comune tedesco o Polizia o da un Notaio) oppure deve essere <strong>presente <\/strong>all\u2019appuntamento <strong>con il proprio passaporto<\/strong> <strong>valido <\/strong>(non permesso di soggiorno).<\/li>\n<li>1 foto biometrica cartacea (non codice QR), con sfondo bianco e non pi\u00f9 vecchia di 6 mesi;<\/li>\n<\/ul>\n<ul style=\"text-align: left;\">\n<li>L\u2019eventuale carta d\u2019identit\u00e0 del minore in scadenza o scaduta o, in alternativa, un altro documento di riconoscimento o\u00a0<a href=\"https:\/\/consstoccarda.esteri.it\/wp-content\/uploads\/2023\/05\/autentica_foto_minore.pass_.cie_.pdf\"><strong>foto\u00a0autenticata dal Comune tedesco o presso la Polizia locale<\/strong>;<\/a><\/li>\n<\/ul>\n<ul style=\"text-align: left;\">\n<li>Documenti d\u2019identit\u00e0 <strong>validi<\/strong> dei genitori \/ esercenti la responsabilit\u00e0 genitoriale (solo per cittadini EU non presenti in copia).<\/li>\n<\/ul>\n<p style=\"text-align: left;\"><strong>Minori di quattordici anni,<\/strong>\u00a0devono viaggiare\u00a0<strong>in compagnia di uno dei genitori<\/strong>\u00a0o di chi ne fa le veci le\u00a0<strong>cui generalit\u00e0 sono riportate sul documento d\u2019identit\u00e0 del minore<\/strong>, oppure che venga menzionato su una dichiarazione rilasciata da chi pu\u00f2 dare l\u2019assenso o l\u2019autorizzazione, il nome della persona, dell\u2019ente o della compagnia di trasporto a cui i minori medesimi sono affidati. Tale \u201catto di accompagnamento\u201d pu\u00f2 essere richiesto direttamente allo sportello dell\u2019Ufficio Passaporti <strong>anticipando<\/strong> <strong>necessariamente la documentazione completa<\/strong> tramite E-Mail a: <a href=\"mailto:passaporti.stoccarda@esteri.it\">passaporti.stoccarda@esteri.it<\/a><\/p>\n<p style=\"text-align: left;\"><strong>3)<\/strong>\u00a0<strong>Qual \u00e8 la documentazione necessaria da portare con s\u00e9 al momento dell\u2019appuntamento nel caso di smarrimento\/furto del mio documento?<\/strong><\/p>\n<p style=\"text-align: left;\">Nel caso in cui il richiedente non sia pi\u00f9 in possesso del precedente documento in seguito a\u00a0<strong>furto o smarrimento<\/strong>, \u00e8 necessario\u00a0presentare al momento dell\u2019appuntamento la denuncia effettuata presso le autorit\u00e0 tedesche (Polizia o Ufficio oggetti smarriti del Comune), che pu\u00f2 essere fatta anche online cliccando qui\u00a0<strong><a href=\"https:\/\/www.polizei-bw.de\/onlinewache\/\">Denuncia online<\/a><\/strong>. La ricevuta arriva qualche giorno dopo per posta.<\/p>\n<p style=\"text-align: left;\"><strong>4) Come si riceve la Carta d\u2019identit\u00e0 elettronica?<\/strong><\/p>\n<p style=\"text-align: left;\">La CIE \u00e8 emessa dal Ministero dell\u2019Interno e prodotta dall\u2019Istituto Poligrafico e Zecca dello Stato, che la spedisce, a mezzo posta raccomandata, all\u2019indirizzo di residenza (o recapito) dichiarato dal richiedente. Salvo casi particolari, la CIE dovrebbe arrivare per posta\u00a0<strong>entro 15 giorni<\/strong>\u00a0dal giorno dell\u2019appuntamento (il connazionale potr\u00e0 seguire la raccomandata autonomamente online, attraverso il codice di tracciamento).<\/p>\n<p style=\"text-align: left;\">In caso di mancata consegna, scaduto il termine di giacenza presso l\u2019ufficio postale il plico viene restituito all\u2019Ufficio consolare nell\u2019arco di 4 settimane.<\/p>\n<p style=\"text-align: left;\"><strong>5) \u00c8 possibile chiedere l\u2019appuntamento per un\u2019altra persona?<\/strong><\/p>\n<p style=\"text-align: left;\">S\u00ec, \u00e8 possibile prenotare per altri.<\/p>\n<p style=\"text-align: left;\">Per prenotare un appuntamento per un\u2019altra persona, si potr\u00e0 accedere col proprio account, selezionando nel campo\u00a0<em>\u201cTipo prenotazione\u201d la voce \u201cprenotazione per altre persone\u201d<\/em>\u00a0e quindi procedere con l\u2019inserimento di tutti i dati dell&#8217;altra persona.<\/p>\n<p style=\"text-align: left;\"><strong>6) Posso prendere pi\u00f9 appuntamenti lo stesso giorno?<\/strong><\/p>\n<p style=\"text-align: left;\">S\u00ec, il sistema permette anche di prenotare un appuntamento multiplo, selezionando nel campo \u201cTipo prenotazione\u201d la voce \u201cprenotazione multipla\u201d scegliendo successivamente il numero di persone aggiuntive.<\/p>\n<p style=\"text-align: left;\">Anche in questo caso si potr\u00e0 scegliere l\u2019opzione \u201cPrenotazione per altre persone\u201d e selezionare il numero di persone aggiuntive.<\/p>\n<p style=\"text-align: left;\">Successivamente dovranno essere inseriti i dati di tutti i richiedenti, scorrendo in basso il formulario.<\/p>\n<p style=\"text-align: left;\"><strong>7) Impossibilit\u00e0 certificate nel venire in Consolato a richiedere il documento<\/strong><\/p>\n<p style=\"text-align: left;\">In via del tutto eccezionale ed in caso di seri impedimenti certificati (p.e. malattia grave o detenzione di lungo periodo) \u00e8 possibile rilasciare la carta di identit\u00e0 senza venire in Consolato, con conseguente invio per posta del documento. La carta rilasciata non avr\u00e0 le impronte digitali. In questi casi \u00e8 necessario compilare\u00a0<a href=\"https:\/\/consstoccarda.esteri.it\/wp-content\/uploads\/2025\/06\/DOMANDA-CIE-impedimento-psicofisico-permanente.pdf\">l\u2019apposito formulario<\/a>\u00a0che attesta gli impedimenti psicofisici permanenti e seguire le\u00a0<strong><a href=\"https:\/\/consstoccarda.esteri.it\/wp-content\/uploads\/2026\/02\/InfoBlatt_CIE_Disabili-02_2026-1.docx\">istruzioni<\/a>.<\/strong><\/p>\n<p style=\"text-align: left;\">Per ulteriori informazioni in merito scrivere a\u00a0<a href=\"mailto:ci_constoc@esteri.it\">ci_constoc@esteri.it<\/a><\/p>\n<p style=\"text-align: left;\"><strong>8) Quanto tempo vale la carta d\u2019identit\u00e0?<\/strong><\/p>\n<p style=\"text-align: left;\">La validit\u00e0 della carta d\u2019identit\u00e0 varia a seconda dell\u2019et\u00e0 del titolare ed \u00e8 di:<\/p>\n<ul style=\"text-align: left;\">\n<li><strong>3 anni <\/strong>dalla data di emissione per i minori che hanno meno di 3 anni di et\u00e0;<\/li>\n<li><strong>5 anni <\/strong>dalla data di emissione per i minori con un\u2019et\u00e0 compresa tra i 3 e i 18 anni;<\/li>\n<li><strong>9 anni <\/strong>pi\u00f9 i giorni intercorrenti fra la data della richiesta e la data di nascita per tutti gli altri.<\/li>\n<\/ul>\n<p style=\"text-align: left;\"><strong>9) Quali sono le operazioni che saranno effettuate il giorno dell\u2019appuntamento?<\/strong><\/p>\n<p style=\"text-align: left;\">Il giorno dell\u2019appuntamento, l\u2019operatore consolare acquisisce la documentazione indicata nei punti precedenti, effettua il riconoscimento e la verifica dell\u2019attualit\u00e0 della foto ed acquisisce le impronte digitali e la firma (salvo per i minori di anni 12).<\/p>\n<p style=\"text-align: left;\"><strong>10) \u00c8 possibile per le donne sposate inserire il cognome del marito?<\/strong><\/p>\n<p style=\"text-align: left;\">No, purtroppo non \u00e8 possibile inserire il cognome del marito.<\/p>\n<p style=\"text-align: left;\">Per questo motivo sar\u00e0 possibile consegnare la raccomandata con la carta solamente se il\u00a0<strong>cognome di nascita<\/strong>\u00a0\u00e8 correttamente inserito nella buca delle lettere\/citofono della propria residenza.<\/p>\n<p style=\"text-align: left;\"><strong>12)\u00a0Dove posso viaggiare con la carta d\u2019identit\u00e0?<br \/>\n<\/strong><br \/>\nLa carta d\u2019identit\u00e0 permette di viaggiare in tutti i paesi dell\u2019area \u201cSchengen\u201d<\/p>\n<p style=\"text-align: left;\">Al momento si pu\u00f2 viaggiare nei seguenti\u00a0<strong>paesi<\/strong>:<\/p>\n<p style=\"text-align: left;\">Albania, Austria, Belgio, Bosnia-Erzegovina, Bulgaria, Cipro, Croazia, Danimarca, Egitto (solo viaggi organizzati), Estonia, Finlandia, Francia, Germania, Grecia, Irlanda, Islanda, Italia, Lettonia, Liechtenstein, Lituania, Lussemburgo, Macedonia, Malta, Montenegro, Norvegia, Paesi Bassi, Polonia, Portogallo, Repubblica Ceca, Romania, Slovacchia, Slovenia, Spagna, Svezia, Svizzera, Tunisia (solo viaggi organizzati), Turchia (solo viaggi organizzati), Ungheria.<\/p>\n<p style=\"text-align: left;\">Si consiglia in ogni caso di consultare preventivamente il Portale dedicato del Ministero: <strong><a href=\"http:\/\/www.viaggiaresicuri.it\/\">Viaggiare Sicuri<\/a><\/strong>\u00a0e le Rappresentanze Consolari dei rispettivi Paesi di destinazione per verificare che non siano occorsi cambiamenti.<\/p>\n<p style=\"text-align: left;\"><strong>13)\u00a0Quali sono i servizi digitali legati alla carta d\u2019identit\u00e0?<\/strong><\/p>\n<p style=\"text-align: left;\">Per le funzioni digitali si prega di consultare il Portale dedicato del Ministero dell\u2019Interno:<strong> <a href=\"https:\/\/www.cartaidentita.interno.gov.it\/cittadini\/software-cie\/\">https:\/\/www.cartaidentita.interno.gov.it\/cittadini\/software-cie\/<\/a><\/strong><\/p>\n<p style=\"text-align: left;\"><strong>15) In caso di smarrimento o se si sono dimenticati i codici PIN e PUK?\u00a0<\/strong><\/p>\n<p style=\"text-align: left;\">Per recuperare la <span style=\"text-decoration: underline;\">prima met\u00e0<\/span> dei codici PIN e PUK (consegnati al momento del rilascio) potrai scrivere a\u00a0<a href=\"mailto:ci_constoc@esteri.it\">ci_constoc@esteri.it<\/a><\/p>\n<p style=\"text-align: left;\">Per recuperare la <span style=\"text-decoration: underline;\">seconda met\u00e0<\/span> dei codici PIN e PUK contattare l&#8217;indirizzo e-mail <strong>informazioni@email.ipzs.it<\/strong> o chiamare il numero verde 800.86.40.35.<\/p>\n<\/article>\n<\/div>\n<\/div>\n<\/div>\n","protected":false},"excerpt":{"rendered":"Prenotazione per Passaporti e Carte di identit\u00e0 elettroniche (CIE) con Prenot@Mi Hai bisogno di un appuntamento per rinnovare la carta d\u2019identit\u00e0? Clicca qui per accedere al portale Prenot@mi Se non hai mai utilizzato il portale Prenot@mi, segui la Guida illustrativa. Si comunica che attualmente gli appuntamenti sul Portale\u00a0\u201cPrenot@mi\u201d\u00a0per il servizio PASSAPORTI e CARTE D\u2019IDENTITA\u2019 sono [&hellip;]","protected":false},"author":6,"featured_media":0,"parent":86,"menu_order":0,"comment_status":"closed","ping_status":"closed","template":"","meta":{"footnotes":""},"class_list":["post-578","page","type-page","status-publish","hentry"],"_links":{"self":[{"href":"https:\/\/consstoccarda.esteri.it\/it\/wp-json\/wp\/v2\/pages\/578","targetHints":{"allow":["GET"]}}],"collection":[{"href":"https:\/\/consstoccarda.esteri.it\/it\/wp-json\/wp\/v2\/pages"}],"about":[{"href":"https:\/\/consstoccarda.esteri.it\/it\/wp-json\/wp\/v2\/types\/page"}],"author":[{"embeddable":true,"href":"https:\/\/consstoccarda.esteri.it\/it\/wp-json\/wp\/v2\/users\/6"}],"replies":[{"embeddable":true,"href":"https:\/\/consstoccarda.esteri.it\/it\/wp-json\/wp\/v2\/comments?post=578"}],"version-history":[{"count":9,"href":"https:\/\/consstoccarda.esteri.it\/it\/wp-json\/wp\/v2\/pages\/578\/revisions"}],"predecessor-version":[{"id":7450,"href":"https:\/\/consstoccarda.esteri.it\/it\/wp-json\/wp\/v2\/pages\/578\/revisions\/7450"}],"up":[{"embeddable":true,"href":"https:\/\/consstoccarda.esteri.it\/it\/wp-json\/wp\/v2\/pages\/86"}],"wp:attachment":[{"href":"https:\/\/consstoccarda.esteri.it\/it\/wp-json\/wp\/v2\/media?parent=578"}],"curies":[{"name":"wp","href":"https:\/\/api.w.org\/{rel}","templated":true}]}}