{"id":5837,"date":"2025-11-12T10:44:39","date_gmt":"2025-11-12T09:44:39","guid":{"rendered":"https:\/\/consstoccarda.esteri.it\/?page_id=5837"},"modified":"2026-01-23T10:53:57","modified_gmt":"2026-01-23T09:53:57","slug":"eheschliesung-in-deutschland","status":"publish","type":"page","link":"https:\/\/consstoccarda.esteri.it\/it\/servizi-consolari-e-visti\/servizi-per-il-cittadino-italiano\/stato-civile\/eheschliesung-in-deutschland\/","title":{"rendered":"Matrimonio da celebrare in Germania"},"content":{"rendered":"<p>Si ricorda che tutte le procedure matrimoniali devono essere avviate con <strong>largo <\/strong>anticipo (si consiglia 3 mesi) per consentire le verifiche di rito imposte dalla Legge. Non possibile garantire la conclusione del procedimento di rilascio dei certificati in caso di richieste presentate con breve anticipo rispetto alla data prevista per il matrimonio.<\/p>\n<p>Si ricorda inoltre che i certificati rilasciati per uso matrimonio (sotto specificati) hanno una validit\u00e0 di <strong>sei mesi.<\/strong><\/p>\n<p>Per i cittadini italiani che intendono contrarre matrimonio davanti all\u2019Ufficiale di Stato Civile tedesco, \u00e8 necessario prima di tutto prendere contatto con il Comune tedesco dove si svolger\u00e0 il matrimonio. \u00c8 compito dello<em>\u00a0Standesamt<\/em>\u00a0dare ai futuri sposi una lista dettagliata dei documenti necessari per sposarsi, che verr\u00e0 personalizzata a seconda della nazionalit\u00e0 degli sposi e del loro attuale stato civile.<\/p>\n<p>Normalmente al cittadino italiano viene richiesto\u00a0<strong>l\u2019estratto<\/strong>\u00a0(o copia integrale)\u00a0<strong>dell\u2019atto di nascita<\/strong>: questo documento pu\u00f2 essere rilasciato soltanto dal Comune italiano (che detiene il registro dove tale atto di nascita \u00e8 iscritto o trascritto) e non pu\u00f2 essere emesso dal Consolato.<\/p>\n<p>Il futuro sposo dovr\u00e0 pertanto rivolgersi direttamente al suo Comune di nascita. Se preferisce, potr\u00e0 farlo fare anche a un\u2019altra persona presente sullo stesso atto (i suoi genitori) senza bisogno di delega, oppure delegare un\u2019altra persona. Si consiglia di richiedere il cosiddetto \u201cestratto di nascita su formulario plurilingue ai sensi della Convenzione di Vienna del 1976\u201d per uso estero. In questo modo non sar\u00e0 necessario fare traduzioni e il documento potr\u00e0 essere utilizzato in Germania cos\u00ec come lo si riceve in originale dal Comune, senza ulteriori formalit\u00e0.<\/p>\n<p><strong>Attenzione: le autorit\u00e0 tedesche NON accettano PEC o altre forme di certificati per email, ma richiedono un originale cartaceo con timbro e firma originali.<\/strong><\/p>\n<p>Il secondo certificato sempre necessario per un matrimonio in Germania \u00e8\u00a0<strong>il Certificato di Capacit\u00e0 matrimoniale (Ehef\u00e4higkeitszeugnis<\/strong>), che viene emesso dal Consolato e resta valido solo per i successivi 6 mesi. Per questo motivo \u00e8 bene richiederlo solo DOPO che si \u00e8 gi\u00e0 in possesso della restante documentazione presente nella lista fornita dallo Standesamt e che comunque \u00e8 necessaria per l\u2019emissione del certificato stesso.<\/p>\n<p>Per emetterlo, il Consolato dovr\u00e0 valutare fatti e informazioni riguardanti entrambi i futuri sposi e per far questo dovr\u00e0 avere le informazioni riguardanti entrambi gli sposi.<\/p>\n<p><strong>Per ottenere tale certificato, il cittadino italiano dovr\u00e0 quindi presentare <span style=\"text-decoration: underline;\">i documenti relativi ad <em>entrambi<\/em> i nubendi<\/span>:<\/strong><\/p>\n<p><strong>1. Per <span style=\"text-decoration: underline;\">ciascun<\/span> cittadino\/a italiano\/a (<span style=\"text-decoration: underline;\">vedere sotto per i cittadini non italiani<\/span>)<\/strong><\/p>\n<ol>\n<li><a href=\"https:\/\/consstoccarda.esteri.it\/wp-content\/uploads\/2023\/05\/Richiesta_capacita_matrimoniale_1-italiano.pdf\"><strong>Modulo\/dichiarazione di richiesta della capacit\u00e0 matrimoniale<\/strong><\/a> nella quale dichiarer\u00e0 che non esistono le condizioni ostative previste dagli articoli dall\u201984 all\u201989 del Codice Civile e che anche il nubendo straniero non si trova nelle condizioni ostative previste dagli articoli succitati.<\/li>\n<li><strong>Fotocopia del documento d\u2019identit\u00e0 <\/strong>compresa la pagina recante la firma del titolare.<\/li>\n<li><strong>Fotocopia del certificato cumulativo di residenza, cittadinanza e stato civile <\/strong>(erweiterte Meldebescheinigung); per i cittadini non residenti in Germania tale certificato deve essere emesso dalla propria competente autorit\u00e0.<\/li>\n<li><strong>In caso di divorzio: la sentenza dovr\u00e0 essere gi\u00e0 registrata in Italia al momento della richiesta del certficato (sul punto, si veda anche la sezione divorzio)<\/strong><\/li>\n<\/ol>\n<p><strong>In caso di due cittadini italiani che contraggono matrimonio in Germania, i cittadini dovranno controllare con l&#8217;ufficio di stato civile tedesco (Standesamt) se dovranno presentare un un certificato di capacit\u00e0 matrimoniale per ciascuno.<\/strong><\/p>\n<p>Trattandosi di un cambio di stato civile, la dichiarazione (autocertificazione) dovr\u00e0 per\u00f2 essere obbligatoriamente verificata dal Consolato, il quale dovr\u00e0 svolgere gli accertamenti necessari per verificare la correttezza delle dichiarazioni presentate dal cittadino.<\/p>\n<p>Per le informazioni non in possesso dei Comuni italiani il controllo dovr\u00e0 avvenire tramite i certificati che gli sposi dovranno necessariamente presentare al Consolato e che sono di seguito elencati.<\/p>\n<p><strong>2. Se il secondo sposo \u00e8 cittadino tedesco o di altro Stato Membro UE, deve presentare:<\/strong><\/p>\n<ol>\n<li><strong>Fotocopia del certificato cumulativo di residenza, cittadinanza e stato civile<\/strong>(erweiterte Meldebescheinigung); per i cittadini non residenti in Germania tale certificato deve essere emesso dalla propria competente autorit\u00e0. Se il secondo sposo <strong>non \u00e8 cittadino tedesco<\/strong>, dovr\u00e0 presentare <strong>anche certificato di stato libero del proprio paese UE di cittadinanza<\/strong>.<\/li>\n<li><strong>Fotocopia del certificato di nascita<\/strong><\/li>\n<li><strong>Fotocopia del documento d\u2019identit\u00e0<\/strong>compresa la pagina recante la firma del titolare.<\/li>\n<li><strong>In caso di vedovanza:<\/strong>copia dell\u2019atto di morte del coniuge e copia dell\u2019atto di matrimonio.<\/li>\n<li><strong>In caso di divorzio non avvenuto in Italia:<\/strong>fotocopia della sentenza di divorzio estera con annotazione del passaggio in giudicato (in alternativa: fotocopia del\u00a01\u00a0certificato di matrimonio con annotazioni).\u00a02<\/li>\n<\/ol>\n<p><strong>3. Se l\u2019altro sposo non \u00e8 cittadino di uno Stato UE, deve presentare <span style=\"text-decoration: underline;\">in aggiunta<\/span> ai documenti sopra indicati:<\/strong><\/p>\n<ul>\n<li><strong>Fotocopia del certificato di stato libero <\/strong>delle Autorit\u00e0 del proprio Paese, tradotto e legalizzato.<\/li>\n<li>Si precisa che, se il nubendo non italiano \u00e8 nato in un paese terzo, l&#8217;atto di nascita (di cui al punto 2) deve essere presentato con apostille\/legalizzazione, e traduzione a sua volta legalizzata\/apostillata<\/li>\n<\/ul>\n<p><strong>Attenzione:\u00a0<\/strong>tutti gli atti stranieri che non siano in formato plurilingue devono essere corredati di relativa traduzione in italiano o in tedesco e di legalizzazione ove prevista.<\/p>\n<p><strong>Il certificato di capacit\u00e0 matrimoniale pu\u00f2 essere richiesto:<\/strong><\/p>\n<ul>\n<li><strong>per posta ordinaria,<\/strong>includendo nella busta contenente la documentazione anche la ricevuta del <a href=\"https:\/\/consstoccarda.esteri.it\/it\/servizi-consolari-e-visti\/servizi-per-il-cittadino-italiano\/modulistica\/\">bonifico bancario<\/a> effettuato per l\u2019importo di \u20ac 6,00 (percezione consolare) e una busta preaffrancata e preindirizzata per ricevere indietro il proprio certificato di capacit\u00e0 matrimoniale. Le coordinate bancarie sono disponibili sul sito web dei rispettivi Consolati.<\/li>\n<li><strong>recandosi personalmente in Consolato previo appuntamento.<\/strong>In questo caso la percezione consolare per l\u2019importo di \u20ac 6,00 verr\u00e0 pagata allo sportello.<\/li>\n<\/ul>\n","protected":false},"excerpt":{"rendered":"Si ricorda che tutte le procedure matrimoniali devono essere avviate con largo anticipo (si consiglia 3 mesi) per consentire le verifiche di rito imposte dalla Legge. Non possibile garantire la conclusione del procedimento di rilascio dei certificati in caso di richieste presentate con breve anticipo rispetto alla data prevista per il matrimonio. Si ricorda inoltre [&hellip;]","protected":false},"author":32,"featured_media":0,"parent":179,"menu_order":4,"comment_status":"closed","ping_status":"closed","template":"","meta":{"footnotes":""},"class_list":["post-5837","page","type-page","status-publish","hentry"],"_links":{"self":[{"href":"https:\/\/consstoccarda.esteri.it\/it\/wp-json\/wp\/v2\/pages\/5837","targetHints":{"allow":["GET"]}}],"collection":[{"href":"https:\/\/consstoccarda.esteri.it\/it\/wp-json\/wp\/v2\/pages"}],"about":[{"href":"https:\/\/consstoccarda.esteri.it\/it\/wp-json\/wp\/v2\/types\/page"}],"author":[{"embeddable":true,"href":"https:\/\/consstoccarda.esteri.it\/it\/wp-json\/wp\/v2\/users\/32"}],"replies":[{"embeddable":true,"href":"https:\/\/consstoccarda.esteri.it\/it\/wp-json\/wp\/v2\/comments?post=5837"}],"version-history":[{"count":7,"href":"https:\/\/consstoccarda.esteri.it\/it\/wp-json\/wp\/v2\/pages\/5837\/revisions"}],"predecessor-version":[{"id":7001,"href":"https:\/\/consstoccarda.esteri.it\/it\/wp-json\/wp\/v2\/pages\/5837\/revisions\/7001"}],"up":[{"embeddable":true,"href":"https:\/\/consstoccarda.esteri.it\/it\/wp-json\/wp\/v2\/pages\/179"}],"wp:attachment":[{"href":"https:\/\/consstoccarda.esteri.it\/it\/wp-json\/wp\/v2\/media?parent=5837"}],"curies":[{"name":"wp","href":"https:\/\/api.w.org\/{rel}","templated":true}]}}