{"id":587,"date":"2023-05-24T12:56:37","date_gmt":"2023-05-24T10:56:37","guid":{"rendered":"https:\/\/consstoccarda.esteri.it\/?page_id=587"},"modified":"2026-04-23T16:51:07","modified_gmt":"2026-04-23T14:51:07","slug":"carte-didentita-elettroniche-modulistica","status":"publish","type":"page","link":"https:\/\/consstoccarda.esteri.it\/it\/servizi-consolari-e-visti\/servizi-per-il-cittadino-italiano\/modulistica\/carte-didentita-elettroniche-modulistica\/","title":{"rendered":"Carte d&#8217;Identit\u00e0 Elettroniche: modulistica"},"content":{"rendered":"<p>&nbsp;<\/p>\n<ol>\n<li><a href=\"https:\/\/consstoccarda.esteri.it\/wp-content\/uploads\/2026\/04\/Formulario-assenso-minori-CIE-04_2026.pdf\">Richiesta Carta d&#8217;Identit\u00e0 per minori di 18 anni<\/a><\/li>\n<li><a href=\"https:\/\/consstoccarda.esteri.it\/wp-content\/uploads\/2023\/05\/smarrimento.furto_cie.pass_.pdf\">Dichiarazione di smarrimento o furto di Carta d&#8217;Identit\u00e0<\/a><\/li>\n<li><a href=\"https:\/\/consstoccarda.esteri.it\/wp-content\/uploads\/2026\/04\/InfoBlatt_CIE_Minorenni-04_2026-IT.pdf\">Informazioni per la richiesta per posta della Carta d&#8217;Identit\u00e0 per minori di 12 anni<\/a><\/li>\n<li><a href=\"https:\/\/consstoccarda.esteri.it\/wp-content\/uploads\/2026\/04\/InfoBlatt_CIE_Disabili-04_2026-IT.pdf\">Informazioni per la richiesta per posta della Carta d&#8217;Identit\u00e0 in caso di seri impedimenti certificati ( es. malattia grave)<\/a><\/li>\n<li><a href=\"https:\/\/consstoccarda.esteri.it\/wp-content\/uploads\/2026\/04\/DOMANDA-CIE-impedimento-psicofisico-permanente1-1.pdf\">Richiesta CIE per posta in caso di seri impedimenti certificati\u00a0<\/a><\/li>\n<li><a href=\"https:\/\/consstoccarda.esteri.it\/wp-content\/uploads\/2023\/05\/autentica_foto_minore.pass_.cie_.pdf\">Modulo per l&#8217;autentica della foto<\/a><\/li>\n<\/ol>\n","protected":false},"excerpt":{"rendered":"&nbsp; Richiesta Carta d&#8217;Identit\u00e0 per minori di 18 anni Dichiarazione di smarrimento o furto di Carta d&#8217;Identit\u00e0 Informazioni per la richiesta per posta della Carta d&#8217;Identit\u00e0 per minori di 12 anni Informazioni per la richiesta per posta della Carta d&#8217;Identit\u00e0 in caso di seri impedimenti certificati ( es. malattia grave) Richiesta CIE per posta in [&hellip;]","protected":false},"author":6,"featured_media":0,"parent":463,"menu_order":0,"comment_status":"closed","ping_status":"closed","template":"","meta":{"footnotes":""},"class_list":["post-587","page","type-page","status-publish","hentry"],"_links":{"self":[{"href":"https:\/\/consstoccarda.esteri.it\/it\/wp-json\/wp\/v2\/pages\/587","targetHints":{"allow":["GET"]}}],"collection":[{"href":"https:\/\/consstoccarda.esteri.it\/it\/wp-json\/wp\/v2\/pages"}],"about":[{"href":"https:\/\/consstoccarda.esteri.it\/it\/wp-json\/wp\/v2\/types\/page"}],"author":[{"embeddable":true,"href":"https:\/\/consstoccarda.esteri.it\/it\/wp-json\/wp\/v2\/users\/6"}],"replies":[{"embeddable":true,"href":"https:\/\/consstoccarda.esteri.it\/it\/wp-json\/wp\/v2\/comments?post=587"}],"version-history":[{"count":6,"href":"https:\/\/consstoccarda.esteri.it\/it\/wp-json\/wp\/v2\/pages\/587\/revisions"}],"predecessor-version":[{"id":7699,"href":"https:\/\/consstoccarda.esteri.it\/it\/wp-json\/wp\/v2\/pages\/587\/revisions\/7699"}],"up":[{"embeddable":true,"href":"https:\/\/consstoccarda.esteri.it\/it\/wp-json\/wp\/v2\/pages\/463"}],"wp:attachment":[{"href":"https:\/\/consstoccarda.esteri.it\/it\/wp-json\/wp\/v2\/media?parent=587"}],"curies":[{"name":"wp","href":"https:\/\/api.w.org\/{rel}","templated":true}]}}