{"id":5894,"date":"2025-11-12T11:00:27","date_gmt":"2025-11-12T10:00:27","guid":{"rendered":"https:\/\/consstoccarda.esteri.it\/?page_id=5894"},"modified":"2026-03-04T09:51:39","modified_gmt":"2026-03-04T08:51:39","slug":"matrimonio-da-celebrare-in-italia","status":"publish","type":"page","link":"https:\/\/consstoccarda.esteri.it\/it\/servizi-consolari-e-visti\/servizi-per-il-cittadino-italiano\/stato-civile\/matrimonio-da-celebrare-in-italia\/","title":{"rendered":"Matrimonio da celebrare in Italia"},"content":{"rendered":"<p>Si ricorda che <strong>tutte<\/strong> le procedure matrimoniali devono essere <strong>avviate<\/strong> con <strong>largo <\/strong>anticipo (si consiglia 6 mesi in caso di matrimonio in Italia) per consentire le verifiche di rito imposte dalla Legge. Non possibile garantire la conclusione del procedimento di rilascio dei certificati in caso di richieste presentate con breve anticipo rispetto alla data prevista per il matrimonio.<\/p>\n<p>A differenza di quello in Germania, il matrimonio in Italia prevede le pubblicazioni di matrimonio, che devono essere richieste di persona in Consolato (qualora almeno uno degli sposi italiani risieda all\u2019estero). Le pubblicazioni possono anche essere richieste direttamente al Comune italiano, se uno dei due sposi risiede in Italia. Le pubblicazioni devono restare affisse nell\u2019Albo Consolare per almeno 8 giorni. Dopo ulteriori 4 giorni il Consolato rilascia al Comune italiano una delega a celebrare il matrimonio (o un certificato di avvenute pubblicazioni, nel caso di matrimonio concordatario).<\/p>\n<p><strong>Documentazione da presentare in originale<\/strong><\/p>\n<p><strong>Per sposi entrambi italiani residenti in Germania:<\/strong><\/p>\n<ul>\n<li>Certificato cumulativo di residenza (erweiterte Meldebescheinigung) rilasciato dal Comune tedesco di residenza;<\/li>\n<li>Documento di identit\u00e0 valido.<\/li>\n<li>In caso di matrimonio di minorenne: \u00e8 necessaria l\u2019autorizzazione del Tribunale per i minorenni italiano competente ai sensi dell\u2019art.84 del Cod. Civile \u2013 Legge 19.05.1975, n.1\u00a0Tale autorizzazione non pu\u00f2 in ogni caso essere rilasciata dal Consolato.<\/li>\n<\/ul>\n<p><strong>Per sposo tedesco o cittadino di altri stati aderenti alla Convenzione di Monaco del 1980 e alla Convenzione di Vienna del 1976\u00a0<\/strong>(Austria, Italia, Germania, Lussemburgo, Moldavia, Paesi Bassi, Portogallo, Spagna, Svizzera, Turchia):<\/p>\n<ul>\n<li>Certificato di nascita (Geburtsurkunde) su modello internazionale;<\/li>\n<li>Ehef\u00e4higkeitszeugnis per i cittadini degli Stati aderenti alla Convenzione di Monaco del 1980. Ai cittadini tedeschi viene rilasciato dall\u2019Ufficio di stato civile del Comune tedesco di residenza;<\/li>\n<li>Documento di identit\u00e0 o passaporto valido.<\/li>\n<li>se divorziati: estratto di matrimonio su modello internazionale con annotazione del divorzio;<\/li>\n<li>se vedovi: estratto internazionale del precedente matrimonio ed estratto internazionale di morte del coniuge defunto.<\/li>\n<\/ul>\n<p><strong>Per sposo di altre nazionalit\u00e0 non appartenenti al precedente gruppo:<\/strong><\/p>\n<ul>\n<li><strong>Certificato di nascita in originale da esibire su modello internazionale <\/strong>se lo Stato di emissione aderisce alla Convenzione di Vienna del 1976 oppure certificato di nascita in originale munito di apostille o legalizzato e tradotto in lingua italiana da un traduttore giurato in Italia o nel Paese di provenienza. In questo ultimo caso, la traduzione andr\u00e0 o asseverata presso il Consolato italiano competente per il luogo dove la traduzione \u00e8 stata effettuata oppure, negli stati dove ci\u00f2 \u00e8 previsto, andr\u00e0 apostillata;<\/li>\n<li><strong>Certificato cumulativo di residenza cittadinanza e stato civile<\/strong>(in Germania erweiterte Meldebescheinigung) rilasciato dalla competente autorit\u00e0 del luogo di residenza;<\/li>\n<li><strong>Nulla osta al matrimonio rilasciato dalle proprie Autorit\u00e0 competenti, <\/strong>munito di apostille o legalizzato (se il nulla osta non \u00e8 prodotto in lingua italiana o tedesca esso andr\u00e0 tradotto da un traduttore giurato in Italia o presso il Paese dove \u00e8 stato emesso il certificato);<\/li>\n<li><strong>passaporto in corso di validit\u00e0<\/strong>.<\/li>\n<\/ul>\n<p>&nbsp;<\/p>\n<p>La procedura di pubblicazioni prevede un pagamento complessivo di \u20ac 12,00 da effettuarsi in Consolato al momento dell\u2019appuntamento.<\/p>\n<p>In caso di \u201cdoppia pubblicazione\u201d, qualora uno dei nubendi sia iscritto AIRE presso altro consolato, dovranno essere calcolati ulteriori 6 \u20ac per la ulteriore pubblicazione che dovremo richiedere.<\/p>\n<p><strong>Matrimonio concordatario<\/strong><\/p>\n<p>Il sacerdote deve inviare al Consolato la richiesta di pubblicazioni di matrimonio. Inoltre, una volta conclusa tutta la procedura, il Consolato consegner\u00e0 agli sposi il certificato di avvenute pubblicazioni e sar\u00e0 cura degli sposi far pervenire tale documento al celebrante.<\/p>\n<p>Per il resto della documentazione, si rimanda a quanto previsto per il matrimonio civile da celebrare in Italia, sopra specificato.<\/p>\n","protected":false},"excerpt":{"rendered":"Si ricorda che tutte le procedure matrimoniali devono essere avviate con largo anticipo (si consiglia 6 mesi in caso di matrimonio in Italia) per consentire le verifiche di rito imposte dalla Legge. Non possibile garantire la conclusione del procedimento di rilascio dei certificati in caso di richieste presentate con breve anticipo rispetto alla data prevista [&hellip;]","protected":false},"author":32,"featured_media":0,"parent":179,"menu_order":4,"comment_status":"closed","ping_status":"closed","template":"","meta":{"footnotes":""},"class_list":["post-5894","page","type-page","status-publish","hentry"],"_links":{"self":[{"href":"https:\/\/consstoccarda.esteri.it\/it\/wp-json\/wp\/v2\/pages\/5894","targetHints":{"allow":["GET"]}}],"collection":[{"href":"https:\/\/consstoccarda.esteri.it\/it\/wp-json\/wp\/v2\/pages"}],"about":[{"href":"https:\/\/consstoccarda.esteri.it\/it\/wp-json\/wp\/v2\/types\/page"}],"author":[{"embeddable":true,"href":"https:\/\/consstoccarda.esteri.it\/it\/wp-json\/wp\/v2\/users\/32"}],"replies":[{"embeddable":true,"href":"https:\/\/consstoccarda.esteri.it\/it\/wp-json\/wp\/v2\/comments?post=5894"}],"version-history":[{"count":4,"href":"https:\/\/consstoccarda.esteri.it\/it\/wp-json\/wp\/v2\/pages\/5894\/revisions"}],"predecessor-version":[{"id":7343,"href":"https:\/\/consstoccarda.esteri.it\/it\/wp-json\/wp\/v2\/pages\/5894\/revisions\/7343"}],"up":[{"embeddable":true,"href":"https:\/\/consstoccarda.esteri.it\/it\/wp-json\/wp\/v2\/pages\/179"}],"wp:attachment":[{"href":"https:\/\/consstoccarda.esteri.it\/it\/wp-json\/wp\/v2\/media?parent=5894"}],"curies":[{"name":"wp","href":"https:\/\/api.w.org\/{rel}","templated":true}]}}