{"id":6199,"date":"2025-11-18T12:50:46","date_gmt":"2025-11-18T11:50:46","guid":{"rendered":"https:\/\/consstoccarda.esteri.it\/?page_id=6199"},"modified":"2025-11-18T12:53:01","modified_gmt":"2025-11-18T11:53:01","slug":"acquisto-della-cittadinanza-per-matrimonio-naturalizzazione","status":"publish","type":"page","link":"https:\/\/consstoccarda.esteri.it\/it\/servizi-consolari-e-visti\/servizi-per-il-cittadino-italiano\/cittadinanza\/acquisto-della-cittadinanza-per-matrimonio-naturalizzazione\/","title":{"rendered":"Acquisto della cittadinanza per matrimonio (naturalizzazione)"},"content":{"rendered":"<p><strong>Si prega di leggere con <span style=\"text-decoration: underline;\">attenzione<\/span> le informazioni sulla documentazione necessaria<\/strong>: le richieste devono essere presentate necessariamente tramite portale Ali, direttamente dall&#8217;interessato. Solo in seguito alla presentazione dell&#8217;istanza l&#8217;interessato\/a verr\u00e0 contattato per un appuntamento. Tutte le comunicazioni e le indicazioni al riguardo verranno fornite tramite portale ALI.<\/p>\n<p>La documentazione da presentare e la procedura da seguire \u00e8 <a href=\"https:\/\/consstoccarda.esteri.it\/wp-content\/uploads\/2025\/11\/Cittadinanza-per-matrimonio-o-unione-civile-1.pdf\">chiarita al seguente link<\/a>.<\/p>\n<p>In caso di difficolt\u00e0 tecniche il\/la richiedente dovr\u00e0 contattare l&#8217;Help Desk ALI.<\/p>\n<p>Tramite il portale ALI il richiedente potr\u00e0 visionare in ogni momento lo stato della propria pratica. L&#8217;autorit\u00e0 consolare non pu\u00f2 fornire indicazioni sullo stato di lavorazione nella fase in cui la competenza \u00e8 del Ministero dell&#8217;Interno.<\/p>\n","protected":false},"excerpt":{"rendered":"Si prega di leggere con attenzione le informazioni sulla documentazione necessaria: le richieste devono essere presentate necessariamente tramite portale Ali, direttamente dall&#8217;interessato. Solo in seguito alla presentazione dell&#8217;istanza l&#8217;interessato\/a verr\u00e0 contattato per un appuntamento. Tutte le comunicazioni e le indicazioni al riguardo verranno fornite tramite portale ALI. La documentazione da presentare e la procedura da [&hellip;]","protected":false},"author":32,"featured_media":0,"parent":544,"menu_order":6,"comment_status":"closed","ping_status":"closed","template":"","meta":{"footnotes":""},"class_list":["post-6199","page","type-page","status-publish","hentry"],"_links":{"self":[{"href":"https:\/\/consstoccarda.esteri.it\/it\/wp-json\/wp\/v2\/pages\/6199","targetHints":{"allow":["GET"]}}],"collection":[{"href":"https:\/\/consstoccarda.esteri.it\/it\/wp-json\/wp\/v2\/pages"}],"about":[{"href":"https:\/\/consstoccarda.esteri.it\/it\/wp-json\/wp\/v2\/types\/page"}],"author":[{"embeddable":true,"href":"https:\/\/consstoccarda.esteri.it\/it\/wp-json\/wp\/v2\/users\/32"}],"replies":[{"embeddable":true,"href":"https:\/\/consstoccarda.esteri.it\/it\/wp-json\/wp\/v2\/comments?post=6199"}],"version-history":[{"count":1,"href":"https:\/\/consstoccarda.esteri.it\/it\/wp-json\/wp\/v2\/pages\/6199\/revisions"}],"predecessor-version":[{"id":6202,"href":"https:\/\/consstoccarda.esteri.it\/it\/wp-json\/wp\/v2\/pages\/6199\/revisions\/6202"}],"up":[{"embeddable":true,"href":"https:\/\/consstoccarda.esteri.it\/it\/wp-json\/wp\/v2\/pages\/544"}],"wp:attachment":[{"href":"https:\/\/consstoccarda.esteri.it\/it\/wp-json\/wp\/v2\/media?parent=6199"}],"curies":[{"name":"wp","href":"https:\/\/api.w.org\/{rel}","templated":true}]}}