{"id":6257,"date":"2025-11-18T13:19:54","date_gmt":"2025-11-18T12:19:54","guid":{"rendered":"https:\/\/consstoccarda.esteri.it\/?page_id=6257"},"modified":"2025-11-19T13:29:02","modified_gmt":"2025-11-19T12:29:02","slug":"riacquisto-della-cittadinanza-a-seguito-della-sua-perdita","status":"publish","type":"page","link":"https:\/\/consstoccarda.esteri.it\/it\/servizi-consolari-e-visti\/servizi-per-il-cittadino-italiano\/cittadinanza\/riacquisto-della-cittadinanza-a-seguito-della-sua-perdita\/","title":{"rendered":"Riacquisto della cittadinanza a seguito della sua perdita"},"content":{"rendered":"<p>La legge n. 74 del 23 maggio 2025 ha riaperto i termini per il riacquisto della cittadinanza a favore di ex cittadini\u00a0<strong>nati in Italia\u00a0o che sono stati\u00a0residenti in Italia\u00a0per almeno due anni continuativi e che abbiano perso la cittadinanza non oltre il 15 agosto 1992\u00a0<\/strong>in applicazione dell\u2019articolo 8, n. 1 e n. 2, o dell\u2019articolo 12 della legge n. 555 del 1912 (naturalizzazione in Paese straniero, rinuncia alla cittadinanza a seguito di involontario acquisto di cittadinanza straniera, figli minori conviventi di genitore che ha perso la cittadinanza). La possibilit\u00e0 di riacquisto\u00a0<strong>non si applica a coloro che hanno rinunciato alla cittadinanza italiana\u00a0<\/strong>(o che l\u2019hanno persa per altro motivo)\u00a0<strong>a partire dal 16 agosto 1992<\/strong>.<\/p>\n<p>Le dichiarazioni di riacquisto potranno essere presentate\u00a0<span style=\"text-decoration: underline;\"><strong>tra il 1\u00b0 luglio 2025 e il 31 dicembre 2027<\/strong><\/span>. <strong>Si prega di contattare l&#8217;ufficio cittadinanza.stoccarda@esteri.it indicando &#8220;RIACQUISTO DELLA CITTADINANZA&#8221; via mail con ogni urgenza.<\/strong><\/p>\n<p>L\u2019interessato al riacquisto deve presentare:<\/p>\n<ol>\n<li>Valido documento di identit\u00e0 emesso dall\u2019Autorit\u00e0 del Paese di attuale cittadinanza;<\/li>\n<li>Certificato di nascita: se nato all\u2019estero, dovr\u00e0 essere presentato nelle forme previste per la trascrizione in Italia, legalizzato e tradotto;<\/li>\n<li>Per i nati all\u2019estero, certificato storico di residenza rilasciato dal Comune italiano competente;<\/li>\n<li>Certificato storico di cittadinanza;<\/li>\n<li>Documentazione che dimostri la causa e la data della perdita della cittadinanza (si dovr\u00e0 dimostrare l\u2019acquisto della cittadinanza straniera e, nei casi previsti, la rinuncia a quella italiana: <strong>certificato di naturalizzazione<\/strong> oppure, se previsto dalla prassi locale, certificato di nascita corredato della certificazione di cittadinanza e del titolo al quale essa \u00e8 acquisita; la documentazione emessa da Autorit\u00e0 straniere dovr\u00e0 essere opportunamente legalizzata e tradotta).<\/li>\n<\/ol>\n<p><strong>Per le dichiarazioni di riacquisto della cittadinanza italiana \u00e8 richiesto un contributo di \u20ac250, versato presso l\u2019Ufficio consolare.<\/strong><\/p>\n<p>La dichiarazione deve essere resa dall\u2019interessato <u>personalmente<\/u>.<\/p>\n<p>In base all\u2019articolo 15 della legge n. 91\/1992, l\u2019interessato non riacquista la cittadinanza dal giorno della nascita, ma dal giorno successivo in cui si rende la dichiarazione.<\/p>\n<p><strong>Riacquisto ai sensi dell&#8217;Art. 13 L. 91\/1992<\/strong><\/p>\n<p>La disciplina del riacquisto della cittadinanza \u00e8 contenuta nell\u2019art. 13 della legge n. 91\/92. Si segnala in particolare che il cittadino, residente all\u2019estero, che ha perso la cittadinanza pu\u00f2 riacquistarla ai sensi del comma 1, lettera c), previa apposita dichiarazione al competente Ufficio consolare <strong>qualora stabilisca la propria residenza in Italia entro un anno dalla dichiarazione stessa<\/strong>;<\/p>\n<p>Le donne sposate con stranieri <strong>prima del 1\u00b0 gennaio 1948<\/strong>, che \u2013 in virt\u00f9 del matrimonio \u2013 abbiano acquisito automaticamente la cittadinanza del marito, <strong>hanno perso la cittadinanza<\/strong> <strong>italiana e possono riacquistarla<\/strong>, anche se residenti all\u2019estero, con una dichiarazione. La dichiarazione di riacquisto della cittadinanza \u00e8 resa, in caso di residenza all\u2019estero, all\u2019Ufficio consolare competente.<\/p>\n<p>La dichiarazione deve essere corredata della seguente documentazione:<\/p>\n<ul>\n<li>atto di nascita rilasciato dal Comune presso il quale detto atto risulta iscritto o trascritto;<\/li>\n<li>documentazione da cui risulti il trascorso possesso della cittadinanza italiana;<\/li>\n<li>documentazione relativa al possesso della cittadinanza straniera, ovvero allo status di apolidia;<\/li>\n<li>certificato di situazione di famiglia o documentazione equipollente.<\/li>\n<\/ul>\n","protected":false},"excerpt":{"rendered":"La legge n. 74 del 23 maggio 2025 ha riaperto i termini per il riacquisto della cittadinanza a favore di ex cittadini\u00a0nati in Italia\u00a0o che sono stati\u00a0residenti in Italia\u00a0per almeno due anni continuativi e che abbiano perso la cittadinanza non oltre il 15 agosto 1992\u00a0in applicazione dell\u2019articolo 8, n. 1 e n. 2, o dell\u2019articolo [&hellip;]","protected":false},"author":32,"featured_media":0,"parent":544,"menu_order":6,"comment_status":"closed","ping_status":"closed","template":"","meta":{"footnotes":""},"class_list":["post-6257","page","type-page","status-publish","hentry"],"_links":{"self":[{"href":"https:\/\/consstoccarda.esteri.it\/it\/wp-json\/wp\/v2\/pages\/6257","targetHints":{"allow":["GET"]}}],"collection":[{"href":"https:\/\/consstoccarda.esteri.it\/it\/wp-json\/wp\/v2\/pages"}],"about":[{"href":"https:\/\/consstoccarda.esteri.it\/it\/wp-json\/wp\/v2\/types\/page"}],"author":[{"embeddable":true,"href":"https:\/\/consstoccarda.esteri.it\/it\/wp-json\/wp\/v2\/users\/32"}],"replies":[{"embeddable":true,"href":"https:\/\/consstoccarda.esteri.it\/it\/wp-json\/wp\/v2\/comments?post=6257"}],"version-history":[{"count":2,"href":"https:\/\/consstoccarda.esteri.it\/it\/wp-json\/wp\/v2\/pages\/6257\/revisions"}],"predecessor-version":[{"id":6368,"href":"https:\/\/consstoccarda.esteri.it\/it\/wp-json\/wp\/v2\/pages\/6257\/revisions\/6368"}],"up":[{"embeddable":true,"href":"https:\/\/consstoccarda.esteri.it\/it\/wp-json\/wp\/v2\/pages\/544"}],"wp:attachment":[{"href":"https:\/\/consstoccarda.esteri.it\/it\/wp-json\/wp\/v2\/media?parent=6257"}],"curies":[{"name":"wp","href":"https:\/\/api.w.org\/{rel}","templated":true}]}}